{"id":18823,"date":"2015-04-09T07:54:47","date_gmt":"2015-04-09T07:54:47","guid":{"rendered":"http:\/\/www.senderosdelapalma.es\/?page_id=18823"},"modified":"2025-05-22T09:08:22","modified_gmt":"2025-05-22T09:08:22","slug":"sl-fu-111-pie-del-volcan-martin-fuente-de-el-tion","status":"publish","type":"page","link":"https:\/\/www.senderosdelapalma.es\/fr\/reseau-de-sentiers\/sentier-local\/sl-fu-111-pie-del-volcan-martin-fuente-de-el-tion\/","title":{"rendered":"SL FU 111. Pie del Volc\u00e1n Mart\u00edn &#8211; Fuente de El Ti\u00f3n"},"content":{"rendered":"<section class=\"wpb-content-wrapper\"><p>[vc_row type=\u00a0\u00bbgrid\u00a0\u00bb text_align=\u00a0\u00bbcenter\u00a0\u00bb padding_top=\u00a0\u00bb48&Prime; padding_bottom=\u00a0\u00bb48&Prime;][vc_column][vc_column_text]<\/p>\n<h3 style=\"text-align: center;\">SL FU 111. PIE DEL VOLC\u00c1N MART\u00cdN &#8211; FUENTE DE EL TI\u00d3N<\/h3>\n<p>[\/vc_column_text][\/vc_column][\/vc_row][vc_row type=\u00a0\u00bbgrid\u00a0\u00bb][vc_column width=\u00a0\u00bb1\/2&Prime;][vc_separator type=\u00a0\u00bbtransparent\u00a0\u00bb up=\u00a0\u00bb10&Prime; down=\u00a0\u00bb10&Prime;][vc_gmaps link=\u00a0\u00bb#E-8_JTNDaWZyYW1lJTIwc3JjJTNEJTIyaHR0cHMlM0ElMkYlMkZ3d3cuZ29vZ2xlLmNvbSUyRm1hcHMlMkZkJTJGZW1iZWQlM0ZtaWQlM0QxQWVlYThfM0p1ZWRMYzZFV3A5aGIxQzJOZ3JGQXhHYyUyNmhsJTNEZXMlMjZlaGJjJTNEMkUzMTJGJTIyJTIwd2lkdGglM0QlMjIxMDAlMjUlMjIlMjBoZWlnaHQlM0QlMjIzNjElMjIlM0UlM0MlMkZpZnJhbWUlM0U=\u00a0\u00bb][vc_separator type=\u00a0\u00bbtransparent\u00a0\u00bb up=\u00a0\u00bb10&Prime; down=\u00a0\u00bb20&Prime;]<a href=\"https:\/\/www.google.com\/maps\/d\/edit?mid=1Aeea8_3JuedLc6EWp9hb1C2NgrFAxGc&amp;usp=sharing\" target=\"_blank\" data-hover-background-color=#4aa946 data-hover-border-color=#4aa946 data-hover-color=#ffffff class=\"qbutton  small center\" style=\"color: #ffffff; border-color: #000000; font-style: normal; font-weight: 500; margin: 3px 5px 3px 5px; background-color: #000000;\">Google Map<i class=\"fa fa-download\" style=\"color: #ffffff;\"><\/i><\/a>[vc_separator type=\u00a0\u00bbtransparent\u00a0\u00bb up=\u00a0\u00bb10&Prime; down=\u00a0\u00bb10&Prime;][\/vc_column][vc_column width=\u00a0\u00bb1\/2&Prime;][vc_separator type=\u00a0\u00bbtransparent\u00a0\u00bb up=\u00a0\u00bb10&Prime; down=\u00a0\u00bb10&Prime;][vc_column_text]<\/p>\n<ul>\n<li><strong>POINT DE D\u00c9PART: <\/strong>GR 131, al pie del Volc\u00e1n Mart\u00edn<\/li>\n<li><strong>POINT D&rsquo;ARRIV\u00c9E:\u00a0<\/strong>\u00a0Fuente de El Ti\u00f3n, SL FU 110<\/li>\n<\/ul>\n<p>[\/vc_column_text][vc_column_text]<\/p>\n<ul>\n<li style=\"text-align: justify;\">Niveau de difficult\u00e9: Moyen<\/li>\n<li style=\"text-align: justify;\">Distance totale: 1.5 kms.<\/li>\n<li style=\"text-align: justify;\">D\u00e9nivel\u00e9e positive: 0 mt.<\/li>\n<li style=\"text-align: justify;\">D\u00e9nivel\u00e9e n\u00e9gative: 200 mt.<\/li>\n<li style=\"text-align: justify;\">Dur\u00e9e pr\u00e9vue (aller): 00:15 hrs.<\/li>\n<li style=\"text-align: justify;\">Dur\u00e9e pr\u00e9vue (retour): 00:30 hrs.<\/li>\n<\/ul>\n<p>[\/vc_column_text][\/vc_column][\/vc_row][vc_row][vc_column][vc_separator type=\u00a0\u00bbtransparent\u00a0\u00bb up=\u00a0\u00bb20&Prime; down=\u00a0\u00bb20&Prime;]<a href=\"http:\/\/www.senderosdelapalma.es\/fr\/reseau-de-sentiers\/sentier-local\/\" target=\"_self\"  class=\"qbutton \" style=\"\"><i class=\"fa fa-arrow-left\" style=\"\"><\/i><\/a>[vc_separator type=\u00a0\u00bbtransparent\u00a0\u00bb up=\u00a0\u00bb20&Prime; down=\u00a0\u00bb20&Prime;][\/vc_column][\/vc_row]<\/p>\n<\/section>","protected":false},"excerpt":{"rendered":"<p>[vc_row type=\u00a0\u00bbgrid\u00a0\u00bb text_align=\u00a0\u00bbcenter\u00a0\u00bb padding_top=\u00a0\u00bb48&Prime; padding_bottom=\u00a0\u00bb48&Prime;][vc_column][vc_column_text] SL FU 111. PIE DEL VOLC\u00c1N MART\u00cdN &#8211; FUENTE DE EL TI\u00d3N [\/vc_column_text][\/vc_column][\/vc_row][vc_row type=\u00a0\u00bbgrid\u00a0\u00bb][vc_column width=\u00a0\u00bb1\/2&Prime;][vc_separator type=\u00a0\u00bbtransparent\u00a0\u00bb up=\u00a0\u00bb10&Prime; down=\u00a0\u00bb10&Prime;][vc_gmaps link=\u00a0\u00bb#E-8_JTNDaWZyYW1lJTIwc3JjJTNEJTIyaHR0cHMlM0ElMkYlMkZ3d3cuZ29vZ2xlLmNvbSUyRm1hcHMlMkZkJTJGZW1iZWQlM0ZtaWQlM0QxQWVlYThfM0p1ZWRMYzZFV3A5aGIxQzJOZ3JGQXhHYyUyNmhsJTNEZXMlMjZlaGJjJTNEMkUzMTJGJTIyJTIwd2lkdGglM0QlMjIxMDAlMjUlMjIlMjBoZWlnaHQlM0QlMjIzNjElMjIlM0UlM0MlMkZpZnJhbWUlM0U=\u00a0\u00bb][vc_separator type=\u00a0\u00bbtransparent\u00a0\u00bb up=\u00a0\u00bb10&Prime; down=\u00a0\u00bb20&Prime;][vc_separator type=\u00a0\u00bbtransparent\u00a0\u00bb up=\u00a0\u00bb10&Prime; down=\u00a0\u00bb10&Prime;][\/vc_column][vc_column width=\u00a0\u00bb1\/2&Prime;][vc_separator type=\u00a0\u00bbtransparent\u00a0\u00bb up=\u00a0\u00bb10&Prime; down=\u00a0\u00bb10&Prime;][vc_column_text] POINT DE D\u00c9PART: GR 131, al pie del Volc\u00e1n Mart\u00edn POINT&#8230;<\/p>\n","protected":false},"author":1,"featured_media":0,"parent":18044,"menu_order":0,"comment_status":"open","ping_status":"open","template":"","meta":[],"yoast_head":"<!-- This site is optimized with the Yoast SEO plugin v21.0 - https:\/\/yoast.com\/wordpress\/plugins\/seo\/ -->\n<title>SL FU 111. Pie del Volc\u00e1n Mart\u00edn - Fuente de El Ti\u00f3n - Red de Senderos de La Palma<\/title>\n<meta name=\"robots\" content=\"index, follow, max-snippet:-1, max-image-preview:large, max-video-preview:-1\" \/>\n<link rel=\"canonical\" href=\"https:\/\/www.senderosdelapalma.es\/fr\/reseau-de-sentiers\/sentier-local\/sl-fu-111-pie-del-volcan-martin-fuente-de-el-tion\/\" \/>\n<meta property=\"og:locale\" content=\"fr_FR\" \/>\n<meta property=\"og:type\" content=\"article\" \/>\n<meta property=\"og:title\" content=\"SL FU 111. Pie del Volc\u00e1n Mart\u00edn - Fuente de El Ti\u00f3n - Red de Senderos de La Palma\" \/>\n<meta property=\"og:description\" content=\"[vc_row type=\u00a0\u00bbgrid\u00a0\u00bb text_align=\u00a0\u00bbcenter\u00a0\u00bb padding_top=\u00a0\u00bb48&Prime; padding_bottom=\u00a0\u00bb48&Prime;][vc_column][vc_column_text] SL FU 111. PIE DEL VOLC\u00c1N MART\u00cdN &#8211; FUENTE DE EL TI\u00d3N [\/vc_column_text][\/vc_column][\/vc_row][vc_row type=\u00a0\u00bbgrid\u00a0\u00bb][vc_column width=\u00a0\u00bb1\/2&Prime;][vc_separator type=\u00a0\u00bbtransparent\u00a0\u00bb up=\u00a0\u00bb10&Prime; down=\u00a0\u00bb10&Prime;][vc_gmaps link=\u00a0\u00bb#E-8_JTNDaWZyYW1lJTIwc3JjJTNEJTIyaHR0cHMlM0ElMkYlMkZ3d3cuZ29vZ2xlLmNvbSUyRm1hcHMlMkZkJTJGZW1iZWQlM0ZtaWQlM0QxQWVlYThfM0p1ZWRMYzZFV3A5aGIxQzJOZ3JGQXhHYyUyNmhsJTNEZXMlMjZlaGJjJTNEMkUzMTJGJTIyJTIwd2lkdGglM0QlMjIxMDAlMjUlMjIlMjBoZWlnaHQlM0QlMjIzNjElMjIlM0UlM0MlMkZpZnJhbWUlM0U=\u00a0\u00bb][vc_separator type=\u00a0\u00bbtransparent\u00a0\u00bb up=\u00a0\u00bb10&Prime; down=\u00a0\u00bb20&Prime;][vc_separator type=\u00a0\u00bbtransparent\u00a0\u00bb up=\u00a0\u00bb10&Prime; down=\u00a0\u00bb10&Prime;][\/vc_column][vc_column width=\u00a0\u00bb1\/2&Prime;][vc_separator type=\u00a0\u00bbtransparent\u00a0\u00bb up=\u00a0\u00bb10&Prime; down=\u00a0\u00bb10&Prime;][vc_column_text] POINT DE D\u00c9PART: GR 131, al pie del Volc\u00e1n Mart\u00edn POINT...\" \/>\n<meta property=\"og:url\" content=\"https:\/\/www.senderosdelapalma.es\/fr\/reseau-de-sentiers\/sentier-local\/sl-fu-111-pie-del-volcan-martin-fuente-de-el-tion\/\" \/>\n<meta property=\"og:site_name\" content=\"Red de Senderos de La Palma\" \/>\n<meta property=\"article:publisher\" content=\"https:\/\/www.facebook.com\/senderoslapalma\" \/>\n<meta property=\"article:modified_time\" content=\"2025-05-22T09:08:22+00:00\" \/>\n<meta property=\"og:image\" content=\"https:\/\/www.senderosdelapalma.es\/wp-content\/uploads\/2014\/12\/redsenderosdelapalma_01.jpg\" \/>\n\t<meta property=\"og:image:width\" content=\"1920\" \/>\n\t<meta property=\"og:image:height\" content=\"1084\" \/>\n\t<meta property=\"og:image:type\" content=\"image\/jpeg\" \/>\n<meta name=\"twitter:card\" content=\"summary_large_image\" \/>\n<meta name=\"twitter:site\" content=\"@SenderosdeLaPal\" \/>\n<meta name=\"twitter:label1\" content=\"Dur\u00e9e de lecture estim\u00e9e\" \/>\n\t<meta name=\"twitter:data1\" content=\"1 minute\" \/>\n<script type=\"application\/ld+json\" class=\"yoast-schema-graph\">{\"@context\":\"https:\/\/schema.org\",\"@graph\":[{\"@type\":\"WebPage\",\"@id\":\"https:\/\/www.senderosdelapalma.es\/fr\/reseau-de-sentiers\/sentier-local\/sl-fu-111-pie-del-volcan-martin-fuente-de-el-tion\/\",\"url\":\"https:\/\/www.senderosdelapalma.es\/fr\/reseau-de-sentiers\/sentier-local\/sl-fu-111-pie-del-volcan-martin-fuente-de-el-tion\/\",\"name\":\"SL FU 111. Pie del Volc\u00e1n Mart\u00edn - Fuente de El Ti\u00f3n - Red de Senderos de La Palma\",\"isPartOf\":{\"@id\":\"https:\/\/www.senderosdelapalma.es\/#website\"},\"datePublished\":\"2015-04-09T07:54:47+00:00\",\"dateModified\":\"2025-05-22T09:08:22+00:00\",\"breadcrumb\":{\"@id\":\"https:\/\/www.senderosdelapalma.es\/fr\/reseau-de-sentiers\/sentier-local\/sl-fu-111-pie-del-volcan-martin-fuente-de-el-tion\/#breadcrumb\"},\"inLanguage\":\"fr-FR\",\"potentialAction\":[{\"@type\":\"ReadAction\",\"target\":[\"https:\/\/www.senderosdelapalma.es\/fr\/reseau-de-sentiers\/sentier-local\/sl-fu-111-pie-del-volcan-martin-fuente-de-el-tion\/\"]}]},{\"@type\":\"BreadcrumbList\",\"@id\":\"https:\/\/www.senderosdelapalma.es\/fr\/reseau-de-sentiers\/sentier-local\/sl-fu-111-pie-del-volcan-martin-fuente-de-el-tion\/#breadcrumb\",\"itemListElement\":[{\"@type\":\"ListItem\",\"position\":1,\"name\":\"Portada\",\"item\":\"https:\/\/www.senderosdelapalma.es\/fr\/\"},{\"@type\":\"ListItem\",\"position\":2,\"name\":\"Reseau de sentiers\",\"item\":\"https:\/\/www.senderosdelapalma.es\/fr\/reseau-de-sentiers\/\"},{\"@type\":\"ListItem\",\"position\":3,\"name\":\"Sentier Local\",\"item\":\"https:\/\/www.senderosdelapalma.es\/fr\/reseau-de-sentiers\/sentier-local\/\"},{\"@type\":\"ListItem\",\"position\":4,\"name\":\"SL FU 111. Pie del Volc\u00e1n Mart\u00edn &#8211; Fuente de El Ti\u00f3n\"}]},{\"@type\":\"WebSite\",\"@id\":\"https:\/\/www.senderosdelapalma.es\/#website\",\"url\":\"https:\/\/www.senderosdelapalma.es\/\",\"name\":\"Red de Senderos de La Palma\",\"description\":\"La Palma, la isla de los senderistas. Una enorme variedad de climas, relieves y paisajes te est\u00e1n esperando.  \",\"publisher\":{\"@id\":\"https:\/\/www.senderosdelapalma.es\/#organization\"},\"potentialAction\":[{\"@type\":\"SearchAction\",\"target\":{\"@type\":\"EntryPoint\",\"urlTemplate\":\"https:\/\/www.senderosdelapalma.es\/?s={search_term_string}\"},\"query-input\":\"required name=search_term_string\"}],\"inLanguage\":\"fr-FR\"},{\"@type\":\"Organization\",\"@id\":\"https:\/\/www.senderosdelapalma.es\/#organization\",\"name\":\"Red de Senderos de La Palma\",\"url\":\"https:\/\/www.senderosdelapalma.es\/\",\"logo\":{\"@type\":\"ImageObject\",\"inLanguage\":\"fr-FR\",\"@id\":\"https:\/\/www.senderosdelapalma.es\/#\/schema\/logo\/image\/\",\"url\":\"https:\/\/www.senderosdelapalma.es\/wp-content\/uploads\/2015\/06\/cabildo_la_palma-01.png\",\"contentUrl\":\"https:\/\/www.senderosdelapalma.es\/wp-content\/uploads\/2015\/06\/cabildo_la_palma-01.png\",\"width\":3508,\"height\":2479,\"caption\":\"Red de Senderos de La Palma\"},\"image\":{\"@id\":\"https:\/\/www.senderosdelapalma.es\/#\/schema\/logo\/image\/\"},\"sameAs\":[\"https:\/\/www.facebook.com\/senderoslapalma\",\"https:\/\/twitter.com\/SenderosdeLaPal\",\"https:\/\/www.instagram.com\/senderosdelapalma\/\",\"https:\/\/www.pinterest.es\/senderoslp\/\"]}]}<\/script>\n<!-- \/ Yoast SEO plugin. -->","yoast_head_json":{"title":"SL FU 111. Pie del Volc\u00e1n Mart\u00edn - Fuente de El Ti\u00f3n - Red de Senderos de La Palma","robots":{"index":"index","follow":"follow","max-snippet":"max-snippet:-1","max-image-preview":"max-image-preview:large","max-video-preview":"max-video-preview:-1"},"canonical":"https:\/\/www.senderosdelapalma.es\/fr\/reseau-de-sentiers\/sentier-local\/sl-fu-111-pie-del-volcan-martin-fuente-de-el-tion\/","og_locale":"fr_FR","og_type":"article","og_title":"SL FU 111. Pie del Volc\u00e1n Mart\u00edn - Fuente de El Ti\u00f3n - Red de Senderos de La Palma","og_description":"[vc_row type=\u00a0\u00bbgrid\u00a0\u00bb text_align=\u00a0\u00bbcenter\u00a0\u00bb padding_top=\u00a0\u00bb48&Prime; padding_bottom=\u00a0\u00bb48&Prime;][vc_column][vc_column_text] SL FU 111. PIE DEL VOLC\u00c1N MART\u00cdN &#8211; FUENTE DE EL TI\u00d3N [\/vc_column_text][\/vc_column][\/vc_row][vc_row type=\u00a0\u00bbgrid\u00a0\u00bb][vc_column width=\u00a0\u00bb1\/2&Prime;][vc_separator type=\u00a0\u00bbtransparent\u00a0\u00bb up=\u00a0\u00bb10&Prime; down=\u00a0\u00bb10&Prime;][vc_gmaps link=\u00a0\u00bb#E-8_JTNDaWZyYW1lJTIwc3JjJTNEJTIyaHR0cHMlM0ElMkYlMkZ3d3cuZ29vZ2xlLmNvbSUyRm1hcHMlMkZkJTJGZW1iZWQlM0ZtaWQlM0QxQWVlYThfM0p1ZWRMYzZFV3A5aGIxQzJOZ3JGQXhHYyUyNmhsJTNEZXMlMjZlaGJjJTNEMkUzMTJGJTIyJTIwd2lkdGglM0QlMjIxMDAlMjUlMjIlMjBoZWlnaHQlM0QlMjIzNjElMjIlM0UlM0MlMkZpZnJhbWUlM0U=\u00a0\u00bb][vc_separator type=\u00a0\u00bbtransparent\u00a0\u00bb up=\u00a0\u00bb10&Prime; down=\u00a0\u00bb20&Prime;][vc_separator type=\u00a0\u00bbtransparent\u00a0\u00bb up=\u00a0\u00bb10&Prime; down=\u00a0\u00bb10&Prime;][\/vc_column][vc_column width=\u00a0\u00bb1\/2&Prime;][vc_separator type=\u00a0\u00bbtransparent\u00a0\u00bb up=\u00a0\u00bb10&Prime; down=\u00a0\u00bb10&Prime;][vc_column_text] POINT DE D\u00c9PART: GR 131, al pie del Volc\u00e1n Mart\u00edn POINT...","og_url":"https:\/\/www.senderosdelapalma.es\/fr\/reseau-de-sentiers\/sentier-local\/sl-fu-111-pie-del-volcan-martin-fuente-de-el-tion\/","og_site_name":"Red de Senderos de La Palma","article_publisher":"https:\/\/www.facebook.com\/senderoslapalma","article_modified_time":"2025-05-22T09:08:22+00:00","og_image":[{"width":1920,"height":1084,"url":"https:\/\/www.senderosdelapalma.es\/wp-content\/uploads\/2014\/12\/redsenderosdelapalma_01.jpg","type":"image\/jpeg"}],"twitter_card":"summary_large_image","twitter_site":"@SenderosdeLaPal","twitter_misc":{"Dur\u00e9e de lecture estim\u00e9e":"1 minute"},"schema":{"@context":"https:\/\/schema.org","@graph":[{"@type":"WebPage","@id":"https:\/\/www.senderosdelapalma.es\/fr\/reseau-de-sentiers\/sentier-local\/sl-fu-111-pie-del-volcan-martin-fuente-de-el-tion\/","url":"https:\/\/www.senderosdelapalma.es\/fr\/reseau-de-sentiers\/sentier-local\/sl-fu-111-pie-del-volcan-martin-fuente-de-el-tion\/","name":"SL FU 111. Pie del Volc\u00e1n Mart\u00edn - Fuente de El Ti\u00f3n - Red de Senderos de La Palma","isPartOf":{"@id":"https:\/\/www.senderosdelapalma.es\/#website"},"datePublished":"2015-04-09T07:54:47+00:00","dateModified":"2025-05-22T09:08:22+00:00","breadcrumb":{"@id":"https:\/\/www.senderosdelapalma.es\/fr\/reseau-de-sentiers\/sentier-local\/sl-fu-111-pie-del-volcan-martin-fuente-de-el-tion\/#breadcrumb"},"inLanguage":"fr-FR","potentialAction":[{"@type":"ReadAction","target":["https:\/\/www.senderosdelapalma.es\/fr\/reseau-de-sentiers\/sentier-local\/sl-fu-111-pie-del-volcan-martin-fuente-de-el-tion\/"]}]},{"@type":"BreadcrumbList","@id":"https:\/\/www.senderosdelapalma.es\/fr\/reseau-de-sentiers\/sentier-local\/sl-fu-111-pie-del-volcan-martin-fuente-de-el-tion\/#breadcrumb","itemListElement":[{"@type":"ListItem","position":1,"name":"Portada","item":"https:\/\/www.senderosdelapalma.es\/fr\/"},{"@type":"ListItem","position":2,"name":"Reseau de sentiers","item":"https:\/\/www.senderosdelapalma.es\/fr\/reseau-de-sentiers\/"},{"@type":"ListItem","position":3,"name":"Sentier Local","item":"https:\/\/www.senderosdelapalma.es\/fr\/reseau-de-sentiers\/sentier-local\/"},{"@type":"ListItem","position":4,"name":"SL FU 111. Pie del Volc\u00e1n Mart\u00edn &#8211; Fuente de El Ti\u00f3n"}]},{"@type":"WebSite","@id":"https:\/\/www.senderosdelapalma.es\/#website","url":"https:\/\/www.senderosdelapalma.es\/","name":"Red de Senderos de La Palma","description":"La Palma, la isla de los senderistas. Una enorme variedad de climas, relieves y paisajes te est\u00e1n esperando.  ","publisher":{"@id":"https:\/\/www.senderosdelapalma.es\/#organization"},"potentialAction":[{"@type":"SearchAction","target":{"@type":"EntryPoint","urlTemplate":"https:\/\/www.senderosdelapalma.es\/?s={search_term_string}"},"query-input":"required name=search_term_string"}],"inLanguage":"fr-FR"},{"@type":"Organization","@id":"https:\/\/www.senderosdelapalma.es\/#organization","name":"Red de Senderos de La Palma","url":"https:\/\/www.senderosdelapalma.es\/","logo":{"@type":"ImageObject","inLanguage":"fr-FR","@id":"https:\/\/www.senderosdelapalma.es\/#\/schema\/logo\/image\/","url":"https:\/\/www.senderosdelapalma.es\/wp-content\/uploads\/2015\/06\/cabildo_la_palma-01.png","contentUrl":"https:\/\/www.senderosdelapalma.es\/wp-content\/uploads\/2015\/06\/cabildo_la_palma-01.png","width":3508,"height":2479,"caption":"Red de Senderos de La Palma"},"image":{"@id":"https:\/\/www.senderosdelapalma.es\/#\/schema\/logo\/image\/"},"sameAs":["https:\/\/www.facebook.com\/senderoslapalma","https:\/\/twitter.com\/SenderosdeLaPal","https:\/\/www.instagram.com\/senderosdelapalma\/","https:\/\/www.pinterest.es\/senderoslp\/"]}]}},"_links":{"self":[{"href":"https:\/\/www.senderosdelapalma.es\/fr\/wp-json\/wp\/v2\/pages\/18823\/"}],"collection":[{"href":"https:\/\/www.senderosdelapalma.es\/fr\/wp-json\/wp\/v2\/pages\/"}],"about":[{"href":"https:\/\/www.senderosdelapalma.es\/fr\/wp-json\/wp\/v2\/types\/page\/"}],"author":[{"embeddable":true,"href":"https:\/\/www.senderosdelapalma.es\/fr\/wp-json\/wp\/v2\/users\/1\/"}],"replies":[{"embeddable":true,"href":"https:\/\/www.senderosdelapalma.es\/fr\/wp-json\/wp\/v2\/comments\/?post=18823"}],"version-history":[{"count":1,"href":"https:\/\/www.senderosdelapalma.es\/fr\/wp-json\/wp\/v2\/pages\/18823\/revisions\/"}],"predecessor-version":[{"id":27239,"href":"https:\/\/www.senderosdelapalma.es\/fr\/wp-json\/wp\/v2\/pages\/18823\/revisions\/27239\/"}],"up":[{"embeddable":true,"href":"https:\/\/www.senderosdelapalma.es\/fr\/wp-json\/wp\/v2\/pages\/18044\/"}],"wp:attachment":[{"href":"https:\/\/www.senderosdelapalma.es\/fr\/wp-json\/wp\/v2\/media\/?parent=18823"}],"curies":[{"name":"wp","href":"https:\/\/api.w.org\/{rel}","templated":true}]}}