{"id":18702,"date":"2015-04-08T05:41:47","date_gmt":"2015-04-08T05:41:47","guid":{"rendered":"http:\/\/www.senderosdelapalma.es\/?page_id=18702"},"modified":"2025-03-12T14:58:49","modified_gmt":"2025-03-12T14:58:49","slug":"gr-131-etape-1","status":"publish","type":"page","link":"https:\/\/www.senderosdelapalma.es\/fr\/reseau-de-sentiers\/sentiers-de-grand-parcours\/gr-131-etape-1\/","title":{"rendered":"GR 131 \u00c9tape 1. Puerto de Tazacorte &#8211; Roque de Los Muchachos"},"content":{"rendered":"<section class=\"wpb-content-wrapper\"><p>[vc_row type=\u00a0\u00bbgrid\u00a0\u00bb padding_top=\u00a0\u00bb48&Prime; padding_bottom=\u00a0\u00bb48&Prime;][vc_column][vc_raw_html]JTNDaDMlMjBzdHlsZSUzRCUyMnRleHQtYWxpZ24lM0FjZW50ZXIlMjIlM0VHUiUyMDEzMSUyMCVDMyU4OXRhcGUlMjAxLiUyMFB1ZXJ0byUyMGRlJTIwVGF6YWNvcnRlJTIwLSUyMFJvcXVlJTIwZGUlMjBMb3MlMjBNdWNoYWNob3MlM0MlMkZoMyUzRQ==[\/vc_raw_html][\/vc_column][\/vc_row][vc_column width=\u00a0\u00bb1\/2&Prime;][vc_separator type=\u00a0\u00bbtransparent\u00a0\u00bb up=\u00a0\u00bb10&Prime; down=\u00a0\u00bb10&Prime;][vc_single_image image=\u00a0\u00bb280&Prime; img_size=\u00a0\u00bbfull\u00a0\u00bb alignment=\u00a0\u00bbcenter\u00a0\u00bb onclick=\u00a0\u00bbimg_link_large\u00a0\u00bb][vc_separator type=\u00a0\u00bbtransparent\u00a0\u00bb up=\u00a0\u00bb10&Prime; down=\u00a0\u00bb20&Prime;][vc_column_text]<iframe loading=\"lazy\" src=\"https:\/\/www.google.com\/maps\/d\/embed?mid=180XCUcvP8fNvniU9K4I1jk0-aElfosM&amp;hl=es&amp;ehbc=2E312F\" width=\"100%\" height=\"361\"><\/iframe>[\/vc_column_text][vc_separator type=\u00a0\u00bbtransparent\u00a0\u00bb up=\u00a0\u00bb10&Prime; down=\u00a0\u00bb20&Prime;]<a href=\"http:\/\/www.senderosdelapalma.es\/wp-content\/uploads\/gpx\/GR1311.zip\" target=\"_blank\" data-hover-background-color=#4aa946 data-hover-border-color=#4aa946 data-hover-color=#ffffff class=\"qbutton  small center\" style=\"color: #ffffff; border-color: #000000; font-style: normal; font-weight: 500; margin: 3px 5px 3px 5px; background-color: #000000;\">D\u00e9charge<i class=\"fa fa-download\" style=\"color: #ffffff;\"><\/i><\/a><a href=\"https:\/\/www.senderosdelapalma.es\/mapa-visor-senderos\/\" target=\"_blank\" data-hover-background-color=#4aa946 data-hover-border-color=#4aa946 data-hover-color=#ffffff class=\"qbutton  small center\" style=\"color: #ffffff; border-color: #000000; font-style: normal; font-weight: 500; margin: 3px 5px 3px 5px; background-color: #000000;\">Carte des sentiers<i class=\"fa fa-download\" style=\"color: #ffffff;\"><\/i><\/a><a href=\"https:\/\/www.google.com\/maps\/d\/edit?mid=180XCUcvP8fNvniU9K4I1jk0-aElfosM&amp;usp=sharing\" target=\"_blank\" data-hover-background-color=#4aa946 data-hover-border-color=#4aa946 data-hover-color=#ffffff class=\"qbutton  small center\" style=\"color: #ffffff; border-color: #000000; font-style: normal; font-weight: 500; margin: 3px 5px 3px 5px; background-color: #000000;\">Google Map<i class=\"fa fa-download\" style=\"color: #ffffff;\"><\/i><\/a>[vc_separator type=\u00a0\u00bbtransparent\u00a0\u00bb up=\u00a0\u00bb20&Prime; down=\u00a0\u00bb20&Prime;][\/vc_column][vc_column width=\u00a0\u00bb1\/2&Prime;][vc_separator type=\u00a0\u00bbtransparent\u00a0\u00bb up=\u00a0\u00bb10&Prime; down=\u00a0\u00bb10&Prime;][vc_column_text]<\/p>\n<ul style=\"text-align: justify;\">\n<li style=\"text-align: justify;\"><strong>DISTANCE TOTALES:<\/strong>\u00a017.16 kms.<\/li>\n<li style=\"text-align: justify;\"><strong>D\u00c9NIVEL\u00c9E POSITIVE:<\/strong>\u00a02600 mt.<\/li>\n<li style=\"text-align: justify;\"><strong>D\u00c9NIVEL\u00c9E N\u00c9GATIVE:<\/strong>\u00a0180 mt.<\/li>\n<li style=\"text-align: justify;\"><strong>DUR\u00c9E PR\u00c9VUE (ALLER):<\/strong>\u00a010:45 hrs.<\/li>\n<li style=\"text-align: justify;\"><strong>DUR\u00c9E PR\u00c9VUE\u00a0(RETOUR):<\/strong> 09:30 hrs<\/li>\n<li><strong>DIFFICULT\u00c9S PRINCIPALES:\u00a0\u00a0<\/strong>Extr\u00eame (sportif).\u00a0The enormous height difference, long duration of the hike, heat and possible dehydration due to lack of water and, in winter, low temperatures.<\/li>\n<li><strong><strong>R\u00c9SERVES NATURELLES DANS LE RANDONN\u00c9E:\u00a0<\/strong><\/strong>Paisaje Protegido del Barranco de Las Angustias. Parque Nacional de La Caldera de Taburiente.<\/li>\n<li><strong><strong>P\u00c9RIODE RECOMMAND\u00c9E:\u00a0<\/strong><\/strong>All year round. Avoid hot days. Beware of snow in winter.<\/li>\n<li><strong><strong>COMMENT ARRIVER AU D\u00c9PART?:\u00a0<\/strong><\/strong>A support vehicle is required or else a taxi must be ordered.<\/li>\n<li><strong>RECOMMANDATIONS:\u00a0<\/strong>Habitual precautions common to hiking in general are listed below. At the risk of sounding obvious, here are some of the most important:\n<ul>\n<li>Check weather forecasts before setting off to hike.<\/li>\n<li>Don\u00b4t go alone<\/li>\n<li>Tell someone your intended destination and expected time of arrival<\/li>\n<li>Carry a small rucksack with warm clothing, waterproofs, food and plenty of water.<\/li>\n<li>Don\u00b4t forget such simple items as: sun hat, protective cream and sun glasses.<\/li>\n<li>Carry a mobile phone with fully-charged battery, a map and, if possible, a compass. They will probably never be used but, when required, are of vital importance.<\/li>\n<li>Wear suitable gear, especially footwear: trekking boots or similar are essential, trainers or pumps are to be avoided.<\/li>\n<\/ul>\n<\/li>\n<li><strong>AUTRES REMARQUES:\u00a0<\/strong>The hike must be prepared for and the considerable physical effort it involves taken into account. Carry plenty of water, extra food and adequate clothing for the time of year. Set off as early as possible in summer. Do not stray from the path in the summit region.<\/li>\n<\/ul>\n<p>[\/vc_column_text][\/vc_column][\/vc_row][vc_row][vc_column][vc_separator type=\u00a0\u00bbtransparent\u00a0\u00bb up=\u00a0\u00bb20&Prime; down=\u00a0\u00bb20&Prime;]<a href=\"http:\/\/www.senderosdelapalma.es\/fr\/reseau-de-sentiers\/sentiers-de-grand-parcours\" target=\"_self\"  class=\"qbutton \" style=\"\"><i class=\"fa fa-angle-left\" style=\"\"><\/i><\/a>[vc_separator type=\u00a0\u00bbtransparent\u00a0\u00bb up=\u00a0\u00bb20&Prime; down=\u00a0\u00bb20&Prime;][\/vc_column][\/vc_row]<\/p>\n<\/section>","protected":false},"excerpt":{"rendered":"<p>[vc_row type=\u00a0\u00bbgrid\u00a0\u00bb padding_top=\u00a0\u00bb48&Prime; padding_bottom=\u00a0\u00bb48&Prime;][vc_column][vc_raw_html]JTNDaDMlMjBzdHlsZSUzRCUyMnRleHQtYWxpZ24lM0FjZW50ZXIlMjIlM0VHUiUyMDEzMSUyMCVDMyU4OXRhcGUlMjAxLiUyMFB1ZXJ0byUyMGRlJTIwVGF6YWNvcnRlJTIwLSUyMFJvcXVlJTIwZGUlMjBMb3MlMjBNdWNoYWNob3MlM0MlMkZoMyUzRQ==[\/vc_raw_html][\/vc_column][\/vc_row][vc_column width=\u00a0\u00bb1\/2&Prime;][vc_separator type=\u00a0\u00bbtransparent\u00a0\u00bb up=\u00a0\u00bb10&Prime; down=\u00a0\u00bb10&Prime;][vc_single_image image=\u00a0\u00bb280&Prime; img_size=\u00a0\u00bbfull\u00a0\u00bb alignment=\u00a0\u00bbcenter\u00a0\u00bb onclick=\u00a0\u00bbimg_link_large\u00a0\u00bb][vc_separator type=\u00a0\u00bbtransparent\u00a0\u00bb up=\u00a0\u00bb10&Prime; down=\u00a0\u00bb20&Prime;][vc_column_text][\/vc_column_text][vc_separator type=\u00a0\u00bbtransparent\u00a0\u00bb up=\u00a0\u00bb10&Prime; down=\u00a0\u00bb20&Prime;][vc_separator type=\u00a0\u00bbtransparent\u00a0\u00bb up=\u00a0\u00bb20&Prime; down=\u00a0\u00bb20&Prime;][\/vc_column][vc_column width=\u00a0\u00bb1\/2&Prime;][vc_separator type=\u00a0\u00bbtransparent\u00a0\u00bb up=\u00a0\u00bb10&Prime; down=\u00a0\u00bb10&Prime;][vc_column_text] DISTANCE TOTALES:\u00a017.16 kms. D\u00c9NIVEL\u00c9E POSITIVE:\u00a02600 mt. D\u00c9NIVEL\u00c9E N\u00c9GATIVE:\u00a0180 mt. DUR\u00c9E PR\u00c9VUE (ALLER):\u00a010:45 hrs. DUR\u00c9E PR\u00c9VUE\u00a0(RETOUR): 09:30 hrs DIFFICULT\u00c9S PRINCIPALES:\u00a0\u00a0Extr\u00eame (sportif).\u00a0The&#8230;<\/p>\n","protected":false},"author":1,"featured_media":0,"parent":18036,"menu_order":0,"comment_status":"open","ping_status":"open","template":"","meta":[],"yoast_head":"<!-- This site is optimized with the Yoast SEO plugin v21.0 - https:\/\/yoast.com\/wordpress\/plugins\/seo\/ -->\n<title>GR 131 \u00c9tape 1. Puerto de Tazacorte - Roque de Los Muchachos - Red de Senderos de La Palma<\/title>\n<meta name=\"robots\" content=\"index, follow, max-snippet:-1, max-image-preview:large, max-video-preview:-1\" \/>\n<link rel=\"canonical\" href=\"https:\/\/www.senderosdelapalma.es\/fr\/reseau-de-sentiers\/sentiers-de-grand-parcours\/gr-131-etape-1\/\" \/>\n<meta property=\"og:locale\" content=\"fr_FR\" \/>\n<meta property=\"og:type\" content=\"article\" \/>\n<meta property=\"og:title\" content=\"GR 131 \u00c9tape 1. Puerto de Tazacorte - Roque de Los Muchachos - Red de Senderos de La Palma\" \/>\n<meta property=\"og:description\" content=\"[vc_row type=\u00a0\u00bbgrid\u00a0\u00bb padding_top=\u00a0\u00bb48&Prime; padding_bottom=\u00a0\u00bb48&Prime;][vc_column][vc_raw_html]JTNDaDMlMjBzdHlsZSUzRCUyMnRleHQtYWxpZ24lM0FjZW50ZXIlMjIlM0VHUiUyMDEzMSUyMCVDMyU4OXRhcGUlMjAxLiUyMFB1ZXJ0byUyMGRlJTIwVGF6YWNvcnRlJTIwLSUyMFJvcXVlJTIwZGUlMjBMb3MlMjBNdWNoYWNob3MlM0MlMkZoMyUzRQ==[\/vc_raw_html][\/vc_column][\/vc_row][vc_column width=\u00a0\u00bb1\/2&Prime;][vc_separator type=\u00a0\u00bbtransparent\u00a0\u00bb up=\u00a0\u00bb10&Prime; down=\u00a0\u00bb10&Prime;][vc_single_image image=\u00a0\u00bb280&Prime; img_size=\u00a0\u00bbfull\u00a0\u00bb alignment=\u00a0\u00bbcenter\u00a0\u00bb onclick=\u00a0\u00bbimg_link_large\u00a0\u00bb][vc_separator type=\u00a0\u00bbtransparent\u00a0\u00bb up=\u00a0\u00bb10&Prime; down=\u00a0\u00bb20&Prime;][vc_column_text][\/vc_column_text][vc_separator type=\u00a0\u00bbtransparent\u00a0\u00bb up=\u00a0\u00bb10&Prime; down=\u00a0\u00bb20&Prime;][vc_separator type=\u00a0\u00bbtransparent\u00a0\u00bb up=\u00a0\u00bb20&Prime; down=\u00a0\u00bb20&Prime;][\/vc_column][vc_column width=\u00a0\u00bb1\/2&Prime;][vc_separator type=\u00a0\u00bbtransparent\u00a0\u00bb up=\u00a0\u00bb10&Prime; down=\u00a0\u00bb10&Prime;][vc_column_text] DISTANCE TOTALES:\u00a017.16 kms. D\u00c9NIVEL\u00c9E POSITIVE:\u00a02600 mt. D\u00c9NIVEL\u00c9E N\u00c9GATIVE:\u00a0180 mt. DUR\u00c9E PR\u00c9VUE (ALLER):\u00a010:45 hrs. DUR\u00c9E PR\u00c9VUE\u00a0(RETOUR): 09:30 hrs DIFFICULT\u00c9S PRINCIPALES:\u00a0\u00a0Extr\u00eame (sportif).\u00a0The...\" \/>\n<meta property=\"og:url\" content=\"https:\/\/www.senderosdelapalma.es\/fr\/reseau-de-sentiers\/sentiers-de-grand-parcours\/gr-131-etape-1\/\" \/>\n<meta property=\"og:site_name\" content=\"Red de Senderos de La Palma\" \/>\n<meta property=\"article:publisher\" content=\"https:\/\/www.facebook.com\/senderoslapalma\" \/>\n<meta property=\"article:modified_time\" content=\"2025-03-12T14:58:49+00:00\" \/>\n<meta property=\"og:image\" content=\"https:\/\/www.senderosdelapalma.es\/wp-content\/uploads\/2014\/12\/redsenderosdelapalma_01.jpg\" \/>\n\t<meta property=\"og:image:width\" content=\"1920\" \/>\n\t<meta property=\"og:image:height\" content=\"1084\" \/>\n\t<meta property=\"og:image:type\" content=\"image\/jpeg\" \/>\n<meta name=\"twitter:card\" content=\"summary_large_image\" \/>\n<meta name=\"twitter:site\" content=\"@SenderosdeLaPal\" \/>\n<meta name=\"twitter:label1\" content=\"Dur\u00e9e de lecture estim\u00e9e\" \/>\n\t<meta name=\"twitter:data1\" content=\"2 minutes\" \/>\n<script type=\"application\/ld+json\" class=\"yoast-schema-graph\">{\"@context\":\"https:\/\/schema.org\",\"@graph\":[{\"@type\":\"WebPage\",\"@id\":\"https:\/\/www.senderosdelapalma.es\/fr\/reseau-de-sentiers\/sentiers-de-grand-parcours\/gr-131-etape-1\/\",\"url\":\"https:\/\/www.senderosdelapalma.es\/fr\/reseau-de-sentiers\/sentiers-de-grand-parcours\/gr-131-etape-1\/\",\"name\":\"GR 131 \u00c9tape 1. Puerto de Tazacorte - Roque de Los Muchachos - Red de Senderos de La Palma\",\"isPartOf\":{\"@id\":\"https:\/\/www.senderosdelapalma.es\/#website\"},\"datePublished\":\"2015-04-08T05:41:47+00:00\",\"dateModified\":\"2025-03-12T14:58:49+00:00\",\"breadcrumb\":{\"@id\":\"https:\/\/www.senderosdelapalma.es\/fr\/reseau-de-sentiers\/sentiers-de-grand-parcours\/gr-131-etape-1\/#breadcrumb\"},\"inLanguage\":\"fr-FR\",\"potentialAction\":[{\"@type\":\"ReadAction\",\"target\":[\"https:\/\/www.senderosdelapalma.es\/fr\/reseau-de-sentiers\/sentiers-de-grand-parcours\/gr-131-etape-1\/\"]}]},{\"@type\":\"BreadcrumbList\",\"@id\":\"https:\/\/www.senderosdelapalma.es\/fr\/reseau-de-sentiers\/sentiers-de-grand-parcours\/gr-131-etape-1\/#breadcrumb\",\"itemListElement\":[{\"@type\":\"ListItem\",\"position\":1,\"name\":\"Portada\",\"item\":\"https:\/\/www.senderosdelapalma.es\/fr\/\"},{\"@type\":\"ListItem\",\"position\":2,\"name\":\"Reseau de sentiers\",\"item\":\"https:\/\/www.senderosdelapalma.es\/fr\/reseau-de-sentiers\/\"},{\"@type\":\"ListItem\",\"position\":3,\"name\":\"Sentiers de Grand Parcours\",\"item\":\"https:\/\/www.senderosdelapalma.es\/fr\/reseau-de-sentiers\/sentiers-de-grand-parcours\/\"},{\"@type\":\"ListItem\",\"position\":4,\"name\":\"GR 131 \u00c9tape 1. Puerto de Tazacorte &#8211; Roque de Los Muchachos\"}]},{\"@type\":\"WebSite\",\"@id\":\"https:\/\/www.senderosdelapalma.es\/#website\",\"url\":\"https:\/\/www.senderosdelapalma.es\/\",\"name\":\"Red de Senderos de La Palma\",\"description\":\"La Palma, la isla de los senderistas. Una enorme variedad de climas, relieves y paisajes te est\u00e1n esperando.  \",\"publisher\":{\"@id\":\"https:\/\/www.senderosdelapalma.es\/#organization\"},\"potentialAction\":[{\"@type\":\"SearchAction\",\"target\":{\"@type\":\"EntryPoint\",\"urlTemplate\":\"https:\/\/www.senderosdelapalma.es\/?s={search_term_string}\"},\"query-input\":\"required name=search_term_string\"}],\"inLanguage\":\"fr-FR\"},{\"@type\":\"Organization\",\"@id\":\"https:\/\/www.senderosdelapalma.es\/#organization\",\"name\":\"Red de Senderos de La Palma\",\"url\":\"https:\/\/www.senderosdelapalma.es\/\",\"logo\":{\"@type\":\"ImageObject\",\"inLanguage\":\"fr-FR\",\"@id\":\"https:\/\/www.senderosdelapalma.es\/#\/schema\/logo\/image\/\",\"url\":\"https:\/\/www.senderosdelapalma.es\/wp-content\/uploads\/2015\/06\/cabildo_la_palma-01.png\",\"contentUrl\":\"https:\/\/www.senderosdelapalma.es\/wp-content\/uploads\/2015\/06\/cabildo_la_palma-01.png\",\"width\":3508,\"height\":2479,\"caption\":\"Red de Senderos de La Palma\"},\"image\":{\"@id\":\"https:\/\/www.senderosdelapalma.es\/#\/schema\/logo\/image\/\"},\"sameAs\":[\"https:\/\/www.facebook.com\/senderoslapalma\",\"https:\/\/twitter.com\/SenderosdeLaPal\",\"https:\/\/www.instagram.com\/senderosdelapalma\/\",\"https:\/\/www.pinterest.es\/senderoslp\/\"]}]}<\/script>\n<!-- \/ Yoast SEO plugin. -->","yoast_head_json":{"title":"GR 131 \u00c9tape 1. Puerto de Tazacorte - Roque de Los Muchachos - Red de Senderos de La Palma","robots":{"index":"index","follow":"follow","max-snippet":"max-snippet:-1","max-image-preview":"max-image-preview:large","max-video-preview":"max-video-preview:-1"},"canonical":"https:\/\/www.senderosdelapalma.es\/fr\/reseau-de-sentiers\/sentiers-de-grand-parcours\/gr-131-etape-1\/","og_locale":"fr_FR","og_type":"article","og_title":"GR 131 \u00c9tape 1. Puerto de Tazacorte - Roque de Los Muchachos - Red de Senderos de La Palma","og_description":"[vc_row type=\u00a0\u00bbgrid\u00a0\u00bb padding_top=\u00a0\u00bb48&Prime; padding_bottom=\u00a0\u00bb48&Prime;][vc_column][vc_raw_html]JTNDaDMlMjBzdHlsZSUzRCUyMnRleHQtYWxpZ24lM0FjZW50ZXIlMjIlM0VHUiUyMDEzMSUyMCVDMyU4OXRhcGUlMjAxLiUyMFB1ZXJ0byUyMGRlJTIwVGF6YWNvcnRlJTIwLSUyMFJvcXVlJTIwZGUlMjBMb3MlMjBNdWNoYWNob3MlM0MlMkZoMyUzRQ==[\/vc_raw_html][\/vc_column][\/vc_row][vc_column width=\u00a0\u00bb1\/2&Prime;][vc_separator type=\u00a0\u00bbtransparent\u00a0\u00bb up=\u00a0\u00bb10&Prime; down=\u00a0\u00bb10&Prime;][vc_single_image image=\u00a0\u00bb280&Prime; img_size=\u00a0\u00bbfull\u00a0\u00bb alignment=\u00a0\u00bbcenter\u00a0\u00bb onclick=\u00a0\u00bbimg_link_large\u00a0\u00bb][vc_separator type=\u00a0\u00bbtransparent\u00a0\u00bb up=\u00a0\u00bb10&Prime; down=\u00a0\u00bb20&Prime;][vc_column_text][\/vc_column_text][vc_separator type=\u00a0\u00bbtransparent\u00a0\u00bb up=\u00a0\u00bb10&Prime; down=\u00a0\u00bb20&Prime;][vc_separator type=\u00a0\u00bbtransparent\u00a0\u00bb up=\u00a0\u00bb20&Prime; down=\u00a0\u00bb20&Prime;][\/vc_column][vc_column width=\u00a0\u00bb1\/2&Prime;][vc_separator type=\u00a0\u00bbtransparent\u00a0\u00bb up=\u00a0\u00bb10&Prime; down=\u00a0\u00bb10&Prime;][vc_column_text] DISTANCE TOTALES:\u00a017.16 kms. D\u00c9NIVEL\u00c9E POSITIVE:\u00a02600 mt. D\u00c9NIVEL\u00c9E N\u00c9GATIVE:\u00a0180 mt. DUR\u00c9E PR\u00c9VUE (ALLER):\u00a010:45 hrs. DUR\u00c9E PR\u00c9VUE\u00a0(RETOUR): 09:30 hrs DIFFICULT\u00c9S PRINCIPALES:\u00a0\u00a0Extr\u00eame (sportif).\u00a0The...","og_url":"https:\/\/www.senderosdelapalma.es\/fr\/reseau-de-sentiers\/sentiers-de-grand-parcours\/gr-131-etape-1\/","og_site_name":"Red de Senderos de La Palma","article_publisher":"https:\/\/www.facebook.com\/senderoslapalma","article_modified_time":"2025-03-12T14:58:49+00:00","og_image":[{"width":1920,"height":1084,"url":"https:\/\/www.senderosdelapalma.es\/wp-content\/uploads\/2014\/12\/redsenderosdelapalma_01.jpg","type":"image\/jpeg"}],"twitter_card":"summary_large_image","twitter_site":"@SenderosdeLaPal","twitter_misc":{"Dur\u00e9e de lecture estim\u00e9e":"2 minutes"},"schema":{"@context":"https:\/\/schema.org","@graph":[{"@type":"WebPage","@id":"https:\/\/www.senderosdelapalma.es\/fr\/reseau-de-sentiers\/sentiers-de-grand-parcours\/gr-131-etape-1\/","url":"https:\/\/www.senderosdelapalma.es\/fr\/reseau-de-sentiers\/sentiers-de-grand-parcours\/gr-131-etape-1\/","name":"GR 131 \u00c9tape 1. Puerto de Tazacorte - Roque de Los Muchachos - Red de Senderos de La Palma","isPartOf":{"@id":"https:\/\/www.senderosdelapalma.es\/#website"},"datePublished":"2015-04-08T05:41:47+00:00","dateModified":"2025-03-12T14:58:49+00:00","breadcrumb":{"@id":"https:\/\/www.senderosdelapalma.es\/fr\/reseau-de-sentiers\/sentiers-de-grand-parcours\/gr-131-etape-1\/#breadcrumb"},"inLanguage":"fr-FR","potentialAction":[{"@type":"ReadAction","target":["https:\/\/www.senderosdelapalma.es\/fr\/reseau-de-sentiers\/sentiers-de-grand-parcours\/gr-131-etape-1\/"]}]},{"@type":"BreadcrumbList","@id":"https:\/\/www.senderosdelapalma.es\/fr\/reseau-de-sentiers\/sentiers-de-grand-parcours\/gr-131-etape-1\/#breadcrumb","itemListElement":[{"@type":"ListItem","position":1,"name":"Portada","item":"https:\/\/www.senderosdelapalma.es\/fr\/"},{"@type":"ListItem","position":2,"name":"Reseau de sentiers","item":"https:\/\/www.senderosdelapalma.es\/fr\/reseau-de-sentiers\/"},{"@type":"ListItem","position":3,"name":"Sentiers de Grand Parcours","item":"https:\/\/www.senderosdelapalma.es\/fr\/reseau-de-sentiers\/sentiers-de-grand-parcours\/"},{"@type":"ListItem","position":4,"name":"GR 131 \u00c9tape 1. Puerto de Tazacorte &#8211; Roque de Los Muchachos"}]},{"@type":"WebSite","@id":"https:\/\/www.senderosdelapalma.es\/#website","url":"https:\/\/www.senderosdelapalma.es\/","name":"Red de Senderos de La Palma","description":"La Palma, la isla de los senderistas. Una enorme variedad de climas, relieves y paisajes te est\u00e1n esperando.  ","publisher":{"@id":"https:\/\/www.senderosdelapalma.es\/#organization"},"potentialAction":[{"@type":"SearchAction","target":{"@type":"EntryPoint","urlTemplate":"https:\/\/www.senderosdelapalma.es\/?s={search_term_string}"},"query-input":"required name=search_term_string"}],"inLanguage":"fr-FR"},{"@type":"Organization","@id":"https:\/\/www.senderosdelapalma.es\/#organization","name":"Red de Senderos de La Palma","url":"https:\/\/www.senderosdelapalma.es\/","logo":{"@type":"ImageObject","inLanguage":"fr-FR","@id":"https:\/\/www.senderosdelapalma.es\/#\/schema\/logo\/image\/","url":"https:\/\/www.senderosdelapalma.es\/wp-content\/uploads\/2015\/06\/cabildo_la_palma-01.png","contentUrl":"https:\/\/www.senderosdelapalma.es\/wp-content\/uploads\/2015\/06\/cabildo_la_palma-01.png","width":3508,"height":2479,"caption":"Red de Senderos de La Palma"},"image":{"@id":"https:\/\/www.senderosdelapalma.es\/#\/schema\/logo\/image\/"},"sameAs":["https:\/\/www.facebook.com\/senderoslapalma","https:\/\/twitter.com\/SenderosdeLaPal","https:\/\/www.instagram.com\/senderosdelapalma\/","https:\/\/www.pinterest.es\/senderoslp\/"]}]}},"_links":{"self":[{"href":"https:\/\/www.senderosdelapalma.es\/fr\/wp-json\/wp\/v2\/pages\/18702\/"}],"collection":[{"href":"https:\/\/www.senderosdelapalma.es\/fr\/wp-json\/wp\/v2\/pages\/"}],"about":[{"href":"https:\/\/www.senderosdelapalma.es\/fr\/wp-json\/wp\/v2\/types\/page\/"}],"author":[{"embeddable":true,"href":"https:\/\/www.senderosdelapalma.es\/fr\/wp-json\/wp\/v2\/users\/1\/"}],"replies":[{"embeddable":true,"href":"https:\/\/www.senderosdelapalma.es\/fr\/wp-json\/wp\/v2\/comments\/?post=18702"}],"version-history":[{"count":2,"href":"https:\/\/www.senderosdelapalma.es\/fr\/wp-json\/wp\/v2\/pages\/18702\/revisions\/"}],"predecessor-version":[{"id":26653,"href":"https:\/\/www.senderosdelapalma.es\/fr\/wp-json\/wp\/v2\/pages\/18702\/revisions\/26653\/"}],"up":[{"embeddable":true,"href":"https:\/\/www.senderosdelapalma.es\/fr\/wp-json\/wp\/v2\/pages\/18036\/"}],"wp:attachment":[{"href":"https:\/\/www.senderosdelapalma.es\/fr\/wp-json\/wp\/v2\/media\/?parent=18702"}],"curies":[{"name":"wp","href":"https:\/\/api.w.org\/{rel}","templated":true}]}}