{"id":18459,"date":"2015-04-07T08:25:35","date_gmt":"2015-04-07T08:25:35","guid":{"rendered":"http:\/\/www.senderosdelapalma.es\/?page_id=18459"},"modified":"2015-04-07T08:30:53","modified_gmt":"2015-04-07T08:30:53","slug":"casa-del-monte","status":"publish","type":"page","link":"https:\/\/www.senderosdelapalma.es\/fr\/aires-de-jeux\/casa-del-monte\/","title":{"rendered":"Casa del Monte"},"content":{"rendered":"<section class=\"wpb-content-wrapper\"><p>[vc_row row_type=\u00a0\u00bbrow\u00a0\u00bb type=\u00a0\u00bbfull_width\u00a0\u00bb text_align=\u00a0\u00bbleft\u00a0\u00bb background_image_as_pattern=\u00a0\u00bbwithout_pattern\u00a0\u00bb][vc_column width=\u00a0\u00bb1\/4&Prime;][vc_column_text]<\/p>\n<p style=\"text-align: justify;\"><img decoding=\"async\" loading=\"lazy\" class=\"alignnone size-full wp-image-42\" src=\"http:\/\/www.senderosdelapalma.es\/wp-content\/uploads\/2014\/07\/casa_del_monte.jpg\" alt=\"casa_del_monte\" width=\"230\" height=\"141\" \/><\/p>\n<p>[\/vc_column_text][\/vc_column][vc_column width=\u00a0\u00bb1\/2&Prime;]<div class='service_table_holder'><ul class='service_table_inner'><li class='service_table_title_holder background_color_type' style=''><div class='service_table_title_inner'><div class='service_table_title_inner2'><h3 class='service_title' style=''>Casa del Monte<\/h3><\/div><\/div><\/li><li class='service_table_content' style=''><\/p>\n<ul>\n<li style=\"text-align: justify;\"><strong>Municipalit\u00e9:\u00a0<\/strong>San Andr\u00e9s y Sauces<\/li>\n<li style=\"text-align: justify;\"><span class=\"titulo\"><b>Description: <\/b><\/span>La majorit\u00e9 des utilisateurs de cette aire r\u00e9cr\u00e9ative l\u00b4utilise comme point de d\u00e9part pour la visite des \u00ab\u00a0Nacientes de Marcos y Cordero\u00a0\u00bb. La maison qui donne son nom \u00e0 la zone est une construction li\u00e9e \u00e0 l\u00b4exploitation des eaux souterraines, tout comme le canal qui est toujours visible aujourd\u00b4hui. En atteignant l\u00b4aire r\u00e9cr\u00e9ative, qui se trouve \u00e0 1 300 m\u00e8tres au-dessus du niveau de la mer, la plus grande partie du d\u00e9nivel\u00e9 a \u00e9t\u00e9 gravie jusqu\u00b4aux \u00ab\u00a0Nacientes\u00a0\u00bb, qui n\u00b4est qu\u00b4\u00e0 une heure et demie de marche paisible.<\/li>\n<li style=\"text-align: justify;\"><span class=\"titulo\"><b>\u00c9quipements: <\/b><\/span>Eau potable, BBQ, bancs, toilettes,sentier autoguid\u00e9.<br \/>\n<b><\/b><\/li>\n<li style=\"text-align: justify;\"><span class=\"titulo\"><b>S\u00e9jour possible?: <\/b><\/span>Non<\/li>\n<li style=\"text-align: justify;\"><span class=\"titulo\"><b>Autorisation: <\/b><\/span>Non<\/li>\n<li style=\"text-align: justify;\"><a href=\"http:\/\/www.senderosdelapalma.com\/es\/uso_publico\/casa_del_monte.pdf\" target=\"_blank\"  class=\"qbutton  small center\" style=\"\">Sentier autoguid\u00e9<i class=\"fa fa-cloud-download\" style=\"\"><\/i><\/a><\/li>\n<\/ul>\n<p><\/li><\/ul><\/div>[\/vc_column][vc_column width=\u00a0\u00bb1\/4&Prime; css=\u00a0\u00bb.vc_custom_1410777777086{background-color: #f7f7f7 !important;}\u00a0\u00bb][vc_separator type=\u00a0\u00bbtransparent\u00a0\u00bb position=\u00a0\u00bbcenter\u00a0\u00bb up=\u00a0\u00bb5&Prime; down=\u00a0\u00bb5&Prime;]<div class=\"custom_font_holder\" style=\" font-size: 20px; line-height: 26px; font-style: normal; font-weight: 400; color: #000000; text-decoration: none; padding: 0; margin: 0; text-align: left;\">AIRES DE JEUX<\/div>[vc_separator type=\u00a0\u00bbtransparent\u00a0\u00bb position=\u00a0\u00bbcenter\u00a0\u00bb up=\u00a0\u00bb5&Prime; down=\u00a0\u00bb5&Prime;]<div class=ordered><\/p>\n<ul>\n<li><a href=\"http:\/\/www.senderosdelapalma.es\/fr\/aires-de-jeux\/casa-del-monte\">CASA DEL MONTE<\/a><\/li>\n<li><a href=\"http:\/\/www.senderosdelapalma.es\/fr\/aires-de-jeux\/el-fayal\">EL FAYAL<\/a><\/li>\n<li><a href=\"http:\/\/www.senderosdelapalma.es\/fr\/aires-de-jeux\/fuente-los-roques\">FUENTE DE LOS ROQUES<\/a><\/li>\n<li><a href=\"http:\/\/www.senderosdelapalma.es\/fr\/aires-de-jeux\/las-mimbreras\">LAS MIMBRERAS<\/a><\/li>\n<li><a href=\"http:\/\/www.senderosdelapalma.es\/fr\/aires-de-jeux\/llano-del-lance\">LLANO DEL LANCE<\/a><\/li>\n<li><a href=\"http:\/\/www.senderosdelapalma.es\/fr\/aires-de-jeux\/los-tilos\">LOS TILOS<\/a><\/li>\n<li><a href=\"http:\/\/www.senderosdelapalma.es\/fr\/aires-de-jeux\/montana-la-brena\">MONTA\u00d1A LA BRE\u00d1A<\/a><\/li>\n<li><a href=\"http:\/\/www.senderosdelapalma.es\/fr\/aires-de-jeux\/pared-vieja\">PARED VIEJA<\/a><\/li>\n<li><a href=\"http:\/\/www.senderosdelapalma.es\/fr\/aires-de-jeux\/refugio-el-pilar\">REFUGIO EL PILAR<\/a><\/li>\n<li><a href=\"http:\/\/www.senderosdelapalma.es\/fr\/aires-de-jeux\/laguna-de-barlovento\/\">LAGUNA DE BARLOVENTO<\/a><\/li>\n<li><a href=\"http:\/\/www.senderosdelapalma.es\/fr\/aires-de-jeux\/san-antonio-de-monte\">SAN ANTONIO DEL MONTE<\/a><\/li>\n<\/ul>\n<p><\/div>[\/vc_column][\/vc_row][vc_row][vc_column][vc_separator type=\u00a0\u00bbtransparent\u00a0\u00bb position=\u00a0\u00bbcenter\u00a0\u00bb up=\u00a0\u00bb10&Prime; down=\u00a0\u00bb10&Prime;]<a href=\"http:\/\/www.senderosdelapalma.es\/fr\/aires-de-jeux\/\" target=\"_self\"  class=\"qbutton \" style=\"\"><i class=\"fa fa-arrow-left\" style=\"\"><\/i><\/a>[vc_separator type=\u00a0\u00bbtransparent\u00a0\u00bb position=\u00a0\u00bbcenter\u00a0\u00bb up=\u00a0\u00bb20&Prime; down=\u00a0\u00bb30&Prime;][\/vc_column][\/vc_row]<\/p>\n<\/section>","protected":false},"excerpt":{"rendered":"<p>[vc_row row_type=\u00a0\u00bbrow\u00a0\u00bb type=\u00a0\u00bbfull_width\u00a0\u00bb text_align=\u00a0\u00bbleft\u00a0\u00bb background_image_as_pattern=\u00a0\u00bbwithout_pattern\u00a0\u00bb][vc_column width=\u00a0\u00bb1\/4&Prime;][vc_column_text] [\/vc_column_text][\/vc_column][vc_column width=\u00a0\u00bb1\/2&Prime;][\/vc_column][vc_column width=\u00a0\u00bb1\/4&Prime; css=\u00a0\u00bb.vc_custom_1410777777086{background-color: #f7f7f7 !important;}\u00a0\u00bb][vc_separator type=\u00a0\u00bbtransparent\u00a0\u00bb position=\u00a0\u00bbcenter\u00a0\u00bb up=\u00a0\u00bb5&Prime; down=\u00a0\u00bb5&Prime;][vc_separator type=\u00a0\u00bbtransparent\u00a0\u00bb position=\u00a0\u00bbcenter\u00a0\u00bb up=\u00a0\u00bb5&Prime; down=\u00a0\u00bb5&Prime;][\/vc_column][\/vc_row][vc_row][vc_column][vc_separator type=\u00a0\u00bbtransparent\u00a0\u00bb position=\u00a0\u00bbcenter\u00a0\u00bb up=\u00a0\u00bb10&Prime; down=\u00a0\u00bb10&Prime;][vc_separator type=\u00a0\u00bbtransparent\u00a0\u00bb position=\u00a0\u00bbcenter\u00a0\u00bb up=\u00a0\u00bb20&Prime; down=\u00a0\u00bb30&Prime;][\/vc_column][\/vc_row]<\/p>\n","protected":false},"author":1,"featured_media":0,"parent":18096,"menu_order":0,"comment_status":"open","ping_status":"open","template":"","meta":[],"yoast_head":"<!-- This site is optimized with the Yoast SEO plugin v21.0 - https:\/\/yoast.com\/wordpress\/plugins\/seo\/ -->\n<title>Casa del Monte - Red de Senderos de La Palma<\/title>\n<meta name=\"robots\" content=\"index, follow, max-snippet:-1, max-image-preview:large, max-video-preview:-1\" \/>\n<link rel=\"canonical\" href=\"https:\/\/www.senderosdelapalma.es\/fr\/aires-de-jeux\/casa-del-monte\/\" \/>\n<meta property=\"og:locale\" content=\"fr_FR\" \/>\n<meta property=\"og:type\" content=\"article\" \/>\n<meta property=\"og:title\" content=\"Casa del Monte - Red de Senderos de La Palma\" \/>\n<meta property=\"og:description\" content=\"[vc_row row_type=\u00a0\u00bbrow\u00a0\u00bb type=\u00a0\u00bbfull_width\u00a0\u00bb text_align=\u00a0\u00bbleft\u00a0\u00bb background_image_as_pattern=\u00a0\u00bbwithout_pattern\u00a0\u00bb][vc_column width=\u00a0\u00bb1\/4&Prime;][vc_column_text] [\/vc_column_text][\/vc_column][vc_column width=\u00a0\u00bb1\/2&Prime;][\/vc_column][vc_column width=\u00a0\u00bb1\/4&Prime; css=\u00a0\u00bb.vc_custom_1410777777086{background-color: #f7f7f7 !important;}\u00a0\u00bb][vc_separator type=\u00a0\u00bbtransparent\u00a0\u00bb position=\u00a0\u00bbcenter\u00a0\u00bb up=\u00a0\u00bb5&Prime; down=\u00a0\u00bb5&Prime;][vc_separator type=\u00a0\u00bbtransparent\u00a0\u00bb position=\u00a0\u00bbcenter\u00a0\u00bb up=\u00a0\u00bb5&Prime; down=\u00a0\u00bb5&Prime;][\/vc_column][\/vc_row][vc_row][vc_column][vc_separator type=\u00a0\u00bbtransparent\u00a0\u00bb position=\u00a0\u00bbcenter\u00a0\u00bb up=\u00a0\u00bb10&Prime; down=\u00a0\u00bb10&Prime;][vc_separator type=\u00a0\u00bbtransparent\u00a0\u00bb position=\u00a0\u00bbcenter\u00a0\u00bb up=\u00a0\u00bb20&Prime; down=\u00a0\u00bb30&Prime;][\/vc_column][\/vc_row]\" \/>\n<meta property=\"og:url\" content=\"https:\/\/www.senderosdelapalma.es\/fr\/aires-de-jeux\/casa-del-monte\/\" \/>\n<meta property=\"og:site_name\" content=\"Red de Senderos de La Palma\" \/>\n<meta property=\"article:publisher\" content=\"https:\/\/www.facebook.com\/senderoslapalma\" \/>\n<meta property=\"article:modified_time\" content=\"2015-04-07T08:30:53+00:00\" \/>\n<meta property=\"og:image\" content=\"http:\/\/www.senderosdelapalma.es\/wp-content\/uploads\/2014\/07\/casa_del_monte.jpg\" \/>\n<meta name=\"twitter:card\" content=\"summary_large_image\" \/>\n<meta name=\"twitter:site\" content=\"@SenderosdeLaPal\" \/>\n<meta name=\"twitter:label1\" content=\"Dur\u00e9e de lecture estim\u00e9e\" \/>\n\t<meta name=\"twitter:data1\" content=\"2 minutes\" \/>\n<script type=\"application\/ld+json\" class=\"yoast-schema-graph\">{\"@context\":\"https:\/\/schema.org\",\"@graph\":[{\"@type\":\"WebPage\",\"@id\":\"https:\/\/www.senderosdelapalma.es\/fr\/aires-de-jeux\/casa-del-monte\/\",\"url\":\"https:\/\/www.senderosdelapalma.es\/fr\/aires-de-jeux\/casa-del-monte\/\",\"name\":\"Casa del Monte - Red de Senderos de La Palma\",\"isPartOf\":{\"@id\":\"https:\/\/www.senderosdelapalma.es\/#website\"},\"datePublished\":\"2015-04-07T08:25:35+00:00\",\"dateModified\":\"2015-04-07T08:30:53+00:00\",\"breadcrumb\":{\"@id\":\"https:\/\/www.senderosdelapalma.es\/fr\/aires-de-jeux\/casa-del-monte\/#breadcrumb\"},\"inLanguage\":\"fr-FR\",\"potentialAction\":[{\"@type\":\"ReadAction\",\"target\":[\"https:\/\/www.senderosdelapalma.es\/fr\/aires-de-jeux\/casa-del-monte\/\"]}]},{\"@type\":\"BreadcrumbList\",\"@id\":\"https:\/\/www.senderosdelapalma.es\/fr\/aires-de-jeux\/casa-del-monte\/#breadcrumb\",\"itemListElement\":[{\"@type\":\"ListItem\",\"position\":1,\"name\":\"Portada\",\"item\":\"https:\/\/www.senderosdelapalma.es\/fr\/\"},{\"@type\":\"ListItem\",\"position\":2,\"name\":\"Aires de Jeux\",\"item\":\"https:\/\/www.senderosdelapalma.es\/fr\/aires-de-jeux\/\"},{\"@type\":\"ListItem\",\"position\":3,\"name\":\"Casa del Monte\"}]},{\"@type\":\"WebSite\",\"@id\":\"https:\/\/www.senderosdelapalma.es\/#website\",\"url\":\"https:\/\/www.senderosdelapalma.es\/\",\"name\":\"Red de Senderos de La Palma\",\"description\":\"La Palma, la isla de los senderistas. Una enorme variedad de climas, relieves y paisajes te est\u00e1n esperando.  \",\"publisher\":{\"@id\":\"https:\/\/www.senderosdelapalma.es\/#organization\"},\"potentialAction\":[{\"@type\":\"SearchAction\",\"target\":{\"@type\":\"EntryPoint\",\"urlTemplate\":\"https:\/\/www.senderosdelapalma.es\/?s={search_term_string}\"},\"query-input\":\"required name=search_term_string\"}],\"inLanguage\":\"fr-FR\"},{\"@type\":\"Organization\",\"@id\":\"https:\/\/www.senderosdelapalma.es\/#organization\",\"name\":\"Red de Senderos de La Palma\",\"url\":\"https:\/\/www.senderosdelapalma.es\/\",\"logo\":{\"@type\":\"ImageObject\",\"inLanguage\":\"fr-FR\",\"@id\":\"https:\/\/www.senderosdelapalma.es\/#\/schema\/logo\/image\/\",\"url\":\"https:\/\/www.senderosdelapalma.es\/wp-content\/uploads\/2015\/06\/cabildo_la_palma-01.png\",\"contentUrl\":\"https:\/\/www.senderosdelapalma.es\/wp-content\/uploads\/2015\/06\/cabildo_la_palma-01.png\",\"width\":3508,\"height\":2479,\"caption\":\"Red de Senderos de La Palma\"},\"image\":{\"@id\":\"https:\/\/www.senderosdelapalma.es\/#\/schema\/logo\/image\/\"},\"sameAs\":[\"https:\/\/www.facebook.com\/senderoslapalma\",\"https:\/\/twitter.com\/SenderosdeLaPal\",\"https:\/\/www.instagram.com\/senderosdelapalma\/\",\"https:\/\/www.pinterest.es\/senderoslp\/\"]}]}<\/script>\n<!-- \/ Yoast SEO plugin. -->","yoast_head_json":{"title":"Casa del Monte - Red de Senderos de La Palma","robots":{"index":"index","follow":"follow","max-snippet":"max-snippet:-1","max-image-preview":"max-image-preview:large","max-video-preview":"max-video-preview:-1"},"canonical":"https:\/\/www.senderosdelapalma.es\/fr\/aires-de-jeux\/casa-del-monte\/","og_locale":"fr_FR","og_type":"article","og_title":"Casa del Monte - Red de Senderos de La Palma","og_description":"[vc_row row_type=\u00a0\u00bbrow\u00a0\u00bb type=\u00a0\u00bbfull_width\u00a0\u00bb text_align=\u00a0\u00bbleft\u00a0\u00bb background_image_as_pattern=\u00a0\u00bbwithout_pattern\u00a0\u00bb][vc_column width=\u00a0\u00bb1\/4&Prime;][vc_column_text] [\/vc_column_text][\/vc_column][vc_column width=\u00a0\u00bb1\/2&Prime;][\/vc_column][vc_column width=\u00a0\u00bb1\/4&Prime; css=\u00a0\u00bb.vc_custom_1410777777086{background-color: #f7f7f7 !important;}\u00a0\u00bb][vc_separator type=\u00a0\u00bbtransparent\u00a0\u00bb position=\u00a0\u00bbcenter\u00a0\u00bb up=\u00a0\u00bb5&Prime; down=\u00a0\u00bb5&Prime;][vc_separator type=\u00a0\u00bbtransparent\u00a0\u00bb position=\u00a0\u00bbcenter\u00a0\u00bb up=\u00a0\u00bb5&Prime; down=\u00a0\u00bb5&Prime;][\/vc_column][\/vc_row][vc_row][vc_column][vc_separator type=\u00a0\u00bbtransparent\u00a0\u00bb position=\u00a0\u00bbcenter\u00a0\u00bb up=\u00a0\u00bb10&Prime; down=\u00a0\u00bb10&Prime;][vc_separator type=\u00a0\u00bbtransparent\u00a0\u00bb position=\u00a0\u00bbcenter\u00a0\u00bb up=\u00a0\u00bb20&Prime; down=\u00a0\u00bb30&Prime;][\/vc_column][\/vc_row]","og_url":"https:\/\/www.senderosdelapalma.es\/fr\/aires-de-jeux\/casa-del-monte\/","og_site_name":"Red de Senderos de La Palma","article_publisher":"https:\/\/www.facebook.com\/senderoslapalma","article_modified_time":"2015-04-07T08:30:53+00:00","og_image":[{"url":"http:\/\/www.senderosdelapalma.es\/wp-content\/uploads\/2014\/07\/casa_del_monte.jpg"}],"twitter_card":"summary_large_image","twitter_site":"@SenderosdeLaPal","twitter_misc":{"Dur\u00e9e de lecture estim\u00e9e":"2 minutes"},"schema":{"@context":"https:\/\/schema.org","@graph":[{"@type":"WebPage","@id":"https:\/\/www.senderosdelapalma.es\/fr\/aires-de-jeux\/casa-del-monte\/","url":"https:\/\/www.senderosdelapalma.es\/fr\/aires-de-jeux\/casa-del-monte\/","name":"Casa del Monte - Red de Senderos de La Palma","isPartOf":{"@id":"https:\/\/www.senderosdelapalma.es\/#website"},"datePublished":"2015-04-07T08:25:35+00:00","dateModified":"2015-04-07T08:30:53+00:00","breadcrumb":{"@id":"https:\/\/www.senderosdelapalma.es\/fr\/aires-de-jeux\/casa-del-monte\/#breadcrumb"},"inLanguage":"fr-FR","potentialAction":[{"@type":"ReadAction","target":["https:\/\/www.senderosdelapalma.es\/fr\/aires-de-jeux\/casa-del-monte\/"]}]},{"@type":"BreadcrumbList","@id":"https:\/\/www.senderosdelapalma.es\/fr\/aires-de-jeux\/casa-del-monte\/#breadcrumb","itemListElement":[{"@type":"ListItem","position":1,"name":"Portada","item":"https:\/\/www.senderosdelapalma.es\/fr\/"},{"@type":"ListItem","position":2,"name":"Aires de Jeux","item":"https:\/\/www.senderosdelapalma.es\/fr\/aires-de-jeux\/"},{"@type":"ListItem","position":3,"name":"Casa del Monte"}]},{"@type":"WebSite","@id":"https:\/\/www.senderosdelapalma.es\/#website","url":"https:\/\/www.senderosdelapalma.es\/","name":"Red de Senderos de La Palma","description":"La Palma, la isla de los senderistas. Una enorme variedad de climas, relieves y paisajes te est\u00e1n esperando.  ","publisher":{"@id":"https:\/\/www.senderosdelapalma.es\/#organization"},"potentialAction":[{"@type":"SearchAction","target":{"@type":"EntryPoint","urlTemplate":"https:\/\/www.senderosdelapalma.es\/?s={search_term_string}"},"query-input":"required name=search_term_string"}],"inLanguage":"fr-FR"},{"@type":"Organization","@id":"https:\/\/www.senderosdelapalma.es\/#organization","name":"Red de Senderos de La Palma","url":"https:\/\/www.senderosdelapalma.es\/","logo":{"@type":"ImageObject","inLanguage":"fr-FR","@id":"https:\/\/www.senderosdelapalma.es\/#\/schema\/logo\/image\/","url":"https:\/\/www.senderosdelapalma.es\/wp-content\/uploads\/2015\/06\/cabildo_la_palma-01.png","contentUrl":"https:\/\/www.senderosdelapalma.es\/wp-content\/uploads\/2015\/06\/cabildo_la_palma-01.png","width":3508,"height":2479,"caption":"Red de Senderos de La Palma"},"image":{"@id":"https:\/\/www.senderosdelapalma.es\/#\/schema\/logo\/image\/"},"sameAs":["https:\/\/www.facebook.com\/senderoslapalma","https:\/\/twitter.com\/SenderosdeLaPal","https:\/\/www.instagram.com\/senderosdelapalma\/","https:\/\/www.pinterest.es\/senderoslp\/"]}]}},"_links":{"self":[{"href":"https:\/\/www.senderosdelapalma.es\/fr\/wp-json\/wp\/v2\/pages\/18459\/"}],"collection":[{"href":"https:\/\/www.senderosdelapalma.es\/fr\/wp-json\/wp\/v2\/pages\/"}],"about":[{"href":"https:\/\/www.senderosdelapalma.es\/fr\/wp-json\/wp\/v2\/types\/page\/"}],"author":[{"embeddable":true,"href":"https:\/\/www.senderosdelapalma.es\/fr\/wp-json\/wp\/v2\/users\/1\/"}],"replies":[{"embeddable":true,"href":"https:\/\/www.senderosdelapalma.es\/fr\/wp-json\/wp\/v2\/comments\/?post=18459"}],"version-history":[{"count":0,"href":"https:\/\/www.senderosdelapalma.es\/fr\/wp-json\/wp\/v2\/pages\/18459\/revisions\/"}],"up":[{"embeddable":true,"href":"https:\/\/www.senderosdelapalma.es\/fr\/wp-json\/wp\/v2\/pages\/18096\/"}],"wp:attachment":[{"href":"https:\/\/www.senderosdelapalma.es\/fr\/wp-json\/wp\/v2\/media\/?parent=18459"}],"curies":[{"name":"wp","href":"https:\/\/api.w.org\/{rel}","templated":true}]}}