{"id":18277,"date":"2015-04-06T11:47:50","date_gmt":"2015-04-06T11:47:50","guid":{"rendered":"http:\/\/www.senderosdelapalma.es\/?page_id=18277"},"modified":"2015-04-06T11:56:06","modified_gmt":"2015-04-06T11:56:06","slug":"normes","status":"publish","type":"page","link":"https:\/\/www.senderosdelapalma.es\/fr\/nature\/parc-national-la-caldera-de-taburiente\/planifier\/normes\/","title":{"rendered":"Normes et Conseils"},"content":{"rendered":"<section class=\"wpb-content-wrapper\"><p>[vc_row row_type=\u00a0\u00bbrow\u00a0\u00bb type=\u00a0\u00bbfull_width\u00a0\u00bb text_align=\u00a0\u00bbleft\u00a0\u00bb background_image_as_pattern=\u00a0\u00bbwithout_pattern\u00a0\u00bb][vc_column width=\u00a0\u00bb2\/3&Prime;]<div class='service_table_holder'><ul class='service_table_inner'><li class='service_table_title_holder background_color_type' style=''><div class='service_table_title_inner'><div class='service_table_title_inner2'><h3 class='service_title' style=''>Les r\u00e8gles du Parc<\/h3><\/div><\/div><\/li><li class='service_table_content' style=''><\/p>\n<p style=\"text-align: justify;\">Nous r\u00e9unissons ici l\u00b4information essentielle pour ce qui est permis et ne l&rsquo;est pas\u00e0 La Caldera, ainsi que les consignes de securit\u00e9.<\/p>\n<p><\/li><\/ul><\/div>[vc_separator type=\u00a0\u00bbtransparent\u00a0\u00bb position=\u00a0\u00bbcenter\u00a0\u00bb up=\u00a0\u00bb5&Prime; down=\u00a0\u00bb5&Prime;]<div class=\"q_counter_holder  left\"><span class=\"counter  zero\" style=\"\">1<\/span><span class=\"separator small\" style=\"\"><\/span><p class=\"counter_text\" style=\"\">Faites attention aux \u00e9boulements, surtout en hiver et en cas de pluie <\/p><\/div><div class=\"q_counter_holder  left\"><span class=\"counter  zero\" style=\"\">2<\/span><span class=\"separator small\" style=\"\"><\/span><p class=\"counter_text\" style=\"\">Renseignez-vous sur les pr\u00e9visions m\u00e9t\u00e9orologiques avant de pratiquer la randonn\u00e9e <\/p><\/div><div class=\"q_counter_holder  left\"><span class=\"counter  zero\" style=\"\">3<\/span><span class=\"separator small\" style=\"\"><\/span><p class=\"counter_text\" style=\"\">Prot\u00e9gez-vous du soleil et du froid, surtout en haute montagne <\/p><\/div><div class=\"q_counter_holder  left\"><span class=\"counter  zero\" style=\"\">4<\/span><span class=\"separator small\" style=\"\"><\/span><p class=\"counter_text\" style=\"\">Emmenez beaucoup d\u00b4eau et utilisez des chaussures de marche<\/p><\/div><div class=\"q_counter_holder  left\"><span class=\"counter  zero\" style=\"\">5<\/span><span class=\"separator small\" style=\"\"><\/span><p class=\"counter_text\" style=\"\">Il est interdit d\u00b4introduire faune et flore exotiques dans le Parc National, ainsi que de retirer des esp\u00e8ces end\u00e9miques hors de ses limites<\/p><\/div><div class=\"q_counter_holder  left\"><span class=\"counter  zero\" style=\"\">6<\/span><span class=\"separator small\" style=\"\"><\/span><p class=\"counter_text\" style=\"\">La Playa de Taburiente est apte \u00e0 la baignade, mais il est interdit d\u00b4utiliser du savon<\/p><\/div><div class=\"q_counter_holder  left\"><span class=\"counter  zero\" style=\"\">7<\/span><span class=\"separator small\" style=\"\"><\/span><p class=\"counter_text\" style=\"\">Il n\u00b4est possible de camper que dans la zone autoris\u00e9e<\/p><\/div><div class=\"q_counter_holder  left\"><span class=\"counter  zero\" style=\"\">8<\/span><span class=\"separator small\" style=\"\"><\/span><p class=\"counter_text\" style=\"\">Il est rigoureusement interdit de faire du feu<\/p><\/div>[\/vc_column][vc_column width=\u00a0\u00bb1\/3&Prime;][vc_separator type=\u00a0\u00bbtransparent\u00a0\u00bb position=\u00a0\u00bbcenter\u00a0\u00bb up=\u00a0\u00bb5&Prime; down=\u00a0\u00bb5&Prime;]<div class=\"custom_font_holder\" style=\" font-size: 20px; line-height: 26px; font-style: normal; font-weight: 400; color: #000000; text-decoration: none; padding: 0; margin: 0; text-align: left;\">PLANIFIER LA VISITE<\/div>[vc_separator type=\u00a0\u00bbtransparent\u00a0\u00bb position=\u00a0\u00bbcenter\u00a0\u00bb up=\u00a0\u00bb5&Prime; down=\u00a0\u00bb5&Prime;]<div class=ordered><\/p>\n<ul>\n<li><a href=\"http:\/\/www.senderosdelapalma.es\/fr\/nature\/parc-national-la-caldera-de-taburiente\/planifier\/la-desfondada\/\">LA DESFONDADA<\/a><\/li>\n<li><a href=\"http:\/\/www.senderosdelapalma.es\/fr\/nature\/parc-national-la-caldera-de-taburiente\/planifier\/las-chozas\/\">LOMO DE\u00a0LAS CHOZAS<\/a><\/li>\n<li><a href=\"http:\/\/www.senderosdelapalma.es\/fr\/nature\/parc-national-la-caldera-de-taburiente\/planifier\/los-andenes\">EL MIRADOR DE LOS ANDENES<\/a><\/li>\n<li><a href=\"http:\/\/www.senderosdelapalma.es\/fr\/nature\/parc-national-la-caldera-de-taburiente\/planifier\/normes\">NORMES ET CONSEILS<\/a><\/li>\n<\/ul>\n<p><\/div>[\/vc_column][\/vc_row][vc_row][vc_column][vc_separator type=\u00a0\u00bbtransparent\u00a0\u00bb position=\u00a0\u00bbcenter\u00a0\u00bb up=\u00a0\u00bb10&Prime; down=\u00a0\u00bb10&Prime;]<a href=\"http:\/\/www.senderosdelapalma.es\/fr\/nature\/parc-national-la-caldera-de-taburiente\/planifier\/\" target=\"_self\"  class=\"qbutton \" style=\"\"><i class=\"fa fa-arrow-left\" style=\"\"><\/i><\/a>[vc_separator type=\u00a0\u00bbtransparent\u00a0\u00bb position=\u00a0\u00bbcenter\u00a0\u00bb up=\u00a0\u00bb20&Prime; down=\u00a0\u00bb30&Prime;][\/vc_column][\/vc_row]<\/p>\n<\/section>","protected":false},"excerpt":{"rendered":"<p>[vc_row row_type=\u00a0\u00bbrow\u00a0\u00bb type=\u00a0\u00bbfull_width\u00a0\u00bb text_align=\u00a0\u00bbleft\u00a0\u00bb background_image_as_pattern=\u00a0\u00bbwithout_pattern\u00a0\u00bb][vc_column width=\u00a0\u00bb2\/3&Prime;][vc_separator type=\u00a0\u00bbtransparent\u00a0\u00bb position=\u00a0\u00bbcenter\u00a0\u00bb up=\u00a0\u00bb5&Prime; down=\u00a0\u00bb5&Prime;][\/vc_column][vc_column width=\u00a0\u00bb1\/3&Prime;][vc_separator type=\u00a0\u00bbtransparent\u00a0\u00bb position=\u00a0\u00bbcenter\u00a0\u00bb up=\u00a0\u00bb5&Prime; down=\u00a0\u00bb5&Prime;][vc_separator type=\u00a0\u00bbtransparent\u00a0\u00bb position=\u00a0\u00bbcenter\u00a0\u00bb up=\u00a0\u00bb5&Prime; down=\u00a0\u00bb5&Prime;][\/vc_column][\/vc_row][vc_row][vc_column][vc_separator type=\u00a0\u00bbtransparent\u00a0\u00bb position=\u00a0\u00bbcenter\u00a0\u00bb up=\u00a0\u00bb10&Prime; down=\u00a0\u00bb10&Prime;][vc_separator type=\u00a0\u00bbtransparent\u00a0\u00bb position=\u00a0\u00bbcenter\u00a0\u00bb up=\u00a0\u00bb20&Prime; down=\u00a0\u00bb30&Prime;][\/vc_column][\/vc_row]<\/p>\n","protected":false},"author":1,"featured_media":0,"parent":18212,"menu_order":0,"comment_status":"open","ping_status":"open","template":"","meta":[],"yoast_head":"<!-- This site is optimized with the Yoast SEO plugin v21.0 - https:\/\/yoast.com\/wordpress\/plugins\/seo\/ -->\n<title>Normes et Conseils - Red de Senderos de La Palma<\/title>\n<meta name=\"robots\" content=\"index, follow, max-snippet:-1, max-image-preview:large, max-video-preview:-1\" \/>\n<link rel=\"canonical\" href=\"https:\/\/www.senderosdelapalma.es\/fr\/nature\/parc-national-la-caldera-de-taburiente\/planifier\/normes\/\" \/>\n<meta property=\"og:locale\" content=\"fr_FR\" \/>\n<meta property=\"og:type\" content=\"article\" \/>\n<meta property=\"og:title\" content=\"Normes et Conseils - Red de Senderos de La Palma\" \/>\n<meta property=\"og:description\" content=\"[vc_row row_type=\u00a0\u00bbrow\u00a0\u00bb type=\u00a0\u00bbfull_width\u00a0\u00bb text_align=\u00a0\u00bbleft\u00a0\u00bb background_image_as_pattern=\u00a0\u00bbwithout_pattern\u00a0\u00bb][vc_column width=\u00a0\u00bb2\/3&Prime;][vc_separator type=\u00a0\u00bbtransparent\u00a0\u00bb position=\u00a0\u00bbcenter\u00a0\u00bb up=\u00a0\u00bb5&Prime; down=\u00a0\u00bb5&Prime;][\/vc_column][vc_column width=\u00a0\u00bb1\/3&Prime;][vc_separator type=\u00a0\u00bbtransparent\u00a0\u00bb position=\u00a0\u00bbcenter\u00a0\u00bb up=\u00a0\u00bb5&Prime; down=\u00a0\u00bb5&Prime;][vc_separator type=\u00a0\u00bbtransparent\u00a0\u00bb position=\u00a0\u00bbcenter\u00a0\u00bb up=\u00a0\u00bb5&Prime; down=\u00a0\u00bb5&Prime;][\/vc_column][\/vc_row][vc_row][vc_column][vc_separator type=\u00a0\u00bbtransparent\u00a0\u00bb position=\u00a0\u00bbcenter\u00a0\u00bb up=\u00a0\u00bb10&Prime; down=\u00a0\u00bb10&Prime;][vc_separator type=\u00a0\u00bbtransparent\u00a0\u00bb position=\u00a0\u00bbcenter\u00a0\u00bb up=\u00a0\u00bb20&Prime; down=\u00a0\u00bb30&Prime;][\/vc_column][\/vc_row]\" \/>\n<meta property=\"og:url\" content=\"https:\/\/www.senderosdelapalma.es\/fr\/nature\/parc-national-la-caldera-de-taburiente\/planifier\/normes\/\" \/>\n<meta property=\"og:site_name\" content=\"Red de Senderos de La Palma\" \/>\n<meta property=\"article:publisher\" content=\"https:\/\/www.facebook.com\/senderoslapalma\" \/>\n<meta property=\"article:modified_time\" content=\"2015-04-06T11:56:06+00:00\" \/>\n<meta property=\"og:image\" content=\"https:\/\/www.senderosdelapalma.es\/wp-content\/uploads\/2014\/12\/redsenderosdelapalma_01.jpg\" \/>\n\t<meta property=\"og:image:width\" content=\"1920\" \/>\n\t<meta property=\"og:image:height\" content=\"1084\" \/>\n\t<meta property=\"og:image:type\" content=\"image\/jpeg\" \/>\n<meta name=\"twitter:card\" content=\"summary_large_image\" \/>\n<meta name=\"twitter:site\" content=\"@SenderosdeLaPal\" \/>\n<meta name=\"twitter:label1\" content=\"Dur\u00e9e de lecture estim\u00e9e\" \/>\n\t<meta name=\"twitter:data1\" content=\"2 minutes\" \/>\n<script type=\"application\/ld+json\" class=\"yoast-schema-graph\">{\"@context\":\"https:\/\/schema.org\",\"@graph\":[{\"@type\":\"WebPage\",\"@id\":\"https:\/\/www.senderosdelapalma.es\/fr\/nature\/parc-national-la-caldera-de-taburiente\/planifier\/normes\/\",\"url\":\"https:\/\/www.senderosdelapalma.es\/fr\/nature\/parc-national-la-caldera-de-taburiente\/planifier\/normes\/\",\"name\":\"Normes et Conseils - Red de Senderos de La Palma\",\"isPartOf\":{\"@id\":\"https:\/\/www.senderosdelapalma.es\/#website\"},\"datePublished\":\"2015-04-06T11:47:50+00:00\",\"dateModified\":\"2015-04-06T11:56:06+00:00\",\"breadcrumb\":{\"@id\":\"https:\/\/www.senderosdelapalma.es\/fr\/nature\/parc-national-la-caldera-de-taburiente\/planifier\/normes\/#breadcrumb\"},\"inLanguage\":\"fr-FR\",\"potentialAction\":[{\"@type\":\"ReadAction\",\"target\":[\"https:\/\/www.senderosdelapalma.es\/fr\/nature\/parc-national-la-caldera-de-taburiente\/planifier\/normes\/\"]}]},{\"@type\":\"BreadcrumbList\",\"@id\":\"https:\/\/www.senderosdelapalma.es\/fr\/nature\/parc-national-la-caldera-de-taburiente\/planifier\/normes\/#breadcrumb\",\"itemListElement\":[{\"@type\":\"ListItem\",\"position\":1,\"name\":\"Portada\",\"item\":\"https:\/\/www.senderosdelapalma.es\/fr\/\"},{\"@type\":\"ListItem\",\"position\":2,\"name\":\"Nature\",\"item\":\"https:\/\/www.senderosdelapalma.es\/fr\/nature\/\"},{\"@type\":\"ListItem\",\"position\":3,\"name\":\"PARC NATIONAL LA CALDERA DE TABURIENTE\",\"item\":\"https:\/\/www.senderosdelapalma.es\/fr\/nature\/parc-national-la-caldera-de-taburiente\/\"},{\"@type\":\"ListItem\",\"position\":4,\"name\":\"Planifier la visite\",\"item\":\"https:\/\/www.senderosdelapalma.es\/fr\/nature\/parc-national-la-caldera-de-taburiente\/planifier\/\"},{\"@type\":\"ListItem\",\"position\":5,\"name\":\"Normes et Conseils\"}]},{\"@type\":\"WebSite\",\"@id\":\"https:\/\/www.senderosdelapalma.es\/#website\",\"url\":\"https:\/\/www.senderosdelapalma.es\/\",\"name\":\"Red de Senderos de La Palma\",\"description\":\"La Palma, la isla de los senderistas. Una enorme variedad de climas, relieves y paisajes te est\u00e1n esperando.  \",\"publisher\":{\"@id\":\"https:\/\/www.senderosdelapalma.es\/#organization\"},\"potentialAction\":[{\"@type\":\"SearchAction\",\"target\":{\"@type\":\"EntryPoint\",\"urlTemplate\":\"https:\/\/www.senderosdelapalma.es\/?s={search_term_string}\"},\"query-input\":\"required name=search_term_string\"}],\"inLanguage\":\"fr-FR\"},{\"@type\":\"Organization\",\"@id\":\"https:\/\/www.senderosdelapalma.es\/#organization\",\"name\":\"Red de Senderos de La Palma\",\"url\":\"https:\/\/www.senderosdelapalma.es\/\",\"logo\":{\"@type\":\"ImageObject\",\"inLanguage\":\"fr-FR\",\"@id\":\"https:\/\/www.senderosdelapalma.es\/#\/schema\/logo\/image\/\",\"url\":\"https:\/\/www.senderosdelapalma.es\/wp-content\/uploads\/2015\/06\/cabildo_la_palma-01.png\",\"contentUrl\":\"https:\/\/www.senderosdelapalma.es\/wp-content\/uploads\/2015\/06\/cabildo_la_palma-01.png\",\"width\":3508,\"height\":2479,\"caption\":\"Red de Senderos de La Palma\"},\"image\":{\"@id\":\"https:\/\/www.senderosdelapalma.es\/#\/schema\/logo\/image\/\"},\"sameAs\":[\"https:\/\/www.facebook.com\/senderoslapalma\",\"https:\/\/twitter.com\/SenderosdeLaPal\",\"https:\/\/www.instagram.com\/senderosdelapalma\/\",\"https:\/\/www.pinterest.es\/senderoslp\/\"]}]}<\/script>\n<!-- \/ Yoast SEO plugin. -->","yoast_head_json":{"title":"Normes et Conseils - Red de Senderos de La Palma","robots":{"index":"index","follow":"follow","max-snippet":"max-snippet:-1","max-image-preview":"max-image-preview:large","max-video-preview":"max-video-preview:-1"},"canonical":"https:\/\/www.senderosdelapalma.es\/fr\/nature\/parc-national-la-caldera-de-taburiente\/planifier\/normes\/","og_locale":"fr_FR","og_type":"article","og_title":"Normes et Conseils - Red de Senderos de La Palma","og_description":"[vc_row row_type=\u00a0\u00bbrow\u00a0\u00bb type=\u00a0\u00bbfull_width\u00a0\u00bb text_align=\u00a0\u00bbleft\u00a0\u00bb background_image_as_pattern=\u00a0\u00bbwithout_pattern\u00a0\u00bb][vc_column width=\u00a0\u00bb2\/3&Prime;][vc_separator type=\u00a0\u00bbtransparent\u00a0\u00bb position=\u00a0\u00bbcenter\u00a0\u00bb up=\u00a0\u00bb5&Prime; down=\u00a0\u00bb5&Prime;][\/vc_column][vc_column width=\u00a0\u00bb1\/3&Prime;][vc_separator type=\u00a0\u00bbtransparent\u00a0\u00bb position=\u00a0\u00bbcenter\u00a0\u00bb up=\u00a0\u00bb5&Prime; down=\u00a0\u00bb5&Prime;][vc_separator type=\u00a0\u00bbtransparent\u00a0\u00bb position=\u00a0\u00bbcenter\u00a0\u00bb up=\u00a0\u00bb5&Prime; down=\u00a0\u00bb5&Prime;][\/vc_column][\/vc_row][vc_row][vc_column][vc_separator type=\u00a0\u00bbtransparent\u00a0\u00bb position=\u00a0\u00bbcenter\u00a0\u00bb up=\u00a0\u00bb10&Prime; down=\u00a0\u00bb10&Prime;][vc_separator type=\u00a0\u00bbtransparent\u00a0\u00bb position=\u00a0\u00bbcenter\u00a0\u00bb up=\u00a0\u00bb20&Prime; down=\u00a0\u00bb30&Prime;][\/vc_column][\/vc_row]","og_url":"https:\/\/www.senderosdelapalma.es\/fr\/nature\/parc-national-la-caldera-de-taburiente\/planifier\/normes\/","og_site_name":"Red de Senderos de La Palma","article_publisher":"https:\/\/www.facebook.com\/senderoslapalma","article_modified_time":"2015-04-06T11:56:06+00:00","og_image":[{"width":1920,"height":1084,"url":"https:\/\/www.senderosdelapalma.es\/wp-content\/uploads\/2014\/12\/redsenderosdelapalma_01.jpg","type":"image\/jpeg"}],"twitter_card":"summary_large_image","twitter_site":"@SenderosdeLaPal","twitter_misc":{"Dur\u00e9e de lecture estim\u00e9e":"2 minutes"},"schema":{"@context":"https:\/\/schema.org","@graph":[{"@type":"WebPage","@id":"https:\/\/www.senderosdelapalma.es\/fr\/nature\/parc-national-la-caldera-de-taburiente\/planifier\/normes\/","url":"https:\/\/www.senderosdelapalma.es\/fr\/nature\/parc-national-la-caldera-de-taburiente\/planifier\/normes\/","name":"Normes et Conseils - Red de Senderos de La Palma","isPartOf":{"@id":"https:\/\/www.senderosdelapalma.es\/#website"},"datePublished":"2015-04-06T11:47:50+00:00","dateModified":"2015-04-06T11:56:06+00:00","breadcrumb":{"@id":"https:\/\/www.senderosdelapalma.es\/fr\/nature\/parc-national-la-caldera-de-taburiente\/planifier\/normes\/#breadcrumb"},"inLanguage":"fr-FR","potentialAction":[{"@type":"ReadAction","target":["https:\/\/www.senderosdelapalma.es\/fr\/nature\/parc-national-la-caldera-de-taburiente\/planifier\/normes\/"]}]},{"@type":"BreadcrumbList","@id":"https:\/\/www.senderosdelapalma.es\/fr\/nature\/parc-national-la-caldera-de-taburiente\/planifier\/normes\/#breadcrumb","itemListElement":[{"@type":"ListItem","position":1,"name":"Portada","item":"https:\/\/www.senderosdelapalma.es\/fr\/"},{"@type":"ListItem","position":2,"name":"Nature","item":"https:\/\/www.senderosdelapalma.es\/fr\/nature\/"},{"@type":"ListItem","position":3,"name":"PARC NATIONAL LA CALDERA DE TABURIENTE","item":"https:\/\/www.senderosdelapalma.es\/fr\/nature\/parc-national-la-caldera-de-taburiente\/"},{"@type":"ListItem","position":4,"name":"Planifier la visite","item":"https:\/\/www.senderosdelapalma.es\/fr\/nature\/parc-national-la-caldera-de-taburiente\/planifier\/"},{"@type":"ListItem","position":5,"name":"Normes et Conseils"}]},{"@type":"WebSite","@id":"https:\/\/www.senderosdelapalma.es\/#website","url":"https:\/\/www.senderosdelapalma.es\/","name":"Red de Senderos de La Palma","description":"La Palma, la isla de los senderistas. Una enorme variedad de climas, relieves y paisajes te est\u00e1n esperando.  ","publisher":{"@id":"https:\/\/www.senderosdelapalma.es\/#organization"},"potentialAction":[{"@type":"SearchAction","target":{"@type":"EntryPoint","urlTemplate":"https:\/\/www.senderosdelapalma.es\/?s={search_term_string}"},"query-input":"required name=search_term_string"}],"inLanguage":"fr-FR"},{"@type":"Organization","@id":"https:\/\/www.senderosdelapalma.es\/#organization","name":"Red de Senderos de La Palma","url":"https:\/\/www.senderosdelapalma.es\/","logo":{"@type":"ImageObject","inLanguage":"fr-FR","@id":"https:\/\/www.senderosdelapalma.es\/#\/schema\/logo\/image\/","url":"https:\/\/www.senderosdelapalma.es\/wp-content\/uploads\/2015\/06\/cabildo_la_palma-01.png","contentUrl":"https:\/\/www.senderosdelapalma.es\/wp-content\/uploads\/2015\/06\/cabildo_la_palma-01.png","width":3508,"height":2479,"caption":"Red de Senderos de La Palma"},"image":{"@id":"https:\/\/www.senderosdelapalma.es\/#\/schema\/logo\/image\/"},"sameAs":["https:\/\/www.facebook.com\/senderoslapalma","https:\/\/twitter.com\/SenderosdeLaPal","https:\/\/www.instagram.com\/senderosdelapalma\/","https:\/\/www.pinterest.es\/senderoslp\/"]}]}},"_links":{"self":[{"href":"https:\/\/www.senderosdelapalma.es\/fr\/wp-json\/wp\/v2\/pages\/18277\/"}],"collection":[{"href":"https:\/\/www.senderosdelapalma.es\/fr\/wp-json\/wp\/v2\/pages\/"}],"about":[{"href":"https:\/\/www.senderosdelapalma.es\/fr\/wp-json\/wp\/v2\/types\/page\/"}],"author":[{"embeddable":true,"href":"https:\/\/www.senderosdelapalma.es\/fr\/wp-json\/wp\/v2\/users\/1\/"}],"replies":[{"embeddable":true,"href":"https:\/\/www.senderosdelapalma.es\/fr\/wp-json\/wp\/v2\/comments\/?post=18277"}],"version-history":[{"count":0,"href":"https:\/\/www.senderosdelapalma.es\/fr\/wp-json\/wp\/v2\/pages\/18277\/revisions\/"}],"up":[{"embeddable":true,"href":"https:\/\/www.senderosdelapalma.es\/fr\/wp-json\/wp\/v2\/pages\/18212\/"}],"wp:attachment":[{"href":"https:\/\/www.senderosdelapalma.es\/fr\/wp-json\/wp\/v2\/media\/?parent=18277"}],"curies":[{"name":"wp","href":"https:\/\/api.w.org\/{rel}","templated":true}]}}