{"id":18265,"date":"2015-04-06T11:30:15","date_gmt":"2015-04-06T11:30:15","guid":{"rendered":"http:\/\/www.senderosdelapalma.es\/?page_id=18265"},"modified":"2015-04-06T11:37:57","modified_gmt":"2015-04-06T11:37:57","slug":"los-andenes","status":"publish","type":"page","link":"https:\/\/www.senderosdelapalma.es\/fr\/nature\/parc-national-la-caldera-de-taburiente\/planifier\/los-andenes\/","title":{"rendered":"Mirador de Los Andenes"},"content":{"rendered":"<section class=\"wpb-content-wrapper\"><p>[vc_row row_type=\u00a0\u00bbrow\u00a0\u00bb type=\u00a0\u00bbfull_width\u00a0\u00bb text_align=\u00a0\u00bbleft\u00a0\u00bb background_image_as_pattern=\u00a0\u00bbwithout_pattern\u00a0\u00bb][vc_column width=\u00a0\u00bb1\/4&Prime;][vc_column_text]<a href=\"http:\/\/www.senderosdelapalma.es\/wp-content\/uploads\/2014\/07\/3_a_mapa_randenes.gif\" target=\"_blank\"><img decoding=\"async\" loading=\"lazy\" class=\"wp-image-670 size-medium alignleft\" src=\"http:\/\/www.senderosdelapalma.es\/wp-content\/uploads\/2014\/07\/3_a_mapa_randenes-248x300.gif\" alt=\"3_a_mapa_randenes\" width=\"248\" height=\"300\" \/><\/a>[\/vc_column_text][\/vc_column][vc_column width=\u00a0\u00bb1\/2&Prime;]<div class='service_table_holder'><ul class='service_table_inner'><li class='service_table_title_holder background_color_type' style=''><div class='service_table_title_inner'><div class='service_table_title_inner2'><h3 class='service_title' style=''>El Mirador de Los Andenes<\/h3><\/div><\/div><\/li><li class='service_table_content' style=''><\/p>\n<ul>\n<li style=\"text-align: justify;\"><strong>Dur\u00e9e:<\/strong> 1 heure (aller)<\/li>\n<li style=\"text-align: justify;\"><strong>Niveau de difficult\u00e9:<\/strong>\u00a0Faible<\/li>\n<li style=\"text-align: justify;\"><strong>Avertissement:<\/strong> Tout l\u00b4itin\u00e9raire se d\u00e9roule en zone de haut montagne, il faut par cons\u00e9quent s\u00b4habiller chaudement et prendre particuli\u00e8rement garde aux radiations solaires.<\/li>\n<li style=\"text-align: justify;\"><strong>Description:<\/strong>\u00a0Le point d\u00b4arriv\u00e9e, tout comme le point de d\u00e9part de cet itin\u00e9raire, est proche de la route qui monte \u00e0 l\u00b4Observatorio Astrof\u00edsico del Roque de los Muchachos. Le d\u00e9nivel\u00e9, selon le parcours propos\u00e9, est favorable \u00e0 l\u00b4aller et d\u00e9favorable au retour, mais il ne d\u00e9passe pas deux-cents m\u00e8tres et ne descend pas \u00e0 moins de 2 000 m\u00e8tres de c\u00f4te. Nous commen\u00e7ons l\u00b4itin\u00e9raire au parking g\u00e9n\u00e9ral, o\u00f9 prend fin la route. Si le temps est d\u00e9gag\u00e9, il est possible d\u00b4apercevoir les trois autres \u00eeles de la province (El Hierro, La Gomera et Tenerife). Au fur et \u00e0 mesure que nous avan\u00e7ons, nous nous approchons de plus en plus des parois occidentales de La Caldera, que nous pouvons admirer presque \u00e0 vol d\u00b4oiseau au-dessus des ravins de Los Cantos et El Ata\u00fad.Les c\u00e8dres, cytises et pens\u00e9es de la cime sont quelques uns des rares survivants ayant r\u00e9ussi \u00e0 s\u00b4imposer en d\u00e9pit de l\u00b4extr\u00eame hostilit\u00e9 de l\u00b4environnement. Un peu plus loin nous tombons sur ce que l\u00b4on appelle Pared de Roberto, que la l\u00e9gende attribue \u00e0 la main du diable. Au belv\u00e9d\u00e8re de Los Andenes, o\u00fa la route est de nouveau \u00e1 notre port\u00e9e, la sensation de flotter dans le vide est presque irr\u00e9elle. Le sentier continue sur tout le bord montagneux du Parc, jusqu\u00b4au refuge de Punta de Los Roques \u00e0 quelques cinq heures de marche.<\/li>\n<\/ul>\n<p><\/li><\/ul><\/div>[\/vc_column][vc_column width=\u00a0\u00bb1\/4&Prime; css=\u00a0\u00bb.vc_custom_1410777777086{background-color: #f7f7f7 !important;}\u00a0\u00bb][vc_separator type=\u00a0\u00bbtransparent\u00a0\u00bb position=\u00a0\u00bbcenter\u00a0\u00bb up=\u00a0\u00bb5&Prime; down=\u00a0\u00bb5&Prime;]<div class=\"custom_font_holder\" style=\" font-size: 20px; line-height: 26px; font-style: normal; font-weight: 400; color: #000000; text-decoration: none; padding: 0; margin: 0; text-align: left;\">PLANIFIER LA VISITE<\/div>[vc_separator type=\u00a0\u00bbtransparent\u00a0\u00bb position=\u00a0\u00bbcenter\u00a0\u00bb up=\u00a0\u00bb5&Prime; down=\u00a0\u00bb5&Prime;]<div class=ordered><\/p>\n<ul>\n<li><a href=\"http:\/\/www.senderosdelapalma.es\/fr\/nature\/parc-national-la-caldera-de-taburiente\/planifier\/la-desfondada\/\">LA DESFONDADA<\/a><\/li>\n<li><a href=\"http:\/\/www.senderosdelapalma.es\/fr\/nature\/parc-national-la-caldera-de-taburiente\/planifier\/las-chozas\/\">LOMO DE\u00a0LAS CHOZAS<\/a><\/li>\n<li><a href=\"http:\/\/www.senderosdelapalma.es\/fr\/nature\/parc-national-la-caldera-de-taburiente\/planifier\/los-andenes\">EL MIRADOR DE LOS ANDENES<\/a><\/li>\n<li><a href=\"http:\/\/www.senderosdelapalma.es\/fr\/nature\/parc-national-la-caldera-de-taburiente\/planifier\/normes\">NORMES ET CONSEILS<\/a><\/li>\n<\/ul>\n<p><\/div>[\/vc_column][\/vc_row][vc_row][vc_column][vc_separator type=\u00a0\u00bbtransparent\u00a0\u00bb position=\u00a0\u00bbcenter\u00a0\u00bb up=\u00a0\u00bb10&Prime; down=\u00a0\u00bb10&Prime;]<a href=\"http:\/\/www.senderosdelapalma.es\/fr\/nature\/parc-national-la-caldera-de-taburiente\/planifier\/\" target=\"_self\"  class=\"qbutton \" style=\"\"><i class=\"fa fa-arrow-left\" style=\"\"><\/i><\/a>[vc_separator type=\u00a0\u00bbtransparent\u00a0\u00bb position=\u00a0\u00bbcenter\u00a0\u00bb up=\u00a0\u00bb20&Prime; down=\u00a0\u00bb30&Prime;][\/vc_column][\/vc_row]<\/p>\n<\/section>","protected":false},"excerpt":{"rendered":"<p>[vc_row row_type=\u00a0\u00bbrow\u00a0\u00bb type=\u00a0\u00bbfull_width\u00a0\u00bb text_align=\u00a0\u00bbleft\u00a0\u00bb background_image_as_pattern=\u00a0\u00bbwithout_pattern\u00a0\u00bb][vc_column width=\u00a0\u00bb1\/4&Prime;][vc_column_text][\/vc_column_text][\/vc_column][vc_column width=\u00a0\u00bb1\/2&Prime;][\/vc_column][vc_column width=\u00a0\u00bb1\/4&Prime; css=\u00a0\u00bb.vc_custom_1410777777086{background-color: #f7f7f7 !important;}\u00a0\u00bb][vc_separator type=\u00a0\u00bbtransparent\u00a0\u00bb position=\u00a0\u00bbcenter\u00a0\u00bb up=\u00a0\u00bb5&Prime; down=\u00a0\u00bb5&Prime;][vc_separator type=\u00a0\u00bbtransparent\u00a0\u00bb position=\u00a0\u00bbcenter\u00a0\u00bb up=\u00a0\u00bb5&Prime; down=\u00a0\u00bb5&Prime;][\/vc_column][\/vc_row][vc_row][vc_column][vc_separator type=\u00a0\u00bbtransparent\u00a0\u00bb position=\u00a0\u00bbcenter\u00a0\u00bb up=\u00a0\u00bb10&Prime; down=\u00a0\u00bb10&Prime;][vc_separator type=\u00a0\u00bbtransparent\u00a0\u00bb position=\u00a0\u00bbcenter\u00a0\u00bb up=\u00a0\u00bb20&Prime; down=\u00a0\u00bb30&Prime;][\/vc_column][\/vc_row]<\/p>\n","protected":false},"author":1,"featured_media":0,"parent":18212,"menu_order":0,"comment_status":"closed","ping_status":"open","template":"","meta":[],"yoast_head":"<!-- This site is optimized with the Yoast SEO plugin v21.0 - https:\/\/yoast.com\/wordpress\/plugins\/seo\/ -->\n<title>Mirador de Los Andenes - Red de Senderos de La Palma<\/title>\n<meta name=\"robots\" content=\"index, follow, max-snippet:-1, max-image-preview:large, max-video-preview:-1\" \/>\n<link rel=\"canonical\" href=\"https:\/\/www.senderosdelapalma.es\/fr\/nature\/parc-national-la-caldera-de-taburiente\/planifier\/los-andenes\/\" \/>\n<meta property=\"og:locale\" content=\"fr_FR\" \/>\n<meta property=\"og:type\" content=\"article\" \/>\n<meta property=\"og:title\" content=\"Mirador de Los Andenes - Red de Senderos de La Palma\" \/>\n<meta property=\"og:description\" content=\"[vc_row row_type=\u00a0\u00bbrow\u00a0\u00bb type=\u00a0\u00bbfull_width\u00a0\u00bb text_align=\u00a0\u00bbleft\u00a0\u00bb background_image_as_pattern=\u00a0\u00bbwithout_pattern\u00a0\u00bb][vc_column width=\u00a0\u00bb1\/4&Prime;][vc_column_text][\/vc_column_text][\/vc_column][vc_column width=\u00a0\u00bb1\/2&Prime;][\/vc_column][vc_column width=\u00a0\u00bb1\/4&Prime; css=\u00a0\u00bb.vc_custom_1410777777086{background-color: #f7f7f7 !important;}\u00a0\u00bb][vc_separator type=\u00a0\u00bbtransparent\u00a0\u00bb position=\u00a0\u00bbcenter\u00a0\u00bb up=\u00a0\u00bb5&Prime; down=\u00a0\u00bb5&Prime;][vc_separator type=\u00a0\u00bbtransparent\u00a0\u00bb position=\u00a0\u00bbcenter\u00a0\u00bb up=\u00a0\u00bb5&Prime; down=\u00a0\u00bb5&Prime;][\/vc_column][\/vc_row][vc_row][vc_column][vc_separator type=\u00a0\u00bbtransparent\u00a0\u00bb position=\u00a0\u00bbcenter\u00a0\u00bb up=\u00a0\u00bb10&Prime; down=\u00a0\u00bb10&Prime;][vc_separator type=\u00a0\u00bbtransparent\u00a0\u00bb position=\u00a0\u00bbcenter\u00a0\u00bb up=\u00a0\u00bb20&Prime; down=\u00a0\u00bb30&Prime;][\/vc_column][\/vc_row]\" \/>\n<meta property=\"og:url\" content=\"https:\/\/www.senderosdelapalma.es\/fr\/nature\/parc-national-la-caldera-de-taburiente\/planifier\/los-andenes\/\" \/>\n<meta property=\"og:site_name\" content=\"Red de Senderos de La Palma\" \/>\n<meta property=\"article:publisher\" content=\"https:\/\/www.facebook.com\/senderoslapalma\" \/>\n<meta property=\"article:modified_time\" content=\"2015-04-06T11:37:57+00:00\" \/>\n<meta property=\"og:image\" content=\"http:\/\/www.senderosdelapalma.es\/wp-content\/uploads\/2014\/07\/3_a_mapa_randenes-248x300.gif\" \/>\n<meta name=\"twitter:card\" content=\"summary_large_image\" \/>\n<meta name=\"twitter:site\" content=\"@SenderosdeLaPal\" \/>\n<meta name=\"twitter:label1\" content=\"Dur\u00e9e de lecture estim\u00e9e\" \/>\n\t<meta name=\"twitter:data1\" content=\"2 minutes\" \/>\n<script type=\"application\/ld+json\" class=\"yoast-schema-graph\">{\"@context\":\"https:\/\/schema.org\",\"@graph\":[{\"@type\":\"WebPage\",\"@id\":\"https:\/\/www.senderosdelapalma.es\/fr\/nature\/parc-national-la-caldera-de-taburiente\/planifier\/los-andenes\/\",\"url\":\"https:\/\/www.senderosdelapalma.es\/fr\/nature\/parc-national-la-caldera-de-taburiente\/planifier\/los-andenes\/\",\"name\":\"Mirador de Los Andenes - Red de Senderos de La Palma\",\"isPartOf\":{\"@id\":\"https:\/\/www.senderosdelapalma.es\/#website\"},\"datePublished\":\"2015-04-06T11:30:15+00:00\",\"dateModified\":\"2015-04-06T11:37:57+00:00\",\"breadcrumb\":{\"@id\":\"https:\/\/www.senderosdelapalma.es\/fr\/nature\/parc-national-la-caldera-de-taburiente\/planifier\/los-andenes\/#breadcrumb\"},\"inLanguage\":\"fr-FR\",\"potentialAction\":[{\"@type\":\"ReadAction\",\"target\":[\"https:\/\/www.senderosdelapalma.es\/fr\/nature\/parc-national-la-caldera-de-taburiente\/planifier\/los-andenes\/\"]}]},{\"@type\":\"BreadcrumbList\",\"@id\":\"https:\/\/www.senderosdelapalma.es\/fr\/nature\/parc-national-la-caldera-de-taburiente\/planifier\/los-andenes\/#breadcrumb\",\"itemListElement\":[{\"@type\":\"ListItem\",\"position\":1,\"name\":\"Portada\",\"item\":\"https:\/\/www.senderosdelapalma.es\/fr\/\"},{\"@type\":\"ListItem\",\"position\":2,\"name\":\"Nature\",\"item\":\"https:\/\/www.senderosdelapalma.es\/fr\/nature\/\"},{\"@type\":\"ListItem\",\"position\":3,\"name\":\"PARC NATIONAL LA CALDERA DE TABURIENTE\",\"item\":\"https:\/\/www.senderosdelapalma.es\/fr\/nature\/parc-national-la-caldera-de-taburiente\/\"},{\"@type\":\"ListItem\",\"position\":4,\"name\":\"Planifier la visite\",\"item\":\"https:\/\/www.senderosdelapalma.es\/fr\/nature\/parc-national-la-caldera-de-taburiente\/planifier\/\"},{\"@type\":\"ListItem\",\"position\":5,\"name\":\"Mirador de Los Andenes\"}]},{\"@type\":\"WebSite\",\"@id\":\"https:\/\/www.senderosdelapalma.es\/#website\",\"url\":\"https:\/\/www.senderosdelapalma.es\/\",\"name\":\"Red de Senderos de La Palma\",\"description\":\"La Palma, la isla de los senderistas. Una enorme variedad de climas, relieves y paisajes te est\u00e1n esperando.  \",\"publisher\":{\"@id\":\"https:\/\/www.senderosdelapalma.es\/#organization\"},\"potentialAction\":[{\"@type\":\"SearchAction\",\"target\":{\"@type\":\"EntryPoint\",\"urlTemplate\":\"https:\/\/www.senderosdelapalma.es\/?s={search_term_string}\"},\"query-input\":\"required name=search_term_string\"}],\"inLanguage\":\"fr-FR\"},{\"@type\":\"Organization\",\"@id\":\"https:\/\/www.senderosdelapalma.es\/#organization\",\"name\":\"Red de Senderos de La Palma\",\"url\":\"https:\/\/www.senderosdelapalma.es\/\",\"logo\":{\"@type\":\"ImageObject\",\"inLanguage\":\"fr-FR\",\"@id\":\"https:\/\/www.senderosdelapalma.es\/#\/schema\/logo\/image\/\",\"url\":\"https:\/\/www.senderosdelapalma.es\/wp-content\/uploads\/2015\/06\/cabildo_la_palma-01.png\",\"contentUrl\":\"https:\/\/www.senderosdelapalma.es\/wp-content\/uploads\/2015\/06\/cabildo_la_palma-01.png\",\"width\":3508,\"height\":2479,\"caption\":\"Red de Senderos de La Palma\"},\"image\":{\"@id\":\"https:\/\/www.senderosdelapalma.es\/#\/schema\/logo\/image\/\"},\"sameAs\":[\"https:\/\/www.facebook.com\/senderoslapalma\",\"https:\/\/twitter.com\/SenderosdeLaPal\",\"https:\/\/www.instagram.com\/senderosdelapalma\/\",\"https:\/\/www.pinterest.es\/senderoslp\/\"]}]}<\/script>\n<!-- \/ Yoast SEO plugin. -->","yoast_head_json":{"title":"Mirador de Los Andenes - Red de Senderos de La Palma","robots":{"index":"index","follow":"follow","max-snippet":"max-snippet:-1","max-image-preview":"max-image-preview:large","max-video-preview":"max-video-preview:-1"},"canonical":"https:\/\/www.senderosdelapalma.es\/fr\/nature\/parc-national-la-caldera-de-taburiente\/planifier\/los-andenes\/","og_locale":"fr_FR","og_type":"article","og_title":"Mirador de Los Andenes - Red de Senderos de La Palma","og_description":"[vc_row row_type=\u00a0\u00bbrow\u00a0\u00bb type=\u00a0\u00bbfull_width\u00a0\u00bb text_align=\u00a0\u00bbleft\u00a0\u00bb background_image_as_pattern=\u00a0\u00bbwithout_pattern\u00a0\u00bb][vc_column width=\u00a0\u00bb1\/4&Prime;][vc_column_text][\/vc_column_text][\/vc_column][vc_column width=\u00a0\u00bb1\/2&Prime;][\/vc_column][vc_column width=\u00a0\u00bb1\/4&Prime; css=\u00a0\u00bb.vc_custom_1410777777086{background-color: #f7f7f7 !important;}\u00a0\u00bb][vc_separator type=\u00a0\u00bbtransparent\u00a0\u00bb position=\u00a0\u00bbcenter\u00a0\u00bb up=\u00a0\u00bb5&Prime; down=\u00a0\u00bb5&Prime;][vc_separator type=\u00a0\u00bbtransparent\u00a0\u00bb position=\u00a0\u00bbcenter\u00a0\u00bb up=\u00a0\u00bb5&Prime; down=\u00a0\u00bb5&Prime;][\/vc_column][\/vc_row][vc_row][vc_column][vc_separator type=\u00a0\u00bbtransparent\u00a0\u00bb position=\u00a0\u00bbcenter\u00a0\u00bb up=\u00a0\u00bb10&Prime; down=\u00a0\u00bb10&Prime;][vc_separator type=\u00a0\u00bbtransparent\u00a0\u00bb position=\u00a0\u00bbcenter\u00a0\u00bb up=\u00a0\u00bb20&Prime; down=\u00a0\u00bb30&Prime;][\/vc_column][\/vc_row]","og_url":"https:\/\/www.senderosdelapalma.es\/fr\/nature\/parc-national-la-caldera-de-taburiente\/planifier\/los-andenes\/","og_site_name":"Red de Senderos de La Palma","article_publisher":"https:\/\/www.facebook.com\/senderoslapalma","article_modified_time":"2015-04-06T11:37:57+00:00","og_image":[{"url":"http:\/\/www.senderosdelapalma.es\/wp-content\/uploads\/2014\/07\/3_a_mapa_randenes-248x300.gif"}],"twitter_card":"summary_large_image","twitter_site":"@SenderosdeLaPal","twitter_misc":{"Dur\u00e9e de lecture estim\u00e9e":"2 minutes"},"schema":{"@context":"https:\/\/schema.org","@graph":[{"@type":"WebPage","@id":"https:\/\/www.senderosdelapalma.es\/fr\/nature\/parc-national-la-caldera-de-taburiente\/planifier\/los-andenes\/","url":"https:\/\/www.senderosdelapalma.es\/fr\/nature\/parc-national-la-caldera-de-taburiente\/planifier\/los-andenes\/","name":"Mirador de Los Andenes - Red de Senderos de La Palma","isPartOf":{"@id":"https:\/\/www.senderosdelapalma.es\/#website"},"datePublished":"2015-04-06T11:30:15+00:00","dateModified":"2015-04-06T11:37:57+00:00","breadcrumb":{"@id":"https:\/\/www.senderosdelapalma.es\/fr\/nature\/parc-national-la-caldera-de-taburiente\/planifier\/los-andenes\/#breadcrumb"},"inLanguage":"fr-FR","potentialAction":[{"@type":"ReadAction","target":["https:\/\/www.senderosdelapalma.es\/fr\/nature\/parc-national-la-caldera-de-taburiente\/planifier\/los-andenes\/"]}]},{"@type":"BreadcrumbList","@id":"https:\/\/www.senderosdelapalma.es\/fr\/nature\/parc-national-la-caldera-de-taburiente\/planifier\/los-andenes\/#breadcrumb","itemListElement":[{"@type":"ListItem","position":1,"name":"Portada","item":"https:\/\/www.senderosdelapalma.es\/fr\/"},{"@type":"ListItem","position":2,"name":"Nature","item":"https:\/\/www.senderosdelapalma.es\/fr\/nature\/"},{"@type":"ListItem","position":3,"name":"PARC NATIONAL LA CALDERA DE TABURIENTE","item":"https:\/\/www.senderosdelapalma.es\/fr\/nature\/parc-national-la-caldera-de-taburiente\/"},{"@type":"ListItem","position":4,"name":"Planifier la visite","item":"https:\/\/www.senderosdelapalma.es\/fr\/nature\/parc-national-la-caldera-de-taburiente\/planifier\/"},{"@type":"ListItem","position":5,"name":"Mirador de Los Andenes"}]},{"@type":"WebSite","@id":"https:\/\/www.senderosdelapalma.es\/#website","url":"https:\/\/www.senderosdelapalma.es\/","name":"Red de Senderos de La Palma","description":"La Palma, la isla de los senderistas. Una enorme variedad de climas, relieves y paisajes te est\u00e1n esperando.  ","publisher":{"@id":"https:\/\/www.senderosdelapalma.es\/#organization"},"potentialAction":[{"@type":"SearchAction","target":{"@type":"EntryPoint","urlTemplate":"https:\/\/www.senderosdelapalma.es\/?s={search_term_string}"},"query-input":"required name=search_term_string"}],"inLanguage":"fr-FR"},{"@type":"Organization","@id":"https:\/\/www.senderosdelapalma.es\/#organization","name":"Red de Senderos de La Palma","url":"https:\/\/www.senderosdelapalma.es\/","logo":{"@type":"ImageObject","inLanguage":"fr-FR","@id":"https:\/\/www.senderosdelapalma.es\/#\/schema\/logo\/image\/","url":"https:\/\/www.senderosdelapalma.es\/wp-content\/uploads\/2015\/06\/cabildo_la_palma-01.png","contentUrl":"https:\/\/www.senderosdelapalma.es\/wp-content\/uploads\/2015\/06\/cabildo_la_palma-01.png","width":3508,"height":2479,"caption":"Red de Senderos de La Palma"},"image":{"@id":"https:\/\/www.senderosdelapalma.es\/#\/schema\/logo\/image\/"},"sameAs":["https:\/\/www.facebook.com\/senderoslapalma","https:\/\/twitter.com\/SenderosdeLaPal","https:\/\/www.instagram.com\/senderosdelapalma\/","https:\/\/www.pinterest.es\/senderoslp\/"]}]}},"_links":{"self":[{"href":"https:\/\/www.senderosdelapalma.es\/fr\/wp-json\/wp\/v2\/pages\/18265\/"}],"collection":[{"href":"https:\/\/www.senderosdelapalma.es\/fr\/wp-json\/wp\/v2\/pages\/"}],"about":[{"href":"https:\/\/www.senderosdelapalma.es\/fr\/wp-json\/wp\/v2\/types\/page\/"}],"author":[{"embeddable":true,"href":"https:\/\/www.senderosdelapalma.es\/fr\/wp-json\/wp\/v2\/users\/1\/"}],"replies":[{"embeddable":true,"href":"https:\/\/www.senderosdelapalma.es\/fr\/wp-json\/wp\/v2\/comments\/?post=18265"}],"version-history":[{"count":0,"href":"https:\/\/www.senderosdelapalma.es\/fr\/wp-json\/wp\/v2\/pages\/18265\/revisions\/"}],"up":[{"embeddable":true,"href":"https:\/\/www.senderosdelapalma.es\/fr\/wp-json\/wp\/v2\/pages\/18212\/"}],"wp:attachment":[{"href":"https:\/\/www.senderosdelapalma.es\/fr\/wp-json\/wp\/v2\/media\/?parent=18265"}],"curies":[{"name":"wp","href":"https:\/\/api.w.org\/{rel}","templated":true}]}}