{"id":16746,"date":"2014-11-24T19:00:43","date_gmt":"2014-11-24T19:00:43","guid":{"rendered":"http:\/\/www.senderosdelapalma.es\/?page_id=16746"},"modified":"2024-03-22T09:31:53","modified_gmt":"2024-03-22T09:31:53","slug":"topoguide","status":"publish","type":"page","link":"https:\/\/www.senderosdelapalma.es\/en\/footpaths\/topoguide\/","title":{"rendered":"Topoguide"},"content":{"rendered":"<section class=\"wpb-content-wrapper\"><p>[vc_row][vc_column width=&#8221;1\/3&#8243;][vc_row_inner][vc_column_inner][vc_single_image image=&#8221;508&#8243; img_size=&#8221;full&#8221; alignment=&#8221;right&#8221;][vc_separator type=&#8221;transparent&#8221; up=&#8221;10&#8243; down=&#8221;10&#8243;][vc_column_text]<\/p>\n<h4><strong><span class=\"titulos_sg\">Book details<\/span>:<\/strong><\/h4>\n<ul>\n<li><strong>Binding type:<\/strong>\u00a0Book<\/li>\n<li><strong>Number of pages:<\/strong> 356 pages<\/li>\n<li><strong>Languages:<\/strong>\u00a0Spanish, English and German<\/li>\n<li><strong>Includes:<\/strong> Map scale\u00a01:40.000<\/li>\n<li><strong>Retail price:<\/strong>\u00a023 \u20ac<\/li>\n<\/ul>\n<p>[\/vc_column_text][\/vc_column_inner][\/vc_row_inner][\/vc_column][vc_column width=&#8221;2\/3&#8243;]<blockquote class='' style=''><h5 class='blockquote-text' style=''>About this book<\/h5><\/blockquote>[vc_separator type=&#8221;transparent&#8221; up=&#8221;10&#8243; down=&#8221;10&#8243;][vc_column_text]<\/p>\n<p style=\"text-align: justify;\">The present volume is a Topoguide*. The term owes its origin to the French word topoguide, employed by the FFRP (F\u00e9d\u00e9ration Fran\u00e7aise de la Randonn\u00e9e P\u00e9destre) for several decades to designate the guidebooks it publishes on distinct groups of paths.<\/p>\n<p style=\"text-align: justify;\">[vc_separator type=&#8217;transparent&#8217; position=&#8217;center&#8217; color=&#8221; thickness=&#8221; up=&#8217;5&#8242; down=&#8217;5&#8242;]<\/p>\n<p style=\"text-align: justify;\"><span style=\"color: #000000;\">It is therefore worth stressing that this book is not just another walking guide, but the official topoguide, so to speak, of the Footpath Network of La Palma. And to live up to this claim, its writers have made every effort to create a guidebook which is not restricted to mere route descriptions. Readers could feel justifiably disappointed if that were the case, so route descriptions have been kept short and concise to allow the inclusion of other texts enabling readers and hikers to adopt an interpretative approach to the territory. In other words, our intention has not been to describe La Palma \u00b4s footpaths, but rather to explain what can be seen from and along them. Since all the routes are clearly signposted and marked, it would have been superfluous, and even tedious, to give detailed indications for each path junction in what is often very variable terrain. Instead, reader-hikers can safely follow the route marking while, with the help of this guidebook, their attention is drawn to specific aspects in the surrounding countryside which might otherwise have gone unnoticed.<\/span><\/p>\n<p style=\"text-align: justify;\">[vc_separator type=&#8217;transparent&#8217; position=&#8217;center&#8217; color=&#8221; thickness=&#8221; up=&#8217;5&#8242; down=&#8217;5&#8242;]<\/p>\n<p style=\"text-align: justify;\">Nevertheless, there are descriptions, albeit brief ones, which were written only after all the footpaths in the Network had been re-walked, so as to give the text freshness. We have tried to give readers the satisfaction of knowing that the writer has stood on the same spot previously.<\/p>\n<p style=\"text-align: justify;\">[vc_separator type=&#8217;transparent&#8217; position=&#8217;center&#8217; color=&#8221; thickness=&#8221; up=&#8217;5&#8242; down=&#8217;5&#8242;]<\/p>\n<p class=\"texto\">We hope all those who take this topoguide with them as their walking companion enjoy their hikes and are influenced, however lightly, by the writer\u00b4s sincere love of the island.<\/p>\n<p style=\"text-align: justify;\">[vc_separator type=&#8217;transparent&#8217; position=&#8217;center&#8217; color=&#8221; thickness=&#8221; up=&#8217;5&#8242; down=&#8217;5&#8242;]<\/p>\n<p style=\"text-align: justify;\"><span style=\"color: #000000;\">Text: <span style=\"text-decoration: underline;\">Inmanol Goicoechea<\/span>.\u00a0(Author of La Palma <em>Topoguide<\/em>) <\/span><\/p>\n<p>[\/vc_column_text][vc_separator type=&#8221;transparent&#8221; up=&#8221;20&#8243; down=&#8221;20&#8243;][vc_column_text]<\/p>\n<h3>Topoguide Points of Sale<\/h3>\n<p>[\/vc_column_text][vc_separator type=&#8221;transparent&#8221; up=&#8221;10&#8243; down=&#8221;20&#8243;][vc_row_inner css=&#8221;.vc_custom_1427789527505{margin-top: 20px !important;}&#8221;][vc_column_inner][vc_column_text]<\/p>\n<h4>CIT INSULAR LA PALMA, Tourism Business<\/h4>\n<ul>\n<li>Website: <a href=\"http:\/\/english.lapalmacit.com\/contact-us.html\" target=\"_blank\" rel=\"noopener\">www.lapalmacit.com<\/a><\/li>\n<\/ul>\n<p>[\/vc_column_text][\/vc_column_inner][\/vc_row_inner][\/vc_column][\/vc_row][vc_row][vc_column][vc_separator type=&#8221;transparent&#8221; up=&#8221;20&#8243; down=&#8221;20&#8243;][\/vc_column][\/vc_row]<\/p>\n<\/section>","protected":false},"excerpt":{"rendered":"<p>[vc_row][vc_column width=&#8221;1\/3&#8243;][vc_row_inner][vc_column_inner][vc_single_image image=&#8221;508&#8243; img_size=&#8221;full&#8221; alignment=&#8221;right&#8221;][vc_separator type=&#8221;transparent&#8221; up=&#8221;10&#8243; down=&#8221;10&#8243;][vc_column_text] Book details: Binding type:\u00a0Book Number of pages: 356 pages Languages:\u00a0Spanish, English and German Includes: Map scale\u00a01:40.000 Retail price:\u00a023 \u20ac [\/vc_column_text][\/vc_column_inner][\/vc_row_inner][\/vc_column][vc_column width=&#8221;2\/3&#8243;][vc_separator type=&#8221;transparent&#8221; up=&#8221;10&#8243; down=&#8221;10&#8243;][vc_column_text] The present volume is a Topoguide*. The term owes its origin to the&#8230;<\/p>\n","protected":false},"author":1,"featured_media":0,"parent":16696,"menu_order":0,"comment_status":"closed","ping_status":"closed","template":"","meta":[],"yoast_head":"<!-- This site is optimized with the Yoast SEO plugin v21.0 - https:\/\/yoast.com\/wordpress\/plugins\/seo\/ -->\n<title>Topoguide - Red de Senderos de La Palma<\/title>\n<meta name=\"robots\" content=\"index, follow, max-snippet:-1, max-image-preview:large, max-video-preview:-1\" \/>\n<link rel=\"canonical\" href=\"https:\/\/www.senderosdelapalma.es\/en\/footpaths\/topoguide\/\" \/>\n<meta property=\"og:locale\" content=\"en_US\" \/>\n<meta property=\"og:type\" content=\"article\" \/>\n<meta property=\"og:title\" content=\"Topoguide - Red de Senderos de La Palma\" \/>\n<meta property=\"og:description\" content=\"[vc_row][vc_column width=&#8221;1\/3&#8243;][vc_row_inner][vc_column_inner][vc_single_image image=&#8221;508&#8243; img_size=&#8221;full&#8221; alignment=&#8221;right&#8221;][vc_separator type=&#8221;transparent&#8221; up=&#8221;10&#8243; down=&#8221;10&#8243;][vc_column_text] Book details: Binding type:\u00a0Book Number of pages: 356 pages Languages:\u00a0Spanish, English and German Includes: Map scale\u00a01:40.000 Retail price:\u00a023 \u20ac [\/vc_column_text][\/vc_column_inner][\/vc_row_inner][\/vc_column][vc_column width=&#8221;2\/3&#8243;][vc_separator type=&#8221;transparent&#8221; up=&#8221;10&#8243; down=&#8221;10&#8243;][vc_column_text] The present volume is a Topoguide*. The term owes its origin to the...\" \/>\n<meta property=\"og:url\" content=\"https:\/\/www.senderosdelapalma.es\/en\/footpaths\/topoguide\/\" \/>\n<meta property=\"og:site_name\" content=\"Red de Senderos de La Palma\" \/>\n<meta property=\"article:publisher\" content=\"https:\/\/www.facebook.com\/senderoslapalma\" \/>\n<meta property=\"article:modified_time\" content=\"2024-03-22T09:31:53+00:00\" \/>\n<meta property=\"og:image\" content=\"https:\/\/www.senderosdelapalma.es\/wp-content\/uploads\/2014\/12\/redsenderosdelapalma_01.jpg\" \/>\n\t<meta property=\"og:image:width\" content=\"1920\" \/>\n\t<meta property=\"og:image:height\" content=\"1084\" \/>\n\t<meta property=\"og:image:type\" content=\"image\/jpeg\" \/>\n<meta name=\"twitter:card\" content=\"summary_large_image\" \/>\n<meta name=\"twitter:site\" content=\"@SenderosdeLaPal\" \/>\n<meta name=\"twitter:label1\" content=\"Est. reading time\" \/>\n\t<meta name=\"twitter:data1\" content=\"2 minutes\" \/>\n<script type=\"application\/ld+json\" class=\"yoast-schema-graph\">{\"@context\":\"https:\/\/schema.org\",\"@graph\":[{\"@type\":\"WebPage\",\"@id\":\"https:\/\/www.senderosdelapalma.es\/en\/footpaths\/topoguide\/\",\"url\":\"https:\/\/www.senderosdelapalma.es\/en\/footpaths\/topoguide\/\",\"name\":\"Topoguide - Red de Senderos de La Palma\",\"isPartOf\":{\"@id\":\"https:\/\/www.senderosdelapalma.es\/#website\"},\"datePublished\":\"2014-11-24T19:00:43+00:00\",\"dateModified\":\"2024-03-22T09:31:53+00:00\",\"breadcrumb\":{\"@id\":\"https:\/\/www.senderosdelapalma.es\/en\/footpaths\/topoguide\/#breadcrumb\"},\"inLanguage\":\"en-US\",\"potentialAction\":[{\"@type\":\"ReadAction\",\"target\":[\"https:\/\/www.senderosdelapalma.es\/en\/footpaths\/topoguide\/\"]}]},{\"@type\":\"BreadcrumbList\",\"@id\":\"https:\/\/www.senderosdelapalma.es\/en\/footpaths\/topoguide\/#breadcrumb\",\"itemListElement\":[{\"@type\":\"ListItem\",\"position\":1,\"name\":\"Portada\",\"item\":\"https:\/\/www.senderosdelapalma.es\/en\/\"},{\"@type\":\"ListItem\",\"position\":2,\"name\":\"Footpaths\",\"item\":\"https:\/\/www.senderosdelapalma.es\/en\/footpaths\/\"},{\"@type\":\"ListItem\",\"position\":3,\"name\":\"Topoguide\"}]},{\"@type\":\"WebSite\",\"@id\":\"https:\/\/www.senderosdelapalma.es\/#website\",\"url\":\"https:\/\/www.senderosdelapalma.es\/\",\"name\":\"Red de Senderos de La Palma\",\"description\":\"La Palma, la isla de los senderistas. Una enorme variedad de climas, relieves y paisajes te est\u00e1n esperando.  \",\"publisher\":{\"@id\":\"https:\/\/www.senderosdelapalma.es\/#organization\"},\"potentialAction\":[{\"@type\":\"SearchAction\",\"target\":{\"@type\":\"EntryPoint\",\"urlTemplate\":\"https:\/\/www.senderosdelapalma.es\/?s={search_term_string}\"},\"query-input\":\"required name=search_term_string\"}],\"inLanguage\":\"en-US\"},{\"@type\":\"Organization\",\"@id\":\"https:\/\/www.senderosdelapalma.es\/#organization\",\"name\":\"Red de Senderos de La Palma\",\"url\":\"https:\/\/www.senderosdelapalma.es\/\",\"logo\":{\"@type\":\"ImageObject\",\"inLanguage\":\"en-US\",\"@id\":\"https:\/\/www.senderosdelapalma.es\/#\/schema\/logo\/image\/\",\"url\":\"https:\/\/www.senderosdelapalma.es\/wp-content\/uploads\/2015\/06\/cabildo_la_palma-01.png\",\"contentUrl\":\"https:\/\/www.senderosdelapalma.es\/wp-content\/uploads\/2015\/06\/cabildo_la_palma-01.png\",\"width\":3508,\"height\":2479,\"caption\":\"Red de Senderos de La Palma\"},\"image\":{\"@id\":\"https:\/\/www.senderosdelapalma.es\/#\/schema\/logo\/image\/\"},\"sameAs\":[\"https:\/\/www.facebook.com\/senderoslapalma\",\"https:\/\/twitter.com\/SenderosdeLaPal\",\"https:\/\/www.instagram.com\/senderosdelapalma\/\",\"https:\/\/www.pinterest.es\/senderoslp\/\"]}]}<\/script>\n<!-- \/ Yoast SEO plugin. -->","yoast_head_json":{"title":"Topoguide - Red de Senderos de La Palma","robots":{"index":"index","follow":"follow","max-snippet":"max-snippet:-1","max-image-preview":"max-image-preview:large","max-video-preview":"max-video-preview:-1"},"canonical":"https:\/\/www.senderosdelapalma.es\/en\/footpaths\/topoguide\/","og_locale":"en_US","og_type":"article","og_title":"Topoguide - Red de Senderos de La Palma","og_description":"[vc_row][vc_column width=&#8221;1\/3&#8243;][vc_row_inner][vc_column_inner][vc_single_image image=&#8221;508&#8243; img_size=&#8221;full&#8221; alignment=&#8221;right&#8221;][vc_separator type=&#8221;transparent&#8221; up=&#8221;10&#8243; down=&#8221;10&#8243;][vc_column_text] Book details: Binding type:\u00a0Book Number of pages: 356 pages Languages:\u00a0Spanish, English and German Includes: Map scale\u00a01:40.000 Retail price:\u00a023 \u20ac [\/vc_column_text][\/vc_column_inner][\/vc_row_inner][\/vc_column][vc_column width=&#8221;2\/3&#8243;][vc_separator type=&#8221;transparent&#8221; up=&#8221;10&#8243; down=&#8221;10&#8243;][vc_column_text] The present volume is a Topoguide*. The term owes its origin to the...","og_url":"https:\/\/www.senderosdelapalma.es\/en\/footpaths\/topoguide\/","og_site_name":"Red de Senderos de La Palma","article_publisher":"https:\/\/www.facebook.com\/senderoslapalma","article_modified_time":"2024-03-22T09:31:53+00:00","og_image":[{"width":1920,"height":1084,"url":"https:\/\/www.senderosdelapalma.es\/wp-content\/uploads\/2014\/12\/redsenderosdelapalma_01.jpg","type":"image\/jpeg"}],"twitter_card":"summary_large_image","twitter_site":"@SenderosdeLaPal","twitter_misc":{"Est. reading time":"2 minutes"},"schema":{"@context":"https:\/\/schema.org","@graph":[{"@type":"WebPage","@id":"https:\/\/www.senderosdelapalma.es\/en\/footpaths\/topoguide\/","url":"https:\/\/www.senderosdelapalma.es\/en\/footpaths\/topoguide\/","name":"Topoguide - Red de Senderos de La Palma","isPartOf":{"@id":"https:\/\/www.senderosdelapalma.es\/#website"},"datePublished":"2014-11-24T19:00:43+00:00","dateModified":"2024-03-22T09:31:53+00:00","breadcrumb":{"@id":"https:\/\/www.senderosdelapalma.es\/en\/footpaths\/topoguide\/#breadcrumb"},"inLanguage":"en-US","potentialAction":[{"@type":"ReadAction","target":["https:\/\/www.senderosdelapalma.es\/en\/footpaths\/topoguide\/"]}]},{"@type":"BreadcrumbList","@id":"https:\/\/www.senderosdelapalma.es\/en\/footpaths\/topoguide\/#breadcrumb","itemListElement":[{"@type":"ListItem","position":1,"name":"Portada","item":"https:\/\/www.senderosdelapalma.es\/en\/"},{"@type":"ListItem","position":2,"name":"Footpaths","item":"https:\/\/www.senderosdelapalma.es\/en\/footpaths\/"},{"@type":"ListItem","position":3,"name":"Topoguide"}]},{"@type":"WebSite","@id":"https:\/\/www.senderosdelapalma.es\/#website","url":"https:\/\/www.senderosdelapalma.es\/","name":"Red de Senderos de La Palma","description":"La Palma, la isla de los senderistas. Una enorme variedad de climas, relieves y paisajes te est\u00e1n esperando.  ","publisher":{"@id":"https:\/\/www.senderosdelapalma.es\/#organization"},"potentialAction":[{"@type":"SearchAction","target":{"@type":"EntryPoint","urlTemplate":"https:\/\/www.senderosdelapalma.es\/?s={search_term_string}"},"query-input":"required name=search_term_string"}],"inLanguage":"en-US"},{"@type":"Organization","@id":"https:\/\/www.senderosdelapalma.es\/#organization","name":"Red de Senderos de La Palma","url":"https:\/\/www.senderosdelapalma.es\/","logo":{"@type":"ImageObject","inLanguage":"en-US","@id":"https:\/\/www.senderosdelapalma.es\/#\/schema\/logo\/image\/","url":"https:\/\/www.senderosdelapalma.es\/wp-content\/uploads\/2015\/06\/cabildo_la_palma-01.png","contentUrl":"https:\/\/www.senderosdelapalma.es\/wp-content\/uploads\/2015\/06\/cabildo_la_palma-01.png","width":3508,"height":2479,"caption":"Red de Senderos de La Palma"},"image":{"@id":"https:\/\/www.senderosdelapalma.es\/#\/schema\/logo\/image\/"},"sameAs":["https:\/\/www.facebook.com\/senderoslapalma","https:\/\/twitter.com\/SenderosdeLaPal","https:\/\/www.instagram.com\/senderosdelapalma\/","https:\/\/www.pinterest.es\/senderoslp\/"]}]}},"_links":{"self":[{"href":"https:\/\/www.senderosdelapalma.es\/en\/wp-json\/wp\/v2\/pages\/16746\/"}],"collection":[{"href":"https:\/\/www.senderosdelapalma.es\/en\/wp-json\/wp\/v2\/pages\/"}],"about":[{"href":"https:\/\/www.senderosdelapalma.es\/en\/wp-json\/wp\/v2\/types\/page\/"}],"author":[{"embeddable":true,"href":"https:\/\/www.senderosdelapalma.es\/en\/wp-json\/wp\/v2\/users\/1\/"}],"replies":[{"embeddable":true,"href":"https:\/\/www.senderosdelapalma.es\/en\/wp-json\/wp\/v2\/comments\/?post=16746"}],"version-history":[{"count":0,"href":"https:\/\/www.senderosdelapalma.es\/en\/wp-json\/wp\/v2\/pages\/16746\/revisions\/"}],"up":[{"embeddable":true,"href":"https:\/\/www.senderosdelapalma.es\/en\/wp-json\/wp\/v2\/pages\/16696\/"}],"wp:attachment":[{"href":"https:\/\/www.senderosdelapalma.es\/en\/wp-json\/wp\/v2\/media\/?parent=16746"}],"curies":[{"name":"wp","href":"https:\/\/api.w.org\/{rel}","templated":true}]}}