{"id":20967,"date":"2015-04-15T13:44:40","date_gmt":"2015-04-15T13:44:40","guid":{"rendered":"http:\/\/www.senderosdelapalma.es\/faqs\/"},"modified":"2020-08-20T17:21:07","modified_gmt":"2020-08-20T17:21:07","slug":"faqs","status":"publish","type":"page","link":"https:\/\/www.senderosdelapalma.es\/de\/faqs\/","title":{"rendered":"Faq&#8217;s"},"content":{"rendered":"<section class=\"wpb-content-wrapper\"><p>[vc_row type=&#8220;grid&#8220; css=&#8220;.vc_custom_1429105929997{margin-top: 50px !important;}&#8220;][vc_column][vc_separator type=&#8220;transparent&#8220; up=&#8220;40&#8243;][vc_accordion][vc_accordion_tab title=&#8220;<b>Welche Begh\u00fctte finde ich auf La Palma?<\/b>&#8220; title_tag=&#8220;h5&#8243;][vc_column_text]<\/p>\n<p class=\"p1\">La Palma bietet Ihnen die folgenden <a href=\"http:\/\/www.senderosdelapalma.es\/de\/campingplaetze\/\" target=\"_blank\" rel=\"noopener noreferrer\">Zeltenpl\u00e4tze<\/a> und <a href=\"http:\/\/www.senderosdelapalma.es\/de\/schutzhutten\/\" target=\"_blank\" rel=\"noopener noreferrer\">Begh\u00fctte<\/a> an. Bitte, informieren Sie sich \u00fcber ihre Einrichtungen.<\/p>\n<p style=\"text-align: justify;\">[\/vc_column_text][\/vc_accordion_tab][vc_accordion_tab title=&#8220;<b>Ich m\u00f6chte die mehrt\u00e4gige Wanderung GR 131, wo kann ich schlafen?<\/b>&#8220; title_tag=&#8220;h5&#8243;][vc_column_text]<\/p>\n<p style=\"text-align: justify;\">Die mehrt\u00e4gige Wanderung GR 131 ist sehr anspruchvoll. Sie k\u00f6nnen die folgenden Unterkunftsm\u00f6glichkeiten finden:<\/p>\n<ul>\n<li>Hotels und Appartments in <a href=\"http:\/\/www.visitlapalma.es\/de\/informacion-practica\/\" target=\"_blank\" rel=\"noopener noreferrer\">Tazacorte<\/a><\/li>\n<li class=\"li1\">Freizelten in Roque de los Muchachos (bitte lesen Sie Frage Nummer 7: Ist frei zelten auf La Palma erlaubt?)<\/li>\n<li class=\"li1\"><a href=\"http:\/\/www.senderosdelapalma.es\/de\/schutzhutten\/punta-de-los-roques\/\" target=\"_blank\" rel=\"noopener noreferrer\">Refugio de Punta de los Roques<\/a> (Bergh\u00fctte)<\/li>\n<li class=\"li1\"><a href=\"http:\/\/www.senderosdelapalma.es\/de\/rastplaetze\/refugio-el-pilar\/\" target=\"_blank\" rel=\"noopener noreferrer\">Refugio del Pilar<\/a> (Zeltplatz)<\/li>\n<li class=\"li1\"><a href=\"http:\/\/www.fuencalientedelapalma.es\/turismo\/alojamientos\/\" target=\"_blank\" rel=\"noopener noreferrer\">Fuencaliente<\/a> (Appartments, Ferienh\u00e4user\/Fincas und Hotel)<\/li>\n<li class=\"li1\">Freizelten (bitte lesen Sie Frage Nummer 7: Darf ich auf La Palma frei<span class=\"Apple-converted-space\">\u00a0 <\/span>zelten?)<\/li>\n<\/ul>\n<p class=\"p1\">Weitere Informationen zum Thema Unterkunft auf La Palma finden <a href=\"http:\/\/www.visitlapalma.es\/de\/informacion-practica\/\" target=\"_blank\" rel=\"noopener noreferrer\">Sie\u00a0hier<\/a><\/p>\n<p>[\/vc_column_text][\/vc_accordion_tab][vc_accordion_tab title=&#8220;<b>Darf ich in Roque de los Muchachos \u00fcbernachten?<\/b>&#8220; title_tag=&#8220;h5&#8243;][vc_column_text]<\/p>\n<p class=\"p1\">Nein, es gibt keine Unterkunft in Roque de los Muchachos.<\/p>\n<p>[\/vc_column_text][\/vc_accordion_tab][vc_accordion_tab title=&#8220;<b>Ich m\u00f6chte die Wanderung GR 131 machen, wo kann ich Trinkwasser finden?<\/b>&#8220; title_tag=&#8220;h5&#8243;][vc_column_text]<\/p>\n<ol>\n<li><a href=\"http:\/\/www.mapama.gob.es\/en\/red-parques-nacionales\/nuestros-parques\/taburiente\/guia-visitante\/centros.aspx#para2\" target=\"_blank\" rel=\"noopener noreferrer\">Roque de los Muchachos<\/a> (neben dem Informationsb\u00fcro).<\/li>\n<li class=\"li1\"><a href=\"http:\/\/www.senderosdelapalma.es\/de\/rastplaetze\/refugio-el-pilar\/\" target=\"_blank\" rel=\"noopener noreferrer\">Rastplatz El Pilar.<\/a><\/li>\n<li class=\"li1\"><a href=\"http:\/\/www.senderosdelapalma.es\/de\/schutzhutten\/punta-de-los-roques\/\" target=\"_blank\" rel=\"noopener noreferrer\">Bergh\u00fctte Punta de Los Roques<\/a> (Trinkwasseraufbereitung<span class=\"Apple-converted-space\">\u00a0 <\/span>mit chemischen Mitteln)<\/li>\n<li class=\"li1\"><a href=\"http:\/\/www.senderosdelapalma.es\/de\/rastplaetze\/fuente-los-roques\/\" target=\"_blank\" rel=\"noopener noreferrer\">Rastplatz Fuente de Los Roques<\/a> (Fuencaliente).<\/li>\n<\/ol>\n<p>[\/vc_column_text][\/vc_accordion_tab][vc_accordion_tab title=&#8220;<b>Wo darf ich auf dem GR 130 \u00fcbernachten?<\/b>&#8220; title_tag=&#8220;h5&#8243;][vc_column_text]<\/p>\n<p>Der Wanderweg GR 130 ist ein Rundweg der sich wie ein Ring rund um die ganze Insel zieht. Er verbindet die wichtigsten Ortschaften miteinander. <a href=\"http:\/\/www.visitlapalma.es\/de\/informacion-practica\/\" target=\"_blank\" rel=\"noopener noreferrer\">Es ist m\u00f6glich viele Unterkunftsm\u00f6glichkeiten zu finden<\/a> (Appartments, Ferienh\u00e4user, Hotels und <a href=\"http:\/\/www.senderosdelapalma.es\/uso-publico\/albergues\/\" target=\"_blank\" rel=\"noopener noreferrer\">Bergh\u00fctte<\/a>)<\/p>\n<p class=\"p1\">Im Norden (zwischen San Andr\u00e9s y Sauces und Tazacorte) finden Sie meistens Ferienh\u00e4user und Zeltpl\u00e4tze. Weiteres Info zum Thema \u201cSchlafen auf La Palma\u201d finden <a href=\"http:\/\/www.visitlapalma.es\/de\/informacion-practica\/\" target=\"_blank\" rel=\"noopener noreferrer\">Sie hier<\/a><\/p>\n<p class=\"p2\">Eine weitere M\u00f6glichkeit ist Freizelten.<span class=\"Apple-converted-space\">\u00a0 <\/span><em>Bitte lesen Sie Frage Nummer 7: Darf ich auf La Palma frei<span class=\"Apple-converted-space\">\u00a0 <\/span>zelten?<\/em><\/p>\n<p>[\/vc_column_text][\/vc_accordion_tab][vc_accordion_tab title=&#8220;<b>Wo bekomme ich die Genehmigung zum Zelten her?<\/b>&#8220; title_tag=&#8220;h5&#8243;][vc_column_text]<\/p>\n<p style=\"text-align: justify;\">Servicio de Medio Ambiente. Cabildo Insular de La Palma.<br \/>\nAvda. de Los Indianos, 20, 2\u00aa Planta. Santa Cruz de La Palma. La Palma.<br \/>\nTelefon: 00 34 922 423 100 (ext. 6820).<br \/>\n<strong><a href=\"mailto:medio.ambiente@cablapalma.es\">medio.ambiente@cablapalma.es<br \/>\n<\/a><\/strong><\/p>\n<p class=\"p1\"><strong>\u00d6ffnungszeiten:<\/strong> Montags bis freitags 8.00-13.00.\u00a0Samstags und Sonntags geschlossen.<\/p>\n<p>[\/vc_column_text][\/vc_accordion_tab][vc_accordion_tab title=&#8220;<b>Darf ich auf La Palma frei zelten?<\/b>&#8220; title_tag=&#8220;h5&#8243;][vc_column_text]<\/p>\n<p class=\"p1\"><span class=\"s1\">Darauf m\u00fcssen Sie unbedingt achten<\/span>!<\/p>\n<ol>\n<li class=\"li1\">Wildcampen ist nur erlaubt wenn Sie eine mehrt\u00e4gige Wanderung machen wollen.<\/li>\n<li class=\"li1\">Aufbauen eines Zeltens ist nur zwischen Sonnenuntergang und \u2013aufgang erlaubt<\/li>\n<li class=\"li1\">Wildcampen auf La Palma ist nur f\u00fcr Experten empfohlen. Bitte tragen Sie geeinete Kleidung und Schuhwerk denn Temperaturschwankungen in der Nacht k\u00f6nnen ganz normal sein.<\/li>\n<li class=\"li1\">Sie brauchen eine Genehmigung der Unidad de Mediambiente. 10 Tage vor dem Zelten m\u00fcssen Sie sie anfragen. Dazu m\u00fcssen Sie das folgende Info klarmachen: Route und Pl\u00e4tze wo Sie frei zelten wollen<\/li>\n<li class=\"li1\">Machen Sie kein Feuer.<\/li>\n<li class=\"li1\">Sammeln oder besch\u00e4digen Sie keine Pflanzen oder f\u00e4llen Sie kein Baum<\/li>\n<li class=\"li1\">Sammeln oder besch\u00e4digen Sie keine Tier<\/li>\n<li class=\"li2\">Es ist total verboten, irgendeine Produkt oder Substanz oder Material im Wasser zu werfen<\/li>\n<li class=\"li3\">Nehmen Sie Ihren M\u00fcll wieder mit<\/li>\n<li class=\"li3\">Sie haften f\u00fcr die Sch\u00e4den die Sie direkt oder indirekt verursachen.<span class=\"Apple-converted-space\">\u00a0 <\/span>Sie werden laut den spanischen Regeln bestrafft werden<\/li>\n<\/ol>\n<p><span class=\"s1\">[\/vc_column_text][\/vc_accordion_tab][vc_accordion_tab title=&#8220;<b>F\u00e4hrt ein Bus nach Roque de los Muchachos, Los Tilos, Marcos y Corderos oder Refugio de El Pilar?<\/b>&#8220; title_tag=&#8220;h5&#8243;][vc_column_text]<\/span><\/p>\n<p class=\"p1\">Leider nicht. Sie m\u00fcssen mit Ihrem eigenen Auto dort fahren oder mit einem Taxi.<\/p>\n<p>[\/vc_column_text][\/vc_accordion_tab][vc_accordion_tab title=&#8220;<strong>Wo und wie bekomme ich die Genehmigung um im Nationalpark Caldera de Taburiente zu \u00fcbernachten?<\/strong>&#8220; title_tag=&#8220;h5&#8243;][vc_column_text]<\/p>\n<p>Entweder online oder in:<\/p>\n<p><strong>Parque Nacional Caldera de Taburiente.\u00a0<\/strong><\/p>\n<p>Ctra. General Padr\u00f3n, n\u00ba 47<\/p>\n<p>38750 EL PASO Santa Cruz de Tenerife.\u00a0ESPA\u00d1A<\/p>\n<p>Telefon: 0034 922 922 280.\u00a0Fax: 0034\u00a0922 497 081<\/p>\n<p>Email:infcalde.cmayot@gobiernodecanarias.org<\/p>\n<p><a href=\"https:\/\/www.reservasparquesnacionales.es\/real\/parquesnac\/usu\/html\/inicio-reserva-oapn.aspx?ii=6ENG&amp;cen=4&amp;act=%201\" target=\"_blank\" rel=\"noopener noreferrer\">Booking Online<\/a><\/p>\n<p>[\/vc_column_text][\/vc_accordion_tab][vc_accordion_tab title=&#8220;<strong>Wie erreiche ich den Nationalpark Caldera de Taburiente?<\/strong>&#8220; title_tag=&#8220;h5&#8243;][vc_column_text]<\/p>\n<p class=\"p1\">Sie haben verchiedene M\u00f6glichkeiten. Weiteres Info finden <a href=\"https:\/\/www.reservasparquesnacionales.es\/real\/parquesnac\/usu\/html\/listado-actividades-oapn.aspx?ii=8DEU&amp;cen=4\" target=\"_blank\" rel=\"noopener noreferrer\">Sie hier.<\/a><\/p>\n<p>[\/vc_column_text][\/vc_accordion_tab][vc_accordion_tab title=&#8220;<strong>Wie kann ich den Aussichtspunkt Brecitos und Casa del Monte erreichen? Wo finde ich Taxis 4&#215;4?<\/strong>&#8220; title_tag=&#8220;h5&#8243;][vc_column_text]<\/p>\n<p class=\"p1\">Sie brauchen unbedingt ein Taxi 4x 4. Weiteres Infor bekommen <a href=\"http:\/\/www.senderosdelapalma.es\/taxis-para-senderistas\/\" target=\"_blank\" rel=\"noopener noreferrer\">Sie hier<\/a><\/p>\n<p>[\/vc_column_text][\/vc_accordion_tab][vc_accordion_tab title=&#8220;<strong>Gibt es pr\u00edvate Unternehmen die gef\u00fchrten Touren anbieten?<\/strong>&#8220; title_tag=&#8220;h5&#8243;][vc_column_text]<\/p>\n<p class=\"p1\">Ja, klar. Weitere Informationen bekommen <a href=\"http:\/\/www.visitlapalma.es\/de\/?s=Aktivit%C3%A4ten&amp;buscar=Buscar&amp;lang=de\" target=\"_blank\" rel=\"noopener noreferrer\">Sie hier<\/a><\/p>\n<p>[\/vc_column_text][\/vc_accordion_tab][\/vc_accordion][vc_separator type=&#8220;transparent&#8220; up=&#8220;40&#8243;][\/vc_column][\/vc_row]<\/p>\n<\/section>","protected":false},"excerpt":{"rendered":"<p>[vc_row type=&#8220;grid&#8220; css=&#8220;.vc_custom_1429105929997{margin-top: 50px !important;}&#8220;][vc_column][vc_separator type=&#8220;transparent&#8220; up=&#8220;40&#8243;][vc_accordion][vc_accordion_tab title=&#8220;Welche Begh\u00fctte finde ich auf La Palma?&#8220; title_tag=&#8220;h5&#8243;][vc_column_text] La Palma bietet Ihnen die folgenden Zeltenpl\u00e4tze und Begh\u00fctte an. Bitte, informieren Sie sich \u00fcber ihre Einrichtungen. [\/vc_column_text][\/vc_accordion_tab][vc_accordion_tab title=&#8220;Ich m\u00f6chte die mehrt\u00e4gige Wanderung GR 131, wo kann ich schlafen?&#8220; title_tag=&#8220;h5&#8243;][vc_column_text]&#8230;<\/p>\n","protected":false},"author":1,"featured_media":0,"parent":0,"menu_order":0,"comment_status":"open","ping_status":"open","template":"full_width.php","meta":[],"yoast_head":"<!-- This site is optimized with the Yoast SEO plugin v21.0 - https:\/\/yoast.com\/wordpress\/plugins\/seo\/ -->\n<title>Faq&#039;s - Red de Senderos de La Palma<\/title>\n<meta name=\"robots\" content=\"index, follow, max-snippet:-1, max-image-preview:large, max-video-preview:-1\" \/>\n<link rel=\"canonical\" href=\"https:\/\/www.senderosdelapalma.es\/de\/faqs\/\" \/>\n<meta property=\"og:locale\" content=\"de_DE\" \/>\n<meta property=\"og:type\" content=\"article\" \/>\n<meta property=\"og:title\" content=\"Faq&#039;s - Red de Senderos de La Palma\" \/>\n<meta property=\"og:description\" content=\"[vc_row type=&#8220;grid&#8220; css=&#8220;.vc_custom_1429105929997{margin-top: 50px !important;}&#8220;][vc_column][vc_separator type=&#8220;transparent&#8220; up=&#8220;40&#8243;][vc_accordion][vc_accordion_tab title=&#8220;Welche Begh\u00fctte finde ich auf La Palma?&#8220; title_tag=&#8220;h5&#8243;][vc_column_text] La Palma bietet Ihnen die folgenden Zeltenpl\u00e4tze und Begh\u00fctte an. Bitte, informieren Sie sich \u00fcber ihre Einrichtungen. [\/vc_column_text][\/vc_accordion_tab][vc_accordion_tab title=&#8220;Ich m\u00f6chte die mehrt\u00e4gige Wanderung GR 131, wo kann ich schlafen?&#8220; title_tag=&#8220;h5&#8243;][vc_column_text]...\" \/>\n<meta property=\"og:url\" content=\"https:\/\/www.senderosdelapalma.es\/de\/faqs\/\" \/>\n<meta property=\"og:site_name\" content=\"Red de Senderos de La Palma\" \/>\n<meta property=\"article:publisher\" content=\"https:\/\/www.facebook.com\/senderoslapalma\" \/>\n<meta property=\"article:modified_time\" content=\"2020-08-20T17:21:07+00:00\" \/>\n<meta property=\"og:image\" content=\"https:\/\/www.senderosdelapalma.es\/wp-content\/uploads\/2014\/12\/redsenderosdelapalma_01.jpg\" \/>\n\t<meta property=\"og:image:width\" content=\"1920\" \/>\n\t<meta property=\"og:image:height\" content=\"1084\" \/>\n\t<meta property=\"og:image:type\" content=\"image\/jpeg\" \/>\n<meta name=\"twitter:card\" content=\"summary_large_image\" \/>\n<meta name=\"twitter:site\" content=\"@SenderosdeLaPal\" \/>\n<meta name=\"twitter:label1\" content=\"Gesch\u00e4tzte Lesezeit\" \/>\n\t<meta name=\"twitter:data1\" content=\"4\u00a0Minuten\" \/>\n<script type=\"application\/ld+json\" class=\"yoast-schema-graph\">{\"@context\":\"https:\/\/schema.org\",\"@graph\":[{\"@type\":\"WebPage\",\"@id\":\"https:\/\/www.senderosdelapalma.es\/de\/faqs\/\",\"url\":\"https:\/\/www.senderosdelapalma.es\/de\/faqs\/\",\"name\":\"Faq's - Red de Senderos de La Palma\",\"isPartOf\":{\"@id\":\"https:\/\/www.senderosdelapalma.es\/#website\"},\"datePublished\":\"2015-04-15T13:44:40+00:00\",\"dateModified\":\"2020-08-20T17:21:07+00:00\",\"breadcrumb\":{\"@id\":\"https:\/\/www.senderosdelapalma.es\/de\/faqs\/#breadcrumb\"},\"inLanguage\":\"de\",\"potentialAction\":[{\"@type\":\"ReadAction\",\"target\":[\"https:\/\/www.senderosdelapalma.es\/de\/faqs\/\"]}]},{\"@type\":\"BreadcrumbList\",\"@id\":\"https:\/\/www.senderosdelapalma.es\/de\/faqs\/#breadcrumb\",\"itemListElement\":[{\"@type\":\"ListItem\",\"position\":1,\"name\":\"Portada\",\"item\":\"https:\/\/www.senderosdelapalma.es\/de\/\"},{\"@type\":\"ListItem\",\"position\":2,\"name\":\"Faq&#8217;s\"}]},{\"@type\":\"WebSite\",\"@id\":\"https:\/\/www.senderosdelapalma.es\/#website\",\"url\":\"https:\/\/www.senderosdelapalma.es\/\",\"name\":\"Red de Senderos de La Palma\",\"description\":\"La Palma, la isla de los senderistas. Una enorme variedad de climas, relieves y paisajes te est\u00e1n esperando.  \",\"publisher\":{\"@id\":\"https:\/\/www.senderosdelapalma.es\/#organization\"},\"potentialAction\":[{\"@type\":\"SearchAction\",\"target\":{\"@type\":\"EntryPoint\",\"urlTemplate\":\"https:\/\/www.senderosdelapalma.es\/?s={search_term_string}\"},\"query-input\":\"required name=search_term_string\"}],\"inLanguage\":\"de\"},{\"@type\":\"Organization\",\"@id\":\"https:\/\/www.senderosdelapalma.es\/#organization\",\"name\":\"Red de Senderos de La Palma\",\"url\":\"https:\/\/www.senderosdelapalma.es\/\",\"logo\":{\"@type\":\"ImageObject\",\"inLanguage\":\"de\",\"@id\":\"https:\/\/www.senderosdelapalma.es\/#\/schema\/logo\/image\/\",\"url\":\"https:\/\/www.senderosdelapalma.es\/wp-content\/uploads\/2015\/06\/cabildo_la_palma-01.png\",\"contentUrl\":\"https:\/\/www.senderosdelapalma.es\/wp-content\/uploads\/2015\/06\/cabildo_la_palma-01.png\",\"width\":3508,\"height\":2479,\"caption\":\"Red de Senderos de La Palma\"},\"image\":{\"@id\":\"https:\/\/www.senderosdelapalma.es\/#\/schema\/logo\/image\/\"},\"sameAs\":[\"https:\/\/www.facebook.com\/senderoslapalma\",\"https:\/\/twitter.com\/SenderosdeLaPal\",\"https:\/\/www.instagram.com\/senderosdelapalma\/\",\"https:\/\/www.pinterest.es\/senderoslp\/\"]}]}<\/script>\n<!-- \/ Yoast SEO plugin. -->","yoast_head_json":{"title":"Faq's - Red de Senderos de La Palma","robots":{"index":"index","follow":"follow","max-snippet":"max-snippet:-1","max-image-preview":"max-image-preview:large","max-video-preview":"max-video-preview:-1"},"canonical":"https:\/\/www.senderosdelapalma.es\/de\/faqs\/","og_locale":"de_DE","og_type":"article","og_title":"Faq's - Red de Senderos de La Palma","og_description":"[vc_row type=&#8220;grid&#8220; css=&#8220;.vc_custom_1429105929997{margin-top: 50px !important;}&#8220;][vc_column][vc_separator type=&#8220;transparent&#8220; up=&#8220;40&#8243;][vc_accordion][vc_accordion_tab title=&#8220;Welche Begh\u00fctte finde ich auf La Palma?&#8220; title_tag=&#8220;h5&#8243;][vc_column_text] La Palma bietet Ihnen die folgenden Zeltenpl\u00e4tze und Begh\u00fctte an. Bitte, informieren Sie sich \u00fcber ihre Einrichtungen. [\/vc_column_text][\/vc_accordion_tab][vc_accordion_tab title=&#8220;Ich m\u00f6chte die mehrt\u00e4gige Wanderung GR 131, wo kann ich schlafen?&#8220; title_tag=&#8220;h5&#8243;][vc_column_text]...","og_url":"https:\/\/www.senderosdelapalma.es\/de\/faqs\/","og_site_name":"Red de Senderos de La Palma","article_publisher":"https:\/\/www.facebook.com\/senderoslapalma","article_modified_time":"2020-08-20T17:21:07+00:00","og_image":[{"width":1920,"height":1084,"url":"https:\/\/www.senderosdelapalma.es\/wp-content\/uploads\/2014\/12\/redsenderosdelapalma_01.jpg","type":"image\/jpeg"}],"twitter_card":"summary_large_image","twitter_site":"@SenderosdeLaPal","twitter_misc":{"Gesch\u00e4tzte Lesezeit":"4\u00a0Minuten"},"schema":{"@context":"https:\/\/schema.org","@graph":[{"@type":"WebPage","@id":"https:\/\/www.senderosdelapalma.es\/de\/faqs\/","url":"https:\/\/www.senderosdelapalma.es\/de\/faqs\/","name":"Faq's - Red de Senderos de La Palma","isPartOf":{"@id":"https:\/\/www.senderosdelapalma.es\/#website"},"datePublished":"2015-04-15T13:44:40+00:00","dateModified":"2020-08-20T17:21:07+00:00","breadcrumb":{"@id":"https:\/\/www.senderosdelapalma.es\/de\/faqs\/#breadcrumb"},"inLanguage":"de","potentialAction":[{"@type":"ReadAction","target":["https:\/\/www.senderosdelapalma.es\/de\/faqs\/"]}]},{"@type":"BreadcrumbList","@id":"https:\/\/www.senderosdelapalma.es\/de\/faqs\/#breadcrumb","itemListElement":[{"@type":"ListItem","position":1,"name":"Portada","item":"https:\/\/www.senderosdelapalma.es\/de\/"},{"@type":"ListItem","position":2,"name":"Faq&#8217;s"}]},{"@type":"WebSite","@id":"https:\/\/www.senderosdelapalma.es\/#website","url":"https:\/\/www.senderosdelapalma.es\/","name":"Red de Senderos de La Palma","description":"La Palma, la isla de los senderistas. Una enorme variedad de climas, relieves y paisajes te est\u00e1n esperando.  ","publisher":{"@id":"https:\/\/www.senderosdelapalma.es\/#organization"},"potentialAction":[{"@type":"SearchAction","target":{"@type":"EntryPoint","urlTemplate":"https:\/\/www.senderosdelapalma.es\/?s={search_term_string}"},"query-input":"required name=search_term_string"}],"inLanguage":"de"},{"@type":"Organization","@id":"https:\/\/www.senderosdelapalma.es\/#organization","name":"Red de Senderos de La Palma","url":"https:\/\/www.senderosdelapalma.es\/","logo":{"@type":"ImageObject","inLanguage":"de","@id":"https:\/\/www.senderosdelapalma.es\/#\/schema\/logo\/image\/","url":"https:\/\/www.senderosdelapalma.es\/wp-content\/uploads\/2015\/06\/cabildo_la_palma-01.png","contentUrl":"https:\/\/www.senderosdelapalma.es\/wp-content\/uploads\/2015\/06\/cabildo_la_palma-01.png","width":3508,"height":2479,"caption":"Red de Senderos de La Palma"},"image":{"@id":"https:\/\/www.senderosdelapalma.es\/#\/schema\/logo\/image\/"},"sameAs":["https:\/\/www.facebook.com\/senderoslapalma","https:\/\/twitter.com\/SenderosdeLaPal","https:\/\/www.instagram.com\/senderosdelapalma\/","https:\/\/www.pinterest.es\/senderoslp\/"]}]}},"_links":{"self":[{"href":"https:\/\/www.senderosdelapalma.es\/de\/wp-json\/wp\/v2\/pages\/20967\/"}],"collection":[{"href":"https:\/\/www.senderosdelapalma.es\/de\/wp-json\/wp\/v2\/pages\/"}],"about":[{"href":"https:\/\/www.senderosdelapalma.es\/de\/wp-json\/wp\/v2\/types\/page\/"}],"author":[{"embeddable":true,"href":"https:\/\/www.senderosdelapalma.es\/de\/wp-json\/wp\/v2\/users\/1\/"}],"replies":[{"embeddable":true,"href":"https:\/\/www.senderosdelapalma.es\/de\/wp-json\/wp\/v2\/comments\/?post=20967"}],"version-history":[{"count":0,"href":"https:\/\/www.senderosdelapalma.es\/de\/wp-json\/wp\/v2\/pages\/20967\/revisions\/"}],"wp:attachment":[{"href":"https:\/\/www.senderosdelapalma.es\/de\/wp-json\/wp\/v2\/media\/?parent=20967"}],"curies":[{"name":"wp","href":"https:\/\/api.w.org\/{rel}","templated":true}]}}