{"id":19368,"date":"2015-05-25T13:52:26","date_gmt":"2015-05-25T13:52:26","guid":{"rendered":"http:\/\/www.senderosdelapalma.es\/?page_id=19368"},"modified":"2020-08-20T17:21:10","modified_gmt":"2020-08-20T17:21:10","slug":"mtb-el-pilar","status":"publish","type":"page","link":"https:\/\/www.senderosdelapalma.es\/de\/mountainbikes\/mtb-el-pilar\/","title":{"rendered":"MTB El Pilar"},"content":{"rendered":"<section class=\"wpb-content-wrapper\"><p style=\"text-align: justify;\">[vc_row row_type=&#8220;row&#8220; type=&#8220;grid&#8220; text_align=&#8220;left&#8220; background_image_as_pattern=&#8220;without_pattern&#8220; padding_top=&#8220;60&#8243; padding_bottom=&#8220;40&#8243;][vc_column width=&#8220;2\/3&#8243;][vc_column_text]<\/p>\n<p class=\"p1\" style=\"text-align: justify;\">Das Erholungsgebiet von El Pilar ist ein multifunktionaler Bereich, der u.a. Wanderern und Radfahrern alle n\u00f6tigen Informationen rund um das Wegenetz f\u00fcr Wanderer und Mountainbiker zur Verf\u00fcgung stellt sowie Wissenswertes \u00fcber den Naturpark Cumbre Vieja und seine Sehensw\u00fcrdigkeiten bereit h\u00e4lt.<\/p>\n<p style=\"text-align: justify;\">[vc_separator type=&#8217;transparent&#8216; position=&#8217;center&#8216; color=&#8220; thickness=&#8220; up=&#8217;8&#8242; down=&#8217;8&#8242;]<\/p>\n<p class=\"p1\" style=\"text-align: justify;\">Das Erholungsgebiet von El Pilar ist mit zahlreichen Einrichtungen ausgestattet: Info-Auskunft, thematisch aufbereitetes Besucherzentrum, konditionierte Stellen zum Grillen, Tische, Campingbereich, Toiletten usw. Von diesem Erholungsgebiet starten verschiedene Wander- und Mountainbike-Touren.<\/p>\n<p style=\"text-align: justify;\">[vc_separator type=&#8217;transparent&#8216; position=&#8217;center&#8216; color=&#8220; thickness=&#8220; up=&#8217;18&#8216; down=&#8217;8&#8242;]<\/p>\n<p style=\"text-align: justify;\"><a href=\"http:\/\/www.senderosdelapalma.es\/de\/rastplaetze\/refugio-el-pilar\/\" target=\"_self\"  class=\"qbutton  medium\" style=\"\">Erholungsgebiet El Pilar<\/a><\/p>\n<p style=\"text-align: justify;\">[vc_separator type=&#8217;transparent&#8216; position=&#8217;center&#8216; color=&#8220; thickness=&#8220; up=&#8217;28&#8216; down=&#8217;28&#8216;]<\/p>\n<h3 style=\"text-align: justify;\">Der MTB\/BTT-Bereich:<\/h3>\n<p class=\"p1\" style=\"text-align: justify;\">Das Erholungsgebiet von <strong>El Pilar<\/strong> beherbergt einen besonderen Bereich f\u00fcr Mountainbikes, wo das Rad geparkt und Information \u00fcber die Strecken eingeholt werden kann. <strong>Zur Zeit starten von hier 7 verschiedene Routen BTT<\/strong>, die zusammen eine Streckenl\u00e4nge von rund 100 km erreichen.<\/p>\n<p style=\"text-align: justify;\">[\/vc_column_text][\/vc_column][vc_column width=&#8220;1\/3&#8243;][vc_single_image image=&#8220;19363&#8243; border_color=&#8220;grey&#8220; img_link_target=&#8220;_self&#8220; img_size=&#8220;full&#8220;][\/vc_column][\/vc_row]<\/p>\n<\/section>","protected":false},"excerpt":{"rendered":"<p>[vc_row row_type=&#8220;row&#8220; type=&#8220;grid&#8220; text_align=&#8220;left&#8220; background_image_as_pattern=&#8220;without_pattern&#8220; padding_top=&#8220;60&#8243; padding_bottom=&#8220;40&#8243;][vc_column width=&#8220;2\/3&#8243;][vc_column_text] Das Erholungsgebiet von El Pilar ist ein multifunktionaler Bereich, der u.a. Wanderern und Radfahrern alle n\u00f6tigen Informationen rund um das Wegenetz f\u00fcr Wanderer und Mountainbiker zur Verf\u00fcgung stellt sowie Wissenswertes \u00fcber den Naturpark Cumbre Vieja und seine&#8230;<\/p>\n","protected":false},"author":1,"featured_media":0,"parent":19699,"menu_order":0,"comment_status":"open","ping_status":"closed","template":"full_width.php","meta":[],"yoast_head":"<!-- This site is optimized with the Yoast SEO plugin v21.0 - https:\/\/yoast.com\/wordpress\/plugins\/seo\/ -->\n<title>MTB El Pilar - Red de Senderos de La Palma<\/title>\n<meta name=\"robots\" content=\"index, follow, max-snippet:-1, max-image-preview:large, max-video-preview:-1\" \/>\n<link rel=\"canonical\" href=\"https:\/\/www.senderosdelapalma.es\/de\/mountainbikes\/mtb-el-pilar\/\" \/>\n<meta property=\"og:locale\" content=\"de_DE\" \/>\n<meta property=\"og:type\" content=\"article\" \/>\n<meta property=\"og:title\" content=\"MTB El Pilar - Red de Senderos de La Palma\" \/>\n<meta property=\"og:description\" content=\"[vc_row row_type=&#8220;row&#8220; type=&#8220;grid&#8220; text_align=&#8220;left&#8220; background_image_as_pattern=&#8220;without_pattern&#8220; padding_top=&#8220;60&#8243; padding_bottom=&#8220;40&#8243;][vc_column width=&#8220;2\/3&#8243;][vc_column_text] Das Erholungsgebiet von El Pilar ist ein multifunktionaler Bereich, der u.a. Wanderern und Radfahrern alle n\u00f6tigen Informationen rund um das Wegenetz f\u00fcr Wanderer und Mountainbiker zur Verf\u00fcgung stellt sowie Wissenswertes \u00fcber den Naturpark Cumbre Vieja und seine...\" \/>\n<meta property=\"og:url\" content=\"https:\/\/www.senderosdelapalma.es\/de\/mountainbikes\/mtb-el-pilar\/\" \/>\n<meta property=\"og:site_name\" content=\"Red de Senderos de La Palma\" \/>\n<meta property=\"article:publisher\" content=\"https:\/\/www.facebook.com\/senderoslapalma\" \/>\n<meta property=\"article:modified_time\" content=\"2020-08-20T17:21:10+00:00\" \/>\n<meta property=\"og:image\" content=\"https:\/\/www.senderosdelapalma.es\/wp-content\/uploads\/2014\/12\/redsenderosdelapalma_01.jpg\" \/>\n\t<meta property=\"og:image:width\" content=\"1920\" \/>\n\t<meta property=\"og:image:height\" content=\"1084\" \/>\n\t<meta property=\"og:image:type\" content=\"image\/jpeg\" \/>\n<meta name=\"twitter:card\" content=\"summary_large_image\" \/>\n<meta name=\"twitter:site\" content=\"@SenderosdeLaPal\" \/>\n<meta name=\"twitter:label1\" content=\"Gesch\u00e4tzte Lesezeit\" \/>\n\t<meta name=\"twitter:data1\" content=\"1\u00a0Minute\" \/>\n<script type=\"application\/ld+json\" class=\"yoast-schema-graph\">{\"@context\":\"https:\/\/schema.org\",\"@graph\":[{\"@type\":\"WebPage\",\"@id\":\"https:\/\/www.senderosdelapalma.es\/de\/mountainbikes\/mtb-el-pilar\/\",\"url\":\"https:\/\/www.senderosdelapalma.es\/de\/mountainbikes\/mtb-el-pilar\/\",\"name\":\"MTB El Pilar - Red de Senderos de La Palma\",\"isPartOf\":{\"@id\":\"https:\/\/www.senderosdelapalma.es\/#website\"},\"datePublished\":\"2015-05-25T13:52:26+00:00\",\"dateModified\":\"2020-08-20T17:21:10+00:00\",\"breadcrumb\":{\"@id\":\"https:\/\/www.senderosdelapalma.es\/de\/mountainbikes\/mtb-el-pilar\/#breadcrumb\"},\"inLanguage\":\"de\",\"potentialAction\":[{\"@type\":\"ReadAction\",\"target\":[\"https:\/\/www.senderosdelapalma.es\/de\/mountainbikes\/mtb-el-pilar\/\"]}]},{\"@type\":\"BreadcrumbList\",\"@id\":\"https:\/\/www.senderosdelapalma.es\/de\/mountainbikes\/mtb-el-pilar\/#breadcrumb\",\"itemListElement\":[{\"@type\":\"ListItem\",\"position\":1,\"name\":\"Portada\",\"item\":\"https:\/\/www.senderosdelapalma.es\/de\/\"},{\"@type\":\"ListItem\",\"position\":2,\"name\":\"Mountainbikes\",\"item\":\"https:\/\/www.senderosdelapalma.es\/de\/mountainbikes\/\"},{\"@type\":\"ListItem\",\"position\":3,\"name\":\"MTB El Pilar\"}]},{\"@type\":\"WebSite\",\"@id\":\"https:\/\/www.senderosdelapalma.es\/#website\",\"url\":\"https:\/\/www.senderosdelapalma.es\/\",\"name\":\"Red de Senderos de La Palma\",\"description\":\"La Palma, la isla de los senderistas. Una enorme variedad de climas, relieves y paisajes te est\u00e1n esperando.  \",\"publisher\":{\"@id\":\"https:\/\/www.senderosdelapalma.es\/#organization\"},\"potentialAction\":[{\"@type\":\"SearchAction\",\"target\":{\"@type\":\"EntryPoint\",\"urlTemplate\":\"https:\/\/www.senderosdelapalma.es\/?s={search_term_string}\"},\"query-input\":\"required name=search_term_string\"}],\"inLanguage\":\"de\"},{\"@type\":\"Organization\",\"@id\":\"https:\/\/www.senderosdelapalma.es\/#organization\",\"name\":\"Red de Senderos de La Palma\",\"url\":\"https:\/\/www.senderosdelapalma.es\/\",\"logo\":{\"@type\":\"ImageObject\",\"inLanguage\":\"de\",\"@id\":\"https:\/\/www.senderosdelapalma.es\/#\/schema\/logo\/image\/\",\"url\":\"https:\/\/www.senderosdelapalma.es\/wp-content\/uploads\/2015\/06\/cabildo_la_palma-01.png\",\"contentUrl\":\"https:\/\/www.senderosdelapalma.es\/wp-content\/uploads\/2015\/06\/cabildo_la_palma-01.png\",\"width\":3508,\"height\":2479,\"caption\":\"Red de Senderos de La Palma\"},\"image\":{\"@id\":\"https:\/\/www.senderosdelapalma.es\/#\/schema\/logo\/image\/\"},\"sameAs\":[\"https:\/\/www.facebook.com\/senderoslapalma\",\"https:\/\/twitter.com\/SenderosdeLaPal\",\"https:\/\/www.instagram.com\/senderosdelapalma\/\",\"https:\/\/www.pinterest.es\/senderoslp\/\"]}]}<\/script>\n<!-- \/ Yoast SEO plugin. -->","yoast_head_json":{"title":"MTB El Pilar - Red de Senderos de La Palma","robots":{"index":"index","follow":"follow","max-snippet":"max-snippet:-1","max-image-preview":"max-image-preview:large","max-video-preview":"max-video-preview:-1"},"canonical":"https:\/\/www.senderosdelapalma.es\/de\/mountainbikes\/mtb-el-pilar\/","og_locale":"de_DE","og_type":"article","og_title":"MTB El Pilar - Red de Senderos de La Palma","og_description":"[vc_row row_type=&#8220;row&#8220; type=&#8220;grid&#8220; text_align=&#8220;left&#8220; background_image_as_pattern=&#8220;without_pattern&#8220; padding_top=&#8220;60&#8243; padding_bottom=&#8220;40&#8243;][vc_column width=&#8220;2\/3&#8243;][vc_column_text] Das Erholungsgebiet von El Pilar ist ein multifunktionaler Bereich, der u.a. Wanderern und Radfahrern alle n\u00f6tigen Informationen rund um das Wegenetz f\u00fcr Wanderer und Mountainbiker zur Verf\u00fcgung stellt sowie Wissenswertes \u00fcber den Naturpark Cumbre Vieja und seine...","og_url":"https:\/\/www.senderosdelapalma.es\/de\/mountainbikes\/mtb-el-pilar\/","og_site_name":"Red de Senderos de La Palma","article_publisher":"https:\/\/www.facebook.com\/senderoslapalma","article_modified_time":"2020-08-20T17:21:10+00:00","og_image":[{"width":1920,"height":1084,"url":"https:\/\/www.senderosdelapalma.es\/wp-content\/uploads\/2014\/12\/redsenderosdelapalma_01.jpg","type":"image\/jpeg"}],"twitter_card":"summary_large_image","twitter_site":"@SenderosdeLaPal","twitter_misc":{"Gesch\u00e4tzte Lesezeit":"1\u00a0Minute"},"schema":{"@context":"https:\/\/schema.org","@graph":[{"@type":"WebPage","@id":"https:\/\/www.senderosdelapalma.es\/de\/mountainbikes\/mtb-el-pilar\/","url":"https:\/\/www.senderosdelapalma.es\/de\/mountainbikes\/mtb-el-pilar\/","name":"MTB El Pilar - Red de Senderos de La Palma","isPartOf":{"@id":"https:\/\/www.senderosdelapalma.es\/#website"},"datePublished":"2015-05-25T13:52:26+00:00","dateModified":"2020-08-20T17:21:10+00:00","breadcrumb":{"@id":"https:\/\/www.senderosdelapalma.es\/de\/mountainbikes\/mtb-el-pilar\/#breadcrumb"},"inLanguage":"de","potentialAction":[{"@type":"ReadAction","target":["https:\/\/www.senderosdelapalma.es\/de\/mountainbikes\/mtb-el-pilar\/"]}]},{"@type":"BreadcrumbList","@id":"https:\/\/www.senderosdelapalma.es\/de\/mountainbikes\/mtb-el-pilar\/#breadcrumb","itemListElement":[{"@type":"ListItem","position":1,"name":"Portada","item":"https:\/\/www.senderosdelapalma.es\/de\/"},{"@type":"ListItem","position":2,"name":"Mountainbikes","item":"https:\/\/www.senderosdelapalma.es\/de\/mountainbikes\/"},{"@type":"ListItem","position":3,"name":"MTB El Pilar"}]},{"@type":"WebSite","@id":"https:\/\/www.senderosdelapalma.es\/#website","url":"https:\/\/www.senderosdelapalma.es\/","name":"Red de Senderos de La Palma","description":"La Palma, la isla de los senderistas. Una enorme variedad de climas, relieves y paisajes te est\u00e1n esperando.  ","publisher":{"@id":"https:\/\/www.senderosdelapalma.es\/#organization"},"potentialAction":[{"@type":"SearchAction","target":{"@type":"EntryPoint","urlTemplate":"https:\/\/www.senderosdelapalma.es\/?s={search_term_string}"},"query-input":"required name=search_term_string"}],"inLanguage":"de"},{"@type":"Organization","@id":"https:\/\/www.senderosdelapalma.es\/#organization","name":"Red de Senderos de La Palma","url":"https:\/\/www.senderosdelapalma.es\/","logo":{"@type":"ImageObject","inLanguage":"de","@id":"https:\/\/www.senderosdelapalma.es\/#\/schema\/logo\/image\/","url":"https:\/\/www.senderosdelapalma.es\/wp-content\/uploads\/2015\/06\/cabildo_la_palma-01.png","contentUrl":"https:\/\/www.senderosdelapalma.es\/wp-content\/uploads\/2015\/06\/cabildo_la_palma-01.png","width":3508,"height":2479,"caption":"Red de Senderos de La Palma"},"image":{"@id":"https:\/\/www.senderosdelapalma.es\/#\/schema\/logo\/image\/"},"sameAs":["https:\/\/www.facebook.com\/senderoslapalma","https:\/\/twitter.com\/SenderosdeLaPal","https:\/\/www.instagram.com\/senderosdelapalma\/","https:\/\/www.pinterest.es\/senderoslp\/"]}]}},"_links":{"self":[{"href":"https:\/\/www.senderosdelapalma.es\/de\/wp-json\/wp\/v2\/pages\/19368\/"}],"collection":[{"href":"https:\/\/www.senderosdelapalma.es\/de\/wp-json\/wp\/v2\/pages\/"}],"about":[{"href":"https:\/\/www.senderosdelapalma.es\/de\/wp-json\/wp\/v2\/types\/page\/"}],"author":[{"embeddable":true,"href":"https:\/\/www.senderosdelapalma.es\/de\/wp-json\/wp\/v2\/users\/1\/"}],"replies":[{"embeddable":true,"href":"https:\/\/www.senderosdelapalma.es\/de\/wp-json\/wp\/v2\/comments\/?post=19368"}],"version-history":[{"count":0,"href":"https:\/\/www.senderosdelapalma.es\/de\/wp-json\/wp\/v2\/pages\/19368\/revisions\/"}],"up":[{"embeddable":true,"href":"https:\/\/www.senderosdelapalma.es\/de\/wp-json\/wp\/v2\/pages\/19699\/"}],"wp:attachment":[{"href":"https:\/\/www.senderosdelapalma.es\/de\/wp-json\/wp\/v2\/media\/?parent=19368"}],"curies":[{"name":"wp","href":"https:\/\/api.w.org\/{rel}","templated":true}]}}