{"id":18988,"date":"2015-04-10T07:49:59","date_gmt":"2015-04-10T07:49:59","guid":{"rendered":"http:\/\/www.senderosdelapalma.es\/?page_id=18988"},"modified":"2025-04-01T10:57:39","modified_gmt":"2025-04-01T10:57:39","slug":"pr-lp-03-2-fuente-de-olen-casa-del-monte","status":"publish","type":"page","link":"https:\/\/www.senderosdelapalma.es\/de\/wanderwege-der-la-palma\/kleine-routen\/pr-lp-03-2-fuente-de-olen-casa-del-monte\/","title":{"rendered":"PR LP 03.2. Fuente de Ol\u00e9n &#8211; Casa del Monte"},"content":{"rendered":"<section class=\"wpb-content-wrapper\"><p>[vc_row type=&#8220;grid&#8220; text_align=&#8220;center&#8220; padding_top=&#8220;48&#8243; padding_bottom=&#8220;48&#8243;][vc_column][vc_column_text]<\/p>\n<h3 style=\"text-align: center;\">PR LP 03.2. FUENTE DE OL\u00c9N &#8211; CASA DEL MONTE<\/h3>\n<p>[\/vc_column_text][\/vc_column][\/vc_row][vc_row type=&#8220;grid&#8220;][vc_column width=&#8220;1\/2&#8243;][vc_separator type=&#8220;transparent&#8220; up=&#8220;10&#8243; down=&#8220;10&#8243;][vc_single_image image=&#8220;315&#8243; img_size=&#8220;full&#8220; alignment=&#8220;center&#8220; img_link_large=&#8220;yes&#8220;][vc_separator type=&#8220;transparent&#8220; up=&#8220;10&#8243; down=&#8220;20&#8243;][vc_column_text]<iframe loading=\"lazy\" src=\"https:\/\/www.google.com\/maps\/d\/embed?mid=1hFM9Dz9UxqYs8p32Wzkc2blVNt56rpk&amp;hl=es&amp;ehbc=2E312F\" width=\"100%\" height=\"361\"><\/iframe>[\/vc_column_text][vc_separator type=&#8220;transparent&#8220; up=&#8220;10&#8243; down=&#8220;20&#8243;]<a href=\"http:\/\/www.senderosdelapalma.es\/wp-content\/uploads\/gpx\/PRLP0320.rar\" target=\"_blank\" data-hover-background-color=#4aa946 data-hover-border-color=#4aa946 data-hover-color=#ffffff class=\"qbutton  small center\" style=\"color: #ffffff; border-color: #000000; font-style: normal; font-weight: 500; margin: 3px 5px 3px 5px; background-color: #000000;\">Entladung<i class=\"fa fa-download\" style=\"color: #ffffff;\"><\/i><\/a><a href=\"https:\/\/www.senderosdelapalma.es\/mapa-visor-senderos\/\" target=\"_blank\" data-hover-background-color=#4aa946 data-hover-border-color=#4aa946 data-hover-color=#ffffff class=\"qbutton  small center\" style=\"color: #ffffff; border-color: #000000; font-style: normal; font-weight: 500; margin: 3px 5px 3px 5px; background-color: #000000;\">Karte der Wanderwege<i class=\"fa fa-download\" style=\"color: #ffffff;\"><\/i><\/a><a href=\"https:\/\/www.google.com\/maps\/d\/edit?mid=1hFM9Dz9UxqYs8p32Wzkc2blVNt56rpk&amp;usp=sharing\" target=\"_blank\" data-hover-background-color=#4aa946 data-hover-border-color=#4aa946 data-hover-color=#ffffff class=\"qbutton  small center\" style=\"color: #ffffff; border-color: #000000; font-style: normal; font-weight: 500; margin: 3px 5px 3px 5px; background-color: #000000;\">Google Map<i class=\"fa fa-download\" style=\"color: #ffffff;\"><\/i><\/a>[vc_separator type=&#8220;transparent&#8220; up=&#8220;10&#8243; down=&#8220;20&#8243;][\/vc_column][vc_column width=&#8220;1\/2&#8243;][vc_separator type=&#8220;transparent&#8220; up=&#8220;10&#8243; down=&#8220;20&#8243;][vc_column_text]<\/p>\n<ul>\n<li style=\"text-align: left;\"><strong>Beginn:<\/strong> Fuente de Ol\u00e9n<\/li>\n<li style=\"text-align: left;\"><strong>Ende:<\/strong> Casa del Monte<\/li>\n<li style=\"text-align: left;\"><strong>Schwierigkeitsgrad:<\/strong> Mittel.\u00a0Diese Wanderung f\u00fchrt durch absolut menschenleeres Gebiet, und sollte entsprechend vorbereitet werden. Daf\u00fcr ist der H\u00f6henunterschied, den es zu bew\u00e4ltigen gilt, bescheiden.<\/li>\n<li style=\"text-align: left;\"><strong>L\u00e4nge:<\/strong>\u00a09.7 km<\/li>\n<li style=\"text-align: left;\"><strong>Aufstieg insgesamt:<\/strong> 280 m<\/li>\n<li style=\"text-align: left;\"><strong>Abstieg insgesamt:<\/strong>\u00a0660 m<\/li>\n<li style=\"text-align: left;\"><strong>Ungef\u00e4hre Gehzeit (Hinweg):<\/strong> 02:45 Uhr<\/li>\n<li style=\"text-align: left;\"><strong>Ungef\u00e4hre Gehzeit (R\u00fcckweg):<\/strong>\u00a003:30 Uhr<\/li>\n<li style=\"text-align: left;\"><strong>Naturschutzgebiete:\u00a0<\/strong>Naturpark Las Nieves<\/li>\n<li style=\"text-align: left;\"><strong>Geeignete jahreszeit:<\/strong>\u00a0Das ganze Jahr durch. Vermeiden Sie Regentage.<\/li>\n<li style=\"text-align: left;\"><strong><strong>Anfahrt:\u00a0<\/strong><\/strong>Weder der Beginn noch das Ende dieser Wanderung wird durch einen Linienbus erschlossen. Fuente de Ol\u00e9n erreichen Sie mit einem Mietauto oder Taxi, bei der Casa del Monte aber m\u00fcssen Sie sich von einem 4&#215;4-Taxi abholen lassen oder auf dem PR LP 6 nach Los Sauces hinunter gehen (s. Empfehlungen).<\/li>\n<li style=\"text-align: left;\"><strong>Sicherheitstipps:<\/strong>\u00a0Auf die Gefahr hin, Sie zu langweilen, f\u00fchren wir die allgemeinen Sicherheitsvorkehrungen an, die immer und \u00fcberall und nicht nur auf La Palma gelten:\n<ul>\n<li style=\"text-align: justify;\">Studieren Sie, bevor Sie losgehen, den Wetterbericht.<\/li>\n<li style=\"text-align: justify;\">Wandern Sie immer in Begleitung, nie alleine.<\/li>\n<li style=\"text-align: justify;\">Informieren Sie jemanden \u00fcber die gew\u00e4hlte Route und den vorgesehenen Zeitpunkt Ihrer R\u00fcckkehr.<\/li>\n<li style=\"text-align: justify;\">Nehmen Sie einen Rucksack mit Kleidung, Regenschutz, Nahrungsmitteln und gen\u00fcgend Wasser mit.<\/li>\n<li style=\"text-align: justify;\">Vergessen Sie so einfache Dinge wie M\u00fctze, Sonnencreme und Sonnenbrille nicht.<\/li>\n<li style=\"text-align: justify;\">Nehmen Sie ein aufgeladenes Handy, eine Karte und wenn m\u00f6glich auch einen Kompass mit. Mit gr\u00f6\u00dfter Sicherheit werden Sie diese Dinge nicht brauchen, wenn sie jedoch n\u00f6tig sind, sollten sie da sein.<\/li>\n<li style=\"text-align: justify;\">Tragen Sie geeignete Kleidung und vor allem Schuhwerk: Wanderschuhe oder \u2013stiefel sind ein Muss, Turnschuhe ein Leichtsinn.<\/li>\n<\/ul>\n<\/li>\n<li style=\"text-align: left;\"><strong>Hinweise:<\/strong>\u00a0Diese einsame Route verlangt ein Minimum an Abenteuergeist. Fuente de Ol\u00e9n liegt an der Zufahrt zum Roque de los Muchachos und ist somit problemlos zu erreichen. Die Casa del Monte wird aber nur von einer 14 km langen Piste erschlossen. Von hier kommen Sie nur mit einem Gel\u00e4ndefahrzeug weg, es sei denn, Sie wollen weitere zwei Stunden nach Los Sauces hinunter wandern. Bitte ber\u00fccksichtigen Sie, dass Sie diese Wanderung unterwegs nicht abbrechen k\u00f6nnen und entweder zum Ausgangspunkt zur\u00fcckkehren oder zur Casa del Monte weitergehen m\u00fcssen.<\/li>\n<\/ul>\n<p>[\/vc_column_text][\/vc_column][\/vc_row][vc_row][vc_column][vc_separator type=&#8220;transparent&#8220; up=&#8220;20&#8243; down=&#8220;20&#8243;]<a href=\"http:\/\/www.senderosdelapalma.es\/de\/wanderwege-der-la-palma\/kleine-routen\" target=\"_self\"  class=\"qbutton \" style=\"\"><i class=\"fa fa-arrow-left\" style=\"\"><\/i><\/a>[vc_separator type=&#8220;transparent&#8220; up=&#8220;20&#8243; down=&#8220;20&#8243;][\/vc_column][\/vc_row]<\/p>\n<\/section>","protected":false},"excerpt":{"rendered":"<p>[vc_row type=&#8220;grid&#8220; text_align=&#8220;center&#8220; padding_top=&#8220;48&#8243; padding_bottom=&#8220;48&#8243;][vc_column][vc_column_text] PR LP 03.2. FUENTE DE OL\u00c9N &#8211; CASA DEL MONTE [\/vc_column_text][\/vc_column][\/vc_row][vc_row type=&#8220;grid&#8220;][vc_column width=&#8220;1\/2&#8243;][vc_separator type=&#8220;transparent&#8220; up=&#8220;10&#8243; down=&#8220;10&#8243;][vc_single_image image=&#8220;315&#8243; img_size=&#8220;full&#8220; alignment=&#8220;center&#8220; img_link_large=&#8220;yes&#8220;][vc_separator type=&#8220;transparent&#8220; up=&#8220;10&#8243; down=&#8220;20&#8243;][vc_column_text][\/vc_column_text][vc_separator type=&#8220;transparent&#8220; up=&#8220;10&#8243; down=&#8220;20&#8243;][vc_separator type=&#8220;transparent&#8220; up=&#8220;10&#8243; down=&#8220;20&#8243;][\/vc_column][vc_column width=&#8220;1\/2&#8243;][vc_separator type=&#8220;transparent&#8220; up=&#8220;10&#8243; down=&#8220;20&#8243;][vc_column_text] Beginn: Fuente de Ol\u00e9n Ende: Casa del&#8230;<\/p>\n","protected":false},"author":1,"featured_media":0,"parent":18039,"menu_order":0,"comment_status":"open","ping_status":"open","template":"","meta":[],"yoast_head":"<!-- This site is optimized with the Yoast SEO plugin v21.0 - https:\/\/yoast.com\/wordpress\/plugins\/seo\/ -->\n<title>PR LP 03.2. Fuente de Ol\u00e9n - Casa del Monte - Red de Senderos de La Palma<\/title>\n<meta name=\"robots\" content=\"index, follow, max-snippet:-1, max-image-preview:large, max-video-preview:-1\" \/>\n<link rel=\"canonical\" href=\"https:\/\/www.senderosdelapalma.es\/de\/wanderwege-der-la-palma\/kleine-routen\/pr-lp-03-2-fuente-de-olen-casa-del-monte\/\" \/>\n<meta property=\"og:locale\" content=\"de_DE\" \/>\n<meta property=\"og:type\" content=\"article\" \/>\n<meta property=\"og:title\" content=\"PR LP 03.2. Fuente de Ol\u00e9n - Casa del Monte - Red de Senderos de La Palma\" \/>\n<meta property=\"og:description\" content=\"[vc_row type=&#8220;grid&#8220; text_align=&#8220;center&#8220; padding_top=&#8220;48&#8243; padding_bottom=&#8220;48&#8243;][vc_column][vc_column_text] PR LP 03.2. FUENTE DE OL\u00c9N &#8211; CASA DEL MONTE [\/vc_column_text][\/vc_column][\/vc_row][vc_row type=&#8220;grid&#8220;][vc_column width=&#8220;1\/2&#8243;][vc_separator type=&#8220;transparent&#8220; up=&#8220;10&#8243; down=&#8220;10&#8243;][vc_single_image image=&#8220;315&#8243; img_size=&#8220;full&#8220; alignment=&#8220;center&#8220; img_link_large=&#8220;yes&#8220;][vc_separator type=&#8220;transparent&#8220; up=&#8220;10&#8243; down=&#8220;20&#8243;][vc_column_text][\/vc_column_text][vc_separator type=&#8220;transparent&#8220; up=&#8220;10&#8243; down=&#8220;20&#8243;][vc_separator type=&#8220;transparent&#8220; up=&#8220;10&#8243; down=&#8220;20&#8243;][\/vc_column][vc_column width=&#8220;1\/2&#8243;][vc_separator type=&#8220;transparent&#8220; up=&#8220;10&#8243; down=&#8220;20&#8243;][vc_column_text] Beginn: Fuente de Ol\u00e9n Ende: Casa del...\" \/>\n<meta property=\"og:url\" content=\"https:\/\/www.senderosdelapalma.es\/de\/wanderwege-der-la-palma\/kleine-routen\/pr-lp-03-2-fuente-de-olen-casa-del-monte\/\" \/>\n<meta property=\"og:site_name\" content=\"Red de Senderos de La Palma\" \/>\n<meta property=\"article:publisher\" content=\"https:\/\/www.facebook.com\/senderoslapalma\" \/>\n<meta property=\"article:modified_time\" content=\"2025-04-01T10:57:39+00:00\" \/>\n<meta property=\"og:image\" content=\"https:\/\/www.senderosdelapalma.es\/wp-content\/uploads\/2014\/12\/redsenderosdelapalma_01.jpg\" \/>\n\t<meta property=\"og:image:width\" content=\"1920\" \/>\n\t<meta property=\"og:image:height\" content=\"1084\" \/>\n\t<meta property=\"og:image:type\" content=\"image\/jpeg\" \/>\n<meta name=\"twitter:card\" content=\"summary_large_image\" \/>\n<meta name=\"twitter:site\" content=\"@SenderosdeLaPal\" \/>\n<meta name=\"twitter:label1\" content=\"Gesch\u00e4tzte Lesezeit\" \/>\n\t<meta name=\"twitter:data1\" content=\"2\u00a0Minuten\" \/>\n<script type=\"application\/ld+json\" class=\"yoast-schema-graph\">{\"@context\":\"https:\/\/schema.org\",\"@graph\":[{\"@type\":\"WebPage\",\"@id\":\"https:\/\/www.senderosdelapalma.es\/de\/wanderwege-der-la-palma\/kleine-routen\/pr-lp-03-2-fuente-de-olen-casa-del-monte\/\",\"url\":\"https:\/\/www.senderosdelapalma.es\/de\/wanderwege-der-la-palma\/kleine-routen\/pr-lp-03-2-fuente-de-olen-casa-del-monte\/\",\"name\":\"PR LP 03.2. Fuente de Ol\u00e9n - Casa del Monte - Red de Senderos de La Palma\",\"isPartOf\":{\"@id\":\"https:\/\/www.senderosdelapalma.es\/#website\"},\"datePublished\":\"2015-04-10T07:49:59+00:00\",\"dateModified\":\"2025-04-01T10:57:39+00:00\",\"breadcrumb\":{\"@id\":\"https:\/\/www.senderosdelapalma.es\/de\/wanderwege-der-la-palma\/kleine-routen\/pr-lp-03-2-fuente-de-olen-casa-del-monte\/#breadcrumb\"},\"inLanguage\":\"de\",\"potentialAction\":[{\"@type\":\"ReadAction\",\"target\":[\"https:\/\/www.senderosdelapalma.es\/de\/wanderwege-der-la-palma\/kleine-routen\/pr-lp-03-2-fuente-de-olen-casa-del-monte\/\"]}]},{\"@type\":\"BreadcrumbList\",\"@id\":\"https:\/\/www.senderosdelapalma.es\/de\/wanderwege-der-la-palma\/kleine-routen\/pr-lp-03-2-fuente-de-olen-casa-del-monte\/#breadcrumb\",\"itemListElement\":[{\"@type\":\"ListItem\",\"position\":1,\"name\":\"Portada\",\"item\":\"https:\/\/www.senderosdelapalma.es\/de\/\"},{\"@type\":\"ListItem\",\"position\":2,\"name\":\"Wanderwege der La Palma\",\"item\":\"https:\/\/www.senderosdelapalma.es\/de\/wanderwege-der-la-palma\/\"},{\"@type\":\"ListItem\",\"position\":3,\"name\":\"Kleine Routen\",\"item\":\"https:\/\/www.senderosdelapalma.es\/de\/wanderwege-der-la-palma\/kleine-routen\/\"},{\"@type\":\"ListItem\",\"position\":4,\"name\":\"PR LP 03.2. Fuente de Ol\u00e9n &#8211; Casa del Monte\"}]},{\"@type\":\"WebSite\",\"@id\":\"https:\/\/www.senderosdelapalma.es\/#website\",\"url\":\"https:\/\/www.senderosdelapalma.es\/\",\"name\":\"Red de Senderos de La Palma\",\"description\":\"La Palma, la isla de los senderistas. Una enorme variedad de climas, relieves y paisajes te est\u00e1n esperando.  \",\"publisher\":{\"@id\":\"https:\/\/www.senderosdelapalma.es\/#organization\"},\"potentialAction\":[{\"@type\":\"SearchAction\",\"target\":{\"@type\":\"EntryPoint\",\"urlTemplate\":\"https:\/\/www.senderosdelapalma.es\/?s={search_term_string}\"},\"query-input\":\"required name=search_term_string\"}],\"inLanguage\":\"de\"},{\"@type\":\"Organization\",\"@id\":\"https:\/\/www.senderosdelapalma.es\/#organization\",\"name\":\"Red de Senderos de La Palma\",\"url\":\"https:\/\/www.senderosdelapalma.es\/\",\"logo\":{\"@type\":\"ImageObject\",\"inLanguage\":\"de\",\"@id\":\"https:\/\/www.senderosdelapalma.es\/#\/schema\/logo\/image\/\",\"url\":\"https:\/\/www.senderosdelapalma.es\/wp-content\/uploads\/2015\/06\/cabildo_la_palma-01.png\",\"contentUrl\":\"https:\/\/www.senderosdelapalma.es\/wp-content\/uploads\/2015\/06\/cabildo_la_palma-01.png\",\"width\":3508,\"height\":2479,\"caption\":\"Red de Senderos de La Palma\"},\"image\":{\"@id\":\"https:\/\/www.senderosdelapalma.es\/#\/schema\/logo\/image\/\"},\"sameAs\":[\"https:\/\/www.facebook.com\/senderoslapalma\",\"https:\/\/twitter.com\/SenderosdeLaPal\",\"https:\/\/www.instagram.com\/senderosdelapalma\/\",\"https:\/\/www.pinterest.es\/senderoslp\/\"]}]}<\/script>\n<!-- \/ Yoast SEO plugin. -->","yoast_head_json":{"title":"PR LP 03.2. Fuente de Ol\u00e9n - Casa del Monte - Red de Senderos de La Palma","robots":{"index":"index","follow":"follow","max-snippet":"max-snippet:-1","max-image-preview":"max-image-preview:large","max-video-preview":"max-video-preview:-1"},"canonical":"https:\/\/www.senderosdelapalma.es\/de\/wanderwege-der-la-palma\/kleine-routen\/pr-lp-03-2-fuente-de-olen-casa-del-monte\/","og_locale":"de_DE","og_type":"article","og_title":"PR LP 03.2. Fuente de Ol\u00e9n - Casa del Monte - Red de Senderos de La Palma","og_description":"[vc_row type=&#8220;grid&#8220; text_align=&#8220;center&#8220; padding_top=&#8220;48&#8243; padding_bottom=&#8220;48&#8243;][vc_column][vc_column_text] PR LP 03.2. FUENTE DE OL\u00c9N &#8211; CASA DEL MONTE [\/vc_column_text][\/vc_column][\/vc_row][vc_row type=&#8220;grid&#8220;][vc_column width=&#8220;1\/2&#8243;][vc_separator type=&#8220;transparent&#8220; up=&#8220;10&#8243; down=&#8220;10&#8243;][vc_single_image image=&#8220;315&#8243; img_size=&#8220;full&#8220; alignment=&#8220;center&#8220; img_link_large=&#8220;yes&#8220;][vc_separator type=&#8220;transparent&#8220; up=&#8220;10&#8243; down=&#8220;20&#8243;][vc_column_text][\/vc_column_text][vc_separator type=&#8220;transparent&#8220; up=&#8220;10&#8243; down=&#8220;20&#8243;][vc_separator type=&#8220;transparent&#8220; up=&#8220;10&#8243; down=&#8220;20&#8243;][\/vc_column][vc_column width=&#8220;1\/2&#8243;][vc_separator type=&#8220;transparent&#8220; up=&#8220;10&#8243; down=&#8220;20&#8243;][vc_column_text] Beginn: Fuente de Ol\u00e9n Ende: Casa del...","og_url":"https:\/\/www.senderosdelapalma.es\/de\/wanderwege-der-la-palma\/kleine-routen\/pr-lp-03-2-fuente-de-olen-casa-del-monte\/","og_site_name":"Red de Senderos de La Palma","article_publisher":"https:\/\/www.facebook.com\/senderoslapalma","article_modified_time":"2025-04-01T10:57:39+00:00","og_image":[{"width":1920,"height":1084,"url":"https:\/\/www.senderosdelapalma.es\/wp-content\/uploads\/2014\/12\/redsenderosdelapalma_01.jpg","type":"image\/jpeg"}],"twitter_card":"summary_large_image","twitter_site":"@SenderosdeLaPal","twitter_misc":{"Gesch\u00e4tzte Lesezeit":"2\u00a0Minuten"},"schema":{"@context":"https:\/\/schema.org","@graph":[{"@type":"WebPage","@id":"https:\/\/www.senderosdelapalma.es\/de\/wanderwege-der-la-palma\/kleine-routen\/pr-lp-03-2-fuente-de-olen-casa-del-monte\/","url":"https:\/\/www.senderosdelapalma.es\/de\/wanderwege-der-la-palma\/kleine-routen\/pr-lp-03-2-fuente-de-olen-casa-del-monte\/","name":"PR LP 03.2. Fuente de Ol\u00e9n - Casa del Monte - Red de Senderos de La Palma","isPartOf":{"@id":"https:\/\/www.senderosdelapalma.es\/#website"},"datePublished":"2015-04-10T07:49:59+00:00","dateModified":"2025-04-01T10:57:39+00:00","breadcrumb":{"@id":"https:\/\/www.senderosdelapalma.es\/de\/wanderwege-der-la-palma\/kleine-routen\/pr-lp-03-2-fuente-de-olen-casa-del-monte\/#breadcrumb"},"inLanguage":"de","potentialAction":[{"@type":"ReadAction","target":["https:\/\/www.senderosdelapalma.es\/de\/wanderwege-der-la-palma\/kleine-routen\/pr-lp-03-2-fuente-de-olen-casa-del-monte\/"]}]},{"@type":"BreadcrumbList","@id":"https:\/\/www.senderosdelapalma.es\/de\/wanderwege-der-la-palma\/kleine-routen\/pr-lp-03-2-fuente-de-olen-casa-del-monte\/#breadcrumb","itemListElement":[{"@type":"ListItem","position":1,"name":"Portada","item":"https:\/\/www.senderosdelapalma.es\/de\/"},{"@type":"ListItem","position":2,"name":"Wanderwege der La Palma","item":"https:\/\/www.senderosdelapalma.es\/de\/wanderwege-der-la-palma\/"},{"@type":"ListItem","position":3,"name":"Kleine Routen","item":"https:\/\/www.senderosdelapalma.es\/de\/wanderwege-der-la-palma\/kleine-routen\/"},{"@type":"ListItem","position":4,"name":"PR LP 03.2. Fuente de Ol\u00e9n &#8211; Casa del Monte"}]},{"@type":"WebSite","@id":"https:\/\/www.senderosdelapalma.es\/#website","url":"https:\/\/www.senderosdelapalma.es\/","name":"Red de Senderos de La Palma","description":"La Palma, la isla de los senderistas. Una enorme variedad de climas, relieves y paisajes te est\u00e1n esperando.  ","publisher":{"@id":"https:\/\/www.senderosdelapalma.es\/#organization"},"potentialAction":[{"@type":"SearchAction","target":{"@type":"EntryPoint","urlTemplate":"https:\/\/www.senderosdelapalma.es\/?s={search_term_string}"},"query-input":"required name=search_term_string"}],"inLanguage":"de"},{"@type":"Organization","@id":"https:\/\/www.senderosdelapalma.es\/#organization","name":"Red de Senderos de La Palma","url":"https:\/\/www.senderosdelapalma.es\/","logo":{"@type":"ImageObject","inLanguage":"de","@id":"https:\/\/www.senderosdelapalma.es\/#\/schema\/logo\/image\/","url":"https:\/\/www.senderosdelapalma.es\/wp-content\/uploads\/2015\/06\/cabildo_la_palma-01.png","contentUrl":"https:\/\/www.senderosdelapalma.es\/wp-content\/uploads\/2015\/06\/cabildo_la_palma-01.png","width":3508,"height":2479,"caption":"Red de Senderos de La Palma"},"image":{"@id":"https:\/\/www.senderosdelapalma.es\/#\/schema\/logo\/image\/"},"sameAs":["https:\/\/www.facebook.com\/senderoslapalma","https:\/\/twitter.com\/SenderosdeLaPal","https:\/\/www.instagram.com\/senderosdelapalma\/","https:\/\/www.pinterest.es\/senderoslp\/"]}]}},"_links":{"self":[{"href":"https:\/\/www.senderosdelapalma.es\/de\/wp-json\/wp\/v2\/pages\/18988\/"}],"collection":[{"href":"https:\/\/www.senderosdelapalma.es\/de\/wp-json\/wp\/v2\/pages\/"}],"about":[{"href":"https:\/\/www.senderosdelapalma.es\/de\/wp-json\/wp\/v2\/types\/page\/"}],"author":[{"embeddable":true,"href":"https:\/\/www.senderosdelapalma.es\/de\/wp-json\/wp\/v2\/users\/1\/"}],"replies":[{"embeddable":true,"href":"https:\/\/www.senderosdelapalma.es\/de\/wp-json\/wp\/v2\/comments\/?post=18988"}],"version-history":[{"count":4,"href":"https:\/\/www.senderosdelapalma.es\/de\/wp-json\/wp\/v2\/pages\/18988\/revisions\/"}],"predecessor-version":[{"id":26810,"href":"https:\/\/www.senderosdelapalma.es\/de\/wp-json\/wp\/v2\/pages\/18988\/revisions\/26810\/"}],"up":[{"embeddable":true,"href":"https:\/\/www.senderosdelapalma.es\/de\/wp-json\/wp\/v2\/pages\/18039\/"}],"wp:attachment":[{"href":"https:\/\/www.senderosdelapalma.es\/de\/wp-json\/wp\/v2\/media\/?parent=18988"}],"curies":[{"name":"wp","href":"https:\/\/api.w.org\/{rel}","templated":true}]}}