{"id":18642,"date":"2015-04-08T04:53:45","date_gmt":"2015-04-08T04:53:45","guid":{"rendered":"http:\/\/www.senderosdelapalma.es\/?page_id=18642"},"modified":"2025-03-12T14:50:15","modified_gmt":"2025-03-12T14:50:15","slug":"gr-130-etape-3","status":"publish","type":"page","link":"https:\/\/www.senderosdelapalma.es\/de\/wanderwege-der-la-palma\/grosse-routen\/gr-130-etape-3\/","title":{"rendered":"GR 130 Etappe 3. Barlovento &#8211; Garaf\u00eda"},"content":{"rendered":"<section class=\"wpb-content-wrapper\"><p>[vc_row row_type=&#8220;row&#8220; type=&#8220;grid&#8220; text_align=&#8220;left&#8220; background_image_as_pattern=&#8220;without_pattern&#8220; padding_top=&#8220;48&#8243; padding_bottom=&#8220;48&#8243;][vc_column width=&#8220;1\/1&#8243;][vc_raw_html]JTNDaDMlMjBzdHlsZSUzRCUyMnRleHQtYWxpZ24lM0FjZW50ZXIlMjIlM0VHUiUyMDEzMCUyMEV0YXBwZSUyMDMuJTIwQmFybG92ZW50byUyMC0lMjBHYXJhZiVDMyVBRGElM0MlMkZoMyUzRQ==[\/vc_raw_html][\/vc_column][\/vc_row][vc_row type=&#8220;grid&#8220;][vc_column width=&#8220;1\/2&#8243;][vc_empty_space][vc_single_image image=&#8220;17634&#8243; img_size=&#8220;full&#8220; alignment=&#8220;center&#8220; onclick=&#8220;img_link_large&#8220;][vc_separator type=&#8220;transparent&#8220; up=&#8220;10&#8243; down=&#8220;20&#8243;][vc_column_text]<iframe loading=\"lazy\" src=\"https:\/\/www.google.com\/maps\/d\/embed?mid=1bby48bfmA2pT1Ag5AA6Gjz8eXOG8BNo&amp;hl=es&amp;ehbc=2E312F\" width=\"100%\" height=\"361\"><\/iframe>[\/vc_column_text][vc_separator type=&#8220;transparent&#8220; up=&#8220;10&#8243; down=&#8220;20&#8243;]<a href=\"https:\/\/www.senderosdelapalma.es\/wp-content\/uploads\/gpx\/GR1303.zip\" target=\"_blank\" data-hover-background-color=#4aa946 data-hover-border-color=#4aa946 data-hover-color=#ffffff class=\"qbutton  small center\" style=\"color: #ffffff; border-color: #000000; font-style: normal; font-weight: 500; margin: 3px 5px 3px 5px; background-color: #000000;\">Entladung<i class=\"fa fa-download\" style=\"color: #ffffff;\"><\/i><\/a><a href=\"https:\/\/www.senderosdelapalma.es\/mapa-visor-senderos\/\" target=\"_blank\" data-hover-background-color=#4aa946 data-hover-border-color=#4aa946 data-hover-color=#ffffff class=\"qbutton  small center\" style=\"color: #ffffff; border-color: #000000; font-style: normal; font-weight: 500; margin: 3px 5px 3px 5px; background-color: #000000;\">Karte der Wanderwege<i class=\"fa fa-download\" style=\"color: #ffffff;\"><\/i><\/a><a href=\"https:\/\/www.google.com\/maps\/d\/edit?mid=1bby48bfmA2pT1Ag5AA6Gjz8eXOG8BNo&amp;usp=sharing\" target=\"_blank\" data-hover-background-color=#4aa946 data-hover-border-color=#4aa946 data-hover-color=#ffffff class=\"qbutton  small center\" style=\"color: #ffffff; border-color: #000000; font-style: normal; font-weight: 500; margin: 3px 5px 3px 5px; background-color: #000000;\">Google Map<i class=\"fa fa-download\" style=\"color: #ffffff;\"><\/i><\/a>[vc_empty_space][\/vc_column][vc_column width=&#8220;1\/2&#8243;][vc_empty_space][vc_column_text]<\/p>\n<ul>\n<li><strong>L\u00c4NGE:<\/strong>\u00a029.01 km.<\/li>\n<li><strong>AUFSTIEG INSGESAMT:<\/strong>\u00a01800 m.<\/li>\n<li><strong>ABSTIEG INSGESAMT:<\/strong>\u00a02000 m.<\/li>\n<li><strong>UNGEF\u00c4HRE GEHZEIT (HINWEG):<\/strong> 08:45 uhr<\/li>\n<li><strong>UNGEF\u00c4HRE GEHZEIT (R\u00dcCKWEG):<\/strong> 09:00 uhr<\/li>\n<li><strong>WICHTIGSTE SCHWIERIGKEITEN:<\/strong>\u00a0Auf der Karte erscheint die Tour nicht sehr lange. Da sie jedoch durch mehrere tiefe Schluchten f\u00fchrt, und es damit immer wieder gro\u00dfe H\u00f6henunterschiede zu bew\u00e4ltigen gilt, ist sie sehr hart und anstrengend. Teilen Sie sich deshalb Ihre Kraftreserven ein. Au\u00dferdem k\u00f6nnen Sie in jedem der Weiler, durch die Sie kommen, einen Halt einlegen.<\/li>\n<li><strong>NATURSCHUTZGEBIETE:<\/strong>\u00a0Spezielles Naturreservat Guelgu\u00e9n.<\/li>\n<li><strong><strong>GEEIGNETE JAHRESZEIT:\u00a0<\/strong><\/strong>Das ganze Jahr durch. Besonders im Winter an Regentagen nicht zu empfehlen.<\/li>\n<li><strong>ANFAHRT:<\/strong>\u00a0Es gibt eine Buslinie, deren H\u00e4ufigkeit und Fahrplan jedoch nicht den Bed\u00fcrfnissen der Wanderer entspricht. Es empfiehlt sich, vorher ein Taxi zu organisieren.<\/li>\n<li><strong>SICHERHEITSTIPPS:\u00a0<\/strong>Auf die Gefahr hin, Sie zu langweilen, f\u00fchren wir die allgemeinen Sicherheitsvorkehrungen an, die immer und \u00fcberall und nicht nur auf La Palma gelten:\n<ul>\n<li>Studieren Sie, bevor Sie losgehen, den Wetterbericht.<\/li>\n<li>Wandern Sie immer in Begleitung, nie alleine.<\/li>\n<li>Informieren Sie jemanden \u00fcber die gew\u00e4hlte Route und den vorgesehenen Zeitpunkt Ihrer R\u00fcckkehr.<\/li>\n<li>Nehmen Sie einen Rucksack mit Kleidung, Regenschutz, Nahrungsmitteln und gen\u00fcgend Wasser mit.<\/li>\n<li>Vergessen Sie so einfache Dinge wie M\u00fctze, Sonnencreme und Sonnenbrille nicht.<\/li>\n<li>Nehmen Sie ein aufgeladenes Handy, eine Karte und wenn m\u00f6glich auch einen Kompass mit. Mit gr\u00f6\u00dfter Sicherheit werden Sie diese Dinge nicht brauchen, wenn sie jedoch n\u00f6tig sind, sollten sie da sein.<\/li>\n<li>Tragen Sie geeignete Kleidung und vor allem Schuhwerk: Wanderschuhe oder \u2013stiefel sind ein Muss, Turnschuhe ein Leichtsinn.<\/li>\n<\/ul>\n<\/li>\n<li><strong>HINWEISE:\u00a0<\/strong>Wenn Sie nicht durchtrainiert sind, kann die Tour sehr lange sein. Wir empfehlen Ihnen, sie in diesem Falle in zwei Tagestouren zu unterteilen. Wandern Sie am ersten Tag bis Franceses oder El Tablado und am zweiten bis Santo Domingo.<\/li>\n<\/ul>\n<p>[\/vc_column_text][\/vc_column][\/vc_row][vc_row][vc_column width=&#8220;1\/1&#8243;][vc_separator type=&#8220;transparent&#8220; position=&#8220;center&#8220; up=&#8220;20&#8243; down=&#8220;20&#8243;]<a href=\"http:\/\/www.senderosdelapalma.es\/de\/wanderwege-der-la-palma\/grosse-routen\/\" target=\"_self\"  class=\"qbutton \" style=\"\"><i class=\"fa fa-angle-left\" style=\"\"><\/i><\/a>[vc_separator type=&#8220;transparent&#8220; position=&#8220;center&#8220; up=&#8220;20&#8243; down=&#8220;20&#8243;][\/vc_column][\/vc_row]<\/p>\n<\/section>","protected":false},"excerpt":{"rendered":"<p>[vc_row row_type=&#8220;row&#8220; type=&#8220;grid&#8220; text_align=&#8220;left&#8220; background_image_as_pattern=&#8220;without_pattern&#8220; padding_top=&#8220;48&#8243; padding_bottom=&#8220;48&#8243;][vc_column width=&#8220;1\/1&#8243;][vc_raw_html]JTNDaDMlMjBzdHlsZSUzRCUyMnRleHQtYWxpZ24lM0FjZW50ZXIlMjIlM0VHUiUyMDEzMCUyMEV0YXBwZSUyMDMuJTIwQmFybG92ZW50byUyMC0lMjBHYXJhZiVDMyVBRGElM0MlMkZoMyUzRQ==[\/vc_raw_html][\/vc_column][\/vc_row][vc_row type=&#8220;grid&#8220;][vc_column width=&#8220;1\/2&#8243;][vc_empty_space][vc_single_image image=&#8220;17634&#8243; img_size=&#8220;full&#8220; alignment=&#8220;center&#8220; onclick=&#8220;img_link_large&#8220;][vc_separator type=&#8220;transparent&#8220; up=&#8220;10&#8243; down=&#8220;20&#8243;][vc_column_text][\/vc_column_text][vc_separator type=&#8220;transparent&#8220; up=&#8220;10&#8243; down=&#8220;20&#8243;][vc_empty_space][\/vc_column][vc_column width=&#8220;1\/2&#8243;][vc_empty_space][vc_column_text] L\u00c4NGE:\u00a029.01 km. AUFSTIEG INSGESAMT:\u00a01800 m. ABSTIEG INSGESAMT:\u00a02000 m. UNGEF\u00c4HRE GEHZEIT (HINWEG): 08:45 uhr UNGEF\u00c4HRE GEHZEIT (R\u00dcCKWEG): 09:00 uhr WICHTIGSTE SCHWIERIGKEITEN:\u00a0Auf der Karte erscheint die&#8230;<\/p>\n","protected":false},"author":1,"featured_media":0,"parent":18037,"menu_order":0,"comment_status":"open","ping_status":"open","template":"","meta":[],"yoast_head":"<!-- This site is optimized with the Yoast SEO plugin v21.0 - https:\/\/yoast.com\/wordpress\/plugins\/seo\/ -->\n<title>GR 130 Etappe 3. Barlovento - Garaf\u00eda - Red de Senderos de La Palma<\/title>\n<meta name=\"robots\" content=\"index, follow, max-snippet:-1, max-image-preview:large, max-video-preview:-1\" \/>\n<link rel=\"canonical\" href=\"https:\/\/www.senderosdelapalma.es\/de\/wanderwege-der-la-palma\/grosse-routen\/gr-130-etape-3\/\" \/>\n<meta property=\"og:locale\" content=\"de_DE\" \/>\n<meta property=\"og:type\" content=\"article\" \/>\n<meta property=\"og:title\" content=\"GR 130 Etappe 3. Barlovento - Garaf\u00eda - Red de Senderos de La Palma\" \/>\n<meta property=\"og:description\" content=\"[vc_row row_type=&#8220;row&#8220; type=&#8220;grid&#8220; text_align=&#8220;left&#8220; background_image_as_pattern=&#8220;without_pattern&#8220; padding_top=&#8220;48&#8243; padding_bottom=&#8220;48&#8243;][vc_column width=&#8220;1\/1&#8243;][vc_raw_html]JTNDaDMlMjBzdHlsZSUzRCUyMnRleHQtYWxpZ24lM0FjZW50ZXIlMjIlM0VHUiUyMDEzMCUyMEV0YXBwZSUyMDMuJTIwQmFybG92ZW50byUyMC0lMjBHYXJhZiVDMyVBRGElM0MlMkZoMyUzRQ==[\/vc_raw_html][\/vc_column][\/vc_row][vc_row type=&#8220;grid&#8220;][vc_column width=&#8220;1\/2&#8243;][vc_empty_space][vc_single_image image=&#8220;17634&#8243; img_size=&#8220;full&#8220; alignment=&#8220;center&#8220; onclick=&#8220;img_link_large&#8220;][vc_separator type=&#8220;transparent&#8220; up=&#8220;10&#8243; down=&#8220;20&#8243;][vc_column_text][\/vc_column_text][vc_separator type=&#8220;transparent&#8220; up=&#8220;10&#8243; down=&#8220;20&#8243;][vc_empty_space][\/vc_column][vc_column width=&#8220;1\/2&#8243;][vc_empty_space][vc_column_text] L\u00c4NGE:\u00a029.01 km. AUFSTIEG INSGESAMT:\u00a01800 m. ABSTIEG INSGESAMT:\u00a02000 m. UNGEF\u00c4HRE GEHZEIT (HINWEG): 08:45 uhr UNGEF\u00c4HRE GEHZEIT (R\u00dcCKWEG): 09:00 uhr WICHTIGSTE SCHWIERIGKEITEN:\u00a0Auf der Karte erscheint die...\" \/>\n<meta property=\"og:url\" content=\"https:\/\/www.senderosdelapalma.es\/de\/wanderwege-der-la-palma\/grosse-routen\/gr-130-etape-3\/\" \/>\n<meta property=\"og:site_name\" content=\"Red de Senderos de La Palma\" \/>\n<meta property=\"article:publisher\" content=\"https:\/\/www.facebook.com\/senderoslapalma\" \/>\n<meta property=\"article:modified_time\" content=\"2025-03-12T14:50:15+00:00\" \/>\n<meta property=\"og:image\" content=\"https:\/\/www.senderosdelapalma.es\/wp-content\/uploads\/2014\/12\/redsenderosdelapalma_01.jpg\" \/>\n\t<meta property=\"og:image:width\" content=\"1920\" \/>\n\t<meta property=\"og:image:height\" content=\"1084\" \/>\n\t<meta property=\"og:image:type\" content=\"image\/jpeg\" \/>\n<meta name=\"twitter:card\" content=\"summary_large_image\" \/>\n<meta name=\"twitter:site\" content=\"@SenderosdeLaPal\" \/>\n<meta name=\"twitter:label1\" content=\"Gesch\u00e4tzte Lesezeit\" \/>\n\t<meta name=\"twitter:data1\" content=\"2\u00a0Minuten\" \/>\n<script type=\"application\/ld+json\" class=\"yoast-schema-graph\">{\"@context\":\"https:\/\/schema.org\",\"@graph\":[{\"@type\":\"WebPage\",\"@id\":\"https:\/\/www.senderosdelapalma.es\/de\/wanderwege-der-la-palma\/grosse-routen\/gr-130-etape-3\/\",\"url\":\"https:\/\/www.senderosdelapalma.es\/de\/wanderwege-der-la-palma\/grosse-routen\/gr-130-etape-3\/\",\"name\":\"GR 130 Etappe 3. Barlovento - Garaf\u00eda - Red de Senderos de La Palma\",\"isPartOf\":{\"@id\":\"https:\/\/www.senderosdelapalma.es\/#website\"},\"datePublished\":\"2015-04-08T04:53:45+00:00\",\"dateModified\":\"2025-03-12T14:50:15+00:00\",\"breadcrumb\":{\"@id\":\"https:\/\/www.senderosdelapalma.es\/de\/wanderwege-der-la-palma\/grosse-routen\/gr-130-etape-3\/#breadcrumb\"},\"inLanguage\":\"de\",\"potentialAction\":[{\"@type\":\"ReadAction\",\"target\":[\"https:\/\/www.senderosdelapalma.es\/de\/wanderwege-der-la-palma\/grosse-routen\/gr-130-etape-3\/\"]}]},{\"@type\":\"BreadcrumbList\",\"@id\":\"https:\/\/www.senderosdelapalma.es\/de\/wanderwege-der-la-palma\/grosse-routen\/gr-130-etape-3\/#breadcrumb\",\"itemListElement\":[{\"@type\":\"ListItem\",\"position\":1,\"name\":\"Portada\",\"item\":\"https:\/\/www.senderosdelapalma.es\/de\/\"},{\"@type\":\"ListItem\",\"position\":2,\"name\":\"Wanderwege der La Palma\",\"item\":\"https:\/\/www.senderosdelapalma.es\/de\/wanderwege-der-la-palma\/\"},{\"@type\":\"ListItem\",\"position\":3,\"name\":\"Grosse Routen\",\"item\":\"https:\/\/www.senderosdelapalma.es\/de\/wanderwege-der-la-palma\/grosse-routen\/\"},{\"@type\":\"ListItem\",\"position\":4,\"name\":\"GR 130 Etappe 3. Barlovento &#8211; Garaf\u00eda\"}]},{\"@type\":\"WebSite\",\"@id\":\"https:\/\/www.senderosdelapalma.es\/#website\",\"url\":\"https:\/\/www.senderosdelapalma.es\/\",\"name\":\"Red de Senderos de La Palma\",\"description\":\"La Palma, la isla de los senderistas. Una enorme variedad de climas, relieves y paisajes te est\u00e1n esperando.  \",\"publisher\":{\"@id\":\"https:\/\/www.senderosdelapalma.es\/#organization\"},\"potentialAction\":[{\"@type\":\"SearchAction\",\"target\":{\"@type\":\"EntryPoint\",\"urlTemplate\":\"https:\/\/www.senderosdelapalma.es\/?s={search_term_string}\"},\"query-input\":\"required name=search_term_string\"}],\"inLanguage\":\"de\"},{\"@type\":\"Organization\",\"@id\":\"https:\/\/www.senderosdelapalma.es\/#organization\",\"name\":\"Red de Senderos de La Palma\",\"url\":\"https:\/\/www.senderosdelapalma.es\/\",\"logo\":{\"@type\":\"ImageObject\",\"inLanguage\":\"de\",\"@id\":\"https:\/\/www.senderosdelapalma.es\/#\/schema\/logo\/image\/\",\"url\":\"https:\/\/www.senderosdelapalma.es\/wp-content\/uploads\/2015\/06\/cabildo_la_palma-01.png\",\"contentUrl\":\"https:\/\/www.senderosdelapalma.es\/wp-content\/uploads\/2015\/06\/cabildo_la_palma-01.png\",\"width\":3508,\"height\":2479,\"caption\":\"Red de Senderos de La Palma\"},\"image\":{\"@id\":\"https:\/\/www.senderosdelapalma.es\/#\/schema\/logo\/image\/\"},\"sameAs\":[\"https:\/\/www.facebook.com\/senderoslapalma\",\"https:\/\/twitter.com\/SenderosdeLaPal\",\"https:\/\/www.instagram.com\/senderosdelapalma\/\",\"https:\/\/www.pinterest.es\/senderoslp\/\"]}]}<\/script>\n<!-- \/ Yoast SEO plugin. -->","yoast_head_json":{"title":"GR 130 Etappe 3. Barlovento - Garaf\u00eda - Red de Senderos de La Palma","robots":{"index":"index","follow":"follow","max-snippet":"max-snippet:-1","max-image-preview":"max-image-preview:large","max-video-preview":"max-video-preview:-1"},"canonical":"https:\/\/www.senderosdelapalma.es\/de\/wanderwege-der-la-palma\/grosse-routen\/gr-130-etape-3\/","og_locale":"de_DE","og_type":"article","og_title":"GR 130 Etappe 3. Barlovento - Garaf\u00eda - Red de Senderos de La Palma","og_description":"[vc_row row_type=&#8220;row&#8220; type=&#8220;grid&#8220; text_align=&#8220;left&#8220; background_image_as_pattern=&#8220;without_pattern&#8220; padding_top=&#8220;48&#8243; padding_bottom=&#8220;48&#8243;][vc_column width=&#8220;1\/1&#8243;][vc_raw_html]JTNDaDMlMjBzdHlsZSUzRCUyMnRleHQtYWxpZ24lM0FjZW50ZXIlMjIlM0VHUiUyMDEzMCUyMEV0YXBwZSUyMDMuJTIwQmFybG92ZW50byUyMC0lMjBHYXJhZiVDMyVBRGElM0MlMkZoMyUzRQ==[\/vc_raw_html][\/vc_column][\/vc_row][vc_row type=&#8220;grid&#8220;][vc_column width=&#8220;1\/2&#8243;][vc_empty_space][vc_single_image image=&#8220;17634&#8243; img_size=&#8220;full&#8220; alignment=&#8220;center&#8220; onclick=&#8220;img_link_large&#8220;][vc_separator type=&#8220;transparent&#8220; up=&#8220;10&#8243; down=&#8220;20&#8243;][vc_column_text][\/vc_column_text][vc_separator type=&#8220;transparent&#8220; up=&#8220;10&#8243; down=&#8220;20&#8243;][vc_empty_space][\/vc_column][vc_column width=&#8220;1\/2&#8243;][vc_empty_space][vc_column_text] L\u00c4NGE:\u00a029.01 km. AUFSTIEG INSGESAMT:\u00a01800 m. ABSTIEG INSGESAMT:\u00a02000 m. UNGEF\u00c4HRE GEHZEIT (HINWEG): 08:45 uhr UNGEF\u00c4HRE GEHZEIT (R\u00dcCKWEG): 09:00 uhr WICHTIGSTE SCHWIERIGKEITEN:\u00a0Auf der Karte erscheint die...","og_url":"https:\/\/www.senderosdelapalma.es\/de\/wanderwege-der-la-palma\/grosse-routen\/gr-130-etape-3\/","og_site_name":"Red de Senderos de La Palma","article_publisher":"https:\/\/www.facebook.com\/senderoslapalma","article_modified_time":"2025-03-12T14:50:15+00:00","og_image":[{"width":1920,"height":1084,"url":"https:\/\/www.senderosdelapalma.es\/wp-content\/uploads\/2014\/12\/redsenderosdelapalma_01.jpg","type":"image\/jpeg"}],"twitter_card":"summary_large_image","twitter_site":"@SenderosdeLaPal","twitter_misc":{"Gesch\u00e4tzte Lesezeit":"2\u00a0Minuten"},"schema":{"@context":"https:\/\/schema.org","@graph":[{"@type":"WebPage","@id":"https:\/\/www.senderosdelapalma.es\/de\/wanderwege-der-la-palma\/grosse-routen\/gr-130-etape-3\/","url":"https:\/\/www.senderosdelapalma.es\/de\/wanderwege-der-la-palma\/grosse-routen\/gr-130-etape-3\/","name":"GR 130 Etappe 3. Barlovento - Garaf\u00eda - Red de Senderos de La Palma","isPartOf":{"@id":"https:\/\/www.senderosdelapalma.es\/#website"},"datePublished":"2015-04-08T04:53:45+00:00","dateModified":"2025-03-12T14:50:15+00:00","breadcrumb":{"@id":"https:\/\/www.senderosdelapalma.es\/de\/wanderwege-der-la-palma\/grosse-routen\/gr-130-etape-3\/#breadcrumb"},"inLanguage":"de","potentialAction":[{"@type":"ReadAction","target":["https:\/\/www.senderosdelapalma.es\/de\/wanderwege-der-la-palma\/grosse-routen\/gr-130-etape-3\/"]}]},{"@type":"BreadcrumbList","@id":"https:\/\/www.senderosdelapalma.es\/de\/wanderwege-der-la-palma\/grosse-routen\/gr-130-etape-3\/#breadcrumb","itemListElement":[{"@type":"ListItem","position":1,"name":"Portada","item":"https:\/\/www.senderosdelapalma.es\/de\/"},{"@type":"ListItem","position":2,"name":"Wanderwege der La Palma","item":"https:\/\/www.senderosdelapalma.es\/de\/wanderwege-der-la-palma\/"},{"@type":"ListItem","position":3,"name":"Grosse Routen","item":"https:\/\/www.senderosdelapalma.es\/de\/wanderwege-der-la-palma\/grosse-routen\/"},{"@type":"ListItem","position":4,"name":"GR 130 Etappe 3. Barlovento &#8211; Garaf\u00eda"}]},{"@type":"WebSite","@id":"https:\/\/www.senderosdelapalma.es\/#website","url":"https:\/\/www.senderosdelapalma.es\/","name":"Red de Senderos de La Palma","description":"La Palma, la isla de los senderistas. Una enorme variedad de climas, relieves y paisajes te est\u00e1n esperando.  ","publisher":{"@id":"https:\/\/www.senderosdelapalma.es\/#organization"},"potentialAction":[{"@type":"SearchAction","target":{"@type":"EntryPoint","urlTemplate":"https:\/\/www.senderosdelapalma.es\/?s={search_term_string}"},"query-input":"required name=search_term_string"}],"inLanguage":"de"},{"@type":"Organization","@id":"https:\/\/www.senderosdelapalma.es\/#organization","name":"Red de Senderos de La Palma","url":"https:\/\/www.senderosdelapalma.es\/","logo":{"@type":"ImageObject","inLanguage":"de","@id":"https:\/\/www.senderosdelapalma.es\/#\/schema\/logo\/image\/","url":"https:\/\/www.senderosdelapalma.es\/wp-content\/uploads\/2015\/06\/cabildo_la_palma-01.png","contentUrl":"https:\/\/www.senderosdelapalma.es\/wp-content\/uploads\/2015\/06\/cabildo_la_palma-01.png","width":3508,"height":2479,"caption":"Red de Senderos de La Palma"},"image":{"@id":"https:\/\/www.senderosdelapalma.es\/#\/schema\/logo\/image\/"},"sameAs":["https:\/\/www.facebook.com\/senderoslapalma","https:\/\/twitter.com\/SenderosdeLaPal","https:\/\/www.instagram.com\/senderosdelapalma\/","https:\/\/www.pinterest.es\/senderoslp\/"]}]}},"_links":{"self":[{"href":"https:\/\/www.senderosdelapalma.es\/de\/wp-json\/wp\/v2\/pages\/18642\/"}],"collection":[{"href":"https:\/\/www.senderosdelapalma.es\/de\/wp-json\/wp\/v2\/pages\/"}],"about":[{"href":"https:\/\/www.senderosdelapalma.es\/de\/wp-json\/wp\/v2\/types\/page\/"}],"author":[{"embeddable":true,"href":"https:\/\/www.senderosdelapalma.es\/de\/wp-json\/wp\/v2\/users\/1\/"}],"replies":[{"embeddable":true,"href":"https:\/\/www.senderosdelapalma.es\/de\/wp-json\/wp\/v2\/comments\/?post=18642"}],"version-history":[{"count":3,"href":"https:\/\/www.senderosdelapalma.es\/de\/wp-json\/wp\/v2\/pages\/18642\/revisions\/"}],"predecessor-version":[{"id":26647,"href":"https:\/\/www.senderosdelapalma.es\/de\/wp-json\/wp\/v2\/pages\/18642\/revisions\/26647\/"}],"up":[{"embeddable":true,"href":"https:\/\/www.senderosdelapalma.es\/de\/wp-json\/wp\/v2\/pages\/18037\/"}],"wp:attachment":[{"href":"https:\/\/www.senderosdelapalma.es\/de\/wp-json\/wp\/v2\/media\/?parent=18642"}],"curies":[{"name":"wp","href":"https:\/\/api.w.org\/{rel}","templated":true}]}}