{"id":18493,"date":"2015-04-07T10:36:26","date_gmt":"2015-04-07T10:36:26","guid":{"rendered":"http:\/\/www.senderosdelapalma.es\/?page_id=18493"},"modified":"2020-08-20T17:21:22","modified_gmt":"2020-08-20T17:21:22","slug":"llano-del-lance","status":"publish","type":"page","link":"https:\/\/www.senderosdelapalma.es\/de\/rastplaetze\/llano-del-lance\/","title":{"rendered":"Llano del Lance"},"content":{"rendered":"<section class=\"wpb-content-wrapper\"><p>[vc_row row_type=&#8220;row&#8220; type=&#8220;full_width&#8220; text_align=&#8220;left&#8220; background_image_as_pattern=&#8220;without_pattern&#8220;][vc_column width=&#8220;1\/4&#8243;][vc_column_text]<\/p>\n<p style=\"text-align: justify;\"><a href=\"http:\/\/www.senderosdelapalma.es\/wp-content\/uploads\/2014\/07\/ellance.jpg\"><img decoding=\"async\" loading=\"lazy\" class=\"alignnone wp-image-44 size-full\" src=\"http:\/\/www.senderosdelapalma.es\/wp-content\/uploads\/2014\/07\/ellance.jpg\" alt=\"\" width=\"230\" height=\"141\" \/><\/a><\/p>\n<p>[\/vc_column_text][\/vc_column][vc_column width=&#8220;1\/2&#8243;]<div class='service_table_holder'><ul class='service_table_inner'><li class='service_table_title_holder background_color_type' style=''><div class='service_table_title_inner'><div class='service_table_title_inner2'><h3 class='service_title' style=''>Llano del Lance<\/h3><\/div><\/div><\/li><li class='service_table_content' style=''><\/p>\n<ul>\n<li style=\"text-align: justify;\"><strong>Ortschaft:<\/strong> Tijarafe<\/li>\n<li style=\"text-align: justify;\"><span class=\"titulo\"><b>Beschreibung: <\/b><\/span>Llano del Lance ist ein speziell f\u00fcr Behinderte eingerichteter Rastplatz. S\u00e4mtliche Serviceanlagen (WCs, Tische, H\u00fctten, Umweltinformationsstelle usw.) sind durch befestigte, rollstuhlgerechte Wege miteinander verbunden.<br \/>\nDieser Rastplatz erm\u00f6glicht es Ihnen, die oberen Hanglagen der windgesch\u00fctzten Seite der Insel kennen zu lernen, in denen Kiefernw\u00e4lder mit Feldern und Weiden abwechseln. Besonders interessant sind die terrassenf\u00f6rmig angelegten Rebberge. Wein ist das h\u00e4ufigste Anbauprodukt dieser Gegend.<\/li>\n<li style=\"text-align: justify;\"><span class=\"titulo\"><b>Zugang: <\/b><\/span>Bei der Zufahrt zum Rastplatz handelt es sich um eine Piste, die direkt vor der Schlucht Barranco de Garome von der Hauptstra\u03b2e abzweigt (ca. 10 Autominuten). Kommt man von der Traverse (PR LP10), muss man absteigen, bis sich man etwas unterhalb der H\u00f6he der Schutzh\u00fctte Refugio de Tinizara befindet.<br \/>\n<b><\/b><\/li>\n<li style=\"text-align: justify;\"><span class=\"titulo\"><b>Einrichtungen: <\/b><\/span>Behindertengerechte Einrichtungen, Parkplatz, Wasser, WCs, Feuerstellen, H\u00fctten, B\u00e4nke, Spielplatz, Umweltinformationsstelle und sendero autoguiado (Wanderweg mit erkl\u00e4rendem Faltblatt in Spanisch).<\/li>\n<li style=\"text-align: justify;\"><span class=\"titulo\"><b>Preis: <\/b><\/span>Kostenlos<br \/>\n<b><\/b><\/li>\n<li style=\"text-align: justify;\"><span class=\"titulo\"><b>Sind \u00dcbernachtungen m\u00f6glich?: <\/b><\/span>Nein<br \/>\n<b><\/b><\/li>\n<li style=\"text-align: justify;\"><span class=\"titulo\"><b>Genehmigung: <\/b><\/span>Nein<\/li>\n<\/ul>\n<a href=\"http:\/\/www.senderosdelapalma.com\/es\/uso_publico\/el_lance.pdf\" target=\"_blank\"  class=\"qbutton  small center\" style=\"\">Wege<i class=\"fa fa-cloud-download\" style=\"\"><\/i><\/a>\n<p><\/li><\/ul><\/div>[\/vc_column][vc_column width=&#8220;1\/4&#8243; css=&#8220;.vc_custom_1410777777086{background-color: #f7f7f7 !important;}&#8220;][vc_separator type=&#8220;transparent&#8220; position=&#8220;center&#8220; up=&#8220;5&#8243; down=&#8220;5&#8243;]<div class=\"custom_font_holder\" style=\" font-size: 20px; line-height: 26px; font-style: normal; font-weight: 400; color: #000000; text-decoration: none; padding: 0; margin: 0; text-align: left;\">RASTPL\u00c4TZE<\/div>[vc_separator type=&#8220;transparent&#8220; position=&#8220;center&#8220; up=&#8220;5&#8243; down=&#8220;5&#8243;]<div class=ordered><\/p>\n<ul>\n<li><a href=\"http:\/\/www.senderosdelapalma.es\/de\/rastplaetze\/casa-del-monte\">CASA DEL MONTE<\/a><\/li>\n<li><a href=\"http:\/\/www.senderosdelapalma.es\/de\/rastplaetze\/el-fayal\">EL FAYAL<\/a><\/li>\n<li><a href=\"http:\/\/www.senderosdelapalma.es\/de\/rastplaetze\/fuente-los-roques\">FUENTE DE LOS ROQUES<\/a><\/li>\n<li><a href=\"http:\/\/www.senderosdelapalma.es\/de\/rastplaetze\/las-mimbreras\">LAS MIMBRERAS<\/a><\/li>\n<li><a href=\"http:\/\/www.senderosdelapalma.es\/de\/rastplaetze\/llano-del-lance\">LLANO DEL LANCE<\/a><\/li>\n<li><a href=\"http:\/\/www.senderosdelapalma.es\/de\/rastplaetze\/los-tilos\">LOS TILOS<\/a><\/li>\n<li><a href=\"http:\/\/www.senderosdelapalma.es\/de\/rastplaetze\/montana-la-brena\">MONTA\u00d1A LA BRE\u00d1A<\/a><\/li>\n<li><a href=\"http:\/\/www.senderosdelapalma.es\/de\/rastplaetze\/pared-vieja\/\">PARED VIEJA<\/a><\/li>\n<li><a href=\"http:\/\/www.senderosdelapalma.es\/de\/rastplaetze\/refugio-el-pilar\">REFUGIO EL PILAR<\/a><\/li>\n<li><a href=\"http:\/\/www.senderosdelapalma.es\/de\/rastplaetze\/laguna-de-barlovento\/\">LAGUNA DE BARLOVENTO<\/a><\/li>\n<li><a href=\"http:\/\/www.senderosdelapalma.es\/de\/rastplaetze\/san-antonio-de-monte\">SAN ANTONIO DEL MONTE<\/a><\/li>\n<\/ul>\n<p><\/div>[\/vc_column][\/vc_row][vc_row][vc_column][vc_separator type=&#8220;transparent&#8220; position=&#8220;center&#8220; up=&#8220;10&#8243; down=&#8220;10&#8243;]<a href=\"http:\/\/www.senderosdelapalma.es\/de\/rastplaetze\/\" target=\"_self\"  class=\"qbutton \" style=\"\"><i class=\"fa fa-arrow-left\" style=\"\"><\/i><\/a>[vc_separator type=&#8220;transparent&#8220; position=&#8220;center&#8220; up=&#8220;20&#8243; down=&#8220;30&#8243;][\/vc_column][\/vc_row]<\/p>\n<\/section>","protected":false},"excerpt":{"rendered":"<p>[vc_row row_type=&#8220;row&#8220; type=&#8220;full_width&#8220; text_align=&#8220;left&#8220; background_image_as_pattern=&#8220;without_pattern&#8220;][vc_column width=&#8220;1\/4&#8243;][vc_column_text] [\/vc_column_text][\/vc_column][vc_column width=&#8220;1\/2&#8243;][\/vc_column][vc_column width=&#8220;1\/4&#8243; css=&#8220;.vc_custom_1410777777086{background-color: #f7f7f7 !important;}&#8220;][vc_separator type=&#8220;transparent&#8220; position=&#8220;center&#8220; up=&#8220;5&#8243; down=&#8220;5&#8243;][vc_separator type=&#8220;transparent&#8220; position=&#8220;center&#8220; up=&#8220;5&#8243; down=&#8220;5&#8243;][\/vc_column][\/vc_row][vc_row][vc_column][vc_separator type=&#8220;transparent&#8220; position=&#8220;center&#8220; up=&#8220;10&#8243; down=&#8220;10&#8243;][vc_separator type=&#8220;transparent&#8220; position=&#8220;center&#8220; up=&#8220;20&#8243; down=&#8220;30&#8243;][\/vc_column][\/vc_row]<\/p>\n","protected":false},"author":1,"featured_media":23113,"parent":18097,"menu_order":0,"comment_status":"open","ping_status":"open","template":"","meta":[],"yoast_head":"<!-- This site is optimized with the Yoast SEO plugin v21.0 - https:\/\/yoast.com\/wordpress\/plugins\/seo\/ -->\n<title>Llano del Lance - Red de Senderos de La Palma<\/title>\n<meta name=\"robots\" content=\"index, follow, max-snippet:-1, max-image-preview:large, max-video-preview:-1\" \/>\n<link rel=\"canonical\" href=\"https:\/\/www.senderosdelapalma.es\/de\/rastplaetze\/llano-del-lance\/\" \/>\n<meta property=\"og:locale\" content=\"de_DE\" \/>\n<meta property=\"og:type\" content=\"article\" \/>\n<meta property=\"og:title\" content=\"Llano del Lance - Red de Senderos de La Palma\" \/>\n<meta property=\"og:description\" content=\"[vc_row row_type=&#8220;row&#8220; type=&#8220;full_width&#8220; text_align=&#8220;left&#8220; background_image_as_pattern=&#8220;without_pattern&#8220;][vc_column width=&#8220;1\/4&#8243;][vc_column_text] [\/vc_column_text][\/vc_column][vc_column width=&#8220;1\/2&#8243;][\/vc_column][vc_column width=&#8220;1\/4&#8243; css=&#8220;.vc_custom_1410777777086{background-color: #f7f7f7 !important;}&#8220;][vc_separator type=&#8220;transparent&#8220; position=&#8220;center&#8220; up=&#8220;5&#8243; down=&#8220;5&#8243;][vc_separator type=&#8220;transparent&#8220; position=&#8220;center&#8220; up=&#8220;5&#8243; down=&#8220;5&#8243;][\/vc_column][\/vc_row][vc_row][vc_column][vc_separator type=&#8220;transparent&#8220; position=&#8220;center&#8220; up=&#8220;10&#8243; down=&#8220;10&#8243;][vc_separator type=&#8220;transparent&#8220; position=&#8220;center&#8220; up=&#8220;20&#8243; down=&#8220;30&#8243;][\/vc_column][\/vc_row]\" \/>\n<meta property=\"og:url\" content=\"https:\/\/www.senderosdelapalma.es\/de\/rastplaetze\/llano-del-lance\/\" \/>\n<meta property=\"og:site_name\" content=\"Red de Senderos de La Palma\" \/>\n<meta property=\"article:publisher\" content=\"https:\/\/www.facebook.com\/senderoslapalma\" \/>\n<meta property=\"article:modified_time\" content=\"2020-08-20T17:21:22+00:00\" \/>\n<meta property=\"og:image\" content=\"https:\/\/www.senderosdelapalma.es\/wp-content\/uploads\/2014\/07\/ellance.jpg\" \/>\n\t<meta property=\"og:image:width\" content=\"230\" \/>\n\t<meta property=\"og:image:height\" content=\"141\" \/>\n\t<meta property=\"og:image:type\" content=\"image\/jpeg\" \/>\n<meta name=\"twitter:card\" content=\"summary_large_image\" \/>\n<meta name=\"twitter:site\" content=\"@SenderosdeLaPal\" \/>\n<meta name=\"twitter:label1\" content=\"Gesch\u00e4tzte Lesezeit\" \/>\n\t<meta name=\"twitter:data1\" content=\"2\u00a0Minuten\" \/>\n<script type=\"application\/ld+json\" class=\"yoast-schema-graph\">{\"@context\":\"https:\/\/schema.org\",\"@graph\":[{\"@type\":\"WebPage\",\"@id\":\"https:\/\/www.senderosdelapalma.es\/de\/rastplaetze\/llano-del-lance\/\",\"url\":\"https:\/\/www.senderosdelapalma.es\/de\/rastplaetze\/llano-del-lance\/\",\"name\":\"Llano del Lance - Red de Senderos de La Palma\",\"isPartOf\":{\"@id\":\"https:\/\/www.senderosdelapalma.es\/#website\"},\"datePublished\":\"2015-04-07T10:36:26+00:00\",\"dateModified\":\"2020-08-20T17:21:22+00:00\",\"breadcrumb\":{\"@id\":\"https:\/\/www.senderosdelapalma.es\/de\/rastplaetze\/llano-del-lance\/#breadcrumb\"},\"inLanguage\":\"de\",\"potentialAction\":[{\"@type\":\"ReadAction\",\"target\":[\"https:\/\/www.senderosdelapalma.es\/de\/rastplaetze\/llano-del-lance\/\"]}]},{\"@type\":\"BreadcrumbList\",\"@id\":\"https:\/\/www.senderosdelapalma.es\/de\/rastplaetze\/llano-del-lance\/#breadcrumb\",\"itemListElement\":[{\"@type\":\"ListItem\",\"position\":1,\"name\":\"Portada\",\"item\":\"https:\/\/www.senderosdelapalma.es\/de\/\"},{\"@type\":\"ListItem\",\"position\":2,\"name\":\"Rastpl\u00c4tze\",\"item\":\"https:\/\/www.senderosdelapalma.es\/de\/rastplaetze\/\"},{\"@type\":\"ListItem\",\"position\":3,\"name\":\"Llano del Lance\"}]},{\"@type\":\"WebSite\",\"@id\":\"https:\/\/www.senderosdelapalma.es\/#website\",\"url\":\"https:\/\/www.senderosdelapalma.es\/\",\"name\":\"Red de Senderos de La Palma\",\"description\":\"La Palma, la isla de los senderistas. Una enorme variedad de climas, relieves y paisajes te est\u00e1n esperando.  \",\"publisher\":{\"@id\":\"https:\/\/www.senderosdelapalma.es\/#organization\"},\"potentialAction\":[{\"@type\":\"SearchAction\",\"target\":{\"@type\":\"EntryPoint\",\"urlTemplate\":\"https:\/\/www.senderosdelapalma.es\/?s={search_term_string}\"},\"query-input\":\"required name=search_term_string\"}],\"inLanguage\":\"de\"},{\"@type\":\"Organization\",\"@id\":\"https:\/\/www.senderosdelapalma.es\/#organization\",\"name\":\"Red de Senderos de La Palma\",\"url\":\"https:\/\/www.senderosdelapalma.es\/\",\"logo\":{\"@type\":\"ImageObject\",\"inLanguage\":\"de\",\"@id\":\"https:\/\/www.senderosdelapalma.es\/#\/schema\/logo\/image\/\",\"url\":\"https:\/\/www.senderosdelapalma.es\/wp-content\/uploads\/2015\/06\/cabildo_la_palma-01.png\",\"contentUrl\":\"https:\/\/www.senderosdelapalma.es\/wp-content\/uploads\/2015\/06\/cabildo_la_palma-01.png\",\"width\":3508,\"height\":2479,\"caption\":\"Red de Senderos de La Palma\"},\"image\":{\"@id\":\"https:\/\/www.senderosdelapalma.es\/#\/schema\/logo\/image\/\"},\"sameAs\":[\"https:\/\/www.facebook.com\/senderoslapalma\",\"https:\/\/twitter.com\/SenderosdeLaPal\",\"https:\/\/www.instagram.com\/senderosdelapalma\/\",\"https:\/\/www.pinterest.es\/senderoslp\/\"]}]}<\/script>\n<!-- \/ Yoast SEO plugin. -->","yoast_head_json":{"title":"Llano del Lance - Red de Senderos de La Palma","robots":{"index":"index","follow":"follow","max-snippet":"max-snippet:-1","max-image-preview":"max-image-preview:large","max-video-preview":"max-video-preview:-1"},"canonical":"https:\/\/www.senderosdelapalma.es\/de\/rastplaetze\/llano-del-lance\/","og_locale":"de_DE","og_type":"article","og_title":"Llano del Lance - Red de Senderos de La Palma","og_description":"[vc_row row_type=&#8220;row&#8220; type=&#8220;full_width&#8220; text_align=&#8220;left&#8220; background_image_as_pattern=&#8220;without_pattern&#8220;][vc_column width=&#8220;1\/4&#8243;][vc_column_text] [\/vc_column_text][\/vc_column][vc_column width=&#8220;1\/2&#8243;][\/vc_column][vc_column width=&#8220;1\/4&#8243; css=&#8220;.vc_custom_1410777777086{background-color: #f7f7f7 !important;}&#8220;][vc_separator type=&#8220;transparent&#8220; position=&#8220;center&#8220; up=&#8220;5&#8243; down=&#8220;5&#8243;][vc_separator type=&#8220;transparent&#8220; position=&#8220;center&#8220; up=&#8220;5&#8243; down=&#8220;5&#8243;][\/vc_column][\/vc_row][vc_row][vc_column][vc_separator type=&#8220;transparent&#8220; position=&#8220;center&#8220; up=&#8220;10&#8243; down=&#8220;10&#8243;][vc_separator type=&#8220;transparent&#8220; position=&#8220;center&#8220; up=&#8220;20&#8243; down=&#8220;30&#8243;][\/vc_column][\/vc_row]","og_url":"https:\/\/www.senderosdelapalma.es\/de\/rastplaetze\/llano-del-lance\/","og_site_name":"Red de Senderos de La Palma","article_publisher":"https:\/\/www.facebook.com\/senderoslapalma","article_modified_time":"2020-08-20T17:21:22+00:00","og_image":[{"width":230,"height":141,"url":"https:\/\/www.senderosdelapalma.es\/wp-content\/uploads\/2014\/07\/ellance.jpg","type":"image\/jpeg"}],"twitter_card":"summary_large_image","twitter_site":"@SenderosdeLaPal","twitter_misc":{"Gesch\u00e4tzte Lesezeit":"2\u00a0Minuten"},"schema":{"@context":"https:\/\/schema.org","@graph":[{"@type":"WebPage","@id":"https:\/\/www.senderosdelapalma.es\/de\/rastplaetze\/llano-del-lance\/","url":"https:\/\/www.senderosdelapalma.es\/de\/rastplaetze\/llano-del-lance\/","name":"Llano del Lance - Red de Senderos de La Palma","isPartOf":{"@id":"https:\/\/www.senderosdelapalma.es\/#website"},"datePublished":"2015-04-07T10:36:26+00:00","dateModified":"2020-08-20T17:21:22+00:00","breadcrumb":{"@id":"https:\/\/www.senderosdelapalma.es\/de\/rastplaetze\/llano-del-lance\/#breadcrumb"},"inLanguage":"de","potentialAction":[{"@type":"ReadAction","target":["https:\/\/www.senderosdelapalma.es\/de\/rastplaetze\/llano-del-lance\/"]}]},{"@type":"BreadcrumbList","@id":"https:\/\/www.senderosdelapalma.es\/de\/rastplaetze\/llano-del-lance\/#breadcrumb","itemListElement":[{"@type":"ListItem","position":1,"name":"Portada","item":"https:\/\/www.senderosdelapalma.es\/de\/"},{"@type":"ListItem","position":2,"name":"Rastpl\u00c4tze","item":"https:\/\/www.senderosdelapalma.es\/de\/rastplaetze\/"},{"@type":"ListItem","position":3,"name":"Llano del Lance"}]},{"@type":"WebSite","@id":"https:\/\/www.senderosdelapalma.es\/#website","url":"https:\/\/www.senderosdelapalma.es\/","name":"Red de Senderos de La Palma","description":"La Palma, la isla de los senderistas. Una enorme variedad de climas, relieves y paisajes te est\u00e1n esperando.  ","publisher":{"@id":"https:\/\/www.senderosdelapalma.es\/#organization"},"potentialAction":[{"@type":"SearchAction","target":{"@type":"EntryPoint","urlTemplate":"https:\/\/www.senderosdelapalma.es\/?s={search_term_string}"},"query-input":"required name=search_term_string"}],"inLanguage":"de"},{"@type":"Organization","@id":"https:\/\/www.senderosdelapalma.es\/#organization","name":"Red de Senderos de La Palma","url":"https:\/\/www.senderosdelapalma.es\/","logo":{"@type":"ImageObject","inLanguage":"de","@id":"https:\/\/www.senderosdelapalma.es\/#\/schema\/logo\/image\/","url":"https:\/\/www.senderosdelapalma.es\/wp-content\/uploads\/2015\/06\/cabildo_la_palma-01.png","contentUrl":"https:\/\/www.senderosdelapalma.es\/wp-content\/uploads\/2015\/06\/cabildo_la_palma-01.png","width":3508,"height":2479,"caption":"Red de Senderos de La Palma"},"image":{"@id":"https:\/\/www.senderosdelapalma.es\/#\/schema\/logo\/image\/"},"sameAs":["https:\/\/www.facebook.com\/senderoslapalma","https:\/\/twitter.com\/SenderosdeLaPal","https:\/\/www.instagram.com\/senderosdelapalma\/","https:\/\/www.pinterest.es\/senderoslp\/"]}]}},"_links":{"self":[{"href":"https:\/\/www.senderosdelapalma.es\/de\/wp-json\/wp\/v2\/pages\/18493\/"}],"collection":[{"href":"https:\/\/www.senderosdelapalma.es\/de\/wp-json\/wp\/v2\/pages\/"}],"about":[{"href":"https:\/\/www.senderosdelapalma.es\/de\/wp-json\/wp\/v2\/types\/page\/"}],"author":[{"embeddable":true,"href":"https:\/\/www.senderosdelapalma.es\/de\/wp-json\/wp\/v2\/users\/1\/"}],"replies":[{"embeddable":true,"href":"https:\/\/www.senderosdelapalma.es\/de\/wp-json\/wp\/v2\/comments\/?post=18493"}],"version-history":[{"count":0,"href":"https:\/\/www.senderosdelapalma.es\/de\/wp-json\/wp\/v2\/pages\/18493\/revisions\/"}],"up":[{"embeddable":true,"href":"https:\/\/www.senderosdelapalma.es\/de\/wp-json\/wp\/v2\/pages\/18097\/"}],"wp:featuredmedia":[{"embeddable":true,"href":"https:\/\/www.senderosdelapalma.es\/de\/wp-json\/wp\/v2\/media\/23113\/"}],"wp:attachment":[{"href":"https:\/\/www.senderosdelapalma.es\/de\/wp-json\/wp\/v2\/media\/?parent=18493"}],"curies":[{"name":"wp","href":"https:\/\/api.w.org\/{rel}","templated":true}]}}