{"id":18396,"date":"2015-04-07T06:48:29","date_gmt":"2015-04-07T06:48:29","guid":{"rendered":"http:\/\/www.senderosdelapalma.es\/?page_id=18396"},"modified":"2023-01-19T11:41:59","modified_gmt":"2023-01-19T11:41:59","slug":"centro-de-visitantes-caldera-de-taburiente","status":"publish","type":"page","link":"https:\/\/www.senderosdelapalma.es\/de\/besucherzentre\/centro-de-visitantes-caldera-de-taburiente\/","title":{"rendered":"Centro de Visitantes Caldera de Taburiente"},"content":{"rendered":"<section class=\"wpb-content-wrapper\"><p>[vc_row row_type=&#8220;row&#8220; type=&#8220;full_width&#8220; text_align=&#8220;left&#8220; background_image_as_pattern=&#8220;without_pattern&#8220;][vc_column width=&#8220;1\/4&#8243;][vc_column_text]<\/p>\n<p style=\"text-align: justify;\"><img decoding=\"async\" loading=\"lazy\" class=\"alignnone wp-image-60\" src=\"http:\/\/www.senderosdelapalma.es\/wp-content\/uploads\/2014\/07\/visitantes_elpaso.jpg\" alt=\"visitantes_elpaso\" width=\"199\" height=\"143\" \/><\/p>\n<p>[\/vc_column_text][\/vc_column][vc_column width=&#8220;1\/2&#8243;]<div class='service_table_holder'><ul class='service_table_inner'><li class='service_table_title_holder background_color_type' style=''><div class='service_table_title_inner'><div class='service_table_title_inner2'><h3 class='service_title' style=''>Centro de visitantes Caldera de Taburiente<\/h3><\/div><\/div><\/li><li class='service_table_content' style=''><\/p>\n<ul>\n<li style=\"text-align: justify;\"><strong>Ortschaft:<\/strong> El Paso<\/li>\n<li style=\"text-align: justify;\"><span class=\"titulo\"><b>Beschreibung: <\/b><\/span>Die Nationalparkverwaltung betreibt verschiedene Informationsstellen, das Besucherzentrum ist jedoch zweifelsohne das wichtigste. Es ist der ideale Ort, um sich mit Karten, Tipps und aktuellen Informationen \u00fcber den Zustand der Wanderwege einzudecken.<br \/>\nIn ihm finden Sie auch eine interessante, st\u00e4ndig aktualisierte Ausstellung mit Videos und Auskunftstafeln \u00fcber die Natursch\u00e4tze des Nationalparks. Au\u00dferdem gibt es ein gro\u00dfes Miniaturmodel der Insel. In der zugeh\u00f6rigen Gr\u00fcnanlage kann man Exemplare seltener heimischer Pflanzenjarten betrachten, die man in der freien Natur nur sehr schwer auffindet.<\/li>\n<li style=\"text-align: justify;\"><span class=\"titulo\"><b>Zugang: <\/b><\/span>Das Zentrum befindet sich bei Km 20,500 der Stra\u00dfe LP-3, die Santa Cruz de La Palma mit Los Llanos de Aridane verbindet und kann somit mit dem Linienbuss erreicht werden, der die beiden St\u00e4dte miteinander verbindet.<\/li>\n<li style=\"text-align: justify;\"><span class=\"titulo\"><b>Preis: <\/b><\/span>Kostenlos<\/li>\n<li style=\"text-align: justify;\"><span class=\"titulo\"><b>Sind \u00dcbernachtungen m\u00f6glich?: <\/b><\/span>Nein<\/li>\n<li style=\"text-align: justify;\"><span class=\"titulo\"><b>Genehmigung: <\/b><\/span><span style=\"text-decoration: underline;\">\u00d6FFNUNGSZEITEN<\/span> T\u00e4glich von 09.00 bis 18.00 Uhr. <span style=\"text-decoration: underline;\">Kontaktnummer<\/span> (+34) 922 922 280<\/li>\n<\/ul>\n<p><\/li><\/ul><\/div>[\/vc_column][vc_column width=&#8220;1\/4&#8243; css=&#8220;.vc_custom_1410777777086{background-color: #f7f7f7 !important;}&#8220;][vc_separator type=&#8220;transparent&#8220; position=&#8220;center&#8220; up=&#8220;5&#8243; down=&#8220;5&#8243;]<div class=\"custom_font_holder\" style=\" font-size: 20px; line-height: 26px; font-style: normal; font-weight: 400; color: #000000; text-decoration: none; padding: 0; margin: 0; text-align: left;\">BESUCHERZENTRE<\/div>[vc_separator type=&#8220;transparent&#8220; position=&#8220;center&#8220; up=&#8220;5&#8243; down=&#8220;5&#8243;]<div class=ordered><\/p>\n<ul>\n<li><a href=\"http:\/\/www.senderosdelapalma.es\/de\/besucherzentre\/canal-y-los-tilos\">CANAL Y LOS TILOS<\/a><\/li>\n<li><a href=\"http:\/\/www.senderosdelapalma.es\/de\/besucherzentre\/centro-ambiental-de-puntagorda\">CENTRO AMBIENTAL DE PUNTAGORDA<\/a><\/li>\n<li><a href=\"http:\/\/www.senderosdelapalma.es\/de\/besucherzentre\/centro-de-interpretacion\">CENTRO DE CUMBRE VIEJA<\/a><\/li>\n<li><a href=\"http:\/\/www.senderosdelapalma.es\/de\/besucherzentre\/centro-de-visitantes-caldera-de-taburiente\">CENTRO DE VISITANTES CALDERA DE TABURIENTE<\/a><\/li>\n<li><a href=\"http:\/\/www.senderosdelapalma.es\/de\/besucherzentre\/centro-de-visitantes-fuencaliente\">CENTRO DE VISITANTES FUENCALIENTE<\/a><\/li>\n<\/ul>\n<p><\/div>[\/vc_column][\/vc_row][vc_row][vc_column][vc_separator type=&#8220;transparent&#8220; position=&#8220;center&#8220; up=&#8220;10&#8243; down=&#8220;10&#8243;]<a href=\"\" target=\"_self\"  class=\"qbutton \" style=\"\"><i class=\"fa fa-arrow-left\" style=\"\"><\/i><\/a>[vc_separator type=&#8220;transparent&#8220; position=&#8220;center&#8220; up=&#8220;20&#8243; down=&#8220;30&#8243;][\/vc_column][\/vc_row]<\/p>\n<\/section>","protected":false},"excerpt":{"rendered":"<p>[vc_row row_type=&#8220;row&#8220; type=&#8220;full_width&#8220; text_align=&#8220;left&#8220; background_image_as_pattern=&#8220;without_pattern&#8220;][vc_column width=&#8220;1\/4&#8243;][vc_column_text] [\/vc_column_text][\/vc_column][vc_column width=&#8220;1\/2&#8243;][\/vc_column][vc_column width=&#8220;1\/4&#8243; css=&#8220;.vc_custom_1410777777086{background-color: #f7f7f7 !important;}&#8220;][vc_separator type=&#8220;transparent&#8220; position=&#8220;center&#8220; up=&#8220;5&#8243; down=&#8220;5&#8243;][vc_separator type=&#8220;transparent&#8220; position=&#8220;center&#8220; up=&#8220;5&#8243; down=&#8220;5&#8243;][\/vc_column][\/vc_row][vc_row][vc_column][vc_separator type=&#8220;transparent&#8220; position=&#8220;center&#8220; up=&#8220;10&#8243; down=&#8220;10&#8243;][vc_separator type=&#8220;transparent&#8220; position=&#8220;center&#8220; up=&#8220;20&#8243; down=&#8220;30&#8243;][\/vc_column][\/vc_row]<\/p>\n","protected":false},"author":1,"featured_media":22943,"parent":18105,"menu_order":0,"comment_status":"open","ping_status":"open","template":"","meta":[],"yoast_head":"<!-- This site is optimized with the Yoast SEO plugin v21.0 - https:\/\/yoast.com\/wordpress\/plugins\/seo\/ -->\n<title>Centro de Visitantes Caldera de Taburiente - Red de Senderos de La Palma<\/title>\n<meta name=\"robots\" content=\"index, follow, max-snippet:-1, max-image-preview:large, max-video-preview:-1\" \/>\n<link rel=\"canonical\" href=\"https:\/\/www.senderosdelapalma.es\/de\/besucherzentre\/centro-de-visitantes-caldera-de-taburiente\/\" \/>\n<meta property=\"og:locale\" content=\"de_DE\" \/>\n<meta property=\"og:type\" content=\"article\" \/>\n<meta property=\"og:title\" content=\"Centro de Visitantes Caldera de Taburiente - Red de Senderos de La Palma\" \/>\n<meta property=\"og:description\" content=\"[vc_row row_type=&#8220;row&#8220; type=&#8220;full_width&#8220; text_align=&#8220;left&#8220; background_image_as_pattern=&#8220;without_pattern&#8220;][vc_column width=&#8220;1\/4&#8243;][vc_column_text] [\/vc_column_text][\/vc_column][vc_column width=&#8220;1\/2&#8243;][\/vc_column][vc_column width=&#8220;1\/4&#8243; css=&#8220;.vc_custom_1410777777086{background-color: #f7f7f7 !important;}&#8220;][vc_separator type=&#8220;transparent&#8220; position=&#8220;center&#8220; up=&#8220;5&#8243; down=&#8220;5&#8243;][vc_separator type=&#8220;transparent&#8220; position=&#8220;center&#8220; up=&#8220;5&#8243; down=&#8220;5&#8243;][\/vc_column][\/vc_row][vc_row][vc_column][vc_separator type=&#8220;transparent&#8220; position=&#8220;center&#8220; up=&#8220;10&#8243; down=&#8220;10&#8243;][vc_separator type=&#8220;transparent&#8220; position=&#8220;center&#8220; up=&#8220;20&#8243; down=&#8220;30&#8243;][\/vc_column][\/vc_row]\" \/>\n<meta property=\"og:url\" content=\"https:\/\/www.senderosdelapalma.es\/de\/besucherzentre\/centro-de-visitantes-caldera-de-taburiente\/\" \/>\n<meta property=\"og:site_name\" content=\"Red de Senderos de La Palma\" \/>\n<meta property=\"article:publisher\" content=\"https:\/\/www.facebook.com\/senderoslapalma\" \/>\n<meta property=\"article:modified_time\" content=\"2023-01-19T11:41:59+00:00\" \/>\n<meta property=\"og:image\" content=\"https:\/\/www.senderosdelapalma.es\/wp-content\/uploads\/2014\/07\/visitantes_elpaso.jpg\" \/>\n\t<meta property=\"og:image:width\" content=\"175\" \/>\n\t<meta property=\"og:image:height\" content=\"126\" \/>\n\t<meta property=\"og:image:type\" content=\"image\/jpeg\" \/>\n<meta name=\"twitter:card\" content=\"summary_large_image\" \/>\n<meta name=\"twitter:site\" content=\"@SenderosdeLaPal\" \/>\n<meta name=\"twitter:label1\" content=\"Gesch\u00e4tzte Lesezeit\" \/>\n\t<meta name=\"twitter:data1\" content=\"2\u00a0Minuten\" \/>\n<script type=\"application\/ld+json\" class=\"yoast-schema-graph\">{\"@context\":\"https:\/\/schema.org\",\"@graph\":[{\"@type\":\"WebPage\",\"@id\":\"https:\/\/www.senderosdelapalma.es\/de\/besucherzentre\/centro-de-visitantes-caldera-de-taburiente\/\",\"url\":\"https:\/\/www.senderosdelapalma.es\/de\/besucherzentre\/centro-de-visitantes-caldera-de-taburiente\/\",\"name\":\"Centro de Visitantes Caldera de Taburiente - Red de Senderos de La Palma\",\"isPartOf\":{\"@id\":\"https:\/\/www.senderosdelapalma.es\/#website\"},\"datePublished\":\"2015-04-07T06:48:29+00:00\",\"dateModified\":\"2023-01-19T11:41:59+00:00\",\"breadcrumb\":{\"@id\":\"https:\/\/www.senderosdelapalma.es\/de\/besucherzentre\/centro-de-visitantes-caldera-de-taburiente\/#breadcrumb\"},\"inLanguage\":\"de\",\"potentialAction\":[{\"@type\":\"ReadAction\",\"target\":[\"https:\/\/www.senderosdelapalma.es\/de\/besucherzentre\/centro-de-visitantes-caldera-de-taburiente\/\"]}]},{\"@type\":\"BreadcrumbList\",\"@id\":\"https:\/\/www.senderosdelapalma.es\/de\/besucherzentre\/centro-de-visitantes-caldera-de-taburiente\/#breadcrumb\",\"itemListElement\":[{\"@type\":\"ListItem\",\"position\":1,\"name\":\"Portada\",\"item\":\"https:\/\/www.senderosdelapalma.es\/de\/\"},{\"@type\":\"ListItem\",\"position\":2,\"name\":\"Besucherzentre\",\"item\":\"https:\/\/www.senderosdelapalma.es\/de\/besucherzentre\/\"},{\"@type\":\"ListItem\",\"position\":3,\"name\":\"Centro de Visitantes Caldera de Taburiente\"}]},{\"@type\":\"WebSite\",\"@id\":\"https:\/\/www.senderosdelapalma.es\/#website\",\"url\":\"https:\/\/www.senderosdelapalma.es\/\",\"name\":\"Red de Senderos de La Palma\",\"description\":\"La Palma, la isla de los senderistas. Una enorme variedad de climas, relieves y paisajes te est\u00e1n esperando.  \",\"publisher\":{\"@id\":\"https:\/\/www.senderosdelapalma.es\/#organization\"},\"potentialAction\":[{\"@type\":\"SearchAction\",\"target\":{\"@type\":\"EntryPoint\",\"urlTemplate\":\"https:\/\/www.senderosdelapalma.es\/?s={search_term_string}\"},\"query-input\":\"required name=search_term_string\"}],\"inLanguage\":\"de\"},{\"@type\":\"Organization\",\"@id\":\"https:\/\/www.senderosdelapalma.es\/#organization\",\"name\":\"Red de Senderos de La Palma\",\"url\":\"https:\/\/www.senderosdelapalma.es\/\",\"logo\":{\"@type\":\"ImageObject\",\"inLanguage\":\"de\",\"@id\":\"https:\/\/www.senderosdelapalma.es\/#\/schema\/logo\/image\/\",\"url\":\"https:\/\/www.senderosdelapalma.es\/wp-content\/uploads\/2015\/06\/cabildo_la_palma-01.png\",\"contentUrl\":\"https:\/\/www.senderosdelapalma.es\/wp-content\/uploads\/2015\/06\/cabildo_la_palma-01.png\",\"width\":3508,\"height\":2479,\"caption\":\"Red de Senderos de La Palma\"},\"image\":{\"@id\":\"https:\/\/www.senderosdelapalma.es\/#\/schema\/logo\/image\/\"},\"sameAs\":[\"https:\/\/www.facebook.com\/senderoslapalma\",\"https:\/\/twitter.com\/SenderosdeLaPal\",\"https:\/\/www.instagram.com\/senderosdelapalma\/\",\"https:\/\/www.pinterest.es\/senderoslp\/\"]}]}<\/script>\n<!-- \/ Yoast SEO plugin. -->","yoast_head_json":{"title":"Centro de Visitantes Caldera de Taburiente - Red de Senderos de La Palma","robots":{"index":"index","follow":"follow","max-snippet":"max-snippet:-1","max-image-preview":"max-image-preview:large","max-video-preview":"max-video-preview:-1"},"canonical":"https:\/\/www.senderosdelapalma.es\/de\/besucherzentre\/centro-de-visitantes-caldera-de-taburiente\/","og_locale":"de_DE","og_type":"article","og_title":"Centro de Visitantes Caldera de Taburiente - Red de Senderos de La Palma","og_description":"[vc_row row_type=&#8220;row&#8220; type=&#8220;full_width&#8220; text_align=&#8220;left&#8220; background_image_as_pattern=&#8220;without_pattern&#8220;][vc_column width=&#8220;1\/4&#8243;][vc_column_text] [\/vc_column_text][\/vc_column][vc_column width=&#8220;1\/2&#8243;][\/vc_column][vc_column width=&#8220;1\/4&#8243; css=&#8220;.vc_custom_1410777777086{background-color: #f7f7f7 !important;}&#8220;][vc_separator type=&#8220;transparent&#8220; position=&#8220;center&#8220; up=&#8220;5&#8243; down=&#8220;5&#8243;][vc_separator type=&#8220;transparent&#8220; position=&#8220;center&#8220; up=&#8220;5&#8243; down=&#8220;5&#8243;][\/vc_column][\/vc_row][vc_row][vc_column][vc_separator type=&#8220;transparent&#8220; position=&#8220;center&#8220; up=&#8220;10&#8243; down=&#8220;10&#8243;][vc_separator type=&#8220;transparent&#8220; position=&#8220;center&#8220; up=&#8220;20&#8243; down=&#8220;30&#8243;][\/vc_column][\/vc_row]","og_url":"https:\/\/www.senderosdelapalma.es\/de\/besucherzentre\/centro-de-visitantes-caldera-de-taburiente\/","og_site_name":"Red de Senderos de La Palma","article_publisher":"https:\/\/www.facebook.com\/senderoslapalma","article_modified_time":"2023-01-19T11:41:59+00:00","og_image":[{"width":175,"height":126,"url":"https:\/\/www.senderosdelapalma.es\/wp-content\/uploads\/2014\/07\/visitantes_elpaso.jpg","type":"image\/jpeg"}],"twitter_card":"summary_large_image","twitter_site":"@SenderosdeLaPal","twitter_misc":{"Gesch\u00e4tzte Lesezeit":"2\u00a0Minuten"},"schema":{"@context":"https:\/\/schema.org","@graph":[{"@type":"WebPage","@id":"https:\/\/www.senderosdelapalma.es\/de\/besucherzentre\/centro-de-visitantes-caldera-de-taburiente\/","url":"https:\/\/www.senderosdelapalma.es\/de\/besucherzentre\/centro-de-visitantes-caldera-de-taburiente\/","name":"Centro de Visitantes Caldera de Taburiente - Red de Senderos de La Palma","isPartOf":{"@id":"https:\/\/www.senderosdelapalma.es\/#website"},"datePublished":"2015-04-07T06:48:29+00:00","dateModified":"2023-01-19T11:41:59+00:00","breadcrumb":{"@id":"https:\/\/www.senderosdelapalma.es\/de\/besucherzentre\/centro-de-visitantes-caldera-de-taburiente\/#breadcrumb"},"inLanguage":"de","potentialAction":[{"@type":"ReadAction","target":["https:\/\/www.senderosdelapalma.es\/de\/besucherzentre\/centro-de-visitantes-caldera-de-taburiente\/"]}]},{"@type":"BreadcrumbList","@id":"https:\/\/www.senderosdelapalma.es\/de\/besucherzentre\/centro-de-visitantes-caldera-de-taburiente\/#breadcrumb","itemListElement":[{"@type":"ListItem","position":1,"name":"Portada","item":"https:\/\/www.senderosdelapalma.es\/de\/"},{"@type":"ListItem","position":2,"name":"Besucherzentre","item":"https:\/\/www.senderosdelapalma.es\/de\/besucherzentre\/"},{"@type":"ListItem","position":3,"name":"Centro de Visitantes Caldera de Taburiente"}]},{"@type":"WebSite","@id":"https:\/\/www.senderosdelapalma.es\/#website","url":"https:\/\/www.senderosdelapalma.es\/","name":"Red de Senderos de La Palma","description":"La Palma, la isla de los senderistas. Una enorme variedad de climas, relieves y paisajes te est\u00e1n esperando.  ","publisher":{"@id":"https:\/\/www.senderosdelapalma.es\/#organization"},"potentialAction":[{"@type":"SearchAction","target":{"@type":"EntryPoint","urlTemplate":"https:\/\/www.senderosdelapalma.es\/?s={search_term_string}"},"query-input":"required name=search_term_string"}],"inLanguage":"de"},{"@type":"Organization","@id":"https:\/\/www.senderosdelapalma.es\/#organization","name":"Red de Senderos de La Palma","url":"https:\/\/www.senderosdelapalma.es\/","logo":{"@type":"ImageObject","inLanguage":"de","@id":"https:\/\/www.senderosdelapalma.es\/#\/schema\/logo\/image\/","url":"https:\/\/www.senderosdelapalma.es\/wp-content\/uploads\/2015\/06\/cabildo_la_palma-01.png","contentUrl":"https:\/\/www.senderosdelapalma.es\/wp-content\/uploads\/2015\/06\/cabildo_la_palma-01.png","width":3508,"height":2479,"caption":"Red de Senderos de La Palma"},"image":{"@id":"https:\/\/www.senderosdelapalma.es\/#\/schema\/logo\/image\/"},"sameAs":["https:\/\/www.facebook.com\/senderoslapalma","https:\/\/twitter.com\/SenderosdeLaPal","https:\/\/www.instagram.com\/senderosdelapalma\/","https:\/\/www.pinterest.es\/senderoslp\/"]}]}},"_links":{"self":[{"href":"https:\/\/www.senderosdelapalma.es\/de\/wp-json\/wp\/v2\/pages\/18396\/"}],"collection":[{"href":"https:\/\/www.senderosdelapalma.es\/de\/wp-json\/wp\/v2\/pages\/"}],"about":[{"href":"https:\/\/www.senderosdelapalma.es\/de\/wp-json\/wp\/v2\/types\/page\/"}],"author":[{"embeddable":true,"href":"https:\/\/www.senderosdelapalma.es\/de\/wp-json\/wp\/v2\/users\/1\/"}],"replies":[{"embeddable":true,"href":"https:\/\/www.senderosdelapalma.es\/de\/wp-json\/wp\/v2\/comments\/?post=18396"}],"version-history":[{"count":0,"href":"https:\/\/www.senderosdelapalma.es\/de\/wp-json\/wp\/v2\/pages\/18396\/revisions\/"}],"up":[{"embeddable":true,"href":"https:\/\/www.senderosdelapalma.es\/de\/wp-json\/wp\/v2\/pages\/18105\/"}],"wp:featuredmedia":[{"embeddable":true,"href":"https:\/\/www.senderosdelapalma.es\/de\/wp-json\/wp\/v2\/media\/22943\/"}],"wp:attachment":[{"href":"https:\/\/www.senderosdelapalma.es\/de\/wp-json\/wp\/v2\/media\/?parent=18396"}],"curies":[{"name":"wp","href":"https:\/\/api.w.org\/{rel}","templated":true}]}}