{"id":18330,"date":"2015-04-06T14:36:19","date_gmt":"2015-04-06T14:36:19","guid":{"rendered":"http:\/\/www.senderosdelapalma.es\/?page_id=18330"},"modified":"2020-08-20T17:21:20","modified_gmt":"2020-08-20T17:21:20","slug":"las-cancelas","status":"publish","type":"page","link":"https:\/\/www.senderosdelapalma.es\/de\/naturschulen\/las-cancelas\/","title":{"rendered":"Las Cancelas"},"content":{"rendered":"<section class=\"wpb-content-wrapper\"><p>[vc_row row_type=&#8220;row&#8220; type=&#8220;full_width&#8220; text_align=&#8220;left&#8220; background_image_as_pattern=&#8220;without_pattern&#8220;][vc_column width=&#8220;1\/4&#8243;][vc_column_text]<\/p>\n<p style=\"text-align: justify;\"><img decoding=\"async\" loading=\"lazy\" class=\"alignnone size-full wp-image-97\" src=\"http:\/\/www.senderosdelapalma.es\/wp-content\/uploads\/2014\/07\/las-cancelas.jpg\" alt=\"las cancelas\" width=\"230\" height=\"141\" \/><\/p>\n<p>[\/vc_column_text][\/vc_column][vc_column width=&#8220;1\/2&#8243;]<div class='service_table_holder'><ul class='service_table_inner'><li class='service_table_title_holder background_color_type' style=''><div class='service_table_title_inner'><div class='service_table_title_inner2'><h3 class='service_title' style=''>Las Cancelas<\/h3><\/div><\/div><\/li><li class='service_table_content' style=''><\/p>\n<ul>\n<li style=\"text-align: justify;\"><strong>Ortschaft:\u00a0<\/strong>\u00a0San Andr\u00e9s y Sauces<\/li>\n<li style=\"text-align: justify;\"><strong><b>Beschreibung<\/b>:<\/strong>\u00a0Diese Naturschule liegt auf dem Gebiet der Gemeinde San Andr\u00e9s y Sauces, in der Kernzone des Biosph\u00e4renreservats, und ist Teil des zuk\u00fcnftigen Parks Las Cancelas. Neben der Naturschule werden zu diesem Park auch eine Herberge f\u00fcr Wanderer, eine Umweltinformationsstelle sowie ein Areal f\u00fcr Outdoor-Aktivit\u00e4ten geh\u00f6ren. Die erst k\u00fcrzlich fertig gestellte Naturschule bietet Platz f\u00fcr 22 Sch\u00fcler und 2 Lehrer und verf\u00fcgt \u00fcber s\u00e4mtliche Einrichtungen, die f\u00fcr den Naturkundeunterricht und die Umweltsensibilisierung erforderlich sind.<\/li>\n<li style=\"text-align: justify;\"><strong><b>Zugang<\/b>:<\/strong>\u00a0Diese <em>Aula de la Naturaleza <\/em>k\u00f6nnen Sie mit dem Bus der Linie 2<em>(Circunvalaci\u00f3n Norte) <\/em>erreichen, der auf der Nordstra\u00dfe (LP-1, auf alten Karten als C-830 bezeichnet) verkehrt. Steigen Sie auf der H\u00f6he des Weilers Las Lomadas (Gemeinde San Andr\u00e9s y Sauces) beim Kilometer 28 (Richtung Norden) aus. Von hier sind es noch 3,5 km bis zur Naturschule. Sie erreichen Sie, indem Sie Richtung Quellen Marcos und Cordero hochgehen oder \u2013fahren (Privatauto).<\/li>\n<li style=\"text-align: justify;\"><strong><b>Einrichtungen<\/b>:<\/strong>\u00a0Tische und B\u00e4nke im Au\u03b2enraum, Parkplatz, Speisesaal, Trinkwasser, Strom, Duschen and WCs.<strong><br \/>\n<\/strong><\/li>\n<li style=\"text-align: justify;\"><strong>Preios:<\/strong>\u00a0Kostenlos<\/li>\n<li style=\"text-align: justify;\"><span class=\"titulo\"><b>Sind \u00dcbernachtungen m\u00f6glich?: <\/b><\/span>Ja<\/li>\n<li style=\"text-align: justify;\"><span class=\"titulo\"><b>Genehmigung: <\/b><\/span>Wer die Installationen der Naturschule in Anspruch nehmen will, muss sich anmelden und Kurse mit der Thematik Umwelt und Wandern anbieten.<\/li>\n<\/ul>\n<p><\/li><\/ul><\/div>[\/vc_column][vc_column width=&#8220;1\/4&#8243; css=&#8220;.vc_custom_1410777777086{background-color: #f7f7f7 !important;}&#8220;][vc_separator type=&#8220;transparent&#8220; position=&#8220;center&#8220; up=&#8220;5&#8243; down=&#8220;5&#8243;]<div class=\"custom_font_holder\" style=\" font-size: 20px; line-height: 26px; font-style: normal; font-weight: 400; color: #000000; text-decoration: none; padding: 0; margin: 0; text-align: left;\">NATURSCHULEN<\/div>[vc_separator type=&#8220;transparent&#8220; position=&#8220;center&#8220; up=&#8220;5&#8243; down=&#8220;5&#8243;]<div class=ordered><\/p>\n<ul>\n<li><a href=\"http:\/\/www.senderosdelapalma.es\/de\/naturschulen\/las-cancelas\">LAS CANCELAS<\/a><\/li>\n<li><a href=\"http:\/\/www.senderosdelapalma.es\/de\/naturschulen\/el-riachuelo\">EL RIACHUELO<\/a><\/li>\n<li><a href=\"http:\/\/www.senderosdelapalma.es\/de\/naturschulen\/albegue-de-san-antonio-del-monte\">ALBERGUE DE SAN ANTONIO DEL MONTE<\/a><\/li>\n<li><a href=\"http:\/\/www.senderosdelapalma.es\/de\/naturschulen\/centro-de-naturaleza-la-rosa\">CENTRO DE NATURALEZA LA ROSA<\/a><\/li>\n<\/ul>\n<p><\/div>[\/vc_column][\/vc_row][vc_row][vc_column][vc_separator type=&#8220;transparent&#8220; position=&#8220;center&#8220; up=&#8220;10&#8243; down=&#8220;10&#8243;]<a href=\"http:\/\/www.senderosdelapalma.es\/de\/naturschulen\/\" target=\"_self\"  class=\"qbutton \" style=\"\"><i class=\"fa fa-arrow-left\" style=\"\"><\/i><\/a>[vc_separator type=&#8220;transparent&#8220; position=&#8220;center&#8220; up=&#8220;20&#8243; down=&#8220;30&#8243;][\/vc_column][\/vc_row]<\/p>\n<\/section>","protected":false},"excerpt":{"rendered":"<p>[vc_row row_type=&#8220;row&#8220; type=&#8220;full_width&#8220; text_align=&#8220;left&#8220; background_image_as_pattern=&#8220;without_pattern&#8220;][vc_column width=&#8220;1\/4&#8243;][vc_column_text] [\/vc_column_text][\/vc_column][vc_column width=&#8220;1\/2&#8243;][\/vc_column][vc_column width=&#8220;1\/4&#8243; css=&#8220;.vc_custom_1410777777086{background-color: #f7f7f7 !important;}&#8220;][vc_separator type=&#8220;transparent&#8220; position=&#8220;center&#8220; up=&#8220;5&#8243; down=&#8220;5&#8243;][vc_separator type=&#8220;transparent&#8220; position=&#8220;center&#8220; up=&#8220;5&#8243; down=&#8220;5&#8243;][\/vc_column][\/vc_row][vc_row][vc_column][vc_separator type=&#8220;transparent&#8220; position=&#8220;center&#8220; up=&#8220;10&#8243; down=&#8220;10&#8243;][vc_separator type=&#8220;transparent&#8220; position=&#8220;center&#8220; up=&#8220;20&#8243; down=&#8220;30&#8243;][\/vc_column][\/vc_row]<\/p>\n","protected":false},"author":1,"featured_media":23104,"parent":18125,"menu_order":0,"comment_status":"open","ping_status":"open","template":"","meta":[],"yoast_head":"<!-- This site is optimized with the Yoast SEO plugin v21.0 - https:\/\/yoast.com\/wordpress\/plugins\/seo\/ -->\n<title>Las Cancelas - Red de Senderos de La Palma<\/title>\n<meta name=\"robots\" content=\"index, follow, max-snippet:-1, max-image-preview:large, max-video-preview:-1\" \/>\n<link rel=\"canonical\" href=\"https:\/\/www.senderosdelapalma.es\/de\/naturschulen\/las-cancelas\/\" \/>\n<meta property=\"og:locale\" content=\"de_DE\" \/>\n<meta property=\"og:type\" content=\"article\" \/>\n<meta property=\"og:title\" content=\"Las Cancelas - Red de Senderos de La Palma\" \/>\n<meta property=\"og:description\" content=\"[vc_row row_type=&#8220;row&#8220; type=&#8220;full_width&#8220; text_align=&#8220;left&#8220; background_image_as_pattern=&#8220;without_pattern&#8220;][vc_column width=&#8220;1\/4&#8243;][vc_column_text] [\/vc_column_text][\/vc_column][vc_column width=&#8220;1\/2&#8243;][\/vc_column][vc_column width=&#8220;1\/4&#8243; css=&#8220;.vc_custom_1410777777086{background-color: #f7f7f7 !important;}&#8220;][vc_separator type=&#8220;transparent&#8220; position=&#8220;center&#8220; up=&#8220;5&#8243; down=&#8220;5&#8243;][vc_separator type=&#8220;transparent&#8220; position=&#8220;center&#8220; up=&#8220;5&#8243; down=&#8220;5&#8243;][\/vc_column][\/vc_row][vc_row][vc_column][vc_separator type=&#8220;transparent&#8220; position=&#8220;center&#8220; up=&#8220;10&#8243; down=&#8220;10&#8243;][vc_separator type=&#8220;transparent&#8220; position=&#8220;center&#8220; up=&#8220;20&#8243; down=&#8220;30&#8243;][\/vc_column][\/vc_row]\" \/>\n<meta property=\"og:url\" content=\"https:\/\/www.senderosdelapalma.es\/de\/naturschulen\/las-cancelas\/\" \/>\n<meta property=\"og:site_name\" content=\"Red de Senderos de La Palma\" \/>\n<meta property=\"article:publisher\" content=\"https:\/\/www.facebook.com\/senderoslapalma\" \/>\n<meta property=\"article:modified_time\" content=\"2020-08-20T17:21:20+00:00\" \/>\n<meta property=\"og:image\" content=\"https:\/\/www.senderosdelapalma.es\/wp-content\/uploads\/2014\/07\/las-cancelas.jpg\" \/>\n\t<meta property=\"og:image:width\" content=\"230\" \/>\n\t<meta property=\"og:image:height\" content=\"141\" \/>\n\t<meta property=\"og:image:type\" content=\"image\/jpeg\" \/>\n<meta name=\"twitter:card\" content=\"summary_large_image\" \/>\n<meta name=\"twitter:site\" content=\"@SenderosdeLaPal\" \/>\n<meta name=\"twitter:label1\" content=\"Gesch\u00e4tzte Lesezeit\" \/>\n\t<meta name=\"twitter:data1\" content=\"2\u00a0Minuten\" \/>\n<script type=\"application\/ld+json\" class=\"yoast-schema-graph\">{\"@context\":\"https:\/\/schema.org\",\"@graph\":[{\"@type\":\"WebPage\",\"@id\":\"https:\/\/www.senderosdelapalma.es\/de\/naturschulen\/las-cancelas\/\",\"url\":\"https:\/\/www.senderosdelapalma.es\/de\/naturschulen\/las-cancelas\/\",\"name\":\"Las Cancelas - Red de Senderos de La Palma\",\"isPartOf\":{\"@id\":\"https:\/\/www.senderosdelapalma.es\/#website\"},\"datePublished\":\"2015-04-06T14:36:19+00:00\",\"dateModified\":\"2020-08-20T17:21:20+00:00\",\"breadcrumb\":{\"@id\":\"https:\/\/www.senderosdelapalma.es\/de\/naturschulen\/las-cancelas\/#breadcrumb\"},\"inLanguage\":\"de\",\"potentialAction\":[{\"@type\":\"ReadAction\",\"target\":[\"https:\/\/www.senderosdelapalma.es\/de\/naturschulen\/las-cancelas\/\"]}]},{\"@type\":\"BreadcrumbList\",\"@id\":\"https:\/\/www.senderosdelapalma.es\/de\/naturschulen\/las-cancelas\/#breadcrumb\",\"itemListElement\":[{\"@type\":\"ListItem\",\"position\":1,\"name\":\"Portada\",\"item\":\"https:\/\/www.senderosdelapalma.es\/de\/\"},{\"@type\":\"ListItem\",\"position\":2,\"name\":\"Naturschulen\",\"item\":\"https:\/\/www.senderosdelapalma.es\/de\/naturschulen\/\"},{\"@type\":\"ListItem\",\"position\":3,\"name\":\"Las Cancelas\"}]},{\"@type\":\"WebSite\",\"@id\":\"https:\/\/www.senderosdelapalma.es\/#website\",\"url\":\"https:\/\/www.senderosdelapalma.es\/\",\"name\":\"Red de Senderos de La Palma\",\"description\":\"La Palma, la isla de los senderistas. Una enorme variedad de climas, relieves y paisajes te est\u00e1n esperando.  \",\"publisher\":{\"@id\":\"https:\/\/www.senderosdelapalma.es\/#organization\"},\"potentialAction\":[{\"@type\":\"SearchAction\",\"target\":{\"@type\":\"EntryPoint\",\"urlTemplate\":\"https:\/\/www.senderosdelapalma.es\/?s={search_term_string}\"},\"query-input\":\"required name=search_term_string\"}],\"inLanguage\":\"de\"},{\"@type\":\"Organization\",\"@id\":\"https:\/\/www.senderosdelapalma.es\/#organization\",\"name\":\"Red de Senderos de La Palma\",\"url\":\"https:\/\/www.senderosdelapalma.es\/\",\"logo\":{\"@type\":\"ImageObject\",\"inLanguage\":\"de\",\"@id\":\"https:\/\/www.senderosdelapalma.es\/#\/schema\/logo\/image\/\",\"url\":\"https:\/\/www.senderosdelapalma.es\/wp-content\/uploads\/2015\/06\/cabildo_la_palma-01.png\",\"contentUrl\":\"https:\/\/www.senderosdelapalma.es\/wp-content\/uploads\/2015\/06\/cabildo_la_palma-01.png\",\"width\":3508,\"height\":2479,\"caption\":\"Red de Senderos de La Palma\"},\"image\":{\"@id\":\"https:\/\/www.senderosdelapalma.es\/#\/schema\/logo\/image\/\"},\"sameAs\":[\"https:\/\/www.facebook.com\/senderoslapalma\",\"https:\/\/twitter.com\/SenderosdeLaPal\",\"https:\/\/www.instagram.com\/senderosdelapalma\/\",\"https:\/\/www.pinterest.es\/senderoslp\/\"]}]}<\/script>\n<!-- \/ Yoast SEO plugin. -->","yoast_head_json":{"title":"Las Cancelas - Red de Senderos de La Palma","robots":{"index":"index","follow":"follow","max-snippet":"max-snippet:-1","max-image-preview":"max-image-preview:large","max-video-preview":"max-video-preview:-1"},"canonical":"https:\/\/www.senderosdelapalma.es\/de\/naturschulen\/las-cancelas\/","og_locale":"de_DE","og_type":"article","og_title":"Las Cancelas - Red de Senderos de La Palma","og_description":"[vc_row row_type=&#8220;row&#8220; type=&#8220;full_width&#8220; text_align=&#8220;left&#8220; background_image_as_pattern=&#8220;without_pattern&#8220;][vc_column width=&#8220;1\/4&#8243;][vc_column_text] [\/vc_column_text][\/vc_column][vc_column width=&#8220;1\/2&#8243;][\/vc_column][vc_column width=&#8220;1\/4&#8243; css=&#8220;.vc_custom_1410777777086{background-color: #f7f7f7 !important;}&#8220;][vc_separator type=&#8220;transparent&#8220; position=&#8220;center&#8220; up=&#8220;5&#8243; down=&#8220;5&#8243;][vc_separator type=&#8220;transparent&#8220; position=&#8220;center&#8220; up=&#8220;5&#8243; down=&#8220;5&#8243;][\/vc_column][\/vc_row][vc_row][vc_column][vc_separator type=&#8220;transparent&#8220; position=&#8220;center&#8220; up=&#8220;10&#8243; down=&#8220;10&#8243;][vc_separator type=&#8220;transparent&#8220; position=&#8220;center&#8220; up=&#8220;20&#8243; down=&#8220;30&#8243;][\/vc_column][\/vc_row]","og_url":"https:\/\/www.senderosdelapalma.es\/de\/naturschulen\/las-cancelas\/","og_site_name":"Red de Senderos de La Palma","article_publisher":"https:\/\/www.facebook.com\/senderoslapalma","article_modified_time":"2020-08-20T17:21:20+00:00","og_image":[{"width":230,"height":141,"url":"https:\/\/www.senderosdelapalma.es\/wp-content\/uploads\/2014\/07\/las-cancelas.jpg","type":"image\/jpeg"}],"twitter_card":"summary_large_image","twitter_site":"@SenderosdeLaPal","twitter_misc":{"Gesch\u00e4tzte Lesezeit":"2\u00a0Minuten"},"schema":{"@context":"https:\/\/schema.org","@graph":[{"@type":"WebPage","@id":"https:\/\/www.senderosdelapalma.es\/de\/naturschulen\/las-cancelas\/","url":"https:\/\/www.senderosdelapalma.es\/de\/naturschulen\/las-cancelas\/","name":"Las Cancelas - Red de Senderos de La Palma","isPartOf":{"@id":"https:\/\/www.senderosdelapalma.es\/#website"},"datePublished":"2015-04-06T14:36:19+00:00","dateModified":"2020-08-20T17:21:20+00:00","breadcrumb":{"@id":"https:\/\/www.senderosdelapalma.es\/de\/naturschulen\/las-cancelas\/#breadcrumb"},"inLanguage":"de","potentialAction":[{"@type":"ReadAction","target":["https:\/\/www.senderosdelapalma.es\/de\/naturschulen\/las-cancelas\/"]}]},{"@type":"BreadcrumbList","@id":"https:\/\/www.senderosdelapalma.es\/de\/naturschulen\/las-cancelas\/#breadcrumb","itemListElement":[{"@type":"ListItem","position":1,"name":"Portada","item":"https:\/\/www.senderosdelapalma.es\/de\/"},{"@type":"ListItem","position":2,"name":"Naturschulen","item":"https:\/\/www.senderosdelapalma.es\/de\/naturschulen\/"},{"@type":"ListItem","position":3,"name":"Las Cancelas"}]},{"@type":"WebSite","@id":"https:\/\/www.senderosdelapalma.es\/#website","url":"https:\/\/www.senderosdelapalma.es\/","name":"Red de Senderos de La Palma","description":"La Palma, la isla de los senderistas. Una enorme variedad de climas, relieves y paisajes te est\u00e1n esperando.  ","publisher":{"@id":"https:\/\/www.senderosdelapalma.es\/#organization"},"potentialAction":[{"@type":"SearchAction","target":{"@type":"EntryPoint","urlTemplate":"https:\/\/www.senderosdelapalma.es\/?s={search_term_string}"},"query-input":"required name=search_term_string"}],"inLanguage":"de"},{"@type":"Organization","@id":"https:\/\/www.senderosdelapalma.es\/#organization","name":"Red de Senderos de La Palma","url":"https:\/\/www.senderosdelapalma.es\/","logo":{"@type":"ImageObject","inLanguage":"de","@id":"https:\/\/www.senderosdelapalma.es\/#\/schema\/logo\/image\/","url":"https:\/\/www.senderosdelapalma.es\/wp-content\/uploads\/2015\/06\/cabildo_la_palma-01.png","contentUrl":"https:\/\/www.senderosdelapalma.es\/wp-content\/uploads\/2015\/06\/cabildo_la_palma-01.png","width":3508,"height":2479,"caption":"Red de Senderos de La Palma"},"image":{"@id":"https:\/\/www.senderosdelapalma.es\/#\/schema\/logo\/image\/"},"sameAs":["https:\/\/www.facebook.com\/senderoslapalma","https:\/\/twitter.com\/SenderosdeLaPal","https:\/\/www.instagram.com\/senderosdelapalma\/","https:\/\/www.pinterest.es\/senderoslp\/"]}]}},"_links":{"self":[{"href":"https:\/\/www.senderosdelapalma.es\/de\/wp-json\/wp\/v2\/pages\/18330\/"}],"collection":[{"href":"https:\/\/www.senderosdelapalma.es\/de\/wp-json\/wp\/v2\/pages\/"}],"about":[{"href":"https:\/\/www.senderosdelapalma.es\/de\/wp-json\/wp\/v2\/types\/page\/"}],"author":[{"embeddable":true,"href":"https:\/\/www.senderosdelapalma.es\/de\/wp-json\/wp\/v2\/users\/1\/"}],"replies":[{"embeddable":true,"href":"https:\/\/www.senderosdelapalma.es\/de\/wp-json\/wp\/v2\/comments\/?post=18330"}],"version-history":[{"count":0,"href":"https:\/\/www.senderosdelapalma.es\/de\/wp-json\/wp\/v2\/pages\/18330\/revisions\/"}],"up":[{"embeddable":true,"href":"https:\/\/www.senderosdelapalma.es\/de\/wp-json\/wp\/v2\/pages\/18125\/"}],"wp:featuredmedia":[{"embeddable":true,"href":"https:\/\/www.senderosdelapalma.es\/de\/wp-json\/wp\/v2\/media\/23104\/"}],"wp:attachment":[{"href":"https:\/\/www.senderosdelapalma.es\/de\/wp-json\/wp\/v2\/media\/?parent=18330"}],"curies":[{"name":"wp","href":"https:\/\/api.w.org\/{rel}","templated":true}]}}