{"id":18241,"date":"2015-04-06T11:08:25","date_gmt":"2015-04-06T11:08:25","guid":{"rendered":"http:\/\/www.senderosdelapalma.es\/?page_id=18241"},"modified":"2020-08-20T17:21:17","modified_gmt":"2020-08-20T17:21:17","slug":"la-desfondada","status":"publish","type":"page","link":"https:\/\/www.senderosdelapalma.es\/de\/natur\/natural-park-la-caldera-de-taburiente\/planen\/la-desfondada\/","title":{"rendered":"La Desfondada"},"content":{"rendered":"<section class=\"wpb-content-wrapper\"><p>[vc_row row_type=&#8220;row&#8220; type=&#8220;full_width&#8220; text_align=&#8220;left&#8220; background_image_as_pattern=&#8220;without_pattern&#8220;][vc_column width=&#8220;1\/4&#8243;][vc_column_text]<a href=\"http:\/\/www.senderosdelapalma.es\/wp-content\/uploads\/2014\/07\/3_a_mapa_desfondada.gif\" target=\"_blank\" rel=\"noopener noreferrer\"><img decoding=\"async\" loading=\"lazy\" class=\"wp-image-660 size-medium alignleft\" src=\"http:\/\/www.senderosdelapalma.es\/wp-content\/uploads\/2014\/07\/3_a_mapa_desfondada-300x300.gif\" alt=\"3_a_mapa_desfondada\" width=\"300\" height=\"300\" srcset=\"https:\/\/www.senderosdelapalma.es\/wp-content\/uploads\/2014\/07\/3_a_mapa_desfondada-300x300.gif 300w, https:\/\/www.senderosdelapalma.es\/wp-content\/uploads\/2014\/07\/3_a_mapa_desfondada-150x150.gif 150w\" sizes=\"(max-width: 300px) 100vw, 300px\" \/><\/a>[\/vc_column_text][\/vc_column][vc_column width=&#8220;1\/2&#8243;]<div class='service_table_holder'><ul class='service_table_inner'><li class='service_table_title_holder background_color_type' style=''><div class='service_table_title_inner'><div class='service_table_title_inner2'><h3 class='service_title' style=''>Zona de Acampada - La Desfondada (por arriba)<\/h3><\/div><\/div><\/li><li class='service_table_content' style=''><\/p>\n<ul>\n<li style=\"text-align: justify;\"><strong>Dauer:<\/strong> 2 Stunden (Hinweg)<\/li>\n<li style=\"text-align: justify;\"><strong>Schwierigkeitsgrad:<\/strong> Mittel (Nicht geeignet f\u00fcr Personen, die nicht schwindelfrei sind)<\/li>\n<li style=\"text-align: justify;\"><strong><strong><strong><strong>Beschreibung:\u00a0<\/strong><\/strong><\/strong><\/strong>Die Route beginnt mit einer starken Steigung am Aufstieg zum Roque Huso, der neben der Taburiente-Schlucht, aber an der dem Zeltlagerplatz gegen\u00fcberliegenden Seite liegt. Von der H\u00f6he aus genie\u00dfen wir eines der sch\u00f6nsten, am h\u00e4ufigsten fotografierten Bilder der Caldera mit dem Pico Bejenado und der Umgebung der Playa im Mittelpunkt. In Richtung Norden sehen wir die Gabelung der Schlucht, rechts beginnt die Las Verduras de Alfonso-Schlucht und links die von Los Cantos de Turugumay. Die steilen, zerkl\u00fcfteten Bergh\u00e4nge beg\u00fcnstigen das Auftreten von Felsvegetationen mit Dickblattgew\u00e4chsen, *cinco u\u00f1as und Weidenbl\u00e4ttrigem Eberwurz, usw. Nach und nach entfernen wir uns von dem Roque zu unseren F\u00fc\u00dfen und steigen h\u00f6her \u00fcber der Los Cantos-Schlucht bis wir den atemberaubenden Aussichtspunkt von La Desfondada erreichen, ein spektakul\u00e4rer Wasserfall, der zwar nicht sehr viel Wasser f\u00fchrt, durch seine riesige H\u00f6he aber einen tiefen Eindruck hinterl\u00e4sst.<\/li>\n<li style=\"text-align: justify;\">\n<p class=\"texto\">Hier haben wir die M\u00f6glichkeit, zur Hoyo Verde-Schlucht weiterzuwandern (ungef\u00e4hr 45 Minuten, wobei wir den Siete Fuentes Kiefernwald durchqueren). Nach dem steilen Aufstieg entscheiden sich die meisten Wanderer jedoch, den R\u00fcckweg zum Lagerplatz anzutreten. Es ist auch m\u00f6glich, La Desfondada von untern zu sehen. Dazu m\u00fcssen wir im Schluchtbett des Los Cantos de Turugumay nach links abbiegen. Diese M\u00f6glichkeit ist weniger spektakul\u00e4r, erfordert aber weniger Anstrengungen.<\/p>\n<\/li>\n<\/ul>\n<p><\/li><\/ul><\/div>[\/vc_column][vc_column width=&#8220;1\/4&#8243; css=&#8220;.vc_custom_1410777777086{background-color: #f7f7f7 !important;}&#8220;][vc_separator type=&#8220;transparent&#8220; position=&#8220;center&#8220; up=&#8220;5&#8243; down=&#8220;5&#8243;]<div class=\"custom_font_holder\" style=\" font-size: 20px; line-height: 26px; font-style: normal; font-weight: 400; color: #000000; text-decoration: none; padding: 0; margin: 0; text-align: left;\">PLANEN SIE IHREN BESUCH<\/div>[vc_separator type=&#8220;transparent&#8220; position=&#8220;center&#8220; up=&#8220;5&#8243; down=&#8220;5&#8243;]<div class=ordered><\/p>\n<ul>\n<li><a href=\"http:\/\/www.senderosdelapalma.es\/de\/natur\/natural-park-la-caldera-de-taburiente\/planen\/la-desfondada\/\">LA DESFONDADA<\/a><\/li>\n<li><a href=\"http:\/\/www.senderosdelapalma.es\/de\/natur\/natural-park-la-caldera-de-taburiente\/planen\/las-chozas\/\">LOMO DE\u00a0LAS CHOZAS<\/a><\/li>\n<li><a href=\"http:\/\/www.senderosdelapalma.es\/de\/natur\/natural-park-la-caldera-de-taburiente\/planen\/los-andenes\">EL MIRADOR DE LOS ANDENES<\/a><\/li>\n<li><a href=\"http:\/\/www.senderosdelapalma.es\/de\/natur\/natural-park-la-caldera-de-taburiente\/planen\/vorschriften\">VORSCHRIFTEN UND EMPFEHLUNGEN<\/a><\/li>\n<\/ul>\n<p><\/div>[\/vc_column][\/vc_row][vc_row][vc_column][vc_separator type=&#8220;transparent&#8220; position=&#8220;center&#8220; up=&#8220;10&#8243; down=&#8220;10&#8243;]<a href=\"http:\/\/www.senderosdelapalma.es\/de\/natur\/natural-park-la-caldera-de-taburiente\/planen\/\" target=\"_self\"  class=\"qbutton \" style=\"\"><i class=\"fa fa-arrow-left\" style=\"\"><\/i><\/a>[vc_separator type=&#8220;transparent&#8220; position=&#8220;center&#8220; up=&#8220;20&#8243; down=&#8220;30&#8243;][\/vc_column][\/vc_row]<\/p>\n<\/section>","protected":false},"excerpt":{"rendered":"<p>[vc_row row_type=&#8220;row&#8220; type=&#8220;full_width&#8220; text_align=&#8220;left&#8220; background_image_as_pattern=&#8220;without_pattern&#8220;][vc_column width=&#8220;1\/4&#8243;][vc_column_text][\/vc_column_text][\/vc_column][vc_column width=&#8220;1\/2&#8243;][\/vc_column][vc_column width=&#8220;1\/4&#8243; css=&#8220;.vc_custom_1410777777086{background-color: #f7f7f7 !important;}&#8220;][vc_separator type=&#8220;transparent&#8220; position=&#8220;center&#8220; up=&#8220;5&#8243; down=&#8220;5&#8243;][vc_separator type=&#8220;transparent&#8220; position=&#8220;center&#8220; up=&#8220;5&#8243; down=&#8220;5&#8243;][\/vc_column][\/vc_row][vc_row][vc_column][vc_separator type=&#8220;transparent&#8220; position=&#8220;center&#8220; up=&#8220;10&#8243; down=&#8220;10&#8243;][vc_separator type=&#8220;transparent&#8220; position=&#8220;center&#8220; up=&#8220;20&#8243; down=&#8220;30&#8243;][\/vc_column][\/vc_row]<\/p>\n","protected":false},"author":1,"featured_media":0,"parent":18216,"menu_order":0,"comment_status":"open","ping_status":"open","template":"","meta":[],"yoast_head":"<!-- This site is optimized with the Yoast SEO plugin v21.0 - https:\/\/yoast.com\/wordpress\/plugins\/seo\/ -->\n<title>La Desfondada - Red de Senderos de La Palma<\/title>\n<meta name=\"robots\" content=\"index, follow, max-snippet:-1, max-image-preview:large, max-video-preview:-1\" \/>\n<link rel=\"canonical\" href=\"https:\/\/www.senderosdelapalma.es\/de\/natur\/natural-park-la-caldera-de-taburiente\/planen\/la-desfondada\/\" \/>\n<meta property=\"og:locale\" content=\"de_DE\" \/>\n<meta property=\"og:type\" content=\"article\" \/>\n<meta property=\"og:title\" content=\"La Desfondada - Red de Senderos de La Palma\" \/>\n<meta property=\"og:description\" content=\"[vc_row row_type=&#8220;row&#8220; type=&#8220;full_width&#8220; text_align=&#8220;left&#8220; background_image_as_pattern=&#8220;without_pattern&#8220;][vc_column width=&#8220;1\/4&#8243;][vc_column_text][\/vc_column_text][\/vc_column][vc_column width=&#8220;1\/2&#8243;][\/vc_column][vc_column width=&#8220;1\/4&#8243; css=&#8220;.vc_custom_1410777777086{background-color: #f7f7f7 !important;}&#8220;][vc_separator type=&#8220;transparent&#8220; position=&#8220;center&#8220; up=&#8220;5&#8243; down=&#8220;5&#8243;][vc_separator type=&#8220;transparent&#8220; position=&#8220;center&#8220; up=&#8220;5&#8243; down=&#8220;5&#8243;][\/vc_column][\/vc_row][vc_row][vc_column][vc_separator type=&#8220;transparent&#8220; position=&#8220;center&#8220; up=&#8220;10&#8243; down=&#8220;10&#8243;][vc_separator type=&#8220;transparent&#8220; position=&#8220;center&#8220; up=&#8220;20&#8243; down=&#8220;30&#8243;][\/vc_column][\/vc_row]\" \/>\n<meta property=\"og:url\" content=\"https:\/\/www.senderosdelapalma.es\/de\/natur\/natural-park-la-caldera-de-taburiente\/planen\/la-desfondada\/\" \/>\n<meta property=\"og:site_name\" content=\"Red de Senderos de La Palma\" \/>\n<meta property=\"article:publisher\" content=\"https:\/\/www.facebook.com\/senderoslapalma\" \/>\n<meta property=\"article:modified_time\" content=\"2020-08-20T17:21:17+00:00\" \/>\n<meta property=\"og:image\" content=\"http:\/\/www.senderosdelapalma.es\/wp-content\/uploads\/2014\/07\/3_a_mapa_desfondada-300x300.gif\" \/>\n<meta name=\"twitter:card\" content=\"summary_large_image\" \/>\n<meta name=\"twitter:site\" content=\"@SenderosdeLaPal\" \/>\n<meta name=\"twitter:label1\" content=\"Gesch\u00e4tzte Lesezeit\" \/>\n\t<meta name=\"twitter:data1\" content=\"2\u00a0Minuten\" \/>\n<script type=\"application\/ld+json\" class=\"yoast-schema-graph\">{\"@context\":\"https:\/\/schema.org\",\"@graph\":[{\"@type\":\"WebPage\",\"@id\":\"https:\/\/www.senderosdelapalma.es\/de\/natur\/natural-park-la-caldera-de-taburiente\/planen\/la-desfondada\/\",\"url\":\"https:\/\/www.senderosdelapalma.es\/de\/natur\/natural-park-la-caldera-de-taburiente\/planen\/la-desfondada\/\",\"name\":\"La Desfondada - Red de Senderos de La Palma\",\"isPartOf\":{\"@id\":\"https:\/\/www.senderosdelapalma.es\/#website\"},\"datePublished\":\"2015-04-06T11:08:25+00:00\",\"dateModified\":\"2020-08-20T17:21:17+00:00\",\"breadcrumb\":{\"@id\":\"https:\/\/www.senderosdelapalma.es\/de\/natur\/natural-park-la-caldera-de-taburiente\/planen\/la-desfondada\/#breadcrumb\"},\"inLanguage\":\"de\",\"potentialAction\":[{\"@type\":\"ReadAction\",\"target\":[\"https:\/\/www.senderosdelapalma.es\/de\/natur\/natural-park-la-caldera-de-taburiente\/planen\/la-desfondada\/\"]}]},{\"@type\":\"BreadcrumbList\",\"@id\":\"https:\/\/www.senderosdelapalma.es\/de\/natur\/natural-park-la-caldera-de-taburiente\/planen\/la-desfondada\/#breadcrumb\",\"itemListElement\":[{\"@type\":\"ListItem\",\"position\":1,\"name\":\"Portada\",\"item\":\"https:\/\/www.senderosdelapalma.es\/de\/\"},{\"@type\":\"ListItem\",\"position\":2,\"name\":\"Natur\",\"item\":\"https:\/\/www.senderosdelapalma.es\/de\/natur\/\"},{\"@type\":\"ListItem\",\"position\":3,\"name\":\"Natural Park La Caldera de Taburiente\",\"item\":\"https:\/\/www.senderosdelapalma.es\/de\/natur\/natural-park-la-caldera-de-taburiente\/\"},{\"@type\":\"ListItem\",\"position\":4,\"name\":\"Planen sie ihren besuch\",\"item\":\"https:\/\/www.senderosdelapalma.es\/de\/natur\/natural-park-la-caldera-de-taburiente\/planen\/\"},{\"@type\":\"ListItem\",\"position\":5,\"name\":\"La Desfondada\"}]},{\"@type\":\"WebSite\",\"@id\":\"https:\/\/www.senderosdelapalma.es\/#website\",\"url\":\"https:\/\/www.senderosdelapalma.es\/\",\"name\":\"Red de Senderos de La Palma\",\"description\":\"La Palma, la isla de los senderistas. Una enorme variedad de climas, relieves y paisajes te est\u00e1n esperando.  \",\"publisher\":{\"@id\":\"https:\/\/www.senderosdelapalma.es\/#organization\"},\"potentialAction\":[{\"@type\":\"SearchAction\",\"target\":{\"@type\":\"EntryPoint\",\"urlTemplate\":\"https:\/\/www.senderosdelapalma.es\/?s={search_term_string}\"},\"query-input\":\"required name=search_term_string\"}],\"inLanguage\":\"de\"},{\"@type\":\"Organization\",\"@id\":\"https:\/\/www.senderosdelapalma.es\/#organization\",\"name\":\"Red de Senderos de La Palma\",\"url\":\"https:\/\/www.senderosdelapalma.es\/\",\"logo\":{\"@type\":\"ImageObject\",\"inLanguage\":\"de\",\"@id\":\"https:\/\/www.senderosdelapalma.es\/#\/schema\/logo\/image\/\",\"url\":\"https:\/\/www.senderosdelapalma.es\/wp-content\/uploads\/2015\/06\/cabildo_la_palma-01.png\",\"contentUrl\":\"https:\/\/www.senderosdelapalma.es\/wp-content\/uploads\/2015\/06\/cabildo_la_palma-01.png\",\"width\":3508,\"height\":2479,\"caption\":\"Red de Senderos de La Palma\"},\"image\":{\"@id\":\"https:\/\/www.senderosdelapalma.es\/#\/schema\/logo\/image\/\"},\"sameAs\":[\"https:\/\/www.facebook.com\/senderoslapalma\",\"https:\/\/twitter.com\/SenderosdeLaPal\",\"https:\/\/www.instagram.com\/senderosdelapalma\/\",\"https:\/\/www.pinterest.es\/senderoslp\/\"]}]}<\/script>\n<!-- \/ Yoast SEO plugin. -->","yoast_head_json":{"title":"La Desfondada - Red de Senderos de La Palma","robots":{"index":"index","follow":"follow","max-snippet":"max-snippet:-1","max-image-preview":"max-image-preview:large","max-video-preview":"max-video-preview:-1"},"canonical":"https:\/\/www.senderosdelapalma.es\/de\/natur\/natural-park-la-caldera-de-taburiente\/planen\/la-desfondada\/","og_locale":"de_DE","og_type":"article","og_title":"La Desfondada - Red de Senderos de La Palma","og_description":"[vc_row row_type=&#8220;row&#8220; type=&#8220;full_width&#8220; text_align=&#8220;left&#8220; background_image_as_pattern=&#8220;without_pattern&#8220;][vc_column width=&#8220;1\/4&#8243;][vc_column_text][\/vc_column_text][\/vc_column][vc_column width=&#8220;1\/2&#8243;][\/vc_column][vc_column width=&#8220;1\/4&#8243; css=&#8220;.vc_custom_1410777777086{background-color: #f7f7f7 !important;}&#8220;][vc_separator type=&#8220;transparent&#8220; position=&#8220;center&#8220; up=&#8220;5&#8243; down=&#8220;5&#8243;][vc_separator type=&#8220;transparent&#8220; position=&#8220;center&#8220; up=&#8220;5&#8243; down=&#8220;5&#8243;][\/vc_column][\/vc_row][vc_row][vc_column][vc_separator type=&#8220;transparent&#8220; position=&#8220;center&#8220; up=&#8220;10&#8243; down=&#8220;10&#8243;][vc_separator type=&#8220;transparent&#8220; position=&#8220;center&#8220; up=&#8220;20&#8243; down=&#8220;30&#8243;][\/vc_column][\/vc_row]","og_url":"https:\/\/www.senderosdelapalma.es\/de\/natur\/natural-park-la-caldera-de-taburiente\/planen\/la-desfondada\/","og_site_name":"Red de Senderos de La Palma","article_publisher":"https:\/\/www.facebook.com\/senderoslapalma","article_modified_time":"2020-08-20T17:21:17+00:00","og_image":[{"url":"http:\/\/www.senderosdelapalma.es\/wp-content\/uploads\/2014\/07\/3_a_mapa_desfondada-300x300.gif"}],"twitter_card":"summary_large_image","twitter_site":"@SenderosdeLaPal","twitter_misc":{"Gesch\u00e4tzte Lesezeit":"2\u00a0Minuten"},"schema":{"@context":"https:\/\/schema.org","@graph":[{"@type":"WebPage","@id":"https:\/\/www.senderosdelapalma.es\/de\/natur\/natural-park-la-caldera-de-taburiente\/planen\/la-desfondada\/","url":"https:\/\/www.senderosdelapalma.es\/de\/natur\/natural-park-la-caldera-de-taburiente\/planen\/la-desfondada\/","name":"La Desfondada - Red de Senderos de La Palma","isPartOf":{"@id":"https:\/\/www.senderosdelapalma.es\/#website"},"datePublished":"2015-04-06T11:08:25+00:00","dateModified":"2020-08-20T17:21:17+00:00","breadcrumb":{"@id":"https:\/\/www.senderosdelapalma.es\/de\/natur\/natural-park-la-caldera-de-taburiente\/planen\/la-desfondada\/#breadcrumb"},"inLanguage":"de","potentialAction":[{"@type":"ReadAction","target":["https:\/\/www.senderosdelapalma.es\/de\/natur\/natural-park-la-caldera-de-taburiente\/planen\/la-desfondada\/"]}]},{"@type":"BreadcrumbList","@id":"https:\/\/www.senderosdelapalma.es\/de\/natur\/natural-park-la-caldera-de-taburiente\/planen\/la-desfondada\/#breadcrumb","itemListElement":[{"@type":"ListItem","position":1,"name":"Portada","item":"https:\/\/www.senderosdelapalma.es\/de\/"},{"@type":"ListItem","position":2,"name":"Natur","item":"https:\/\/www.senderosdelapalma.es\/de\/natur\/"},{"@type":"ListItem","position":3,"name":"Natural Park La Caldera de Taburiente","item":"https:\/\/www.senderosdelapalma.es\/de\/natur\/natural-park-la-caldera-de-taburiente\/"},{"@type":"ListItem","position":4,"name":"Planen sie ihren besuch","item":"https:\/\/www.senderosdelapalma.es\/de\/natur\/natural-park-la-caldera-de-taburiente\/planen\/"},{"@type":"ListItem","position":5,"name":"La Desfondada"}]},{"@type":"WebSite","@id":"https:\/\/www.senderosdelapalma.es\/#website","url":"https:\/\/www.senderosdelapalma.es\/","name":"Red de Senderos de La Palma","description":"La Palma, la isla de los senderistas. Una enorme variedad de climas, relieves y paisajes te est\u00e1n esperando.  ","publisher":{"@id":"https:\/\/www.senderosdelapalma.es\/#organization"},"potentialAction":[{"@type":"SearchAction","target":{"@type":"EntryPoint","urlTemplate":"https:\/\/www.senderosdelapalma.es\/?s={search_term_string}"},"query-input":"required name=search_term_string"}],"inLanguage":"de"},{"@type":"Organization","@id":"https:\/\/www.senderosdelapalma.es\/#organization","name":"Red de Senderos de La Palma","url":"https:\/\/www.senderosdelapalma.es\/","logo":{"@type":"ImageObject","inLanguage":"de","@id":"https:\/\/www.senderosdelapalma.es\/#\/schema\/logo\/image\/","url":"https:\/\/www.senderosdelapalma.es\/wp-content\/uploads\/2015\/06\/cabildo_la_palma-01.png","contentUrl":"https:\/\/www.senderosdelapalma.es\/wp-content\/uploads\/2015\/06\/cabildo_la_palma-01.png","width":3508,"height":2479,"caption":"Red de Senderos de La Palma"},"image":{"@id":"https:\/\/www.senderosdelapalma.es\/#\/schema\/logo\/image\/"},"sameAs":["https:\/\/www.facebook.com\/senderoslapalma","https:\/\/twitter.com\/SenderosdeLaPal","https:\/\/www.instagram.com\/senderosdelapalma\/","https:\/\/www.pinterest.es\/senderoslp\/"]}]}},"_links":{"self":[{"href":"https:\/\/www.senderosdelapalma.es\/de\/wp-json\/wp\/v2\/pages\/18241\/"}],"collection":[{"href":"https:\/\/www.senderosdelapalma.es\/de\/wp-json\/wp\/v2\/pages\/"}],"about":[{"href":"https:\/\/www.senderosdelapalma.es\/de\/wp-json\/wp\/v2\/types\/page\/"}],"author":[{"embeddable":true,"href":"https:\/\/www.senderosdelapalma.es\/de\/wp-json\/wp\/v2\/users\/1\/"}],"replies":[{"embeddable":true,"href":"https:\/\/www.senderosdelapalma.es\/de\/wp-json\/wp\/v2\/comments\/?post=18241"}],"version-history":[{"count":0,"href":"https:\/\/www.senderosdelapalma.es\/de\/wp-json\/wp\/v2\/pages\/18241\/revisions\/"}],"up":[{"embeddable":true,"href":"https:\/\/www.senderosdelapalma.es\/de\/wp-json\/wp\/v2\/pages\/18216\/"}],"wp:attachment":[{"href":"https:\/\/www.senderosdelapalma.es\/de\/wp-json\/wp\/v2\/media\/?parent=18241"}],"curies":[{"name":"wp","href":"https:\/\/api.w.org\/{rel}","templated":true}]}}