{"id":18216,"date":"2015-04-06T09:18:01","date_gmt":"2015-04-06T09:18:01","guid":{"rendered":"http:\/\/www.senderosdelapalma.es\/?page_id=18216"},"modified":"2026-03-19T13:51:43","modified_gmt":"2026-03-19T13:51:43","slug":"planen","status":"publish","type":"page","link":"https:\/\/www.senderosdelapalma.es\/de\/natur\/natural-park-la-caldera-de-taburiente\/planen\/","title":{"rendered":"Planen sie ihren besuch"},"content":{"rendered":"<section class=\"wpb-content-wrapper\"><p>[vc_row][vc_column][vc_column_text]<\/p>\n<p style=\"text-align: justify;\">[\/vc_column_text][\/vc_column][\/vc_row][vc_row][vc_column width=&#8220;2\/3&#8243;]<blockquote class='' style=''><h5 class='blockquote-text' style=''>Ihr Ausflugsf\u00fchrer durch den Nationalpark<\/h5><\/blockquote>[vc_column_text]<\/p>\n<p style=\"text-align: justify;\">Im Folgenden finden Sie alle notwendigen Informationen f\u00fcr Ihren Ausflug in die Caldera, einschlie\u00dflich Zugangskarten, Streckenvorschl\u00e4ge, Ausk\u00fcnfte \u00fcber Genehmigungen zum Campen und Sicherheitsempfehlungen.<\/p>\n<p>[\/vc_column_text][vc_separator type=&#8220;transparent&#8220; up=&#8220;5&#8243; down=&#8220;5&#8243;][\/vc_column][vc_column width=&#8220;1\/3&#8243; css=&#8220;.vc_custom_1412257974872{background-color: #f8f8f8 !important;}&#8220;][vc_separator type=&#8220;transparent&#8220; up=&#8220;5&#8243; down=&#8220;5&#8243;]<div class=\"custom_font_holder\" style=\" font-size: 20px; font-weight: 400; color: #000000; text-align: left;\">NACIONAL PARK LA CALDERA DE TABURIENTE<\/div>[vc_separator type=&#8220;transparent&#8220; up=&#8220;5&#8243; down=&#8220;5&#8243;]<div class=ordered><\/p>\n<ul style=\"text-align: justify;\">\n<li><a href=\"http:\/\/www.senderosdelapalma.es\/en\/nature-la-palma\/parque-nacional-de-la-caldera-de-taburiente\/history\/\">HISTORY<\/a><\/li>\n<li><a href=\"http:\/\/www.senderosdelapalma.es\/en\/nature-la-palma\/parque-nacional-de-la-caldera-de-taburiente\/fauna\/\">FAUNA<\/a><\/li>\n<li><a href=\"http:\/\/www.senderosdelapalma.es\/en\/nature-la-palma\/parque-nacional-de-la-caldera-de-taburiente\/flora\/\">FLORA<\/a><\/li>\n<li><a href=\"http:\/\/www.senderosdelapalma.es\/en\/nature-la-palma\/parque-nacional-de-la-caldera-de-taburiente\/geology\/\">GEOLOGY<\/a><\/li>\n<li><a href=\"http:\/\/www.senderosdelapalma.es\/en\/nature-la-palma\/parque-nacional-de-la-caldera-de-taburiente\/planning-your-visit\/\">PLANNING YOUR VISIT<\/a><\/li>\n<\/ul>\n<p style=\"text-align: justify;\"><\/div>[vc_separator type=&#8220;transparent&#8220; up=&#8220;40&#8243; down=&#8220;20&#8243;][\/vc_column][\/vc_row][vc_row padding_top=&#8220;50&#8243; padding_bottom=&#8220;50&#8243; css=&#8220;.vc_custom_1412259456297{padding: 10px !important;}&#8220;][vc_column][vc_column_text]<\/p>\n<h3 style=\"text-align: justify;\">Die Zug\u00e4nge<\/h3>\n<p>[\/vc_column_text][vc_separator type=&#8220;transparent&#8220; up=&#8220;20&#8243; down=&#8220;20&#8243;][vc_row_inner][vc_column_inner][vc_column_text]<strong>LOS BRECITOS WALDPISTE<\/strong><\/p>\n<p style=\"text-align: justify;\">Die Strecke von los Llanos de Aridane bis Los Brecitos dauert circa 45 Minuten. Von Los Brecitos bis zum Zeltlagerplatz braucht man kaum 2 Stunden, mit einem dem Wandern g\u00fcnstigen H\u00f6henunterschied von ungef\u00e4hr 200 m . Obwohl es nicht unbedingt n\u00f6tig ist, ausgenommen im Winter, sollte man einen Jeep benutzen. Wenn Sie \u00fcber keinen verf\u00fcgen, dann k\u00f6nnen Sie auf Jeep-Taxis zur\u00fcckgreifen, deren Stand Sie am Ausgang der Las Angustias-Schlucht finden (nach der Abfahrt von Los Llanos de Aridane \u00fcber die Stra\u00dfe von Lomo de los Caballos). Eine andere M\u00f6glichkeit f\u00fcr gr\u00f6\u00dfere Gruppen ist es, einen Micro-Bus mit Fahrer auszuleihen (Transportes Insular La Palma : 922 411 924 \/ 922 414 441 \/ 922 460 241-<a class=\"texto\" href=\"http:\/\/www.transporteslapalma.org\/\" target=\"_blank\" rel=\"noopener noreferrer\">www.transporteslapalma.org <\/a>).<\/p>\n<p>[\/vc_column_text][\/vc_column_inner][\/vc_row_inner][vc_separator type=&#8220;transparent&#8220; up=&#8220;20&#8243; down=&#8220;20&#8243;][vc_row_inner][vc_column_inner][vc_column_text]<\/p>\n<p style=\"text-align: justify;\"><strong>LAS ANGUSTIAS-SCHLUCHT<\/strong><\/p>\n<p>Gr\u00f6\u00dfere k\u00f6rperliche Anstrengungen erfordert der Zugang \u00fcber die Las Angustias-Schlucht, weshalb diese Strecke normalerweise f\u00fcr den R\u00fcckweg aus dem Nationalpark gew\u00e4hlt wird. Der erste Teil dieser Tour, und der einzige der mit dem Auto gefahren werden kann, ist der zwischen Los Llanos de Aridane und dem Schluchtbett der Las Angustias-Schlucht (ungef\u00e4hr 15 bis 20 Minuten mit dem Auto oder ein einviertel Stunde zu Fu\u00df). Danach f\u00fchrt der Weg etwa drei Stunden lang am Flussbett entlang (immer gegen die Laufrichtung des Wassers). Der Steigung ist relativ sanft und nur an wenigen Punkten ist es erforderlich, einige nat\u00fcrliche Hindernisse der Schlucht zu \u00fcberwinden.<\/p>\n<p>Wenn Sie Dos Aguas erreichen, (ein Punkt, an dem zwei Wasserquellen zusammentreffen, die eine mit kristallklarem und die andere mit eisenhaltigem Wasser), m\u00fcssen Sie die rechte Abzweigung der Wegegabelung nehmen. Nicht weit entfernt treffen Sie auf der linken Schluchtseite auf den ausgewiesenen Zugangsweg zum Zeltlagerplatz. Von hier aus wird der Anstieg des Wanderweges sehr steil, weshalb dieser Streckenabschnitt im Volksmund auch El Revent\u00f3n , der Ausmergler, genannt wird. Wenn Sie sich f\u00fcr den Aufstieg entscheiden, ben\u00f6tigen Sie ca. eineinhalb bis zwei Stunden von hier aus bis zum Zeltlagerplatz.[\/vc_column_text][\/vc_column_inner][\/vc_row_inner][vc_separator type=&#8220;transparent&#8220; up=&#8220;20&#8243; down=&#8220;20&#8243;][\/vc_column][\/vc_row][vc_row background_color=&#8220;#f8f8f8&#8243; padding_top=&#8220;50&#8243; padding_bottom=&#8220;50&#8243; css=&#8220;.vc_custom_1412259417930{padding: 20px !important;background-color: #f8f8f8 !important;}&#8220;][vc_column width=&#8220;1\/4&#8243;][vc_single_image image=&#8220;645&#8243; img_size=&#8220;full&#8220;][\/vc_column][vc_column width=&#8220;3\/4&#8243;][vc_column_text]<\/p>\n<h3 style=\"text-align: justify;\">Der Zeltlagerplatz \u00b7\u00a0Das Herz des Taburiente<\/h3>\n<p>Am besten erleben Sie den Nationalpark, indem Sie mindestens eine Nacht auf dem einzigen genehmigten Campingplatz (zwischen den Roques Salvajes und den Roques de la Brevera Macha) verbringen.<\/p>\n<p>Der Campingplatz befindet sich am linken Ufer der Schlucht Barranco de Taburiente, neben einem Weidenhain und in der N\u00e4he eines Badebereichs (Playa de Taburiente). Es gibt ausreichend Platz zum Zelten sowie Tische, B\u00e4nke und ein kleines Servicezentrum mit Toiletten und Erste-Hilfe-Ausr\u00fcstung.<\/p>\n<p>Campinggenehmigungen f\u00fcr bis zu zwei N\u00e4chte erhalten Sie im Besucherzentrum von El Paso (siehe Abschnitt \u201eInformationsstellen\u201c) oder unter <a href=\"https:\/\/www.reservasparquesnacionales.es\/real\/ParquesNac\/index.aspx\" target=\"_blank\" rel=\"noopener\">www.reservasparquesnacionales.es<\/a>. Anmeldungen m\u00fcssen mindestens eine Woche im Voraus eingereicht werden und sind kostenlos.[\/vc_column_text][\/vc_column][\/vc_row][vc_row padding_top=&#8220;50&#8243; padding_bottom=&#8220;50&#8243; css=&#8220;.vc_custom_1412259595368{padding: 20px !important;background-color: #f8f8f8 !important;}&#8220;][vc_column][vc_column_text]<\/p>\n<h3 style=\"text-align: justify;\"><span class=\"titulos_sg\">Informationspunkte<\/span><\/h3>\n<p>Der Park verf\u00fcgt \u00fcber ein Besucherzentrum, drei Informationsst\u00e4nde und einen Campingplatz f\u00fcr Gruppen. Hier finden Sie eine Beschreibung ihrer Lage und Funktionen.<\/p>\n<p>Im Nationalpark gibt es mehrere Informationsstellen, die wichtigste davon ist das Besucherzentrum in El Paso. Hier erhalten Sie Karten, Tipps und aktuelle Informationen zum Zustand der Wanderwege. Au\u00dferdem gibt es eine interessante und regelm\u00e4\u00dfig aktualisierte Ausstellung mit Videos und Informationstafeln zu den Naturmerkmalen des Parks sowie ein Reliefmodell der Insel. Im Garten k\u00f6nnen Sie einige der seltensten Pflanzenarten bewundern, die in freier Wildbahn extrem schwer zu entdecken sind.<\/p>\n<p>Weitere Informationsst\u00e4nde finden Sie in La Cumbrecita, Roque de los Muchachos und entlang des Wanderwegs von Lomo de Los Caballos nach Los Brecitos. An all diesen Orten empfiehlt es sich, aktuelle Informationen zu Wanderwegen und Wettervorhersagen einzuholen (unerl\u00e4sslich f\u00fcr die Anreise \u00fcber La Cumbrecita). Der Zugang zum Aussichtspunkt La Cumbrecita ist nur zu bestimmten Zeiten (zwischen 8:30 und 16:00 Uhr) m\u00f6glich. Die genauen \u00d6ffnungszeiten m\u00fcssen unter <a href=\"https:\/\/www.reservasparquesnacionales.es\/real\/ParquesNac\/usu\/html\/detalle-actividad-oapn.aspx?cen=4&amp;act=5\" target=\"_blank\" rel=\"noopener\">www.reservasparquesnacionales.es<\/a> angefragt werden.<\/p>\n<p>Im Park befindet sich au\u00dferdem das Naturcamp und Klassenzimmer El Riachuelo (an der Stra\u00dfe nach La Cumbrecita, etwa 2 km vor dem Parkplatz). Es verf\u00fcgt \u00fcber sieben H\u00fctten mit jeweils elf Betten, die f\u00fcr Schulklassen und Gruppen gedacht sind, die die Natur kennenlernen und genie\u00dfen m\u00f6chten. F\u00fcr die Nutzung der Einrichtung ist eine Genehmigung erforderlich, die im Besucherzentrum oder unter <a href=\"https:\/\/www.reservasparquesnacionales.es\/real\/ParquesNac\/usu\/html\/detalle-actividad-oapn.aspx?cen=4&amp;act=9\" target=\"_blank\" rel=\"noopener\">www.reservasparquesnacionales.es<\/a> beantragt werden muss. Zus\u00e4tzlich ist eine Kaution f\u00fcr eventuelle Sch\u00e4den zu hinterlegen.[\/vc_column_text][\/vc_column][\/vc_row][vc_row background_color=&#8220;#f8f8f8&#8243; padding_top=&#8220;50&#8243; padding_bottom=&#8220;50&#8243; css=&#8220;.vc_custom_1412259765785{padding: 20px !important;background-color: #f8f8f8 !important;}&#8220;][vc_column][vc_column_text]<\/p>\n<h3 style=\"text-align: justify;\">Routen durch den Park<\/h3>\n<p style=\"text-align: justify;\">Obwohl es eine gute Idee ist, in der N\u00e4he von dem Zeltplatz zu bleiben und das Wasser der Taburiente-Schlucht zu genie\u00dfen, sind die gr\u00f6\u00dften Geheimnisse der Natursch\u00e4tze der Caldera denen vorbehalten, die sie als Wanderer entdecken.<\/p>\n<p>[\/vc_column_text][vc_separator type=&#8220;transparent&#8220; up=&#8220;10&#8243; down=&#8220;10&#8243;][vc_row_inner][vc_column_inner width=&#8220;1\/4&#8243;][vc_single_image image=&#8220;16386&#8243; img_size=&#8220;full&#8220; qode_css_animation=&#8220;element_from_fade&#8220; transition_delay=&#8220;0.2&#8243;][vc_separator type=&#8220;transparent&#8220; up=&#8220;20&#8243; down=&#8220;0&#8243;][vc_column_text]<\/p>\n<h5 style=\"text-align: justify;\">LA DESFONDADA<\/h5>\n<p style=\"text-align: justify;\">[\/vc_column_text][vc_separator type=&#8220;transparent&#8220; up=&#8220;10&#8243; down=&#8220;0&#8243;]<a href=\"http:\/\/www.senderosdelapalma.es\/de\/natur\/natural-park-la-caldera-de-taburiente\/planen\/la-desfondada\/\" target=\"_self\" data-hover-background-color=#4aa946 data-hover-border-color=#4aa946 data-hover-color=#ffffff class=\"qbutton  small left\" style=\"color: #ffffff; border-color: #000000; font-style: normal; margin: 3px 5px 3px 5px; background-color: #000000;\">Info<i class=\"fa fa-plus\" style=\"color: #ffffff;\"><\/i><\/a>[\/vc_column_inner][vc_column_inner width=&#8220;1\/4&#8243;][vc_single_image image=&#8220;16387&#8243; img_size=&#8220;full&#8220; qode_css_animation=&#8220;element_from_fade&#8220; transition_delay=&#8220;0.2&#8243;][vc_separator type=&#8220;transparent&#8220; up=&#8220;20&#8243; down=&#8220;0&#8243;][vc_column_text]<\/p>\n<h5 style=\"text-align: justify;\">LAS CHOZAS<\/h5>\n<p style=\"text-align: justify;\">[\/vc_column_text][vc_separator type=&#8220;transparent&#8220; up=&#8220;10&#8243; down=&#8220;0&#8243;]<a href=\"http:\/\/www.senderosdelapalma.es\/de\/natur\/natural-park-la-caldera-de-taburiente\/planen\/las-chozas\/\" target=\"_self\" data-hover-background-color=#4aa946 data-hover-border-color=#4aa946 data-hover-color=#ffffff class=\"qbutton  small left\" style=\"color: #ffffff; border-color: #000000; font-style: normal; margin: 3px 5px 3px 5px; background-color: #000000;\">Info<i class=\"fa fa-plus\" style=\"color: #ffffff;\"><\/i><\/a>[\/vc_column_inner][vc_column_inner width=&#8220;1\/4&#8243;][vc_single_image image=&#8220;16388&#8243; img_size=&#8220;full&#8220; qode_css_animation=&#8220;element_from_fade&#8220; transition_delay=&#8220;0.2&#8243;][vc_separator type=&#8220;transparent&#8220; up=&#8220;20&#8243; down=&#8220;0&#8243;][vc_column_text]<\/p>\n<h5 style=\"text-align: justify;\">LOS ANDENES<\/h5>\n<p style=\"text-align: justify;\">[\/vc_column_text][vc_separator type=&#8220;transparent&#8220; up=&#8220;10&#8243; down=&#8220;0&#8243;]<a href=\"http:\/\/www.senderosdelapalma.es\/de\/natur\/natural-park-la-caldera-de-taburiente\/planen\/los-andenes\" target=\"_self\" data-hover-background-color=#4aa946 data-hover-border-color=#4aa946 data-hover-color=#ffffff class=\"qbutton  small left\" style=\"color: #ffffff; border-color: #000000; font-style: normal; margin: 3px 5px 3px 5px; background-color: #000000;\">Info<i class=\"fa fa-plus\" style=\"color: #ffffff;\"><\/i><\/a>[\/vc_column_inner][vc_column_inner width=&#8220;1\/4&#8243;][vc_single_image image=&#8220;16389&#8243; img_size=&#8220;full&#8220; qode_css_animation=&#8220;element_from_fade&#8220; transition_delay=&#8220;0.2&#8243;][vc_separator type=&#8220;transparent&#8220; up=&#8220;20&#8243; down=&#8220;0&#8243;][vc_column_text]<\/p>\n<h5 style=\"text-align: left;\">VORSCHRIFTEN UND EMPFEHLUNGEN<\/h5>\n<p>[\/vc_column_text][vc_separator type=&#8220;transparent&#8220; up=&#8220;10&#8243; down=&#8220;0&#8243;]<a href=\"http:\/\/www.senderosdelapalma.es\/de\/natur\/natural-park-la-caldera-de-taburiente\/planen\/vorschriften\" target=\"_self\" data-hover-background-color=#4aa946 data-hover-border-color=#4aa946 data-hover-color=#ffffff class=\"qbutton  small left\" style=\"color: #ffffff; border-color: #000000; font-style: normal; margin: 3px 5px 3px 5px; background-color: #000000;\">Info<i class=\"fa fa-plus\" style=\"color: #ffffff;\"><\/i><\/a>[\/vc_column_inner][\/vc_row_inner][\/vc_column][\/vc_row][vc_row][vc_column][vc_separator type=&#8220;transparent&#8220; up=&#8220;10&#8243; down=&#8220;10&#8243;]<a href=\"http:\/\/www.senderosdelapalma.es\/de\/natur\/natural-park-la-caldera-de-taburiente\" target=\"_self\"  class=\"qbutton \" style=\"\"><i class=\"fa fa-arrow-left\" style=\"\"><\/i><\/a>[vc_separator type=&#8220;transparent&#8220; up=&#8220;20&#8243; down=&#8220;30&#8243;][\/vc_column][\/vc_row][vc_row][vc_column][vc_column_text]<\/p>\n<p>[\/vc_column_text][\/vc_column][\/vc_row]<\/p>\n<\/section>","protected":false},"excerpt":{"rendered":"<p>[vc_row][vc_column][vc_column_text] [\/vc_column_text][\/vc_column][\/vc_row][vc_row][vc_column width=&#8220;2\/3&#8243;][vc_column_text] Im Folgenden finden Sie alle notwendigen Informationen f\u00fcr Ihren Ausflug in die Caldera, einschlie\u00dflich Zugangskarten, Streckenvorschl\u00e4ge, Ausk\u00fcnfte \u00fcber Genehmigungen zum Campen und Sicherheitsempfehlungen. [\/vc_column_text][vc_separator type=&#8220;transparent&#8220; up=&#8220;5&#8243; down=&#8220;5&#8243;][\/vc_column][vc_column width=&#8220;1\/3&#8243; css=&#8220;.vc_custom_1412257974872{background-color: #f8f8f8 !important;}&#8220;][vc_separator type=&#8220;transparent&#8220; up=&#8220;5&#8243; down=&#8220;5&#8243;][vc_separator type=&#8220;transparent&#8220; up=&#8220;5&#8243; down=&#8220;5&#8243;][vc_separator type=&#8220;transparent&#8220; up=&#8220;40&#8243; down=&#8220;20&#8243;][\/vc_column][\/vc_row][vc_row padding_top=&#8220;50&#8243; padding_bottom=&#8220;50&#8243;&#8230;<\/p>\n","protected":false},"author":1,"featured_media":0,"parent":17950,"menu_order":0,"comment_status":"open","ping_status":"open","template":"","meta":[],"yoast_head":"<!-- This site is optimized with the Yoast SEO plugin v21.0 - https:\/\/yoast.com\/wordpress\/plugins\/seo\/ -->\n<title>Planen sie ihren besuch - Red de Senderos de La Palma<\/title>\n<meta name=\"robots\" content=\"index, follow, max-snippet:-1, max-image-preview:large, max-video-preview:-1\" \/>\n<link rel=\"canonical\" href=\"https:\/\/www.senderosdelapalma.es\/de\/natur\/natural-park-la-caldera-de-taburiente\/planen\/\" \/>\n<meta property=\"og:locale\" content=\"de_DE\" \/>\n<meta property=\"og:type\" content=\"article\" \/>\n<meta property=\"og:title\" content=\"Planen sie ihren besuch - Red de Senderos de La Palma\" \/>\n<meta property=\"og:description\" content=\"[vc_row][vc_column][vc_column_text] [\/vc_column_text][\/vc_column][\/vc_row][vc_row][vc_column width=&#8220;2\/3&#8243;][vc_column_text] Im Folgenden finden Sie alle notwendigen Informationen f\u00fcr Ihren Ausflug in die Caldera, einschlie\u00dflich Zugangskarten, Streckenvorschl\u00e4ge, Ausk\u00fcnfte \u00fcber Genehmigungen zum Campen und Sicherheitsempfehlungen. [\/vc_column_text][vc_separator type=&#8220;transparent&#8220; up=&#8220;5&#8243; down=&#8220;5&#8243;][\/vc_column][vc_column width=&#8220;1\/3&#8243; css=&#8220;.vc_custom_1412257974872{background-color: #f8f8f8 !important;}&#8220;][vc_separator type=&#8220;transparent&#8220; up=&#8220;5&#8243; down=&#8220;5&#8243;][vc_separator type=&#8220;transparent&#8220; up=&#8220;5&#8243; down=&#8220;5&#8243;][vc_separator type=&#8220;transparent&#8220; up=&#8220;40&#8243; down=&#8220;20&#8243;][\/vc_column][\/vc_row][vc_row padding_top=&#8220;50&#8243; padding_bottom=&#8220;50&#8243;...\" \/>\n<meta property=\"og:url\" content=\"https:\/\/www.senderosdelapalma.es\/de\/natur\/natural-park-la-caldera-de-taburiente\/planen\/\" \/>\n<meta property=\"og:site_name\" content=\"Red de Senderos de La Palma\" \/>\n<meta property=\"article:publisher\" content=\"https:\/\/www.facebook.com\/senderoslapalma\" \/>\n<meta property=\"article:modified_time\" content=\"2026-03-19T13:51:43+00:00\" \/>\n<meta property=\"og:image\" content=\"https:\/\/www.senderosdelapalma.es\/wp-content\/uploads\/2014\/12\/redsenderosdelapalma_01.jpg\" \/>\n\t<meta property=\"og:image:width\" content=\"1920\" \/>\n\t<meta property=\"og:image:height\" content=\"1084\" \/>\n\t<meta property=\"og:image:type\" content=\"image\/jpeg\" \/>\n<meta name=\"twitter:card\" content=\"summary_large_image\" \/>\n<meta name=\"twitter:site\" content=\"@SenderosdeLaPal\" \/>\n<meta name=\"twitter:label1\" content=\"Gesch\u00e4tzte Lesezeit\" \/>\n\t<meta name=\"twitter:data1\" content=\"5\u00a0Minuten\" \/>\n<script type=\"application\/ld+json\" class=\"yoast-schema-graph\">{\"@context\":\"https:\/\/schema.org\",\"@graph\":[{\"@type\":\"WebPage\",\"@id\":\"https:\/\/www.senderosdelapalma.es\/de\/natur\/natural-park-la-caldera-de-taburiente\/planen\/\",\"url\":\"https:\/\/www.senderosdelapalma.es\/de\/natur\/natural-park-la-caldera-de-taburiente\/planen\/\",\"name\":\"Planen sie ihren besuch - Red de Senderos de La Palma\",\"isPartOf\":{\"@id\":\"https:\/\/www.senderosdelapalma.es\/#website\"},\"datePublished\":\"2015-04-06T09:18:01+00:00\",\"dateModified\":\"2026-03-19T13:51:43+00:00\",\"breadcrumb\":{\"@id\":\"https:\/\/www.senderosdelapalma.es\/de\/natur\/natural-park-la-caldera-de-taburiente\/planen\/#breadcrumb\"},\"inLanguage\":\"de\",\"potentialAction\":[{\"@type\":\"ReadAction\",\"target\":[\"https:\/\/www.senderosdelapalma.es\/de\/natur\/natural-park-la-caldera-de-taburiente\/planen\/\"]}]},{\"@type\":\"BreadcrumbList\",\"@id\":\"https:\/\/www.senderosdelapalma.es\/de\/natur\/natural-park-la-caldera-de-taburiente\/planen\/#breadcrumb\",\"itemListElement\":[{\"@type\":\"ListItem\",\"position\":1,\"name\":\"Portada\",\"item\":\"https:\/\/www.senderosdelapalma.es\/de\/\"},{\"@type\":\"ListItem\",\"position\":2,\"name\":\"Natur\",\"item\":\"https:\/\/www.senderosdelapalma.es\/de\/natur\/\"},{\"@type\":\"ListItem\",\"position\":3,\"name\":\"Natural Park La Caldera de Taburiente\",\"item\":\"https:\/\/www.senderosdelapalma.es\/de\/natur\/natural-park-la-caldera-de-taburiente\/\"},{\"@type\":\"ListItem\",\"position\":4,\"name\":\"Planen sie ihren besuch\"}]},{\"@type\":\"WebSite\",\"@id\":\"https:\/\/www.senderosdelapalma.es\/#website\",\"url\":\"https:\/\/www.senderosdelapalma.es\/\",\"name\":\"Red de Senderos de La Palma\",\"description\":\"La Palma, la isla de los senderistas. Una enorme variedad de climas, relieves y paisajes te est\u00e1n esperando.  \",\"publisher\":{\"@id\":\"https:\/\/www.senderosdelapalma.es\/#organization\"},\"potentialAction\":[{\"@type\":\"SearchAction\",\"target\":{\"@type\":\"EntryPoint\",\"urlTemplate\":\"https:\/\/www.senderosdelapalma.es\/?s={search_term_string}\"},\"query-input\":\"required name=search_term_string\"}],\"inLanguage\":\"de\"},{\"@type\":\"Organization\",\"@id\":\"https:\/\/www.senderosdelapalma.es\/#organization\",\"name\":\"Red de Senderos de La Palma\",\"url\":\"https:\/\/www.senderosdelapalma.es\/\",\"logo\":{\"@type\":\"ImageObject\",\"inLanguage\":\"de\",\"@id\":\"https:\/\/www.senderosdelapalma.es\/#\/schema\/logo\/image\/\",\"url\":\"https:\/\/www.senderosdelapalma.es\/wp-content\/uploads\/2015\/06\/cabildo_la_palma-01.png\",\"contentUrl\":\"https:\/\/www.senderosdelapalma.es\/wp-content\/uploads\/2015\/06\/cabildo_la_palma-01.png\",\"width\":3508,\"height\":2479,\"caption\":\"Red de Senderos de La Palma\"},\"image\":{\"@id\":\"https:\/\/www.senderosdelapalma.es\/#\/schema\/logo\/image\/\"},\"sameAs\":[\"https:\/\/www.facebook.com\/senderoslapalma\",\"https:\/\/twitter.com\/SenderosdeLaPal\",\"https:\/\/www.instagram.com\/senderosdelapalma\/\",\"https:\/\/www.pinterest.es\/senderoslp\/\"]}]}<\/script>\n<!-- \/ Yoast SEO plugin. -->","yoast_head_json":{"title":"Planen sie ihren besuch - Red de Senderos de La Palma","robots":{"index":"index","follow":"follow","max-snippet":"max-snippet:-1","max-image-preview":"max-image-preview:large","max-video-preview":"max-video-preview:-1"},"canonical":"https:\/\/www.senderosdelapalma.es\/de\/natur\/natural-park-la-caldera-de-taburiente\/planen\/","og_locale":"de_DE","og_type":"article","og_title":"Planen sie ihren besuch - Red de Senderos de La Palma","og_description":"[vc_row][vc_column][vc_column_text] [\/vc_column_text][\/vc_column][\/vc_row][vc_row][vc_column width=&#8220;2\/3&#8243;][vc_column_text] Im Folgenden finden Sie alle notwendigen Informationen f\u00fcr Ihren Ausflug in die Caldera, einschlie\u00dflich Zugangskarten, Streckenvorschl\u00e4ge, Ausk\u00fcnfte \u00fcber Genehmigungen zum Campen und Sicherheitsempfehlungen. [\/vc_column_text][vc_separator type=&#8220;transparent&#8220; up=&#8220;5&#8243; down=&#8220;5&#8243;][\/vc_column][vc_column width=&#8220;1\/3&#8243; css=&#8220;.vc_custom_1412257974872{background-color: #f8f8f8 !important;}&#8220;][vc_separator type=&#8220;transparent&#8220; up=&#8220;5&#8243; down=&#8220;5&#8243;][vc_separator type=&#8220;transparent&#8220; up=&#8220;5&#8243; down=&#8220;5&#8243;][vc_separator type=&#8220;transparent&#8220; up=&#8220;40&#8243; down=&#8220;20&#8243;][\/vc_column][\/vc_row][vc_row padding_top=&#8220;50&#8243; padding_bottom=&#8220;50&#8243;...","og_url":"https:\/\/www.senderosdelapalma.es\/de\/natur\/natural-park-la-caldera-de-taburiente\/planen\/","og_site_name":"Red de Senderos de La Palma","article_publisher":"https:\/\/www.facebook.com\/senderoslapalma","article_modified_time":"2026-03-19T13:51:43+00:00","og_image":[{"width":1920,"height":1084,"url":"https:\/\/www.senderosdelapalma.es\/wp-content\/uploads\/2014\/12\/redsenderosdelapalma_01.jpg","type":"image\/jpeg"}],"twitter_card":"summary_large_image","twitter_site":"@SenderosdeLaPal","twitter_misc":{"Gesch\u00e4tzte Lesezeit":"5\u00a0Minuten"},"schema":{"@context":"https:\/\/schema.org","@graph":[{"@type":"WebPage","@id":"https:\/\/www.senderosdelapalma.es\/de\/natur\/natural-park-la-caldera-de-taburiente\/planen\/","url":"https:\/\/www.senderosdelapalma.es\/de\/natur\/natural-park-la-caldera-de-taburiente\/planen\/","name":"Planen sie ihren besuch - Red de Senderos de La Palma","isPartOf":{"@id":"https:\/\/www.senderosdelapalma.es\/#website"},"datePublished":"2015-04-06T09:18:01+00:00","dateModified":"2026-03-19T13:51:43+00:00","breadcrumb":{"@id":"https:\/\/www.senderosdelapalma.es\/de\/natur\/natural-park-la-caldera-de-taburiente\/planen\/#breadcrumb"},"inLanguage":"de","potentialAction":[{"@type":"ReadAction","target":["https:\/\/www.senderosdelapalma.es\/de\/natur\/natural-park-la-caldera-de-taburiente\/planen\/"]}]},{"@type":"BreadcrumbList","@id":"https:\/\/www.senderosdelapalma.es\/de\/natur\/natural-park-la-caldera-de-taburiente\/planen\/#breadcrumb","itemListElement":[{"@type":"ListItem","position":1,"name":"Portada","item":"https:\/\/www.senderosdelapalma.es\/de\/"},{"@type":"ListItem","position":2,"name":"Natur","item":"https:\/\/www.senderosdelapalma.es\/de\/natur\/"},{"@type":"ListItem","position":3,"name":"Natural Park La Caldera de Taburiente","item":"https:\/\/www.senderosdelapalma.es\/de\/natur\/natural-park-la-caldera-de-taburiente\/"},{"@type":"ListItem","position":4,"name":"Planen sie ihren besuch"}]},{"@type":"WebSite","@id":"https:\/\/www.senderosdelapalma.es\/#website","url":"https:\/\/www.senderosdelapalma.es\/","name":"Red de Senderos de La Palma","description":"La Palma, la isla de los senderistas. Una enorme variedad de climas, relieves y paisajes te est\u00e1n esperando.  ","publisher":{"@id":"https:\/\/www.senderosdelapalma.es\/#organization"},"potentialAction":[{"@type":"SearchAction","target":{"@type":"EntryPoint","urlTemplate":"https:\/\/www.senderosdelapalma.es\/?s={search_term_string}"},"query-input":"required name=search_term_string"}],"inLanguage":"de"},{"@type":"Organization","@id":"https:\/\/www.senderosdelapalma.es\/#organization","name":"Red de Senderos de La Palma","url":"https:\/\/www.senderosdelapalma.es\/","logo":{"@type":"ImageObject","inLanguage":"de","@id":"https:\/\/www.senderosdelapalma.es\/#\/schema\/logo\/image\/","url":"https:\/\/www.senderosdelapalma.es\/wp-content\/uploads\/2015\/06\/cabildo_la_palma-01.png","contentUrl":"https:\/\/www.senderosdelapalma.es\/wp-content\/uploads\/2015\/06\/cabildo_la_palma-01.png","width":3508,"height":2479,"caption":"Red de Senderos de La Palma"},"image":{"@id":"https:\/\/www.senderosdelapalma.es\/#\/schema\/logo\/image\/"},"sameAs":["https:\/\/www.facebook.com\/senderoslapalma","https:\/\/twitter.com\/SenderosdeLaPal","https:\/\/www.instagram.com\/senderosdelapalma\/","https:\/\/www.pinterest.es\/senderoslp\/"]}]}},"_links":{"self":[{"href":"https:\/\/www.senderosdelapalma.es\/de\/wp-json\/wp\/v2\/pages\/18216\/"}],"collection":[{"href":"https:\/\/www.senderosdelapalma.es\/de\/wp-json\/wp\/v2\/pages\/"}],"about":[{"href":"https:\/\/www.senderosdelapalma.es\/de\/wp-json\/wp\/v2\/types\/page\/"}],"author":[{"embeddable":true,"href":"https:\/\/www.senderosdelapalma.es\/de\/wp-json\/wp\/v2\/users\/1\/"}],"replies":[{"embeddable":true,"href":"https:\/\/www.senderosdelapalma.es\/de\/wp-json\/wp\/v2\/comments\/?post=18216"}],"version-history":[{"count":4,"href":"https:\/\/www.senderosdelapalma.es\/de\/wp-json\/wp\/v2\/pages\/18216\/revisions\/"}],"predecessor-version":[{"id":27700,"href":"https:\/\/www.senderosdelapalma.es\/de\/wp-json\/wp\/v2\/pages\/18216\/revisions\/27700\/"}],"up":[{"embeddable":true,"href":"https:\/\/www.senderosdelapalma.es\/de\/wp-json\/wp\/v2\/pages\/17950\/"}],"wp:attachment":[{"href":"https:\/\/www.senderosdelapalma.es\/de\/wp-json\/wp\/v2\/media\/?parent=18216"}],"curies":[{"name":"wp","href":"https:\/\/api.w.org\/{rel}","templated":true}]}}