{"id":18175,"date":"2015-04-06T08:48:29","date_gmt":"2015-04-06T08:48:29","guid":{"rendered":"http:\/\/www.senderosdelapalma.es\/?page_id=18175"},"modified":"2020-08-20T17:21:16","modified_gmt":"2020-08-20T17:21:16","slug":"flora","status":"publish","type":"page","link":"https:\/\/www.senderosdelapalma.es\/de\/natur\/natural-park-la-caldera-de-taburiente\/flora\/","title":{"rendered":"Flora"},"content":{"rendered":"<section class=\"wpb-content-wrapper\"><p>[vc_row row_type=&#8220;row&#8220; type=&#8220;full_width&#8220; text_align=&#8220;left&#8220; background_image_as_pattern=&#8220;without_pattern&#8220;][vc_column width=&#8220;2\/3&#8243;]<blockquote class=' with_quote_icon' style=''><i class='fa fa-quote-right pull-left' style=''><\/i><h5 class='blockquote-text' style=''>Ein Gew\u00e4chshaus aus Basalt <\/h5><\/blockquote>[vc_column_text]<\/p>\n<p style=\"text-align: justify;\">In der Caldera sind fast einhundert unterschiedliche Pflanzenspezies katalogisiert worden, von denen drei nur hier und an keinem anderen Ort der Welt heimisch sind. Verantwortlich f\u00fcr diese au\u00dferordentliche biologische Vielfalt sind die enormen orographischen Kontraste des Nationalparks, durch die ganz unterschiedliche \u00d6kosysteme entstehen konnten.<\/p>\n<p class=\"texto\" style=\"text-align: justify;\">Der gr\u00f6\u00dfte Teil des Nationalparks wird von Kiefernw\u00e4ldern (Pinus canariensis) bedeckt. Keine andere Baumart ist in der Lage, mit diesem \u00dcberlebensk\u00fcnstler zu konkurrieren, der es vermag, unmittelbar nach einem Waldbrand neu auszuschlagen. Die auf La Palma Pinillo genannten Nadeln der Kiefer erschweren das Entstehen anderer, konkurrierender Vegetationsarten. Lediglich wenige Pflanzen haben es vermocht, in seinem Schatten zu koexistieren. Zu ihnen geh\u00f6ren der ebenfalls durch das Feuer beg\u00fcnstigte Hillebrands Hornklee und die Beinwellbl\u00e4ttrige Zistrose.<\/p>\n<p class=\"texto\" style=\"text-align: justify;\">Eine zweite erw\u00e4hnenswerte Pflanzengemeinschaft stellen die Felsvegetationsarten dar, die sich auf Felsw\u00e4nde und steinige B\u00f6den spezialisiert haben. So leben an den unwirtlichsten Standorten der Felsw\u00e4nde der Caldera beispielsweise zahlreiche Dickblattgew\u00e4chse wie das Rotbl\u00fctige Aeonium, Aeonium nobile , das sicherlich das am meisten Aufsehen erregende unter ihnen ist. Es bl\u00fcht nur einmal kurz vor seinem Verwelken, dann aber auf pr\u00e4chtige Weise. Auch die Lechugones, die \u00fcberfl\u00fcssige Bl\u00e4tter bei gro\u00dfer Hitze abwerfen, stellen besondere Repr\u00e4sentanten dieser Pflanzenfamilie dar.<\/p>\n<p class=\"texto\" style=\"text-align: justify;\">Schlie\u00dflich weisen wir besonders auf die Hochgebirgsvegetation hin, die einen der wertvollsten Sch\u00e4tze der Flora des Nationalparks Caldera de Taburiente darstellt. La Palma ist zusammen mit Teneriffa die einzige kanarische Insel, auf der wir solche Pflanzenspezies finden k\u00f6nnen. Die Kanarische Zeder, der einzige Baum, der es vermag, der hohen Sonnenstrahlung und den extremen Temperaturen zu widerstehen, klammert sich in unm\u00f6glichen Windungen seines Stammes an den Felsen fest. Die Klebrige Dr\u00fcsenfrucht, eine widerstandf\u00e4hige, ausdauernde Ginsterart, belebt die Felsw\u00e4nde mit ihrer gelben Bl\u00fctenpracht. Etwas seltener zu beobachten ist das wundersch\u00f6ne La Palma-Veilchen, Viola palmensis, mit seinen leuchtenden indigo-blauen Bl\u00fcten, die von den Inselbewohnern Gipfel-Vergissmeinnicht genannt wird.<\/p>\n<p>[\/vc_column_text][vc_separator type=&#8220;transparent&#8220; position=&#8220;center&#8220; up=&#8220;5&#8243; down=&#8220;5&#8243;][\/vc_column][vc_column width=&#8220;1\/3&#8243; css=&#8220;.vc_custom_1412257936249{background-color: #f8f8f8 !important;}&#8220;][vc_separator type=&#8220;transparent&#8220; position=&#8220;center&#8220; up=&#8220;5&#8243; down=&#8220;5&#8243;]<div class=\"custom_font_holder\" style=\" font-size: 20px; line-height: 26px; font-style: normal; font-weight: 400; color: #000000; text-decoration: none; padding: 0; margin: 0; text-align: left;\">NATURAL PARK LA CALDERA DE TABURIENTE<\/div>[vc_separator type=&#8220;transparent&#8220; position=&#8220;center&#8220; up=&#8220;5&#8243; down=&#8220;5&#8243;]<div class=ordered><\/p>\n<ul style=\"text-align: justify;\">\n<li><a href=\"http:\/\/www.senderosdelapalma.es\/de\/natur\/natural-park-la-caldera-de-taburiente\/geschichte\/\">GESCHICHTE<\/a><\/li>\n<li><a href=\"http:\/\/www.senderosdelapalma.es\/de\/natur\/natural-park-la-caldera-de-taburiente\/fauna\">FAUNA<\/a><\/li>\n<li><a href=\"http:\/\/www.senderosdelapalma.es\/de\/natur\/natural-park-la-caldera-de-taburiente\/flora\">FLORA<\/a><\/li>\n<li><a href=\"http:\/\/www.senderosdelapalma.es\/de\/natur\/natural-park-la-caldera-de-taburiente\/geologie\">GEOLOGIE<\/a><\/li>\n<li><a href=\"http:\/\/www.senderosdelapalma.es\/de\/natur\/natural-park-la-caldera-de-taburiente\/planen\">PLANEN SIE IHREN BESUCH<\/a><\/li>\n<\/ul>\n<p style=\"text-align: justify;\"><\/div>[\/vc_column][\/vc_row][vc_row][vc_column][vc_separator type=&#8220;transparent&#8220; position=&#8220;center&#8220; up=&#8220;10&#8243; down=&#8220;10&#8243;]<a href=\"http:\/\/www.senderosdelapalma.es\/de\/natur\/natural-park-la-caldera-de-taburiente\/\" target=\"_self\"  class=\"qbutton \" style=\"\"><i class=\"fa fa-arrow-left\" style=\"\"><\/i><\/a>[vc_separator type=&#8220;transparent&#8220; position=&#8220;center&#8220; up=&#8220;20&#8243; down=&#8220;30&#8243;][\/vc_column][\/vc_row][vc_row][vc_column][vc_column_text]<\/p>\n<p>[\/vc_column_text][\/vc_column][\/vc_row]<\/p>\n<\/section>","protected":false},"excerpt":{"rendered":"<p>[vc_row row_type=&#8220;row&#8220; type=&#8220;full_width&#8220; text_align=&#8220;left&#8220; background_image_as_pattern=&#8220;without_pattern&#8220;][vc_column width=&#8220;2\/3&#8243;][vc_column_text] In der Caldera sind fast einhundert unterschiedliche Pflanzenspezies katalogisiert worden, von denen drei nur hier und an keinem anderen Ort der Welt heimisch sind. Verantwortlich f\u00fcr diese au\u00dferordentliche biologische Vielfalt sind die enormen orographischen Kontraste des Nationalparks, durch die&#8230;<\/p>\n","protected":false},"author":1,"featured_media":0,"parent":17950,"menu_order":0,"comment_status":"open","ping_status":"open","template":"","meta":[],"yoast_head":"<!-- This site is optimized with the Yoast SEO plugin v21.0 - https:\/\/yoast.com\/wordpress\/plugins\/seo\/ -->\n<title>Flora - Red de Senderos de La Palma<\/title>\n<meta name=\"robots\" content=\"index, follow, max-snippet:-1, max-image-preview:large, max-video-preview:-1\" \/>\n<link rel=\"canonical\" href=\"https:\/\/www.senderosdelapalma.es\/de\/natur\/natural-park-la-caldera-de-taburiente\/flora\/\" \/>\n<meta property=\"og:locale\" content=\"de_DE\" \/>\n<meta property=\"og:type\" content=\"article\" \/>\n<meta property=\"og:title\" content=\"Flora - Red de Senderos de La Palma\" \/>\n<meta property=\"og:description\" content=\"[vc_row row_type=&#8220;row&#8220; type=&#8220;full_width&#8220; text_align=&#8220;left&#8220; background_image_as_pattern=&#8220;without_pattern&#8220;][vc_column width=&#8220;2\/3&#8243;][vc_column_text] In der Caldera sind fast einhundert unterschiedliche Pflanzenspezies katalogisiert worden, von denen drei nur hier und an keinem anderen Ort der Welt heimisch sind. Verantwortlich f\u00fcr diese au\u00dferordentliche biologische Vielfalt sind die enormen orographischen Kontraste des Nationalparks, durch die...\" \/>\n<meta property=\"og:url\" content=\"https:\/\/www.senderosdelapalma.es\/de\/natur\/natural-park-la-caldera-de-taburiente\/flora\/\" \/>\n<meta property=\"og:site_name\" content=\"Red de Senderos de La Palma\" \/>\n<meta property=\"article:publisher\" content=\"https:\/\/www.facebook.com\/senderoslapalma\" \/>\n<meta property=\"article:modified_time\" content=\"2020-08-20T17:21:16+00:00\" \/>\n<meta property=\"og:image\" content=\"https:\/\/www.senderosdelapalma.es\/wp-content\/uploads\/2014\/12\/redsenderosdelapalma_01.jpg\" \/>\n\t<meta property=\"og:image:width\" content=\"1920\" \/>\n\t<meta property=\"og:image:height\" content=\"1084\" \/>\n\t<meta property=\"og:image:type\" content=\"image\/jpeg\" \/>\n<meta name=\"twitter:card\" content=\"summary_large_image\" \/>\n<meta name=\"twitter:site\" content=\"@SenderosdeLaPal\" \/>\n<meta name=\"twitter:label1\" content=\"Gesch\u00e4tzte Lesezeit\" \/>\n\t<meta name=\"twitter:data1\" content=\"2\u00a0Minuten\" \/>\n<script type=\"application\/ld+json\" class=\"yoast-schema-graph\">{\"@context\":\"https:\/\/schema.org\",\"@graph\":[{\"@type\":\"WebPage\",\"@id\":\"https:\/\/www.senderosdelapalma.es\/de\/natur\/natural-park-la-caldera-de-taburiente\/flora\/\",\"url\":\"https:\/\/www.senderosdelapalma.es\/de\/natur\/natural-park-la-caldera-de-taburiente\/flora\/\",\"name\":\"Flora - Red de Senderos de La Palma\",\"isPartOf\":{\"@id\":\"https:\/\/www.senderosdelapalma.es\/#website\"},\"datePublished\":\"2015-04-06T08:48:29+00:00\",\"dateModified\":\"2020-08-20T17:21:16+00:00\",\"breadcrumb\":{\"@id\":\"https:\/\/www.senderosdelapalma.es\/de\/natur\/natural-park-la-caldera-de-taburiente\/flora\/#breadcrumb\"},\"inLanguage\":\"de\",\"potentialAction\":[{\"@type\":\"ReadAction\",\"target\":[\"https:\/\/www.senderosdelapalma.es\/de\/natur\/natural-park-la-caldera-de-taburiente\/flora\/\"]}]},{\"@type\":\"BreadcrumbList\",\"@id\":\"https:\/\/www.senderosdelapalma.es\/de\/natur\/natural-park-la-caldera-de-taburiente\/flora\/#breadcrumb\",\"itemListElement\":[{\"@type\":\"ListItem\",\"position\":1,\"name\":\"Portada\",\"item\":\"https:\/\/www.senderosdelapalma.es\/de\/\"},{\"@type\":\"ListItem\",\"position\":2,\"name\":\"Natur\",\"item\":\"https:\/\/www.senderosdelapalma.es\/de\/natur\/\"},{\"@type\":\"ListItem\",\"position\":3,\"name\":\"Natural Park La Caldera de Taburiente\",\"item\":\"https:\/\/www.senderosdelapalma.es\/de\/natur\/natural-park-la-caldera-de-taburiente\/\"},{\"@type\":\"ListItem\",\"position\":4,\"name\":\"Flora\"}]},{\"@type\":\"WebSite\",\"@id\":\"https:\/\/www.senderosdelapalma.es\/#website\",\"url\":\"https:\/\/www.senderosdelapalma.es\/\",\"name\":\"Red de Senderos de La Palma\",\"description\":\"La Palma, la isla de los senderistas. Una enorme variedad de climas, relieves y paisajes te est\u00e1n esperando.  \",\"publisher\":{\"@id\":\"https:\/\/www.senderosdelapalma.es\/#organization\"},\"potentialAction\":[{\"@type\":\"SearchAction\",\"target\":{\"@type\":\"EntryPoint\",\"urlTemplate\":\"https:\/\/www.senderosdelapalma.es\/?s={search_term_string}\"},\"query-input\":\"required name=search_term_string\"}],\"inLanguage\":\"de\"},{\"@type\":\"Organization\",\"@id\":\"https:\/\/www.senderosdelapalma.es\/#organization\",\"name\":\"Red de Senderos de La Palma\",\"url\":\"https:\/\/www.senderosdelapalma.es\/\",\"logo\":{\"@type\":\"ImageObject\",\"inLanguage\":\"de\",\"@id\":\"https:\/\/www.senderosdelapalma.es\/#\/schema\/logo\/image\/\",\"url\":\"https:\/\/www.senderosdelapalma.es\/wp-content\/uploads\/2015\/06\/cabildo_la_palma-01.png\",\"contentUrl\":\"https:\/\/www.senderosdelapalma.es\/wp-content\/uploads\/2015\/06\/cabildo_la_palma-01.png\",\"width\":3508,\"height\":2479,\"caption\":\"Red de Senderos de La Palma\"},\"image\":{\"@id\":\"https:\/\/www.senderosdelapalma.es\/#\/schema\/logo\/image\/\"},\"sameAs\":[\"https:\/\/www.facebook.com\/senderoslapalma\",\"https:\/\/twitter.com\/SenderosdeLaPal\",\"https:\/\/www.instagram.com\/senderosdelapalma\/\",\"https:\/\/www.pinterest.es\/senderoslp\/\"]}]}<\/script>\n<!-- \/ Yoast SEO plugin. -->","yoast_head_json":{"title":"Flora - Red de Senderos de La Palma","robots":{"index":"index","follow":"follow","max-snippet":"max-snippet:-1","max-image-preview":"max-image-preview:large","max-video-preview":"max-video-preview:-1"},"canonical":"https:\/\/www.senderosdelapalma.es\/de\/natur\/natural-park-la-caldera-de-taburiente\/flora\/","og_locale":"de_DE","og_type":"article","og_title":"Flora - Red de Senderos de La Palma","og_description":"[vc_row row_type=&#8220;row&#8220; type=&#8220;full_width&#8220; text_align=&#8220;left&#8220; background_image_as_pattern=&#8220;without_pattern&#8220;][vc_column width=&#8220;2\/3&#8243;][vc_column_text] In der Caldera sind fast einhundert unterschiedliche Pflanzenspezies katalogisiert worden, von denen drei nur hier und an keinem anderen Ort der Welt heimisch sind. Verantwortlich f\u00fcr diese au\u00dferordentliche biologische Vielfalt sind die enormen orographischen Kontraste des Nationalparks, durch die...","og_url":"https:\/\/www.senderosdelapalma.es\/de\/natur\/natural-park-la-caldera-de-taburiente\/flora\/","og_site_name":"Red de Senderos de La Palma","article_publisher":"https:\/\/www.facebook.com\/senderoslapalma","article_modified_time":"2020-08-20T17:21:16+00:00","og_image":[{"width":1920,"height":1084,"url":"https:\/\/www.senderosdelapalma.es\/wp-content\/uploads\/2014\/12\/redsenderosdelapalma_01.jpg","type":"image\/jpeg"}],"twitter_card":"summary_large_image","twitter_site":"@SenderosdeLaPal","twitter_misc":{"Gesch\u00e4tzte Lesezeit":"2\u00a0Minuten"},"schema":{"@context":"https:\/\/schema.org","@graph":[{"@type":"WebPage","@id":"https:\/\/www.senderosdelapalma.es\/de\/natur\/natural-park-la-caldera-de-taburiente\/flora\/","url":"https:\/\/www.senderosdelapalma.es\/de\/natur\/natural-park-la-caldera-de-taburiente\/flora\/","name":"Flora - Red de Senderos de La Palma","isPartOf":{"@id":"https:\/\/www.senderosdelapalma.es\/#website"},"datePublished":"2015-04-06T08:48:29+00:00","dateModified":"2020-08-20T17:21:16+00:00","breadcrumb":{"@id":"https:\/\/www.senderosdelapalma.es\/de\/natur\/natural-park-la-caldera-de-taburiente\/flora\/#breadcrumb"},"inLanguage":"de","potentialAction":[{"@type":"ReadAction","target":["https:\/\/www.senderosdelapalma.es\/de\/natur\/natural-park-la-caldera-de-taburiente\/flora\/"]}]},{"@type":"BreadcrumbList","@id":"https:\/\/www.senderosdelapalma.es\/de\/natur\/natural-park-la-caldera-de-taburiente\/flora\/#breadcrumb","itemListElement":[{"@type":"ListItem","position":1,"name":"Portada","item":"https:\/\/www.senderosdelapalma.es\/de\/"},{"@type":"ListItem","position":2,"name":"Natur","item":"https:\/\/www.senderosdelapalma.es\/de\/natur\/"},{"@type":"ListItem","position":3,"name":"Natural Park La Caldera de Taburiente","item":"https:\/\/www.senderosdelapalma.es\/de\/natur\/natural-park-la-caldera-de-taburiente\/"},{"@type":"ListItem","position":4,"name":"Flora"}]},{"@type":"WebSite","@id":"https:\/\/www.senderosdelapalma.es\/#website","url":"https:\/\/www.senderosdelapalma.es\/","name":"Red de Senderos de La Palma","description":"La Palma, la isla de los senderistas. Una enorme variedad de climas, relieves y paisajes te est\u00e1n esperando.  ","publisher":{"@id":"https:\/\/www.senderosdelapalma.es\/#organization"},"potentialAction":[{"@type":"SearchAction","target":{"@type":"EntryPoint","urlTemplate":"https:\/\/www.senderosdelapalma.es\/?s={search_term_string}"},"query-input":"required name=search_term_string"}],"inLanguage":"de"},{"@type":"Organization","@id":"https:\/\/www.senderosdelapalma.es\/#organization","name":"Red de Senderos de La Palma","url":"https:\/\/www.senderosdelapalma.es\/","logo":{"@type":"ImageObject","inLanguage":"de","@id":"https:\/\/www.senderosdelapalma.es\/#\/schema\/logo\/image\/","url":"https:\/\/www.senderosdelapalma.es\/wp-content\/uploads\/2015\/06\/cabildo_la_palma-01.png","contentUrl":"https:\/\/www.senderosdelapalma.es\/wp-content\/uploads\/2015\/06\/cabildo_la_palma-01.png","width":3508,"height":2479,"caption":"Red de Senderos de La Palma"},"image":{"@id":"https:\/\/www.senderosdelapalma.es\/#\/schema\/logo\/image\/"},"sameAs":["https:\/\/www.facebook.com\/senderoslapalma","https:\/\/twitter.com\/SenderosdeLaPal","https:\/\/www.instagram.com\/senderosdelapalma\/","https:\/\/www.pinterest.es\/senderoslp\/"]}]}},"_links":{"self":[{"href":"https:\/\/www.senderosdelapalma.es\/de\/wp-json\/wp\/v2\/pages\/18175\/"}],"collection":[{"href":"https:\/\/www.senderosdelapalma.es\/de\/wp-json\/wp\/v2\/pages\/"}],"about":[{"href":"https:\/\/www.senderosdelapalma.es\/de\/wp-json\/wp\/v2\/types\/page\/"}],"author":[{"embeddable":true,"href":"https:\/\/www.senderosdelapalma.es\/de\/wp-json\/wp\/v2\/users\/1\/"}],"replies":[{"embeddable":true,"href":"https:\/\/www.senderosdelapalma.es\/de\/wp-json\/wp\/v2\/comments\/?post=18175"}],"version-history":[{"count":0,"href":"https:\/\/www.senderosdelapalma.es\/de\/wp-json\/wp\/v2\/pages\/18175\/revisions\/"}],"up":[{"embeddable":true,"href":"https:\/\/www.senderosdelapalma.es\/de\/wp-json\/wp\/v2\/pages\/17950\/"}],"wp:attachment":[{"href":"https:\/\/www.senderosdelapalma.es\/de\/wp-json\/wp\/v2\/media\/?parent=18175"}],"curies":[{"name":"wp","href":"https:\/\/api.w.org\/{rel}","templated":true}]}}