{"id":18153,"date":"2015-04-06T08:19:11","date_gmt":"2015-04-06T08:19:11","guid":{"rendered":"http:\/\/www.senderosdelapalma.es\/?page_id=18153"},"modified":"2020-08-20T17:21:17","modified_gmt":"2020-08-20T17:21:17","slug":"geschichte","status":"publish","type":"page","link":"https:\/\/www.senderosdelapalma.es\/de\/natur\/natural-park-la-caldera-de-taburiente\/geschichte\/","title":{"rendered":"Geschichte"},"content":{"rendered":"<section class=\"wpb-content-wrapper\"><p>[vc_row][vc_column][vc_column_text]<\/p>\n<p style=\"text-align: justify;\">[\/vc_column_text][\/vc_column][\/vc_row][vc_row row_type=&#8220;row&#8220; type=&#8220;full_width&#8220; text_align=&#8220;left&#8220; background_image_as_pattern=&#8220;without_pattern&#8220;][vc_column width=&#8220;2\/3&#8243;]<blockquote class=' with_quote_icon' style=''><i class='fa fa-quote-right pull-left' style=''><\/i><h5 class='blockquote-text' style=''>Kaum vier Millionen Jahre<\/h5><\/blockquote>[vc_column_text]<\/p>\n<p style=\"text-align: justify;\">Die <strong>Caldera<\/strong> entstand lange Zeit bevor der Mensch als Spezies existierte. Die durch schriftliche Zeugnisse belegte Geschichte des Nationalparks nimmt ihren Anfang jedoch erst vor sechs Jahrhunderten, als La Palma von den spanischen Konquistadoren erobert wurde.<\/p>\n<p class=\"texto\" style=\"text-align: justify;\">m Jahr 1492 gelang es dem Eroberer Alonso Fern\u00e1ndez de Lugo, dem &#8222;el Adelantado&#8220;, und seinen M\u00e4nnern am Strand von Tazacorte an Land zu gehen und den gr\u00f6\u00dften Teil der Insel zu unterwerfen, wobei er allerdings zahlreiche Verluste zu beklagen hatte. Nur im Landstrich von Acer\u00f3 ( pr\u00e4hispanische Bezeichnung der Caldera, die in der Sprache der Ureinwohner &#8222;starker, unverletzlicher Ort&#8220; bedeutet) gelang es dem Mencey Tanaus\u00fa, dem Eroberungszug der kastilischen Konquistadoren eine Zeitlang Einhalt zu gebieten. Entt\u00e4uscht \u00fcber die Durchkreuzung seiner Eroberungspl\u00e4ne unterbreitete Fern\u00e1ndez de Lugo ein falsches Waffenstillstandsangebot, womit er Tanaus\u00fa aus seinem Zufluchtsort herauslockte und die Auritas, sein Versprechen brechend, angriff und ihren F\u00fcrsten am Pass von Adamancasis (in der N\u00e4he der Picknickanlage El Riachuelo) gefangen nahm. Der Legende nach starb der gefangene Anf\u00fchrer der Ureinwohner an Hunger auf der \u00dcberfahrt zum spanischen Festland, da er sich weigerte Nahrung zu sich zu nehmen. Heute zeugen nur noch zahlreiche Felszeichnungen in der <strong>Caldera<\/strong> von der Existenz dieses tapferen Hirtenvolks.<\/p>\n<p class=\"texto\" style=\"text-align: justify;\">Als Dank f\u00fcr seine Rolle bei der Eroberung der Insel erteilten die Katholischen K\u00f6nige Spaniens der Familie von Fern\u00e1ndez de Lugo das Recht, die L\u00e4nder des heutigen Nationalparks zu verteilen und seine zahlreichen Wasserquellen zu verwalten. Diese Rechte vererbten sich von Generation zu Generation bis auf den heutigen Tag, an dem die Rechte in der Hand der Erbengemeinschaft der G\u00fcter von Argual y Tazacorte liegen, zu der ungef\u00e4hr 2000 Gesellschafter geh\u00f6ren.<\/p>\n<p style=\"text-align: justify;\"><span class=\"texto\">1954 wurde die Caldera auf Initiative einer Gruppe von Intellektuellen und K\u00fcnstlern der Insel zum Nationalpark erkl\u00e4rt. Im Jahre 1981 wurde seine Fl\u00e4che in einer umfangreichen Erweiterung auf die jetzigen 4690 Hektar erweitert und gleichzeitig 5956 Hektar der umliegenden Zonen zum Naturschutzgebiet erkl\u00e4rt.<\/span><\/p>\n<p style=\"text-align: justify;\">[\/vc_column_text][vc_separator type=&#8220;transparent&#8220; position=&#8220;center&#8220; up=&#8220;5&#8243; down=&#8220;5&#8243;][\/vc_column][vc_column width=&#8220;1\/3&#8243;][vc_separator type=&#8220;transparent&#8220; position=&#8220;center&#8220; up=&#8220;5&#8243; down=&#8220;5&#8243;]<div class=\"custom_font_holder\" style=\" font-size: 20px; line-height: 26px; font-style: normal; font-weight: 400; color: #000000; text-decoration: none; padding: 0; margin: 0; text-align: left;\">NATURAL PARK\u00a0LA CALDERA DE TABURIENTE<\/div>[vc_separator type=&#8220;transparent&#8220; position=&#8220;center&#8220; up=&#8220;5&#8243; down=&#8220;5&#8243;]<div class=ordered><\/p>\n<ul style=\"text-align: justify;\">\n<li><a href=\"http:\/\/www.senderosdelapalma.es\/de\/natur\/natural-park-la-caldera-de-taburiente\/geschichte\/\">GESCHICHTE<\/a><\/li>\n<li><a href=\"http:\/\/www.senderosdelapalma.es\/de\/natur\/natural-park-la-caldera-de-taburiente\/fauna\">FAUNA<\/a><\/li>\n<li><a href=\"http:\/\/www.senderosdelapalma.es\/de\/natur\/natural-park-la-caldera-de-taburiente\/flora\">FLORA<\/a><\/li>\n<li><a href=\"http:\/\/www.senderosdelapalma.es\/de\/natur\/natural-park-la-caldera-de-taburiente\/geologie\">GEOLOGIE<\/a><\/li>\n<li><a href=\"http:\/\/www.senderosdelapalma.es\/de\/natur\/natural-park-la-caldera-de-taburiente\/planen\">PLANEN SIE IHREN BESUCH<\/a><\/li>\n<\/ul>\n<p style=\"text-align: justify;\"><\/div>[\/vc_column][\/vc_row][vc_row][vc_column][vc_separator type=&#8220;transparent&#8220; position=&#8220;center&#8220; up=&#8220;10&#8243; down=&#8220;10&#8243;]<a href=\"http:\/\/www.senderosdelapalma.es\/de\/natur\/natural-park-la-caldera-de-taburiente\/\" target=\"_self\"  class=\"qbutton \" style=\"\"><i class=\"fa fa-arrow-left\" style=\"\"><\/i><\/a>[vc_separator type=&#8220;transparent&#8220; position=&#8220;center&#8220; up=&#8220;20&#8243; down=&#8220;30&#8243;][\/vc_column][\/vc_row][vc_row][vc_column][vc_column_text]<\/p>\n<p>[\/vc_column_text][\/vc_column][\/vc_row]<\/p>\n<\/section>","protected":false},"excerpt":{"rendered":"<p>[vc_row][vc_column][vc_column_text] [\/vc_column_text][\/vc_column][\/vc_row][vc_row row_type=&#8220;row&#8220; type=&#8220;full_width&#8220; text_align=&#8220;left&#8220; background_image_as_pattern=&#8220;without_pattern&#8220;][vc_column width=&#8220;2\/3&#8243;][vc_column_text] Die Caldera entstand lange Zeit bevor der Mensch als Spezies existierte. Die durch schriftliche Zeugnisse belegte Geschichte des Nationalparks nimmt ihren Anfang jedoch erst vor sechs Jahrhunderten, als La Palma von den spanischen Konquistadoren erobert wurde. m Jahr&#8230;<\/p>\n","protected":false},"author":1,"featured_media":0,"parent":17950,"menu_order":0,"comment_status":"closed","ping_status":"closed","template":"","meta":[],"yoast_head":"<!-- This site is optimized with the Yoast SEO plugin v21.0 - https:\/\/yoast.com\/wordpress\/plugins\/seo\/ -->\n<title>Geschichte - Red de Senderos de La Palma<\/title>\n<meta name=\"robots\" content=\"index, follow, max-snippet:-1, max-image-preview:large, max-video-preview:-1\" \/>\n<link rel=\"canonical\" href=\"https:\/\/www.senderosdelapalma.es\/de\/natur\/natural-park-la-caldera-de-taburiente\/geschichte\/\" \/>\n<meta property=\"og:locale\" content=\"de_DE\" \/>\n<meta property=\"og:type\" content=\"article\" \/>\n<meta property=\"og:title\" content=\"Geschichte - Red de Senderos de La Palma\" \/>\n<meta property=\"og:description\" content=\"[vc_row][vc_column][vc_column_text] [\/vc_column_text][\/vc_column][\/vc_row][vc_row row_type=&#8220;row&#8220; type=&#8220;full_width&#8220; text_align=&#8220;left&#8220; background_image_as_pattern=&#8220;without_pattern&#8220;][vc_column width=&#8220;2\/3&#8243;][vc_column_text] Die Caldera entstand lange Zeit bevor der Mensch als Spezies existierte. Die durch schriftliche Zeugnisse belegte Geschichte des Nationalparks nimmt ihren Anfang jedoch erst vor sechs Jahrhunderten, als La Palma von den spanischen Konquistadoren erobert wurde. m Jahr...\" \/>\n<meta property=\"og:url\" content=\"https:\/\/www.senderosdelapalma.es\/de\/natur\/natural-park-la-caldera-de-taburiente\/geschichte\/\" \/>\n<meta property=\"og:site_name\" content=\"Red de Senderos de La Palma\" \/>\n<meta property=\"article:publisher\" content=\"https:\/\/www.facebook.com\/senderoslapalma\" \/>\n<meta property=\"article:modified_time\" content=\"2020-08-20T17:21:17+00:00\" \/>\n<meta property=\"og:image\" content=\"https:\/\/www.senderosdelapalma.es\/wp-content\/uploads\/2014\/12\/redsenderosdelapalma_01.jpg\" \/>\n\t<meta property=\"og:image:width\" content=\"1920\" \/>\n\t<meta property=\"og:image:height\" content=\"1084\" \/>\n\t<meta property=\"og:image:type\" content=\"image\/jpeg\" \/>\n<meta name=\"twitter:card\" content=\"summary_large_image\" \/>\n<meta name=\"twitter:site\" content=\"@SenderosdeLaPal\" \/>\n<meta name=\"twitter:label1\" content=\"Gesch\u00e4tzte Lesezeit\" \/>\n\t<meta name=\"twitter:data1\" content=\"3\u00a0Minuten\" \/>\n<script type=\"application\/ld+json\" class=\"yoast-schema-graph\">{\"@context\":\"https:\/\/schema.org\",\"@graph\":[{\"@type\":\"WebPage\",\"@id\":\"https:\/\/www.senderosdelapalma.es\/de\/natur\/natural-park-la-caldera-de-taburiente\/geschichte\/\",\"url\":\"https:\/\/www.senderosdelapalma.es\/de\/natur\/natural-park-la-caldera-de-taburiente\/geschichte\/\",\"name\":\"Geschichte - Red de Senderos de La Palma\",\"isPartOf\":{\"@id\":\"https:\/\/www.senderosdelapalma.es\/#website\"},\"datePublished\":\"2015-04-06T08:19:11+00:00\",\"dateModified\":\"2020-08-20T17:21:17+00:00\",\"breadcrumb\":{\"@id\":\"https:\/\/www.senderosdelapalma.es\/de\/natur\/natural-park-la-caldera-de-taburiente\/geschichte\/#breadcrumb\"},\"inLanguage\":\"de\",\"potentialAction\":[{\"@type\":\"ReadAction\",\"target\":[\"https:\/\/www.senderosdelapalma.es\/de\/natur\/natural-park-la-caldera-de-taburiente\/geschichte\/\"]}]},{\"@type\":\"BreadcrumbList\",\"@id\":\"https:\/\/www.senderosdelapalma.es\/de\/natur\/natural-park-la-caldera-de-taburiente\/geschichte\/#breadcrumb\",\"itemListElement\":[{\"@type\":\"ListItem\",\"position\":1,\"name\":\"Portada\",\"item\":\"https:\/\/www.senderosdelapalma.es\/de\/\"},{\"@type\":\"ListItem\",\"position\":2,\"name\":\"Natur\",\"item\":\"https:\/\/www.senderosdelapalma.es\/de\/natur\/\"},{\"@type\":\"ListItem\",\"position\":3,\"name\":\"Natural Park La Caldera de Taburiente\",\"item\":\"https:\/\/www.senderosdelapalma.es\/de\/natur\/natural-park-la-caldera-de-taburiente\/\"},{\"@type\":\"ListItem\",\"position\":4,\"name\":\"Geschichte\"}]},{\"@type\":\"WebSite\",\"@id\":\"https:\/\/www.senderosdelapalma.es\/#website\",\"url\":\"https:\/\/www.senderosdelapalma.es\/\",\"name\":\"Red de Senderos de La Palma\",\"description\":\"La Palma, la isla de los senderistas. Una enorme variedad de climas, relieves y paisajes te est\u00e1n esperando.  \",\"publisher\":{\"@id\":\"https:\/\/www.senderosdelapalma.es\/#organization\"},\"potentialAction\":[{\"@type\":\"SearchAction\",\"target\":{\"@type\":\"EntryPoint\",\"urlTemplate\":\"https:\/\/www.senderosdelapalma.es\/?s={search_term_string}\"},\"query-input\":\"required name=search_term_string\"}],\"inLanguage\":\"de\"},{\"@type\":\"Organization\",\"@id\":\"https:\/\/www.senderosdelapalma.es\/#organization\",\"name\":\"Red de Senderos de La Palma\",\"url\":\"https:\/\/www.senderosdelapalma.es\/\",\"logo\":{\"@type\":\"ImageObject\",\"inLanguage\":\"de\",\"@id\":\"https:\/\/www.senderosdelapalma.es\/#\/schema\/logo\/image\/\",\"url\":\"https:\/\/www.senderosdelapalma.es\/wp-content\/uploads\/2015\/06\/cabildo_la_palma-01.png\",\"contentUrl\":\"https:\/\/www.senderosdelapalma.es\/wp-content\/uploads\/2015\/06\/cabildo_la_palma-01.png\",\"width\":3508,\"height\":2479,\"caption\":\"Red de Senderos de La Palma\"},\"image\":{\"@id\":\"https:\/\/www.senderosdelapalma.es\/#\/schema\/logo\/image\/\"},\"sameAs\":[\"https:\/\/www.facebook.com\/senderoslapalma\",\"https:\/\/twitter.com\/SenderosdeLaPal\",\"https:\/\/www.instagram.com\/senderosdelapalma\/\",\"https:\/\/www.pinterest.es\/senderoslp\/\"]}]}<\/script>\n<!-- \/ Yoast SEO plugin. -->","yoast_head_json":{"title":"Geschichte - Red de Senderos de La Palma","robots":{"index":"index","follow":"follow","max-snippet":"max-snippet:-1","max-image-preview":"max-image-preview:large","max-video-preview":"max-video-preview:-1"},"canonical":"https:\/\/www.senderosdelapalma.es\/de\/natur\/natural-park-la-caldera-de-taburiente\/geschichte\/","og_locale":"de_DE","og_type":"article","og_title":"Geschichte - Red de Senderos de La Palma","og_description":"[vc_row][vc_column][vc_column_text] [\/vc_column_text][\/vc_column][\/vc_row][vc_row row_type=&#8220;row&#8220; type=&#8220;full_width&#8220; text_align=&#8220;left&#8220; background_image_as_pattern=&#8220;without_pattern&#8220;][vc_column width=&#8220;2\/3&#8243;][vc_column_text] Die Caldera entstand lange Zeit bevor der Mensch als Spezies existierte. Die durch schriftliche Zeugnisse belegte Geschichte des Nationalparks nimmt ihren Anfang jedoch erst vor sechs Jahrhunderten, als La Palma von den spanischen Konquistadoren erobert wurde. m Jahr...","og_url":"https:\/\/www.senderosdelapalma.es\/de\/natur\/natural-park-la-caldera-de-taburiente\/geschichte\/","og_site_name":"Red de Senderos de La Palma","article_publisher":"https:\/\/www.facebook.com\/senderoslapalma","article_modified_time":"2020-08-20T17:21:17+00:00","og_image":[{"width":1920,"height":1084,"url":"https:\/\/www.senderosdelapalma.es\/wp-content\/uploads\/2014\/12\/redsenderosdelapalma_01.jpg","type":"image\/jpeg"}],"twitter_card":"summary_large_image","twitter_site":"@SenderosdeLaPal","twitter_misc":{"Gesch\u00e4tzte Lesezeit":"3\u00a0Minuten"},"schema":{"@context":"https:\/\/schema.org","@graph":[{"@type":"WebPage","@id":"https:\/\/www.senderosdelapalma.es\/de\/natur\/natural-park-la-caldera-de-taburiente\/geschichte\/","url":"https:\/\/www.senderosdelapalma.es\/de\/natur\/natural-park-la-caldera-de-taburiente\/geschichte\/","name":"Geschichte - Red de Senderos de La Palma","isPartOf":{"@id":"https:\/\/www.senderosdelapalma.es\/#website"},"datePublished":"2015-04-06T08:19:11+00:00","dateModified":"2020-08-20T17:21:17+00:00","breadcrumb":{"@id":"https:\/\/www.senderosdelapalma.es\/de\/natur\/natural-park-la-caldera-de-taburiente\/geschichte\/#breadcrumb"},"inLanguage":"de","potentialAction":[{"@type":"ReadAction","target":["https:\/\/www.senderosdelapalma.es\/de\/natur\/natural-park-la-caldera-de-taburiente\/geschichte\/"]}]},{"@type":"BreadcrumbList","@id":"https:\/\/www.senderosdelapalma.es\/de\/natur\/natural-park-la-caldera-de-taburiente\/geschichte\/#breadcrumb","itemListElement":[{"@type":"ListItem","position":1,"name":"Portada","item":"https:\/\/www.senderosdelapalma.es\/de\/"},{"@type":"ListItem","position":2,"name":"Natur","item":"https:\/\/www.senderosdelapalma.es\/de\/natur\/"},{"@type":"ListItem","position":3,"name":"Natural Park La Caldera de Taburiente","item":"https:\/\/www.senderosdelapalma.es\/de\/natur\/natural-park-la-caldera-de-taburiente\/"},{"@type":"ListItem","position":4,"name":"Geschichte"}]},{"@type":"WebSite","@id":"https:\/\/www.senderosdelapalma.es\/#website","url":"https:\/\/www.senderosdelapalma.es\/","name":"Red de Senderos de La Palma","description":"La Palma, la isla de los senderistas. Una enorme variedad de climas, relieves y paisajes te est\u00e1n esperando.  ","publisher":{"@id":"https:\/\/www.senderosdelapalma.es\/#organization"},"potentialAction":[{"@type":"SearchAction","target":{"@type":"EntryPoint","urlTemplate":"https:\/\/www.senderosdelapalma.es\/?s={search_term_string}"},"query-input":"required name=search_term_string"}],"inLanguage":"de"},{"@type":"Organization","@id":"https:\/\/www.senderosdelapalma.es\/#organization","name":"Red de Senderos de La Palma","url":"https:\/\/www.senderosdelapalma.es\/","logo":{"@type":"ImageObject","inLanguage":"de","@id":"https:\/\/www.senderosdelapalma.es\/#\/schema\/logo\/image\/","url":"https:\/\/www.senderosdelapalma.es\/wp-content\/uploads\/2015\/06\/cabildo_la_palma-01.png","contentUrl":"https:\/\/www.senderosdelapalma.es\/wp-content\/uploads\/2015\/06\/cabildo_la_palma-01.png","width":3508,"height":2479,"caption":"Red de Senderos de La Palma"},"image":{"@id":"https:\/\/www.senderosdelapalma.es\/#\/schema\/logo\/image\/"},"sameAs":["https:\/\/www.facebook.com\/senderoslapalma","https:\/\/twitter.com\/SenderosdeLaPal","https:\/\/www.instagram.com\/senderosdelapalma\/","https:\/\/www.pinterest.es\/senderoslp\/"]}]}},"_links":{"self":[{"href":"https:\/\/www.senderosdelapalma.es\/de\/wp-json\/wp\/v2\/pages\/18153\/"}],"collection":[{"href":"https:\/\/www.senderosdelapalma.es\/de\/wp-json\/wp\/v2\/pages\/"}],"about":[{"href":"https:\/\/www.senderosdelapalma.es\/de\/wp-json\/wp\/v2\/types\/page\/"}],"author":[{"embeddable":true,"href":"https:\/\/www.senderosdelapalma.es\/de\/wp-json\/wp\/v2\/users\/1\/"}],"replies":[{"embeddable":true,"href":"https:\/\/www.senderosdelapalma.es\/de\/wp-json\/wp\/v2\/comments\/?post=18153"}],"version-history":[{"count":0,"href":"https:\/\/www.senderosdelapalma.es\/de\/wp-json\/wp\/v2\/pages\/18153\/revisions\/"}],"up":[{"embeddable":true,"href":"https:\/\/www.senderosdelapalma.es\/de\/wp-json\/wp\/v2\/pages\/17950\/"}],"wp:attachment":[{"href":"https:\/\/www.senderosdelapalma.es\/de\/wp-json\/wp\/v2\/media\/?parent=18153"}],"curies":[{"name":"wp","href":"https:\/\/api.w.org\/{rel}","templated":true}]}}