{"id":17978,"date":"2015-04-01T08:05:15","date_gmt":"2015-04-01T08:05:15","guid":{"rendered":"http:\/\/www.senderosdelapalma.es\/?page_id=17978"},"modified":"2024-03-22T09:32:20","modified_gmt":"2024-03-22T09:32:20","slug":"der-topoguide","status":"publish","type":"page","link":"https:\/\/www.senderosdelapalma.es\/de\/der-topoguide\/","title":{"rendered":"Der Topoguide"},"content":{"rendered":"<section class=\"wpb-content-wrapper\"><p>[vc_row][vc_column width=&#8220;1\/3&#8243;][vc_row_inner][vc_column_inner][vc_single_image image=&#8220;508&#8243; img_size=&#8220;full&#8220; alignment=&#8220;right&#8220;][vc_separator type=&#8220;transparent&#8220; up=&#8220;10&#8243; down=&#8220;10&#8243;][vc_column_text]<\/p>\n<h4><strong>Technische Angaben:<\/strong><\/h4>\n<ul>\n<li><strong>Format: <\/strong>Buch<\/li>\n<li><strong>Anzahl Seiten:<\/strong> 356<\/li>\n<li><strong>Sprachen: <\/strong>Spanisch, Englisch und Deutsch<\/li>\n<li><strong>Inklusive: <\/strong>Karte im Ma\u00dfstab 1 : 40.000<\/li>\n<li><strong>Verkaufspreis: <\/strong>23 \u20ac<\/li>\n<\/ul>\n<p>[\/vc_column_text][\/vc_column_inner][\/vc_row_inner][\/vc_column][vc_column width=&#8220;2\/3&#8243;]<blockquote class='' style=''><h5 class='blockquote-text' style=''>Was ist dieses Buch<\/h5><\/blockquote>[vc_separator type=&#8220;transparent&#8220; up=&#8220;10&#8243; down=&#8220;10&#8243;][vc_column_text]<\/p>\n<p style=\"text-align: justify;\">Der spanische Begriff <em>\u00abtopogu\u00eda\u00bb<\/em> leitet sich vom franz\u00f6sischen <em>\u00abtopoguide\u00bb<\/em> ab, mit dem der franz\u00f6sische Wanderverband FFRP (<em>F\u00e9d\u00e9ration Fran\u00e7aise de la Randonn\u00e9e P\u00e9destre<\/em>) schon seit Jahrzehnten die von ihm herausgegebenen Wanderf\u00fchrer bezeichnet.<\/p>\n<p style=\"text-align: justify;\">[vc_separator type=&#8217;transparent&#8216; position=&#8217;center&#8216; color=&#8220; thickness=&#8220; up=&#8217;5&#8242; down=&#8217;5&#8242;]<\/p>\n<p style=\"text-align: justify;\">Das vorliegende Buch ist somit nicht irgendein Wanderf\u00fchrer sondern eine <em>topogu\u00eda,<\/em> sprich, der offizielle F\u00fchrer des Wanderwegnetzes der Insel La Palma. Und genauso wie man nur vorw\u00e4rts kommt, indem man geht, wollten wir, die wir dieses Buch verfasst haben, einen Wanderf\u00fchrer erarbeiten, der \u00fcber die reine Beschreibung der Wege hinausgeht. Wir haben deshalb die Wegbeschreibungen so kurz und b\u00fcndig wie m\u00f6glich gehalten, um sie durch Texte erg\u00e4nzen zu k\u00f6nnen, die es Ihnen erm\u00f6glichen, das Gel\u00e4nde, durch das Sie wandern, zu verstehen. Das hei\u00dft, wir wollten die Wege der Insel La Palma nicht beschreiben sondern versuchten zu erkl\u00e4ren, was Sie von ihnen aus sehen. Eine detaillierte Wegbeschreibung erschien uns nicht nur \u00fcberfl\u00fcssig sondern sogar st\u00f6rend, da die Routen so gut ausgeschildert sind, dass Sie keinen gedruckten Wanderf\u00fchrer brauchen, um ans Ziel zu kommen. Mit Hilfe dieses Buches werden Sie jedoch Landschaftselemente entdecken, die Ihnen andernfalls kaum aufgefallen w\u00e4ren.<\/p>\n<p style=\"text-align: justify;\">[vc_separator type=&#8217;transparent&#8216; position=&#8217;center&#8216; color=&#8220; thickness=&#8220; up=&#8217;5&#8242; down=&#8217;5&#8242;]<\/p>\n<p style=\"text-align: justify;\">Ganz und gar konnten wir auf Wegbeschreibungen nat\u00fcrlich trotzdem nicht verzichten und gingen deshalb nochmals das gesamte Wanderwegnetz ab &#8211; mit dem Ziel, Texte zu schreiben, die so frisch sind, dass Sie sp\u00fcren, dass wir kurz vor Ihnen an der selben Stelle waren wie Sie jetzt. Gleichzeitig hoffen wir, dass Ihre Wanderungen durch diese <em>topogu\u00eda<\/em> zu einem vollen Erfolg werden, und auch Sie sich in La Palma, diese sch\u00f6ne Insel, verlieben.<\/p>\n<p style=\"text-align: justify;\">[vc_separator type=&#8217;transparent&#8216; position=&#8217;center&#8216; color=&#8220; thickness=&#8220; up=&#8217;5&#8242; down=&#8217;5&#8242;]<\/p>\n<p style=\"text-align: justify;\">Text: <em>Inmanol Goicoechea<\/em>, Verfasser des <span style=\"text-decoration: underline;\">Topoguides<\/span> der Insel La Palma.<\/p>\n<p>[\/vc_column_text][vc_separator type=&#8220;transparent&#8220; up=&#8220;20&#8243; down=&#8220;20&#8243;][vc_column_text]<\/p>\n<h3>Verkaufsstellen des Topoguides der Insel La Palma:<\/h3>\n<p>[\/vc_column_text][vc_separator type=&#8220;transparent&#8220; up=&#8220;10&#8243; down=&#8220;20&#8243;][vc_row_inner css=&#8220;.vc_custom_1427789527505{margin-top: 20px !important;}&#8220;][vc_column_inner][vc_column_text]<\/p>\n<h4>CIT INSULAR LA PALMA, <strong class=\"headword\">Verkehrsamt<\/strong><\/h4>\n<ul>\n<li>Web:\u00a0<a href=\"http:\/\/deutsch.lapalmacit.com\/kontakte.html\" target=\"_blank\" rel=\"noopener noreferrer\">www.lapalmacit.com<\/a><\/li>\n<\/ul>\n<p>[\/vc_column_text][\/vc_column_inner][\/vc_row_inner][\/vc_column][\/vc_row][vc_row][vc_column][vc_separator type=&#8220;transparent&#8220; up=&#8220;20&#8243; down=&#8220;20&#8243;][\/vc_column][\/vc_row]<\/p>\n<\/section>","protected":false},"excerpt":{"rendered":"<p>[vc_row][vc_column width=&#8220;1\/3&#8243;][vc_row_inner][vc_column_inner][vc_single_image image=&#8220;508&#8243; img_size=&#8220;full&#8220; alignment=&#8220;right&#8220;][vc_separator type=&#8220;transparent&#8220; up=&#8220;10&#8243; down=&#8220;10&#8243;][vc_column_text] Technische Angaben: Format: Buch Anzahl Seiten: 356 Sprachen: Spanisch, Englisch und Deutsch Inklusive: Karte im Ma\u00dfstab 1 : 40.000 Verkaufspreis: 23 \u20ac [\/vc_column_text][\/vc_column_inner][\/vc_row_inner][\/vc_column][vc_column width=&#8220;2\/3&#8243;][vc_separator type=&#8220;transparent&#8220; up=&#8220;10&#8243; down=&#8220;10&#8243;][vc_column_text] Der spanische Begriff \u00abtopogu\u00eda\u00bb leitet sich vom franz\u00f6sischen \u00abtopoguide\u00bb ab,&#8230;<\/p>\n","protected":false},"author":1,"featured_media":0,"parent":0,"menu_order":0,"comment_status":"closed","ping_status":"closed","template":"","meta":[],"yoast_head":"<!-- This site is optimized with the Yoast SEO plugin v21.0 - https:\/\/yoast.com\/wordpress\/plugins\/seo\/ -->\n<title>Der Topoguide - Red de Senderos de La Palma<\/title>\n<meta name=\"robots\" content=\"index, follow, max-snippet:-1, max-image-preview:large, max-video-preview:-1\" \/>\n<link rel=\"canonical\" href=\"https:\/\/www.senderosdelapalma.es\/de\/der-topoguide\/\" \/>\n<meta property=\"og:locale\" content=\"de_DE\" \/>\n<meta property=\"og:type\" content=\"article\" \/>\n<meta property=\"og:title\" content=\"Der Topoguide - Red de Senderos de La Palma\" \/>\n<meta property=\"og:description\" content=\"[vc_row][vc_column width=&#8220;1\/3&#8243;][vc_row_inner][vc_column_inner][vc_single_image image=&#8220;508&#8243; img_size=&#8220;full&#8220; alignment=&#8220;right&#8220;][vc_separator type=&#8220;transparent&#8220; up=&#8220;10&#8243; down=&#8220;10&#8243;][vc_column_text] Technische Angaben: Format: Buch Anzahl Seiten: 356 Sprachen: Spanisch, Englisch und Deutsch Inklusive: Karte im Ma\u00dfstab 1 : 40.000 Verkaufspreis: 23 \u20ac [\/vc_column_text][\/vc_column_inner][\/vc_row_inner][\/vc_column][vc_column width=&#8220;2\/3&#8243;][vc_separator type=&#8220;transparent&#8220; up=&#8220;10&#8243; down=&#8220;10&#8243;][vc_column_text] Der spanische Begriff \u00abtopogu\u00eda\u00bb leitet sich vom franz\u00f6sischen \u00abtopoguide\u00bb ab,...\" \/>\n<meta property=\"og:url\" content=\"https:\/\/www.senderosdelapalma.es\/de\/der-topoguide\/\" \/>\n<meta property=\"og:site_name\" content=\"Red de Senderos de La Palma\" \/>\n<meta property=\"article:publisher\" content=\"https:\/\/www.facebook.com\/senderoslapalma\" \/>\n<meta property=\"article:modified_time\" content=\"2024-03-22T09:32:20+00:00\" \/>\n<meta property=\"og:image\" content=\"https:\/\/www.senderosdelapalma.es\/wp-content\/uploads\/2014\/12\/redsenderosdelapalma_01.jpg\" \/>\n\t<meta property=\"og:image:width\" content=\"1920\" \/>\n\t<meta property=\"og:image:height\" content=\"1084\" \/>\n\t<meta property=\"og:image:type\" content=\"image\/jpeg\" \/>\n<meta name=\"twitter:card\" content=\"summary_large_image\" \/>\n<meta name=\"twitter:site\" content=\"@SenderosdeLaPal\" \/>\n<meta name=\"twitter:label1\" content=\"Gesch\u00e4tzte Lesezeit\" \/>\n\t<meta name=\"twitter:data1\" content=\"2\u00a0Minuten\" \/>\n<script type=\"application\/ld+json\" class=\"yoast-schema-graph\">{\"@context\":\"https:\/\/schema.org\",\"@graph\":[{\"@type\":\"WebPage\",\"@id\":\"https:\/\/www.senderosdelapalma.es\/de\/der-topoguide\/\",\"url\":\"https:\/\/www.senderosdelapalma.es\/de\/der-topoguide\/\",\"name\":\"Der Topoguide - Red de Senderos de La Palma\",\"isPartOf\":{\"@id\":\"https:\/\/www.senderosdelapalma.es\/#website\"},\"datePublished\":\"2015-04-01T08:05:15+00:00\",\"dateModified\":\"2024-03-22T09:32:20+00:00\",\"breadcrumb\":{\"@id\":\"https:\/\/www.senderosdelapalma.es\/de\/der-topoguide\/#breadcrumb\"},\"inLanguage\":\"de\",\"potentialAction\":[{\"@type\":\"ReadAction\",\"target\":[\"https:\/\/www.senderosdelapalma.es\/de\/der-topoguide\/\"]}]},{\"@type\":\"BreadcrumbList\",\"@id\":\"https:\/\/www.senderosdelapalma.es\/de\/der-topoguide\/#breadcrumb\",\"itemListElement\":[{\"@type\":\"ListItem\",\"position\":1,\"name\":\"Portada\",\"item\":\"https:\/\/www.senderosdelapalma.es\/de\/\"},{\"@type\":\"ListItem\",\"position\":2,\"name\":\"Der Topoguide\"}]},{\"@type\":\"WebSite\",\"@id\":\"https:\/\/www.senderosdelapalma.es\/#website\",\"url\":\"https:\/\/www.senderosdelapalma.es\/\",\"name\":\"Red de Senderos de La Palma\",\"description\":\"La Palma, la isla de los senderistas. Una enorme variedad de climas, relieves y paisajes te est\u00e1n esperando.  \",\"publisher\":{\"@id\":\"https:\/\/www.senderosdelapalma.es\/#organization\"},\"potentialAction\":[{\"@type\":\"SearchAction\",\"target\":{\"@type\":\"EntryPoint\",\"urlTemplate\":\"https:\/\/www.senderosdelapalma.es\/?s={search_term_string}\"},\"query-input\":\"required name=search_term_string\"}],\"inLanguage\":\"de\"},{\"@type\":\"Organization\",\"@id\":\"https:\/\/www.senderosdelapalma.es\/#organization\",\"name\":\"Red de Senderos de La Palma\",\"url\":\"https:\/\/www.senderosdelapalma.es\/\",\"logo\":{\"@type\":\"ImageObject\",\"inLanguage\":\"de\",\"@id\":\"https:\/\/www.senderosdelapalma.es\/#\/schema\/logo\/image\/\",\"url\":\"https:\/\/www.senderosdelapalma.es\/wp-content\/uploads\/2015\/06\/cabildo_la_palma-01.png\",\"contentUrl\":\"https:\/\/www.senderosdelapalma.es\/wp-content\/uploads\/2015\/06\/cabildo_la_palma-01.png\",\"width\":3508,\"height\":2479,\"caption\":\"Red de Senderos de La Palma\"},\"image\":{\"@id\":\"https:\/\/www.senderosdelapalma.es\/#\/schema\/logo\/image\/\"},\"sameAs\":[\"https:\/\/www.facebook.com\/senderoslapalma\",\"https:\/\/twitter.com\/SenderosdeLaPal\",\"https:\/\/www.instagram.com\/senderosdelapalma\/\",\"https:\/\/www.pinterest.es\/senderoslp\/\"]}]}<\/script>\n<!-- \/ Yoast SEO plugin. -->","yoast_head_json":{"title":"Der Topoguide - Red de Senderos de La Palma","robots":{"index":"index","follow":"follow","max-snippet":"max-snippet:-1","max-image-preview":"max-image-preview:large","max-video-preview":"max-video-preview:-1"},"canonical":"https:\/\/www.senderosdelapalma.es\/de\/der-topoguide\/","og_locale":"de_DE","og_type":"article","og_title":"Der Topoguide - Red de Senderos de La Palma","og_description":"[vc_row][vc_column width=&#8220;1\/3&#8243;][vc_row_inner][vc_column_inner][vc_single_image image=&#8220;508&#8243; img_size=&#8220;full&#8220; alignment=&#8220;right&#8220;][vc_separator type=&#8220;transparent&#8220; up=&#8220;10&#8243; down=&#8220;10&#8243;][vc_column_text] Technische Angaben: Format: Buch Anzahl Seiten: 356 Sprachen: Spanisch, Englisch und Deutsch Inklusive: Karte im Ma\u00dfstab 1 : 40.000 Verkaufspreis: 23 \u20ac [\/vc_column_text][\/vc_column_inner][\/vc_row_inner][\/vc_column][vc_column width=&#8220;2\/3&#8243;][vc_separator type=&#8220;transparent&#8220; up=&#8220;10&#8243; down=&#8220;10&#8243;][vc_column_text] Der spanische Begriff \u00abtopogu\u00eda\u00bb leitet sich vom franz\u00f6sischen \u00abtopoguide\u00bb ab,...","og_url":"https:\/\/www.senderosdelapalma.es\/de\/der-topoguide\/","og_site_name":"Red de Senderos de La Palma","article_publisher":"https:\/\/www.facebook.com\/senderoslapalma","article_modified_time":"2024-03-22T09:32:20+00:00","og_image":[{"width":1920,"height":1084,"url":"https:\/\/www.senderosdelapalma.es\/wp-content\/uploads\/2014\/12\/redsenderosdelapalma_01.jpg","type":"image\/jpeg"}],"twitter_card":"summary_large_image","twitter_site":"@SenderosdeLaPal","twitter_misc":{"Gesch\u00e4tzte Lesezeit":"2\u00a0Minuten"},"schema":{"@context":"https:\/\/schema.org","@graph":[{"@type":"WebPage","@id":"https:\/\/www.senderosdelapalma.es\/de\/der-topoguide\/","url":"https:\/\/www.senderosdelapalma.es\/de\/der-topoguide\/","name":"Der Topoguide - Red de Senderos de La Palma","isPartOf":{"@id":"https:\/\/www.senderosdelapalma.es\/#website"},"datePublished":"2015-04-01T08:05:15+00:00","dateModified":"2024-03-22T09:32:20+00:00","breadcrumb":{"@id":"https:\/\/www.senderosdelapalma.es\/de\/der-topoguide\/#breadcrumb"},"inLanguage":"de","potentialAction":[{"@type":"ReadAction","target":["https:\/\/www.senderosdelapalma.es\/de\/der-topoguide\/"]}]},{"@type":"BreadcrumbList","@id":"https:\/\/www.senderosdelapalma.es\/de\/der-topoguide\/#breadcrumb","itemListElement":[{"@type":"ListItem","position":1,"name":"Portada","item":"https:\/\/www.senderosdelapalma.es\/de\/"},{"@type":"ListItem","position":2,"name":"Der Topoguide"}]},{"@type":"WebSite","@id":"https:\/\/www.senderosdelapalma.es\/#website","url":"https:\/\/www.senderosdelapalma.es\/","name":"Red de Senderos de La Palma","description":"La Palma, la isla de los senderistas. Una enorme variedad de climas, relieves y paisajes te est\u00e1n esperando.  ","publisher":{"@id":"https:\/\/www.senderosdelapalma.es\/#organization"},"potentialAction":[{"@type":"SearchAction","target":{"@type":"EntryPoint","urlTemplate":"https:\/\/www.senderosdelapalma.es\/?s={search_term_string}"},"query-input":"required name=search_term_string"}],"inLanguage":"de"},{"@type":"Organization","@id":"https:\/\/www.senderosdelapalma.es\/#organization","name":"Red de Senderos de La Palma","url":"https:\/\/www.senderosdelapalma.es\/","logo":{"@type":"ImageObject","inLanguage":"de","@id":"https:\/\/www.senderosdelapalma.es\/#\/schema\/logo\/image\/","url":"https:\/\/www.senderosdelapalma.es\/wp-content\/uploads\/2015\/06\/cabildo_la_palma-01.png","contentUrl":"https:\/\/www.senderosdelapalma.es\/wp-content\/uploads\/2015\/06\/cabildo_la_palma-01.png","width":3508,"height":2479,"caption":"Red de Senderos de La Palma"},"image":{"@id":"https:\/\/www.senderosdelapalma.es\/#\/schema\/logo\/image\/"},"sameAs":["https:\/\/www.facebook.com\/senderoslapalma","https:\/\/twitter.com\/SenderosdeLaPal","https:\/\/www.instagram.com\/senderosdelapalma\/","https:\/\/www.pinterest.es\/senderoslp\/"]}]}},"_links":{"self":[{"href":"https:\/\/www.senderosdelapalma.es\/de\/wp-json\/wp\/v2\/pages\/17978\/"}],"collection":[{"href":"https:\/\/www.senderosdelapalma.es\/de\/wp-json\/wp\/v2\/pages\/"}],"about":[{"href":"https:\/\/www.senderosdelapalma.es\/de\/wp-json\/wp\/v2\/types\/page\/"}],"author":[{"embeddable":true,"href":"https:\/\/www.senderosdelapalma.es\/de\/wp-json\/wp\/v2\/users\/1\/"}],"replies":[{"embeddable":true,"href":"https:\/\/www.senderosdelapalma.es\/de\/wp-json\/wp\/v2\/comments\/?post=17978"}],"version-history":[{"count":0,"href":"https:\/\/www.senderosdelapalma.es\/de\/wp-json\/wp\/v2\/pages\/17978\/revisions\/"}],"wp:attachment":[{"href":"https:\/\/www.senderosdelapalma.es\/de\/wp-json\/wp\/v2\/media\/?parent=17978"}],"curies":[{"name":"wp","href":"https:\/\/api.w.org\/{rel}","templated":true}]}}