{"id":17885,"date":"2015-03-31T11:51:30","date_gmt":"2015-03-31T11:51:30","guid":{"rendered":"http:\/\/www.senderosdelapalma.es\/?page_id=17885"},"modified":"2020-08-20T17:21:24","modified_gmt":"2020-08-20T17:21:24","slug":"start","status":"publish","type":"page","link":"https:\/\/www.senderosdelapalma.es\/de\/","title":{"rendered":"Start"},"content":{"rendered":"<section class=\"wpb-content-wrapper\"><p>[vc_row row_type=&#8220;row&#8220; type=&#8220;grid&#8220; text_align=&#8220;left&#8220; padding_top=&#8220;76&#8243; padding_bottom=&#8220;34&#8243; background_color=&#8220;#ffffff&#8220; background_image_as_pattern=&#8220;without_pattern&#8220;][vc_column width=&#8220;1\/1&#8243;][vc_column_text]<\/p>\n<h2 style=\"text-align: center;\">WANDERWEGE DER INSEL LA PALMA<\/h2>\n<p>[\/vc_column_text][vc_separator type=&#8220;small&#8220; position=&#8220;center&#8220; down=&#8220;29&#8243; up=&#8220;24&#8243;][vc_column_text]<\/p>\n<h6 style=\"text-align: center;\"><strong><span style=\"color: #4aa946;\">Das Wanderwegnetz der Insel La Palma basiert auf den alten Wegen,<\/span><\/strong> die w\u00e4hrend Jahrhunderten die wichtigste Verkehrsverbindung darstellten, und \u00fcberzieht die Inseloberfl\u00e4che wie ein Spinnennetz.<br \/>\nLa Palma bietet eine unwahrscheinliche Vielfalt an Klimas, Gel\u00e4ndeformen, Naturr\u00e4umen und Kulturlandschaften. Das Spektrum reicht von der hei\u00dfen K\u00fcste mit ihrem Sukkulentenbusch, \u00fcber die Felder und Fruchthaine in mittlerer Hanglage, die stattlichen Kiefern- und \u00fcppigen Lorbeerw\u00e4lder, bis zu den weit \u00fcber 2 000 Meter hohen, von Ginsterbusch \u00fcberzogenen Berggipfeln.<\/h6>\n<p>&nbsp;<\/p>\n<h6 style=\"text-align: center;\">Diese spektakul\u00e4re, von traditioneller Land- und Forstwirtschaft gepr\u00e4gte Landschaft k\u00f6nnen Sie auf einem Wanderwegnetz erleben, das sich aus <strong><span style=\"color: #4aa946;\">2 GRs, 38 PRs und 24 SLs zusammensetzt. Fast 1 000 Kilometer ausgeschilderte Wanderwege erwarten Sie.<\/span><\/strong><\/h6>\n<p>[\/vc_column_text][vc_separator type=&#8220;transparent&#8220; position=&#8220;center&#8220; up=&#8220;35&#8243; down=&#8220;30&#8243;][vc_row_inner][vc_column_inner width=&#8220;1\/4&#8243;]<div class='q_icon_with_title very_large circle center'><div class=\"icon_holder q_icon_animation\" style=\"margin: 0px 0px 32px 0px; transition-delay: 100ms; -webkit-transition-delay: 100ms; -moz-transition-delay: 100ms; -o-transition-delay: 100ms;\"><span class=\"fa-stack fa-5x \" style=\"font-size: 48px;border-color: #000000;background-color: #000000;\"><i class=\"fa fa-arrows fa-stack-1x\" style=\"font-size: 24px;color: #ffffff;\"><\/i><\/span><\/div><div class=\"icon_text_holder\" style=\"\"><div class=\"icon_text_inner\" style=\"\"><h3 class=\"icon_title\" style=\"\">PFADE<\/h3><p style=''><\/p><a class='icon_with_title_link' href='http:\/\/www.senderosdelapalma.es\/de\/wanderwege-der-la-palma\/' target='_self' style=''><strong>Vollst\u00e4ndige liste der zugelassenen pfade. Es gibt vier arten<\/strong><\/a><\/div><\/div><\/div>[vc_separator type=&#8220;transparent&#8220; position=&#8220;center&#8220; up=&#8220;24&#8243; down=&#8220;0&#8243;][\/vc_column_inner][vc_column_inner width=&#8220;1\/4&#8243;]<div class='q_icon_with_title very_large circle center'><div class=\"icon_holder q_icon_animation\" style=\"margin: 0px 0px 32px 0px; transition-delay: 200ms; -webkit-transition-delay: 200ms; -moz-transition-delay: 200ms; -o-transition-delay: 200ms;\"><span class=\"fa-stack fa-5x \" style=\"font-size: 48px;border-color: #000000;background-color: #000000;\"><i class=\"fa fa-bookmark fa-stack-1x\" style=\"font-size: 24px;color: #ffffff;\"><\/i><\/span><\/div><div class=\"icon_text_holder\" style=\"\"><div class=\"icon_text_inner\" style=\"\"><h3 class=\"icon_title\" style=\"\">SIGNALISIERUNG<\/h3><p style=''><\/p><a class='icon_with_title_link' href='http:\/\/www.senderosdelapalma.es\/de\/signalisierung\/' target='_self' style=''><strong>Die Inselregierung hat ein Wanderwegnetz eingerichtet, das den internationalen Normen der EWV (Europ\u00e4ische Wandervereinigung) <\/strong><\/a><\/div><\/div><\/div>[vc_separator type=&#8220;transparent&#8220; position=&#8220;center&#8220; up=&#8220;24&#8243; down=&#8220;0&#8243;][\/vc_column_inner][vc_column_inner width=&#8220;1\/4&#8243;]<div class='q_icon_with_title very_large circle center'><div class=\"icon_holder q_icon_animation\" style=\"margin: 0px 0px 32px 0px; transition-delay: 300ms; -webkit-transition-delay: 300ms; -moz-transition-delay: 300ms; -o-transition-delay: 300ms;\"><span class=\"fa-stack fa-5x \" style=\"font-size: 48px;border-color: #000000;background-color: #000000;\"><i class=\"fa fa-exclamation-triangle fa-stack-1x\" style=\"font-size: 24px;color: #ffffff;\"><\/i><\/span><\/div><div class=\"icon_text_holder\" style=\"\"><div class=\"icon_text_inner\" style=\"\"><h3 class=\"icon_title\" style=\"\">ZUSTAND VON PFADEN<\/h3><p style=''><\/p><a class='icon_with_title_link' href='http:\/\/www.senderosdelapalma.es\/de\/zustand-von-pfaden\/ ' target='_self' style=''><strong>Camina con seguridad. Consulte el estado de los senderos<\/strong><\/a><\/div><\/div><\/div>[vc_separator type=&#8220;transparent&#8220; position=&#8220;center&#8220; up=&#8220;24&#8243; down=&#8220;0&#8243;][\/vc_column_inner][vc_column_inner width=&#8220;1\/4&#8243;]<div class='q_icon_with_title very_large circle center'><div class=\"icon_holder q_icon_animation\" style=\"margin: 0px 0px 32px 0px; transition-delay: 300ms; -webkit-transition-delay: 300ms; -moz-transition-delay: 300ms; -o-transition-delay: 300ms;\"><span class=\"fa-stack fa-5x \" style=\"font-size: 48px;border-color: #000000;background-color: #000000;\"><i class=\"fa fa-cloud-download fa-stack-1x\" style=\"font-size: 24px;color: #ffffff;\"><\/i><\/span><\/div><div class=\"icon_text_holder\" style=\"\"><div class=\"icon_text_inner\" style=\"\"><h3 class=\"icon_title\" style=\"\">KARTE<\/h3><p style=''><\/p><a class='icon_with_title_link' href='http:\/\/senderosdelapalma.es\/wp-content\/uploads\/mapasenderos.pdf' target='_blank' style=''><strong>Descarga el mapa de senderos c\u00f3modamente desde aqu\u00ed <\/strong><\/a><\/div><\/div><\/div>[vc_separator type=&#8220;transparent&#8220; position=&#8220;center&#8220; up=&#8220;24&#8243; down=&#8220;0&#8243;][\/vc_column_inner][\/vc_row_inner][\/vc_column][\/vc_row][vc_row row_type=&#8220;row&#8220; type=&#8220;grid&#8220; text_align=&#8220;left&#8220; padding_top=&#8220;0&#8243; padding_bottom=&#8220;0&#8243; background_color=&#8220;#ffffff&#8220; background_image_as_pattern=&#8220;without_pattern&#8220; background_image=&#8220;16587&#8243;][vc_column width=&#8220;1\/1&#8243;][vc_separator type=&#8220;transparent&#8220; position=&#8220;center&#8220; down=&#8220;29&#8243; up=&#8220;110&#8243;][vc_column_text]<\/p>\n<h3 style=\"text-align: center; color: #ffffff;\">\u00d6FFENTLICHER EINRICHTUNGEN<\/h3>\n<p>[\/vc_column_text][vc_separator type=&#8220;small&#8220; position=&#8220;center&#8220; down=&#8220;29&#8243; up=&#8220;24&#8243; color=&#8220;#ffffff&#8220;][vc_row_inner][vc_column_inner width=&#8220;1\/3&#8243;]<div class='q_icon_with_title tiny circle'><div class=\"icon_holder q_icon_animation\" style=\" transition-delay: 100ms; -webkit-transition-delay: 100ms; -moz-transition-delay: 100ms; -o-transition-delay: 100ms;\"><span class=\"fa-stack fa-lg \" style=\"border-color: #000000;background-color: #000000;\"><i class=\"fa fa-smile-o fa-stack-1x\" style=\"color: #ffffff;\"><\/i><\/span><\/div><div class=\"icon_text_holder\" style=\"\"><div class=\"icon_text_inner\" style=\"\"><h4 class=\"icon_title\" style=\"color: #ffffff\">RASTPLAETZE<\/h4><p style='color: #ffffff'><\/p><a class='icon_with_title_link' href='http:\/\/www.senderosdelapalma.es\/de\/rastplaetze\/' target='_self' style='color: #ffffff;'><strong>+ INFO<\/strong><\/a><\/div><\/div><\/div>[vc_separator type=&#8220;transparent&#8220; position=&#8220;center&#8220; up=&#8220;26&#8243; down=&#8220;0&#8243;][\/vc_column_inner][vc_column_inner width=&#8220;1\/3&#8243;]<div class='q_icon_with_title tiny circle'><div class=\"icon_holder q_icon_animation\" style=\" transition-delay: 120ms; -webkit-transition-delay: 120ms; -moz-transition-delay: 120ms; -o-transition-delay: 120ms;\"><span class=\"fa-stack fa-lg \" style=\"border-color: #000000;background-color: #000000;\"><i class=\"fa fa-users fa-stack-1x\" style=\"color: #ffffff;\"><\/i><\/span><\/div><div class=\"icon_text_holder\" style=\"\"><div class=\"icon_text_inner\" style=\"\"><h4 class=\"icon_title\" style=\"color: #ffffff\">BESUCHERZENTRE<\/h4><p style='color: #ffffff'><\/p><a class='icon_with_title_link' href='http:\/\/www.senderosdelapalma.es\/de\/besucherzentre\/' target='_self' style='color: #ffffff;'><strong>+ INFO<\/strong><\/a><\/div><\/div><\/div>[vc_separator type=&#8220;transparent&#8220; position=&#8220;center&#8220; up=&#8220;26&#8243; down=&#8220;0&#8243;][\/vc_column_inner][vc_column_inner width=&#8220;1\/3&#8243;]<div class='q_icon_with_title tiny circle'><div class=\"icon_holder q_icon_animation\" style=\" transition-delay: 140ms; -webkit-transition-delay: 140ms; -moz-transition-delay: 140ms; -o-transition-delay: 140ms;\"><span class=\"fa-stack fa-lg \" style=\"border-color: #000000;background-color: #000000;\"><i class=\"fa fa-flag fa-stack-1x\" style=\"color: #ffffff;\"><\/i><\/span><\/div><div class=\"icon_text_holder\" style=\"\"><div class=\"icon_text_inner\" style=\"\"><h4 class=\"icon_title\" style=\"color: #ffffff\">CAMPINGPLAETZE<\/h4><p style='color: #ffffff'><\/p><a class='icon_with_title_link' href='http:\/\/www.senderosdelapalma.es\/de\/campingplaetze\/' target='_self' style='color: #ffffff;'><strong>+ INFO<\/strong><\/a><\/div><\/div><\/div>[vc_separator type=&#8220;transparent&#8220; position=&#8220;center&#8220; up=&#8220;26&#8243; down=&#8220;0&#8243;][\/vc_column_inner][\/vc_row_inner][vc_row_inner][vc_column_inner width=&#8220;1\/3&#8243;]<div class='q_icon_with_title tiny circle'><div class=\"icon_holder q_icon_animation\" style=\" transition-delay: 160ms; -webkit-transition-delay: 160ms; -moz-transition-delay: 160ms; -o-transition-delay: 160ms;\"><span class=\"fa-stack fa-lg \" style=\"border-color: #000000;background-color: #000000;\"><i class=\"fa fa-fire fa-stack-1x\" style=\"color: #ffffff;\"><\/i><\/span><\/div><div class=\"icon_text_holder\" style=\"\"><div class=\"icon_text_inner\" style=\"\"><h4 class=\"icon_title\" style=\"color: #ffffff\">SCHUTZHUTTEN<\/h4><p style='color: #ffffff'><\/p><a class='icon_with_title_link' href='http:\/\/www.senderosdelapalma.es\/de\/schutzhutten\/' target='_self' style='color: #ffffff;'><strong>+ INFO<\/strong><\/a><\/div><\/div><\/div>[vc_separator type=&#8220;transparent&#8220; position=&#8220;center&#8220; up=&#8220;26&#8243; down=&#8220;0&#8243;][\/vc_column_inner][vc_column_inner width=&#8220;1\/3&#8243;]<div class='q_icon_with_title tiny circle'><div class=\"icon_holder q_icon_animation\" style=\" transition-delay: 180ms; -webkit-transition-delay: 180ms; -moz-transition-delay: 180ms; -o-transition-delay: 180ms;\"><span class=\"fa-stack fa-lg \" style=\"border-color: #000000;background-color: #000000;\"><i class=\"fa fa-recycle fa-stack-1x\" style=\"color: #ffffff;\"><\/i><\/span><\/div><div class=\"icon_text_holder\" style=\"\"><div class=\"icon_text_inner\" style=\"\"><h4 class=\"icon_title\" style=\"color: #ffffff\">NATURSCHULEN<\/h4><p style='color: #ffffff'><\/p><a class='icon_with_title_link' href='http:\/\/www.senderosdelapalma.es\/de\/naturschulen\/' target='_self' style='color: #ffffff;'><strong>+ INFO<\/strong><\/a><\/div><\/div><\/div>[vc_separator type=&#8220;transparent&#8220; position=&#8220;center&#8220; up=&#8220;26&#8243; down=&#8220;0&#8243;][\/vc_column_inner][vc_column_inner width=&#8220;1\/3&#8243;]<div class='q_icon_with_title tiny circle'><div class=\"icon_holder q_icon_animation\" style=\" transition-delay: 200ms; -webkit-transition-delay: 200ms; -moz-transition-delay: 200ms; -o-transition-delay: 200ms;\"><span class=\"fa-stack fa-lg \" style=\"border-color: #000000;background-color: #000000;\"><i class=\"fa fa-question fa-stack-1x\" style=\"color: #ffffff;\"><\/i><\/span><\/div><div class=\"icon_text_holder\" style=\"\"><div class=\"icon_text_inner\" style=\"\"><h4 class=\"icon_title\" style=\"color: #ffffff\">UMWELTTINFORMAT<\/h4><p style='color: #ffffff'><\/p><a class='icon_with_title_link' href='http:\/\/www.senderosdelapalma.es\/de\/umwelttinformat\/' target='_self' style='color: #ffffff;'><strong>+ INFO<\/strong><\/a><\/div><\/div><\/div>[vc_separator type=&#8220;transparent&#8220; position=&#8220;center&#8220; up=&#8220;26&#8243; down=&#8220;0&#8243;][\/vc_column_inner][\/vc_row_inner][vc_separator type=&#8220;transparent&#8220; position=&#8220;center&#8220; down=&#8220;130&#8243; up=&#8220;24&#8243;][\/vc_column][\/vc_row]<\/p>\n<\/section>","protected":false},"excerpt":{"rendered":"<p>[vc_row row_type=&#8220;row&#8220; type=&#8220;grid&#8220; text_align=&#8220;left&#8220; padding_top=&#8220;76&#8243; padding_bottom=&#8220;34&#8243; background_color=&#8220;#ffffff&#8220; background_image_as_pattern=&#8220;without_pattern&#8220;][vc_column width=&#8220;1\/1&#8243;][vc_column_text] WANDERWEGE DER INSEL LA PALMA [\/vc_column_text][vc_separator type=&#8220;small&#8220; position=&#8220;center&#8220; down=&#8220;29&#8243; up=&#8220;24&#8243;][vc_column_text] Das Wanderwegnetz der Insel La Palma basiert auf den alten Wegen, die w\u00e4hrend Jahrhunderten die wichtigste Verkehrsverbindung darstellten, und \u00fcberzieht die Inseloberfl\u00e4che wie ein Spinnennetz. La&#8230;<\/p>\n","protected":false},"author":1,"featured_media":0,"parent":0,"menu_order":0,"comment_status":"open","ping_status":"open","template":"full_width.php","meta":[],"yoast_head":"<!-- This site is optimized with the Yoast SEO plugin v21.0 - https:\/\/yoast.com\/wordpress\/plugins\/seo\/ -->\n<title>Red de Senderos de La Palma<\/title>\n<meta name=\"description\" content=\"Das Wanderwegnetz der Insel La Palma basiert auf den alten Wegen, die w\u00e4hrend Jahrhunderten die wichtigste Verkehrsverbindung darstellten, und \u00fcberzieht die Inseloberfl\u00e4che wie ein Spinnennetz.\" \/>\n<meta name=\"robots\" content=\"index, follow, max-snippet:-1, max-image-preview:large, max-video-preview:-1\" \/>\n<link rel=\"canonical\" href=\"https:\/\/www.senderosdelapalma.es\/de\/\" \/>\n<meta property=\"og:locale\" content=\"de_DE\" \/>\n<meta property=\"og:type\" content=\"article\" \/>\n<meta property=\"og:title\" content=\"Red de senderos de La Palma\" \/>\n<meta property=\"og:description\" content=\"Das Wanderwegnetz der Insel La Palma basiert auf den alten Wegen, die w\u00e4hrend Jahrhunderten die wichtigste Verkehrsverbindung darstellten, und \u00fcberzieht die Inseloberfl\u00e4che wie ein Spinnennetz.\" \/>\n<meta property=\"og:url\" content=\"https:\/\/www.senderosdelapalma.es\/de\/\" \/>\n<meta property=\"og:site_name\" content=\"Red de Senderos de La Palma\" \/>\n<meta property=\"article:publisher\" content=\"https:\/\/www.facebook.com\/senderoslapalma\" \/>\n<meta property=\"article:modified_time\" content=\"2020-08-20T17:21:24+00:00\" \/>\n<meta property=\"og:image\" content=\"https:\/\/www.senderosdelapalma.es\/wp-content\/uploads\/2014\/12\/redsenderosdelapalma2_02.jpg\" \/>\n\t<meta property=\"og:image:width\" content=\"1920\" \/>\n\t<meta property=\"og:image:height\" content=\"1084\" \/>\n\t<meta property=\"og:image:type\" content=\"image\/jpeg\" \/>\n<meta name=\"twitter:card\" content=\"summary_large_image\" \/>\n<meta name=\"twitter:title\" content=\"http:\/\/www.senderosdelapalma.es\/wp-content\/uploads\/2014\/12\/GR-131_RoqueTenegu\u00eda_SaulSantos.jpg\" \/>\n<meta name=\"twitter:description\" content=\"Das Wanderwegnetz der Insel La Palma basiert auf den alten Wegen, die w\u00e4hrend Jahrhunderten die wichtigste Verkehrsverbindung darstellten, und \u00fcberzieht die Inseloberfl\u00e4che wie ein Spinnennetz.\" \/>\n<meta name=\"twitter:image\" content=\"http:\/\/www.senderosdelapalma.es\/wp-content\/uploads\/2014\/12\/redsenderosdelapalma2_02.jpg\" \/>\n<meta name=\"twitter:site\" content=\"@SenderosdeLaPal\" \/>\n<meta name=\"twitter:label1\" content=\"Gesch\u00e4tzte Lesezeit\" \/>\n\t<meta name=\"twitter:data1\" content=\"6\u00a0Minuten\" \/>\n<script type=\"application\/ld+json\" class=\"yoast-schema-graph\">{\"@context\":\"https:\/\/schema.org\",\"@graph\":[{\"@type\":\"WebPage\",\"@id\":\"https:\/\/www.senderosdelapalma.es\/de\/\",\"url\":\"https:\/\/www.senderosdelapalma.es\/de\/\",\"name\":\"Red de Senderos de La Palma\",\"isPartOf\":{\"@id\":\"https:\/\/www.senderosdelapalma.es\/#website\"},\"datePublished\":\"2015-03-31T11:51:30+00:00\",\"dateModified\":\"2020-08-20T17:21:24+00:00\",\"description\":\"Das Wanderwegnetz der Insel La Palma basiert auf den alten Wegen, die w\u00e4hrend Jahrhunderten die wichtigste Verkehrsverbindung darstellten, und \u00fcberzieht die Inseloberfl\u00e4che wie ein Spinnennetz.\",\"breadcrumb\":{\"@id\":\"https:\/\/www.senderosdelapalma.es\/de\/#breadcrumb\"},\"inLanguage\":\"de\",\"potentialAction\":[{\"@type\":\"ReadAction\",\"target\":[\"https:\/\/www.senderosdelapalma.es\/de\/\"]}]},{\"@type\":\"BreadcrumbList\",\"@id\":\"https:\/\/www.senderosdelapalma.es\/de\/#breadcrumb\",\"itemListElement\":[{\"@type\":\"ListItem\",\"position\":1,\"name\":\"Portada\",\"item\":\"https:\/\/www.senderosdelapalma.es\/de\/\"},{\"@type\":\"ListItem\",\"position\":2,\"name\":\"Start\"}]},{\"@type\":\"WebSite\",\"@id\":\"https:\/\/www.senderosdelapalma.es\/#website\",\"url\":\"https:\/\/www.senderosdelapalma.es\/\",\"name\":\"Red de Senderos de La Palma\",\"description\":\"La Palma, la isla de los senderistas. Una enorme variedad de climas, relieves y paisajes te est\u00e1n esperando.  \",\"publisher\":{\"@id\":\"https:\/\/www.senderosdelapalma.es\/#organization\"},\"potentialAction\":[{\"@type\":\"SearchAction\",\"target\":{\"@type\":\"EntryPoint\",\"urlTemplate\":\"https:\/\/www.senderosdelapalma.es\/?s={search_term_string}\"},\"query-input\":\"required name=search_term_string\"}],\"inLanguage\":\"de\"},{\"@type\":\"Organization\",\"@id\":\"https:\/\/www.senderosdelapalma.es\/#organization\",\"name\":\"Red de Senderos de La Palma\",\"url\":\"https:\/\/www.senderosdelapalma.es\/\",\"logo\":{\"@type\":\"ImageObject\",\"inLanguage\":\"de\",\"@id\":\"https:\/\/www.senderosdelapalma.es\/#\/schema\/logo\/image\/\",\"url\":\"https:\/\/www.senderosdelapalma.es\/wp-content\/uploads\/2015\/06\/cabildo_la_palma-01.png\",\"contentUrl\":\"https:\/\/www.senderosdelapalma.es\/wp-content\/uploads\/2015\/06\/cabildo_la_palma-01.png\",\"width\":3508,\"height\":2479,\"caption\":\"Red de Senderos de La Palma\"},\"image\":{\"@id\":\"https:\/\/www.senderosdelapalma.es\/#\/schema\/logo\/image\/\"},\"sameAs\":[\"https:\/\/www.facebook.com\/senderoslapalma\",\"https:\/\/twitter.com\/SenderosdeLaPal\",\"https:\/\/www.instagram.com\/senderosdelapalma\/\",\"https:\/\/www.pinterest.es\/senderoslp\/\"]}]}<\/script>\n<!-- \/ Yoast SEO plugin. -->","yoast_head_json":{"title":"Red de Senderos de La Palma","description":"Das Wanderwegnetz der Insel La Palma basiert auf den alten Wegen, die w\u00e4hrend Jahrhunderten die wichtigste Verkehrsverbindung darstellten, und \u00fcberzieht die Inseloberfl\u00e4che wie ein Spinnennetz.","robots":{"index":"index","follow":"follow","max-snippet":"max-snippet:-1","max-image-preview":"max-image-preview:large","max-video-preview":"max-video-preview:-1"},"canonical":"https:\/\/www.senderosdelapalma.es\/de\/","og_locale":"de_DE","og_type":"article","og_title":"Red de senderos de La Palma","og_description":"Das Wanderwegnetz der Insel La Palma basiert auf den alten Wegen, die w\u00e4hrend Jahrhunderten die wichtigste Verkehrsverbindung darstellten, und \u00fcberzieht die Inseloberfl\u00e4che wie ein Spinnennetz.","og_url":"https:\/\/www.senderosdelapalma.es\/de\/","og_site_name":"Red de Senderos de La Palma","article_publisher":"https:\/\/www.facebook.com\/senderoslapalma","article_modified_time":"2020-08-20T17:21:24+00:00","og_image":[{"width":1920,"height":1084,"url":"https:\/\/www.senderosdelapalma.es\/wp-content\/uploads\/2014\/12\/redsenderosdelapalma2_02.jpg","type":"image\/jpeg"}],"twitter_card":"summary_large_image","twitter_title":"http:\/\/www.senderosdelapalma.es\/wp-content\/uploads\/2014\/12\/GR-131_RoqueTenegu\u00eda_SaulSantos.jpg","twitter_description":"Das Wanderwegnetz der Insel La Palma basiert auf den alten Wegen, die w\u00e4hrend Jahrhunderten die wichtigste Verkehrsverbindung darstellten, und \u00fcberzieht die Inseloberfl\u00e4che wie ein Spinnennetz.","twitter_image":"http:\/\/www.senderosdelapalma.es\/wp-content\/uploads\/2014\/12\/redsenderosdelapalma2_02.jpg","twitter_site":"@SenderosdeLaPal","twitter_misc":{"Gesch\u00e4tzte Lesezeit":"6\u00a0Minuten"},"schema":{"@context":"https:\/\/schema.org","@graph":[{"@type":"WebPage","@id":"https:\/\/www.senderosdelapalma.es\/de\/","url":"https:\/\/www.senderosdelapalma.es\/de\/","name":"Red de Senderos de La Palma","isPartOf":{"@id":"https:\/\/www.senderosdelapalma.es\/#website"},"datePublished":"2015-03-31T11:51:30+00:00","dateModified":"2020-08-20T17:21:24+00:00","description":"Das Wanderwegnetz der Insel La Palma basiert auf den alten Wegen, die w\u00e4hrend Jahrhunderten die wichtigste Verkehrsverbindung darstellten, und \u00fcberzieht die Inseloberfl\u00e4che wie ein Spinnennetz.","breadcrumb":{"@id":"https:\/\/www.senderosdelapalma.es\/de\/#breadcrumb"},"inLanguage":"de","potentialAction":[{"@type":"ReadAction","target":["https:\/\/www.senderosdelapalma.es\/de\/"]}]},{"@type":"BreadcrumbList","@id":"https:\/\/www.senderosdelapalma.es\/de\/#breadcrumb","itemListElement":[{"@type":"ListItem","position":1,"name":"Portada","item":"https:\/\/www.senderosdelapalma.es\/de\/"},{"@type":"ListItem","position":2,"name":"Start"}]},{"@type":"WebSite","@id":"https:\/\/www.senderosdelapalma.es\/#website","url":"https:\/\/www.senderosdelapalma.es\/","name":"Red de Senderos de La Palma","description":"La Palma, la isla de los senderistas. Una enorme variedad de climas, relieves y paisajes te est\u00e1n esperando.  ","publisher":{"@id":"https:\/\/www.senderosdelapalma.es\/#organization"},"potentialAction":[{"@type":"SearchAction","target":{"@type":"EntryPoint","urlTemplate":"https:\/\/www.senderosdelapalma.es\/?s={search_term_string}"},"query-input":"required name=search_term_string"}],"inLanguage":"de"},{"@type":"Organization","@id":"https:\/\/www.senderosdelapalma.es\/#organization","name":"Red de Senderos de La Palma","url":"https:\/\/www.senderosdelapalma.es\/","logo":{"@type":"ImageObject","inLanguage":"de","@id":"https:\/\/www.senderosdelapalma.es\/#\/schema\/logo\/image\/","url":"https:\/\/www.senderosdelapalma.es\/wp-content\/uploads\/2015\/06\/cabildo_la_palma-01.png","contentUrl":"https:\/\/www.senderosdelapalma.es\/wp-content\/uploads\/2015\/06\/cabildo_la_palma-01.png","width":3508,"height":2479,"caption":"Red de Senderos de La Palma"},"image":{"@id":"https:\/\/www.senderosdelapalma.es\/#\/schema\/logo\/image\/"},"sameAs":["https:\/\/www.facebook.com\/senderoslapalma","https:\/\/twitter.com\/SenderosdeLaPal","https:\/\/www.instagram.com\/senderosdelapalma\/","https:\/\/www.pinterest.es\/senderoslp\/"]}]}},"_links":{"self":[{"href":"https:\/\/www.senderosdelapalma.es\/de\/wp-json\/wp\/v2\/pages\/17885\/"}],"collection":[{"href":"https:\/\/www.senderosdelapalma.es\/de\/wp-json\/wp\/v2\/pages\/"}],"about":[{"href":"https:\/\/www.senderosdelapalma.es\/de\/wp-json\/wp\/v2\/types\/page\/"}],"author":[{"embeddable":true,"href":"https:\/\/www.senderosdelapalma.es\/de\/wp-json\/wp\/v2\/users\/1\/"}],"replies":[{"embeddable":true,"href":"https:\/\/www.senderosdelapalma.es\/de\/wp-json\/wp\/v2\/comments\/?post=17885"}],"version-history":[{"count":0,"href":"https:\/\/www.senderosdelapalma.es\/de\/wp-json\/wp\/v2\/pages\/17885\/revisions\/"}],"wp:attachment":[{"href":"https:\/\/www.senderosdelapalma.es\/de\/wp-json\/wp\/v2\/media\/?parent=17885"}],"curies":[{"name":"wp","href":"https:\/\/api.w.org\/{rel}","templated":true}]}}